{"id":7106,"date":"2018-10-16T10:53:45","date_gmt":"2018-10-16T08:53:45","guid":{"rendered":"https:\/\/www.lucartgroup.com\/legal-notes\/"},"modified":"2020-07-29T15:35:24","modified_gmt":"2020-07-29T13:35:24","slug":"jogi-eloirasok","status":"publish","type":"page","link":"https:\/\/www.lucartgroup.com\/hu\/jogi-eloirasok\/","title":{"rendered":"Jogi el\u0151\u00edr\u00e1sok"},"content":{"rendered":"<div class=\"wpb-content-wrapper\"><p>[vc_row el_class=&#8221;note-legali&#8221;][vc_column][vc_column_text el_class=&#8221;intro_page&#8221;]<\/p>\n<h2 style=\"text-align: center;\">Jogi el\u0151\u00edr\u00e1sok<\/h2>\n<p>[\/vc_column_text][vc_column_text]<b>A WEBOLDALON RENDELKEZ\u00c9SRE \u00c1LL\u00d3 DOKUMENT\u00c1CI\u00d3VAL KAPCSOLATOS T\u00c1J\u00c9KOZTAT\u00d3<\/b><\/p>\n<p>&nbsp;<\/p>\n<p><b>Copyright<\/b><\/p>\n<p><span style=\"font-weight: 400;\">A weboldalon rendelkez\u00e9sre \u00e1ll\u00f3 \u00f6sszes tartalom, melynek tulajdonosa a Porcari (Lucca) Via Ciarpi, 77 sz. alatti sz\u00e9khely\u0171 Lucart S.p.A., csak a szerz\u0151i jog tulajdonos\u00e1nak enged\u00e9ly\u00e9vel \u00e9s kiz\u00e1r\u00f3lag inform\u00e1ci\u00f3s vagy szem\u00e9lyes c\u00e9lokra haszn\u00e1lhat\u00f3 fel; szigor\u00faan tilos annak b\u00e1rmilyen kereskedelmi c\u00e9l\u00fa felhaszn\u00e1l\u00e1sa vagy m\u00e1s sz\u00e1m\u00edt\u00f3g\u00e9pen t\u00f6rt\u00e9n\u0151 terjeszt\u00e9se; ugyan\u00fagy tilos a weboldal tartalm\u00e1nak megv\u00e1ltoztat\u00e1sa. Minden m\u00e1s felhaszn\u00e1l\u00e1si forma tilos. A jogs\u00e9rt\u0151kre a vonatkoz\u00f3 polg\u00e1ri- \u00e9s b\u00fcntet\u0151jogi szankci\u00f3kat kell alkalmazni. Szint\u00e9n tilos a t\u00e1rsas\u00e1g tulajdon\u00e1ban l\u00e9v\u0151 weboldal vagy b\u00e1rmely m\u00e1s, a c\u00e9g \u00e1ltal kifejlesztett, enged\u00e9lyezett, ellen\u0151rz\u00f6tt vagy tulajdon\u00e1ban l\u00e9v\u0151 weboldal grafik\u00e1j\u00e1nak a potenci\u00e1lis versenyt\u00e1rsak \u00e1ltali reproduk\u00e1l\u00e1sa. A webhelyr\u0151l vett log\u00f3t, grafikai elemet, hangot vagy k\u00e9pet tilos a c\u00e9g kifejezett enged\u00e9lye n\u00e9lk\u00fcl lem\u00e1solni vagy reproduk\u00e1lni. A weboldalt alkot\u00f3 elemeket kereskedelmi meg\u00e1llapod\u00e1sok v\u00e9dik, \u00e9s felhaszn\u00e1l\u00e1suk megfelel a bejegyzett v\u00e9djegyekr\u0151l, a tisztess\u00e9gtelen versenyr\u0151l sz\u00f3l\u00f3 t\u00f6rv\u00e9nyeknek \u00e9s m\u00e1s t\u00f6rv\u00e9nyeknek, m\u00e1sol\u00e1suk vagy hamis\u00edt\u00e1suk tilos. <\/span><\/p>\n<p><b>Felel\u0151ss\u00e9g al\u00f3li mentess\u00e9g<\/b><\/p>\n<p><span style=\"font-weight: 400;\">A Porcari (Lucca) Via Ciarpi, 77 sz. alatti sz\u00e9khely\u0171 Lucart S.p.A. t\u00e1rsas\u00e1g nem felel\u0151s a tulajdon\u00e1t k\u00e9pez\u0151 weboldalon eml\u00edtett weboldalakon tal\u00e1lhat\u00f3 inform\u00e1ci\u00f3k\u00e9rt, az esetleges fejleszt\u00e9sek\u00e9rt \u00e9s grafik\u00e1\u00e9rt, sem m\u00e1sok jogainak esetleges megs\u00e9rt\u00e9s\u00e9\u00e9rt \u00e9s az abb\u00f3l fakad\u00f3 k\u00f6zvetlen, vagy b\u00e1rmilyen m\u00e1s t\u00edpus\u00fa k\u00e1r\u00e9rt, ak\u00e1r a haszn\u00e1lati jog elveszt\u00e9s\u00e9b\u0151l, inform\u00e1ci\u00f3k elveszt\u00e9s\u00e9b\u0151l vagy az elmaradt haszon miatt keletkezett vagy a szerz\u0151d\u00e9snek gondatlans\u00e1gb\u00f3l vagy m\u00e1s k\u00e1ros cselekedetb\u0151l ered\u0151 megszeg\u00e9s\u00e9b\u0151l ered\u0151 k\u00e1rok\u00e9rt, amelyek a jelen weboldal haszn\u00e1lat\u00e1b\u00f3l vagy a weboldalon el\u00e9rhet\u0151 inform\u00e1ci\u00f3kb\u00f3l vagy azokkal b\u00e1rmilyen m\u00f3don \u00f6sszef\u00fcgg\u0151 inform\u00e1ci\u00f3kkal vagy haszn\u00e1lattal kapcsolatban ered.<\/span><\/p>\n<p><b>M\u00e1rk\u00e1k<\/b><\/p>\n<p><span style=\"font-weight: 400;\">A weboldalon eml\u00edtett term\u00e9kek \u00e9s t\u00e1rsas\u00e1gok nevei a vonatkoz\u00f3 tulajdonosok m\u00e1rk\u00e1i lehetnek. Ez\u00e9rt szigor\u00faan tilos azok enged\u00e9ly n\u00e9lk\u00fcli haszn\u00e1lata.\u00a0<\/span><\/p>\n<p><span style=\"font-weight: 400;\">Minden, a jelen dokumentumban kifejezetten nem biztos\u00edtott jog fenntartva.\u00a0<\/span><\/p>\n<p><span style=\"font-weight: 400;\">SZERZ\u0150I JOGK\u00d6ZLEM\u00c9NY. Copyright \u00a9 2020 Lucart SpA. Minden jog fenntartva.<\/span>[\/vc_column_text][\/vc_column][\/vc_row][vc_row full_width=&#8221;stretch_row&#8221; el_class=&#8221;box_ricerca_informazioni&#8221; css=&#8221;.vc_custom_1540194069456{background-image: url(https:\/\/www.lucartgroup.com\/wp-content\/uploads\/2018\/10\/contatti-1.jpg?id=132) !important;background-position: center !important;background-repeat: no-repeat !important;background-size: cover !important;}&#8221;][vc_column][vc_column_text css=&#8221;.vc_custom_1596029712089{background-position: center !important;background-repeat: no-repeat !important;background-size: cover !important;}&#8221;]<\/p>\n<h4 style=\"text-align: left;\">Inform\u00e1ci\u00f3ra van sz\u00fcks\u00e9ged?<\/h4>\n<p style=\"text-align: left;\"><a href=\"https:\/\/www.lucartgroup.com\/en\/contacts\/\">l\u00e9pj kapcsolatba vel\u00fcnk<\/a><\/p>\n<p>[\/vc_column_text][\/vc_column][\/vc_row]<\/p>\n<\/div>","protected":false},"excerpt":{"rendered":"<p>[vc_row el_class=&#8221;note-legali&#8221;][vc_column][vc_column_text el_class=&#8221;intro_page&#8221;] Jogi el\u0151\u00edr\u00e1sok [\/vc_column_text][vc_column_text]A WEBOLDALON RENDELKEZ\u00c9SRE \u00c1LL\u00d3 DOKUMENT\u00c1CI\u00d3VAL KAPCSOLATOS T\u00c1J\u00c9KOZTAT\u00d3 &nbsp; Copyright A weboldalon rendelkez\u00e9sre \u00e1ll\u00f3 \u00f6sszes tartalom, melynek tulajdonosa a Porcari (Lucca) Via Ciarpi, 77 sz. alatti [&hellip;]<\/p>\n","protected":false},"author":2,"featured_media":0,"parent":0,"menu_order":0,"comment_status":"closed","ping_status":"closed","template":"page-templates\/template_base.php","meta":{"_acf_changed":false,"footnotes":""},"class_list":["post-7106","page","type-page","status-publish","hentry"],"acf":[],"_links":{"self":[{"href":"https:\/\/www.lucartgroup.com\/hu\/wp-json\/wp\/v2\/pages\/7106","targetHints":{"allow":["GET"]}}],"collection":[{"href":"https:\/\/www.lucartgroup.com\/hu\/wp-json\/wp\/v2\/pages"}],"about":[{"href":"https:\/\/www.lucartgroup.com\/hu\/wp-json\/wp\/v2\/types\/page"}],"author":[{"embeddable":true,"href":"https:\/\/www.lucartgroup.com\/hu\/wp-json\/wp\/v2\/users\/2"}],"replies":[{"embeddable":true,"href":"https:\/\/www.lucartgroup.com\/hu\/wp-json\/wp\/v2\/comments?post=7106"}],"version-history":[{"count":4,"href":"https:\/\/www.lucartgroup.com\/hu\/wp-json\/wp\/v2\/pages\/7106\/revisions"}],"predecessor-version":[{"id":12235,"href":"https:\/\/www.lucartgroup.com\/hu\/wp-json\/wp\/v2\/pages\/7106\/revisions\/12235"}],"wp:attachment":[{"href":"https:\/\/www.lucartgroup.com\/hu\/wp-json\/wp\/v2\/media?parent=7106"}],"curies":[{"name":"wp","href":"https:\/\/api.w.org\/{rel}","templated":true}]}}