{"id":7082,"date":"2019-01-23T16:45:57","date_gmt":"2019-01-23T15:45:57","guid":{"rendered":"https:\/\/www.lucartgroup.com\/sostenibilita\/report-di-sostenibilita\/"},"modified":"2025-07-22T17:43:51","modified_gmt":"2025-07-22T15:43:51","slug":"fenntarthatosagi-jelentes","status":"publish","type":"page","link":"https:\/\/www.lucartgroup.com\/hu\/a-fenntarthatosag\/fenntarthatosagi-jelentes\/","title":{"rendered":"Fenntarthat\u00f3s\u00e1gi jelent\u00e9s"},"content":{"rendered":"<div class=\"wpb-content-wrapper\"><p>[vc_row full_width=&#8221;stretch_row&#8221; css=&#8221;.vc_custom_1589276556802{background-image: url(https:\/\/www.lucartgroup.com\/wp-content\/uploads\/2020\/01\/RappSostenibilita\u0300_2_casey-horner-4rDCa5hBlCs-unsplash.jpg?id=3628) !important;background-position: center !important;background-repeat: no-repeat !important;background-size: cover !important;}&#8221; el_class=&#8221;sostenibilita_top_box show-sub&#8221;][vc_column][vc_column_text]<\/p>\n<h1 style=\"text-align: center;\">Fenntarthat\u00f3s\u00e1gi jelent\u00e9s<\/h1>\n<p style=\"text-align: center;\">A Fenntarthat\u00f3s\u00e1gi jelent\u00e9sen kereszt\u00fcl minden \u00e9vben megosztjuk a vil\u00e1gr\u00f3l alkotott elk\u00e9pzel\u00e9s\u00fcnket \u00fagy, hogy maxim\u00e1lis \u00e1tl\u00e1that\u00f3s\u00e1ggal besz\u00e1molunk a k\u00f6rnyezetv\u00e9delmi-, t\u00e1rsadalmi- \u00e9s gazdas\u00e1gi ter\u00fcleteken hozott d\u00f6nt\u00e9seinkr\u0151l.<\/p>\n<p>&nbsp;<\/p>\n<p>&nbsp;<\/p>\n<p>&nbsp;<\/p>\n<p>[\/vc_column_text][\/vc_column][\/vc_row][vc_row][vc_column][vc_empty_space height=&#8221;100px&#8221;][vc_video link=&#8221;https:\/\/www.youtube.com\/watch?v=ESqeA0VgNcs&#8221; el_width=&#8221;80&#8243; align=&#8221;center&#8221; css=&#8221;&#8221;][vc_empty_space][\/vc_column][\/vc_row][vc_row el_class=&#8221;listing-rapporti&#8221; css=&#8221;.vc_custom_1624438392660{padding-top: 20px !important;}&#8221;][vc_column width=&#8221;1\/3&#8243; el_id=&#8221;rs2021HUN&#8221;][vc_column_text css=&#8221;.vc_custom_1749631619971{padding-bottom: 118px !important;}&#8221;]<\/p>\n<p style=\"text-align: center;\">Lapozzon bele a 2024.<br \/>\n\u00c9vi fenntarthat\u00f3s\u00e1gi jelent\u00e9sbe.<\/p>\n<p>[\/vc_column_text][vc_single_image image=&#8221;25143&#8243; img_size=&#8221;medium&#8221; alignment=&#8221;center&#8221; onclick=&#8221;custom_link&#8221; img_link_target=&#8221;_blank&#8221; css=&#8221;&#8221; el_class=&#8221;rapporto&#8221; link=&#8221;https:\/\/www.lucartgroup.com\/wp-content\/uploads\/2025\/07\/Interni-Lucart_ENG.pdf&#8221;][vc_btn title=&#8221;Fedezze fel a jelent\u00e9seket&#8221; style=&#8221;flat&#8221; shape=&#8221;square&#8221; align=&#8221;center&#8221; css=&#8221;.vc_custom_1753198994941{margin-right: 68.33px !important;margin-left: 68.33px !important;}&#8221; button_block=&#8221;true&#8221; link=&#8221;url:https%3A%2F%2Fwww.lucartgroup.com%2Fwp-content%2Fuploads%2F2025%2F07%2FHIGHLIGHTS_2024_HUN-WEB.pdf|target:_blank&#8221; el_class=&#8221;btn_secondary&#8221;][\/vc_column][vc_column width=&#8221;1\/3&#8243; el_id=&#8221;rs2020HUN&#8221;][vc_column_text css=&#8221;.vc_custom_1719394935054{padding-bottom: 118px !important;}&#8221;]<\/p>\n<p style=\"text-align: center;\">Lapozzon bele a 2023.<br \/>\n\u00c9vi fenntarthat\u00f3s\u00e1gi jelent\u00e9sbe.<\/p>\n<p>[\/vc_column_text][vc_single_image image=&#8221;23487&#8243; img_size=&#8221;medium&#8221; alignment=&#8221;center&#8221; onclick=&#8221;custom_link&#8221; img_link_target=&#8221;_blank&#8221; el_class=&#8221;rapporto&#8221; link=&#8221;https:\/\/www.lucartgroup.com\/wp-content\/uploads\/2024\/07\/Lucart-Report_2023_ENG-19-07_low.pdf&#8221;][vc_btn title=&#8221;Fedezze fel a jelent\u00e9seket&#8221; style=&#8221;flat&#8221; shape=&#8221;square&#8221; align=&#8221;center&#8221; css=&#8221;.vc_custom_1720004460106{margin-right: 68.33px !important;margin-left: 68.33px !important;}&#8221; button_block=&#8221;true&#8221; link=&#8221;url:https%3A%2F%2Fwww.lucartgroup.com%2Fwp-content%2Fuploads%2F2024%2F07%2FHghlights-WEB_HUN.pdf|target:_blank&#8221; el_class=&#8221;btn_secondary&#8221;][\/vc_column][vc_column width=&#8221;1\/3&#8243;][vc_column_text css=&#8221;.vc_custom_1689254914495{padding-bottom: 118px !important;}&#8221;]<\/p>\n<p style=\"text-align: center;\">Lapozzon bele a 2022.<br \/>\n\u00c9vi fenntarthat\u00f3s\u00e1gi jelent\u00e9sbe.<\/p>\n<p>[\/vc_column_text][vc_single_image image=&#8221;21335&#8243; img_size=&#8221;medium&#8221; alignment=&#8221;center&#8221; onclick=&#8221;custom_link&#8221; img_link_target=&#8221;_blank&#8221; el_class=&#8221;rapporto&#8221; link=&#8221;https:\/\/www.lucartgroup.com\/wp-content\/uploads\/2023\/07\/Lucart-Report_2022_ENG.pdf&#8221;][\/vc_column][\/vc_row][vc_row][vc_column][vc_empty_space][\/vc_column][\/vc_row][vc_row full_width=&#8221;stretch_row&#8221; el_class=&#8221;box_ricerca_informazioni&#8221; css=&#8221;.vc_custom_1585903747374{background-image: url(https:\/\/www.lucartgroup.com\/wp-content\/uploads\/2019\/12\/van-tay-media-QklJV_Q0Pig-unsplash.jpg?id=3490) !important;background-position: center !important;background-repeat: no-repeat !important;background-size: cover !important;}&#8221;][vc_column][vc_column_text css=&#8221;.vc_custom_1583145542925{background-position: center !important;background-repeat: no-repeat !important;background-size: cover !important;}&#8221;]<\/p>\n<h4 style=\"text-align: left;\">Inform\u00e1ci\u00f3ra van sz\u00fcks\u00e9ged?<\/h4>\n<p style=\"text-align: left;\"><a href=\"https:\/\/www.lucartgroup.com\/en\/contacts\/\">l\u00e9pj kapcsolatba vel\u00fcnk<\/a><\/p>\n<p>[\/vc_column_text][\/vc_column][\/vc_row]<\/p>\n<\/div>","protected":false},"excerpt":{"rendered":"<p>[vc_row full_width=&#8221;stretch_row&#8221; css=&#8221;.vc_custom_1589276556802{background-image: url(https:\/\/www.lucartgroup.com\/wp-content\/uploads\/2020\/01\/RappSostenibilita\u0300_2_casey-horner-4rDCa5hBlCs-unsplash.jpg?id=3628) !important;background-position: center !important;background-repeat: no-repeat !important;background-size: cover !important;}&#8221; el_class=&#8221;sostenibilita_top_box show-sub&#8221;][vc_column][vc_column_text] Fenntarthat\u00f3s\u00e1gi jelent\u00e9s A Fenntarthat\u00f3s\u00e1gi jelent\u00e9sen kereszt\u00fcl minden \u00e9vben megosztjuk a vil\u00e1gr\u00f3l alkotott elk\u00e9pzel\u00e9s\u00fcnket \u00fagy, hogy maxim\u00e1lis \u00e1tl\u00e1that\u00f3s\u00e1ggal [&hellip;]<\/p>\n","protected":false},"author":2,"featured_media":0,"parent":7046,"menu_order":0,"comment_status":"closed","ping_status":"closed","template":"page-templates\/rapporto_sostenibilita.php","meta":{"_acf_changed":false,"footnotes":""},"class_list":["post-7082","page","type-page","status-publish","hentry"],"acf":[],"_links":{"self":[{"href":"https:\/\/www.lucartgroup.com\/hu\/wp-json\/wp\/v2\/pages\/7082","targetHints":{"allow":["GET"]}}],"collection":[{"href":"https:\/\/www.lucartgroup.com\/hu\/wp-json\/wp\/v2\/pages"}],"about":[{"href":"https:\/\/www.lucartgroup.com\/hu\/wp-json\/wp\/v2\/types\/page"}],"author":[{"embeddable":true,"href":"https:\/\/www.lucartgroup.com\/hu\/wp-json\/wp\/v2\/users\/2"}],"replies":[{"embeddable":true,"href":"https:\/\/www.lucartgroup.com\/hu\/wp-json\/wp\/v2\/comments?post=7082"}],"version-history":[{"count":4,"href":"https:\/\/www.lucartgroup.com\/hu\/wp-json\/wp\/v2\/pages\/7082\/revisions"}],"predecessor-version":[{"id":25158,"href":"https:\/\/www.lucartgroup.com\/hu\/wp-json\/wp\/v2\/pages\/7082\/revisions\/25158"}],"up":[{"embeddable":true,"href":"https:\/\/www.lucartgroup.com\/hu\/wp-json\/wp\/v2\/pages\/7046"}],"wp:attachment":[{"href":"https:\/\/www.lucartgroup.com\/hu\/wp-json\/wp\/v2\/media?parent=7082"}],"curies":[{"name":"wp","href":"https:\/\/api.w.org\/{rel}","templated":true}]}}