{"id":7074,"date":"2018-10-22T16:09:37","date_gmt":"2018-10-22T14:09:37","guid":{"rendered":"https:\/\/www.lucartgroup.com\/sostenibilita\/progetti\/"},"modified":"2020-07-22T16:35:04","modified_gmt":"2020-07-22T14:35:04","slug":"projektek","status":"publish","type":"page","link":"https:\/\/www.lucartgroup.com\/hu\/a-fenntarthatosag\/projektek\/","title":{"rendered":"Projektek"},"content":{"rendered":"<div class=\"wpb-content-wrapper\"><p>[vc_row full_width=&#8221;stretch_row&#8221; css=&#8221;.vc_custom_1579689316968{background-image: url(https:\/\/www.lucartgroup.com\/wp-content\/uploads\/2020\/01\/progetti.jpg?id=3642) !important;background-position: center !important;background-repeat: no-repeat !important;background-size: cover !important;}&#8221; el_class=&#8221;progetti_top_box&#8221;][vc_column][vc_column_text el_class=&#8221;progetti-header&#8221;]<\/p>\n<h1 style=\"text-align: center;\">Elk\u00f6telezetts\u00e9g\u00fcnk egy fenntarthat\u00f3 j\u00f6v\u0151\u00e9rt<\/h1>\n<p style=\"text-align: center;\">Tudj meg t\u00f6bbet azokr\u00f3l a projektekr\u0151l \u00e9s kezdem\u00e9nyez\u00e9sekr\u0151l, melyeknek f\u0151szerepl\u0151i vagyunk.<\/p>\n<p>[\/vc_column_text][\/vc_column][\/vc_row][vc_row css=&#8221;.vc_custom_1540286528884{background-position: center !important;background-repeat: no-repeat !important;background-size: cover !important;}&#8221;][vc_column][vc_column_text]<div class='progetti_contenitore clearfix'>\n\t\t\t\t<div class='listing-progetti clearfix'>\n\t\t\t\t\t<a class='progetto-img' href='https:\/\/www.lucartgroup.com\/hu\/cpt_progetto\/paper-packaging\/'><img src='https:\/\/www.lucartgroup.com\/wp-content\/uploads\/2020\/03\/PaperPackaging_800x800.jpg'><\/a>\n\t\t\t\t\t\t\n\t\t\t\t\t<div class='singolo-progetto-content'>\n\t\t\t\t\t\t<div class='singolo_progetto_titolo'><a href='https:\/\/www.lucartgroup.com\/hu\/cpt_progetto\/paper-packaging\/'><h2>Paper Packaging<\/h2><\/a><\/div>\n\t\t\t\t\t\t<div class='singolo_progetto_sottotitolo'><\/div>\n\t\t\t\t\t\t<div class='singolo_progetto_testo'>Kezdetekt\u0151l fogva a z\u00e9r\u00f3 hullad\u00e9kot termel\u0151 gazdas\u00e1g el\u00e9r\u00e9s\u00e9t t\u0171zt\u00fck ki c\u00e9lul magunk el\u00e9, \u00e9ppen ez\u00e9rt fektett\u00fcnk be egy fontos kutat\u00e1si- \u00e9s fejleszt\u00e9si programba, melynek c\u00e9lja a tissue-pap\u00edrb\u00f3l k\u00e9sz\u00fclt term\u00e9keink m\u0171anyag csomagol\u00e1s\u00e1nak cs\u00f6kkent\u00e9se.<\/div>\n\t\t\t\t\t\t<a href='https:\/\/www.lucartgroup.com\/hu\/cpt_progetto\/paper-packaging\/' class='box_home_contatti_button' tabindex='0'>Olvasson tov\u00e1bb<\/a>\n\t\t\t\t\t<\/div>\n\t\t\t\t<\/div>\n\t\t\n\t\t\t\t<div class='listing-progetti clearfix'>\n\t\t\t\t\t<a class='progetto-img' href='https:\/\/www.lucartgroup.com\/hu\/cpt_progetto\/progetto-natural-linnovazione-circolare-che-crea-valore\/'><img src='https:\/\/www.lucartgroup.com\/wp-content\/uploads\/2020\/03\/800x800-progetto-Natural.jpg'><\/a>\n\t\t\t\t\t\t\n\t\t\t\t\t<div class='singolo-progetto-content'>\n\t\t\t\t\t\t<div class='singolo_progetto_titolo'><a href='https:\/\/www.lucartgroup.com\/hu\/cpt_progetto\/progetto-natural-linnovazione-circolare-che-crea-valore\/'><h2>Natural projekt: a k\u00f6rk\u00f6r\u00f6s innov\u00e1ci\u00f3, mely \u00e9rt\u00e9ket teremt.<\/h2><\/a><\/div>\n\t\t\t\t\t\t<div class='singolo_progetto_sottotitolo'><\/div>\n\t\t\t\t\t\t<div class='singolo_progetto_testo'>\u00a02010-ben ind\u00edtottuk el a\u00a0Natural projektet a\u00a0Tetra Pak\u00ae-al egy\u00fcttm\u0171k\u00f6d\u00e9sben. Ez egy er\u00e9nyes \u00e9s t\u00f6bbsz\u00f6r\u00f6sen kit\u00fcntetett k\u00f6rforg\u00e1sos gazdas\u00e1gi terv, mely a pap\u00edr fejl\u0151d\u00e9s\u00e9t mutatja be a Tetra Pak\u00ae t\u00edpus\u00fa italoskartonok \u00fajrahasznos\u00edt\u00e1s\u00e1t\u00f3l kezdve.<\/div>\n\t\t\t\t\t\t<a href='https:\/\/www.lucartgroup.com\/hu\/cpt_progetto\/progetto-natural-linnovazione-circolare-che-crea-valore\/' class='box_home_contatti_button' tabindex='0'>Olvasson tov\u00e1bb<\/a>\n\t\t\t\t\t<\/div>\n\t\t\t\t<\/div>\n\t\t<\/div><div class='side_contenitore_progetti'>\n\t\t\t\t\t<div class='cont_categorie'>\n\t\t\t\t\t\t<div class='cont_categorie_title'>Kateg\u00f3ri\u00e1k<\/div><a href='https:\/\/www.lucartgroup.com\/hu\/a-fenntarthatosag\/projektek\/?tx=' class='singola_categoria'><\/a><a href='https:\/\/www.lucartgroup.com\/hu\/a-fenntarthatosag\/projektek\/?tx=182' class='singola_categoria'>Fenntarthat\u00f3s\u00e1g<\/a>\t<\/div>\n\t\t\t\t\t<div class='cont_date'>\n\t\t\t\t\t\t<div class='cont_categorie_title'>Arch\u00edvum<\/div><div class='anno_archivio chiuso'><div class='singolo_anno'>2020<\/div><a href='https:\/\/www.lucartgroup.com\/hu\/a-fenntarthatosag\/projektek\/?yy=2020&mm=3' class='singolo_mese'>m\u00e1rcius<\/a><\/div><\/div><\/div><\/div>[\/vc_column_text][\/vc_column][\/vc_row]<\/p>\n<\/div>","protected":false},"excerpt":{"rendered":"<p>[vc_row full_width=&#8221;stretch_row&#8221; css=&#8221;.vc_custom_1579689316968{background-image: url(https:\/\/www.lucartgroup.com\/wp-content\/uploads\/2020\/01\/progetti.jpg?id=3642) !important;background-position: center !important;background-repeat: no-repeat !important;background-size: cover !important;}&#8221; el_class=&#8221;progetti_top_box&#8221;][vc_column][vc_column_text el_class=&#8221;progetti-header&#8221;] Elk\u00f6telezetts\u00e9g\u00fcnk egy fenntarthat\u00f3 j\u00f6v\u0151\u00e9rt Tudj meg t\u00f6bbet azokr\u00f3l a projektekr\u0151l \u00e9s kezdem\u00e9nyez\u00e9sekr\u0151l, melyeknek f\u0151szerepl\u0151i vagyunk. [\/vc_column_text][\/vc_column][\/vc_row][vc_row css=&#8221;.vc_custom_1540286528884{background-position: [&hellip;]<\/p>\n","protected":false},"author":2,"featured_media":7075,"parent":7046,"menu_order":0,"comment_status":"closed","ping_status":"closed","template":"page-templates\/progetti.php","meta":{"_acf_changed":false,"footnotes":""},"class_list":["post-7074","page","type-page","status-publish","has-post-thumbnail","hentry"],"acf":[],"_links":{"self":[{"href":"https:\/\/www.lucartgroup.com\/hu\/wp-json\/wp\/v2\/pages\/7074","targetHints":{"allow":["GET"]}}],"collection":[{"href":"https:\/\/www.lucartgroup.com\/hu\/wp-json\/wp\/v2\/pages"}],"about":[{"href":"https:\/\/www.lucartgroup.com\/hu\/wp-json\/wp\/v2\/types\/page"}],"author":[{"embeddable":true,"href":"https:\/\/www.lucartgroup.com\/hu\/wp-json\/wp\/v2\/users\/2"}],"replies":[{"embeddable":true,"href":"https:\/\/www.lucartgroup.com\/hu\/wp-json\/wp\/v2\/comments?post=7074"}],"version-history":[{"count":2,"href":"https:\/\/www.lucartgroup.com\/hu\/wp-json\/wp\/v2\/pages\/7074\/revisions"}],"predecessor-version":[{"id":11621,"href":"https:\/\/www.lucartgroup.com\/hu\/wp-json\/wp\/v2\/pages\/7074\/revisions\/11621"}],"up":[{"embeddable":true,"href":"https:\/\/www.lucartgroup.com\/hu\/wp-json\/wp\/v2\/pages\/7046"}],"wp:featuredmedia":[{"embeddable":true,"href":"https:\/\/www.lucartgroup.com\/hu\/wp-json\/wp\/v2\/media\/7075"}],"wp:attachment":[{"href":"https:\/\/www.lucartgroup.com\/hu\/wp-json\/wp\/v2\/media?parent=7074"}],"curies":[{"name":"wp","href":"https:\/\/api.w.org\/{rel}","templated":true}]}}