{"id":7063,"date":"2019-01-23T16:46:10","date_gmt":"2019-01-23T15:46:10","guid":{"rendered":"https:\/\/www.lucartgroup.com\/sostenibilita\/partnership-per-lo-sviluppo-sostenibile\/"},"modified":"2021-11-23T18:28:04","modified_gmt":"2021-11-23T17:28:04","slug":"partnerkapcsolat-a-fenntarthato-fejlodesert","status":"publish","type":"page","link":"https:\/\/www.lucartgroup.com\/hu\/a-fenntarthatosag\/partnerkapcsolat-a-fenntarthato-fejlodesert\/","title":{"rendered":"Partnerkapcsolat a fenntarthat\u00f3 fejl\u0151d\u00e9s\u00e9rt"},"content":{"rendered":"<div class=\"wpb-content-wrapper\"><p>[vc_row full_width=&#8221;stretch_row&#8221; css=&#8221;.vc_custom_1589276589723{background-image: url(https:\/\/www.lucartgroup.com\/wp-content\/uploads\/2020\/01\/PartershipSostenibili.jpg?id=3896) !important;background-position: center !important;background-repeat: no-repeat !important;background-size: cover !important;}&#8221; el_class=&#8221;sostenibilita_top_box show-sub&#8221;][vc_column][vc_column_text]<\/p>\n<h1 style=\"text-align: center;\">Partnerkapcsolat a fenntarthat\u00f3 fejl\u0151d\u00e9s\u00e9rt<\/h1>\n<p style=\"text-align: center;\">El\u0151seg\u00edtj\u00fck a t\u00e1rsul\u00e1si \u00e9s partneri kapcsolatokat olyan profit- \u00e9s nonprofit szervezetekkel, amelyekkel k\u00f6z\u00f6s \u00e9rt\u00e9keink \u00e9s \u00e9rdekeink vannak.<\/p>\n<p>[\/vc_column_text][\/vc_column][\/vc_row][vc_row el_class=&#8221;sostenibilita_dati&#8221;][vc_column][vc_empty_space height=&#8221;50px&#8221;][vc_column_text el_class=&#8221;partnership-list&#8221;]<div class='cont_blocchi_dati slick-carousel__container'><div class='blocco_dati sdg-box'><div class='singolo_dato clearfix float-sdg0'>\n\t        \t\t\t\t<div class='img_dato'><img src='https:\/\/www.lucartgroup.com\/wp-content\/uploads\/2020\/11\/Endorser-Logo_solid_blue_RGB.jpg' class='listing-img-general listing-img'><\/div>\n\t        \t\t\t\t<div class='testi_dato'><div class='descrizione'>Az Alap\u00edtv\u00e1ny k\u00fcldet\u00e9se, hogy seg\u00edtsen kibontakoztatni Olaszorsz\u00e1gban az ENSZ \u00e1ltal kezdem\u00e9nyezett Glob\u00e1lis Meg\u00e1llapod\u00e1st, amely a v\u00e1llalatok t\u00e1rsadalmi felel\u0151ss\u00e9gv\u00e1llal\u00e1s\u00e1nak el\u0151mozd\u00edt\u00e1s\u00e1ra ir\u00e1nyul. <\/div>\n\t        \t\t\t\t<\/div>\n\t        \t\t\t<\/div>\n\t        \t\t<\/div><div class='blocco_dati sdg-box'><div class='singolo_dato clearfix float-sdg1'>\n\t        \t\t\t\t<div class='img_dato'><img src='https:\/\/www.lucartgroup.com\/wp-content\/uploads\/2019\/07\/partner_strategico_unisg-1.jpg' class='listing-img-general listing-img1'><\/div>\n\t        \t\t\t\t<div class='testi_dato'><div class='descrizione'>Gasztron\u00f3musokat k\u00e9pez\u0151 egyetem, a gasztron\u00f3mus az a szakember, aki k\u00e9pes az \u00e9tel el\u0151\u00e1ll\u00edt\u00e1s\u00e1t, eloszt\u00e1s\u00e1t \u00e9s fogyaszt\u00e1s\u00e1t a fenntarthat\u00f3 v\u00e1laszt\u00e1sok ir\u00e1ny\u00e1ba terelni.<\/div>\n\t        \t\t\t\t<\/div>\n\t        \t\t\t<\/div>\n\t        \t\t<\/div><div class='blocco_dati sdg-box'><div class='singolo_dato clearfix float-sdg0'>\n\t        \t\t\t\t<div class='img_dato'><img src='https:\/\/www.lucartgroup.com\/wp-content\/uploads\/2020\/01\/scuola-superiore-santanna.jpg' class='listing-img-general listing-img2'><\/div>\n\t        \t\t\t\t<div class='testi_dato'><div class='descrizione'>K\u00fcl\u00f6nleges jog\u00e1ll\u00e1s\u00fa \u00c1llami Egyetemi Int\u00e9zm\u00e9ny, mely az alkalmazott tudom\u00e1nyok ter\u00e9n tev\u00e9kenykedik.<\/div>\n\t        \t\t\t\t<\/div>\n\t        \t\t\t<\/div>\n\t        \t\t<\/div><div class='blocco_dati sdg-box'><div class='singolo_dato clearfix float-sdg1'>\n\t        \t\t\t\t<div class='img_dato'><img src='https:\/\/www.lucartgroup.com\/wp-content\/uploads\/2020\/01\/universit\u00e0-di-pisa.jpg' class='listing-img-general listing-img3'><\/div>\n\t        \t\t\t\t<div class='testi_dato'><div class='descrizione'>1343-Ban Pis\u00e1ban alap\u00edtott Egyetemi Int\u00e9zm\u00e9ny, melynek 20 tansz\u00e9ke van.<\/div>\n\t        \t\t\t\t<\/div>\n\t        \t\t\t<\/div>\n\t        \t\t<\/div><div class='blocco_dati sdg-box'><div class='singolo_dato clearfix float-sdg0'>\n\t        \t\t\t\t<div class='img_dato'><img src='https:\/\/www.lucartgroup.com\/wp-content\/uploads\/2021\/03\/ITS-prime-sistema-meccanica.png' class='listing-img-general listing-img4'><\/div>\n\t        \t\t\t\t<div class='testi_dato'><div class='descrizione'>Az alap\u00edtv\u00e1ny \u00e9retts\u00e9gi ut\u00e1ni k\u00e9t\u00e9ves tanfolyamokat szervez, speci\u00e1lisan felk\u00e9sz\u00fclt szakemberek k\u00e9pz\u00e9s\u00e9re. <\/div>\n\t        \t\t\t\t<\/div>\n\t        \t\t\t<\/div>\n\t        \t\t<\/div><div class='blocco_dati sdg-box'><div class='singolo_dato clearfix float-sdg1'>\n\t        \t\t\t\t<div class='img_dato'><img src='https:\/\/www.lucartgroup.com\/wp-content\/uploads\/2021\/03\/bollino_ICESP_fondo_Bianco-02_0.png' class='listing-img-general listing-img5'><\/div>\n\t        \t\t\t\t<div class='testi_dato'><div class='descrizione'>A k\u00f6rforg\u00e1sos gazdas\u00e1gban \u00e9rintett szerepl\u0151k olaszorsz\u00e1gi platformja. <\/div>\n\t        \t\t\t\t<\/div>\n\t        \t\t\t<\/div>\n\t        \t\t<\/div><div class='blocco_dati sdg-box'><div class='singolo_dato clearfix float-sdg0'>\n\t        \t\t\t\t<div class='img_dato'><img src='https:\/\/www.lucartgroup.com\/wp-content\/uploads\/2019\/07\/SLOW-FOOD-1.jpg' class='listing-img-general listing-img6'><\/div>\n\t        \t\t\t\t<div class='testi_dato'><div class='descrizione'>Nemzetk\u00f6zi nonprofit szervezet, amely elk\u00f6telezte mag\u00e1t amellett, hogy helyre\u00e1ll\u00edtja az \u00e9tel \u00e9rt\u00e9k\u00e9t, tiszteletben tartva azokat, akik azt termelik, \u00e9s a k\u00f6rnyezetet.<\/div>\n\t        \t\t\t\t<\/div>\n\t        \t\t\t<\/div>\n\t        \t\t<\/div><div class='blocco_dati sdg-box'><div class='singolo_dato clearfix float-sdg1'>\n\t        \t\t\t\t<div class='img_dato'><img src='https:\/\/www.lucartgroup.com\/wp-content\/uploads\/2019\/07\/FEE-ECO-SCHOOL-1.jpg' class='listing-img-general listing-img7'><\/div>\n\t        \t\t\t\t<div class='testi_dato'><div class='descrizione'>Nemzetk\u00f6zi tan\u00fas\u00edt\u00e1si program azoknak az iskol\u00e1knak, amelyek k\u00f6rnyezetv\u00e9delmi oktat\u00e1s r\u00e9v\u00e9n k\u00edv\u00e1nj\u00e1k el\u0151mozd\u00edtani a fenntarthat\u00f3s\u00e1got.<\/div>\n\t        \t\t\t\t<\/div>\n\t        \t\t\t<\/div>\n\t        \t\t<\/div><div class='blocco_dati sdg-box'><div class='singolo_dato clearfix float-sdg0'>\n\t        \t\t\t\t<div class='img_dato'><img src='https:\/\/www.lucartgroup.com\/wp-content\/uploads\/2019\/07\/CONFINDUSTRIA-1.jpg' class='listing-img-general listing-img8'><\/div>\n\t        \t\t\t\t<div class='testi_dato'><div class='descrizione'>Az olaszorsz\u00e1gi feldolgoz\u00f3- \u00e9s szolg\u00e1ltat\u00f3 v\u00e1llalatok f\u0151 k\u00e9pviseleti szerve.<\/div>\n\t        \t\t\t\t<\/div>\n\t        \t\t\t<\/div>\n\t        \t\t<\/div><div class='blocco_dati sdg-box'><div class='singolo_dato clearfix float-sdg1'>\n\t        \t\t\t\t<div class='img_dato'><img src='https:\/\/www.lucartgroup.com\/wp-content\/uploads\/2019\/07\/ASSOCARTA-2.jpg' class='listing-img-general listing-img9'><\/div>\n\t        \t\t\t\t<div class='testi_dato'><div class='descrizione'>A pap\u00edrt, kartont \u00e9s pap\u00edrp\u00e9pet gy\u00e1rt\u00f3 olasz v\u00e1llalatokat k\u00e9pvisel\u0151 \u00e9s v\u00e9d\u0151 v\u00e1llalkoz\u00f3i sz\u00f6vets\u00e9g.<\/div>\n\t        \t\t\t\t<\/div>\n\t        \t\t\t<\/div>\n\t        \t\t<\/div><div class='blocco_dati sdg-box'><div class='singolo_dato clearfix float-sdg0'>\n\t        \t\t\t\t<div class='img_dato'><img src='https:\/\/www.lucartgroup.com\/wp-content\/uploads\/2019\/07\/COMIECO-1280-1.jpg' class='listing-img-general listing-img10'><\/div>\n\t        \t\t\t\t<div class='testi_dato'><div class='descrizione'>Nemzeti Konzorcium, melynek c\u00e9lja a cellul\u00f3z alap\u00fa csomagol\u00f3anyagok visszanyer\u00e9se \u00e9s \u00fajrahasznos\u00edt\u00e1sa.<\/div>\n\t        \t\t\t\t<\/div>\n\t        \t\t\t<\/div>\n\t        \t\t<\/div><div class='blocco_dati sdg-box'><div class='singolo_dato clearfix float-sdg1'>\n\t        \t\t\t\t<div class='img_dato'><img src='https:\/\/www.lucartgroup.com\/wp-content\/uploads\/2019\/07\/European-Tissue-Symposium-1.jpg' class='listing-img-general listing-img11'><\/div>\n\t        \t\t\t\t<div class='testi_dato'><div class='descrizione'>A legnagyobb f\u00fcggetlen (nonprofit) szakmai sz\u00f6vets\u00e9g, mely v\u00e9di az eur\u00f3pai tissue-pap\u00edr \u00e1gazat \u00e9rdekeit. <\/div>\n\t        \t\t\t\t<\/div>\n\t        \t\t\t<\/div>\n\t        \t\t<\/div><div class='blocco_dati sdg-box'><div class='singolo_dato clearfix float-sdg0'>\n\t        \t\t\t\t<div class='img_dato'><img src='https:\/\/www.lucartgroup.com\/wp-content\/uploads\/2019\/07\/LOGO-AFIDAMP_blu1349.jpg' class='listing-img-general listing-img12'><\/div>\n\t        \t\t\t\t<div class='testi_dato'><div class='descrizione'>A professzion\u00e1lis takar\u00edt\u00e1shoz \u00e9s a k\u00f6rnyezeti higi\u00e9ni\u00e1hoz sz\u00fcks\u00e9ges g\u00e9peket, term\u00e9keket \u00e9s felszerel\u00e9seket gy\u00e1rt\u00f3 olasz v\u00e1llalatok k\u00e9pviseleti egyes\u00fclete.<\/div>\n\t        \t\t\t\t<\/div>\n\t        \t\t\t<\/div>\n\t        \t\t<\/div><div class='blocco_dati sdg-box'><div class='singolo_dato clearfix float-sdg1'>\n\t        \t\t\t\t<div class='img_dato'><img src='https:\/\/www.lucartgroup.com\/wp-content\/uploads\/2019\/07\/GREEN-ECONOMY-NETWORK-2.jpg' class='listing-img-general listing-img13'><\/div>\n\t        \t\t\t\t<div class='testi_dato'><div class='descrizione'>A h\u00e1l\u00f3zat azzal a c\u00e9llal j\u00f6tt l\u00e9tre, hogy \u00f6szt\u00f6n\u00f6zze \u00e9s megismertesse azokat a v\u00e1llalatokat, amelyek term\u00e9keket, technol\u00f3gi\u00e1kat \u00e9s szolg\u00e1ltat\u00e1sokat k\u00edn\u00e1lnak a k\u00f6rnyezeti \u00e9s energetikai fenntarthat\u00f3s\u00e1g \u00e9rdek\u00e9ben.<\/div>\n\t        \t\t\t\t<\/div>\n\t        \t\t\t<\/div>\n\t        \t\t<\/div><div class='blocco_dati sdg-box'><div class='singolo_dato clearfix float-sdg0'>\n\t        \t\t\t\t<div class='img_dato'><img src='https:\/\/www.lucartgroup.com\/wp-content\/uploads\/2019\/07\/EDANA-21-1.jpg' class='listing-img-general listing-img14'><\/div>\n\t        \t\t\t\t<div class='testi_dato'><div class='descrizione'>A nemsz\u0151tt sz\u00f6vetek \u00e1gazathoz tartoz\u00f3 iparv\u00e1llalatokat k\u00e9pvisel\u0151 nemzetk\u00f6zi egyes\u00fclet.<\/div>\n\t        \t\t\t\t<\/div>\n\t        \t\t\t<\/div>\n\t        \t\t<\/div><div class='blocco_dati sdg-box'><div class='singolo_dato clearfix float-sdg1'>\n\t        \t\t\t\t<div class='img_dato'><img src='https:\/\/www.lucartgroup.com\/wp-content\/uploads\/2019\/07\/COPACEL-2.jpg' class='listing-img-general listing-img15'><\/div>\n\t        \t\t\t\t<div class='testi_dato'><div class='descrizione'>A Pap\u00edripari v\u00e1llalatokat k\u00e9pvisel\u0151 francia egyes\u00fclet.<\/div>\n\t        \t\t\t\t<\/div>\n\t        \t\t\t<\/div>\n\t        \t\t<\/div><div class='blocco_dati sdg-box'><div class='singolo_dato clearfix float-sdg0'>\n\t        \t\t\t\t<div class='img_dato'><img src='https:\/\/www.lucartgroup.com\/wp-content\/uploads\/2019\/07\/PAPEST-COLORI-1.jpg' class='listing-img-general listing-img16'><\/div>\n\t        \t\t\t\t<div class='testi_dato'><div class='descrizione'>A kelet-francia Pap\u00edripari v\u00e1llalatokat k\u00e9pvisel\u0151 egyes\u00fclet.<\/div>\n\t        \t\t\t\t<\/div>\n\t        \t\t\t<\/div>\n\t        \t\t<\/div><div class='blocco_dati sdg-box'><div class='singolo_dato clearfix float-sdg1'>\n\t        \t\t\t\t<div class='img_dato'><img src='https:\/\/www.lucartgroup.com\/wp-content\/uploads\/2019\/07\/REVIPAC-1.jpg' class='listing-img-general listing-img17'><\/div>\n\t        \t\t\t\t<div class='testi_dato'><div class='descrizione'>A pap\u00edr \u00e9s karton alap\u00fa csomagol\u00f3anyagok begy\u0171jt\u00e9s\u00e9vel \u00e9s \u00fajrahasznos\u00edt\u00e1s\u00e1val foglalkoz\u00f3 francia szervezet.<\/div>\n\t        \t\t\t\t<\/div>\n\t        \t\t\t<\/div>\n\t        \t\t<\/div><div class='blocco_dati sdg-box'><div class='singolo_dato clearfix float-sdg0'>\n\t        \t\t\t\t<div class='img_dato'><img src='https:\/\/www.lucartgroup.com\/wp-content\/uploads\/2019\/07\/REVIGRAPH-1.jpg' class='listing-img-general listing-img18'><\/div>\n\t        \t\t\t\t<div class='testi_dato'><div class='descrizione'>A grafikai c\u00e9lra sz\u00e1nt pap\u00edrok hasznos\u00edt\u00e1si l\u00e1nc\u00e1nak francia szervezete.<\/div>\n\t        \t\t\t\t<\/div>\n\t        \t\t\t<\/div>\n\t        \t\t<\/div><div class='blocco_dati sdg-box'><div class='singolo_dato clearfix float-sdg1'>\n\t        \t\t\t\t<div class='img_dato'><img src='https:\/\/www.lucartgroup.com\/wp-content\/uploads\/2019\/07\/group-hygiene.jpg' class='listing-img-general listing-img19'><\/div>\n\t        \t\t\t\t<div class='testi_dato'><div class='descrizione'>A higi\u00e9n\u00e9s-, eg\u00e9szs\u00e9g\u00fcgyi- \u00e9s tiszt\u00edt\u00f3szereket gy\u00e1rt\u00f3k francia egyes\u00fcl\u00e9se.<\/div>\n\t        \t\t\t\t<\/div>\n\t        \t\t\t<\/div>\n\t        \t\t<\/div><div class='blocco_dati sdg-box'><div class='singolo_dato clearfix float-sdg0'>\n\t        \t\t\t\t<div class='img_dato'><img src='https:\/\/www.lucartgroup.com\/wp-content\/uploads\/2019\/07\/ASPAPEL-1.jpg' class='listing-img-general listing-img20'><\/div>\n\t        \t\t\t\t<div class='testi_dato'><div class='descrizione'>A cellul\u00f3z- \u00e9s pap\u00edrgy\u00e1rt\u00f3k spanyol egyes\u00fclete.<\/div>\n\t        \t\t\t\t<\/div>\n\t        \t\t\t<\/div>\n\t        \t\t<\/div><div class='blocco_dati sdg-box'><div class='singolo_dato clearfix float-sdg1'>\n\t        \t\t\t\t<div class='img_dato'><img src='https:\/\/www.lucartgroup.com\/wp-content\/uploads\/2021\/03\/cluster-del-papel_logo_52.png' class='listing-img-general listing-img21'><\/div>\n\t        \t\t\t\t<div class='testi_dato'><div class='descrizione'>A pap\u00edrgy\u00e1rt\u00f3k \u00e9s m\u00e1s, kapcsol\u00f3d\u00f3 v\u00e1llalatok spanyolorsz\u00e1gi sz\u00f6vets\u00e9ge. <\/div>\n\t        \t\t\t\t<\/div>\n\t        \t\t\t<\/div>\n\t        \t\t<\/div><div class='blocco_dati sdg-box'><div class='singolo_dato clearfix float-sdg0'>\n\t        \t\t\t\t<div class='img_dato'><img src='https:\/\/www.lucartgroup.com\/wp-content\/uploads\/2019\/07\/PROETICA-3.jpg' class='listing-img-general listing-img22'><\/div>\n\t        \t\t\t\t<div class='testi_dato'><div class='descrizione'>Nonprofit egyes\u00fclet, mely a v\u00e1llalkoz\u00e1sok t\u00e1rsadalmi felel\u0151ss\u00e9g\u00e9nek terjeszt\u00e9s\u00e9t el\u0151seg\u00edt\u0151 kezdem\u00e9nyez\u00e9seket szervez.<\/div>\n\t        \t\t\t\t<\/div>\n\t        \t\t\t<\/div>\n\t        \t\t<\/div><div class='blocco_dati sdg-box'><div class='singolo_dato clearfix float-sdg1'>\n\t        \t\t\t\t<div class='img_dato'><img src='https:\/\/www.lucartgroup.com\/wp-content\/uploads\/2019\/07\/MAKE-A-WISH-1.jpg' class='listing-img-general listing-img23'><\/div>\n\t        \t\t\t\t<div class='testi_dato'><div class='descrizione'>Nonprofit szervezet, mely a s\u00falyos betegs\u00e9gben szenved\u0151 3 \u00e9s 7 \u00e9v k\u00f6z\u00f6tti gyermekek v\u00e1gyait val\u00f3s\u00edtja meg.<\/div>\n\t        \t\t\t\t<\/div>\n\t        \t\t\t<\/div>\n\t        \t\t<\/div><div class='blocco_dati sdg-box'><div class='singolo_dato clearfix float-sdg0'>\n\t        \t\t\t\t<div class='img_dato'><img src='https:\/\/www.lucartgroup.com\/wp-content\/uploads\/2021\/03\/Save_the_Children-logo-843B0C8DF7-seeklogo.com_.png' class='listing-img-general listing-img24'><\/div>\n\t        \t\t\t\t<div class='testi_dato'><div class='descrizione'>F\u00fcggetlen non-profit szervezet, m\u0171k\u00f6d\u00e9si ter\u00fclete a v\u00e9szhelyzetek kezel\u00e9se, a vissza\u00e9l\u00e9sekkel \u00e9s a kizs\u00e1km\u00e1nyol\u00e1ssal szembeni v\u00e9delem, a szeg\u00e9nys\u00e9ggel szembeni \u00e9s az \u00e9lelmiszerbiztons\u00e1g\u00e9rt folytatott k\u00fczdelem, a kiskor\u00faak jogv\u00e9delm\u00e9re \u00e9s bevon\u00e1s\u00e1ra ir\u00e1nyul\u00f3 rendszerek meger\u0151s\u00edt\u00e9se. <\/div>\n\t        \t\t\t\t<\/div>\n\t        \t\t\t<\/div>\n\t        \t\t<\/div><div class='blocco_dati sdg-box'><div class='singolo_dato clearfix float-sdg1'>\n\t        \t\t\t\t<div class='img_dato'><img src='https:\/\/www.lucartgroup.com\/wp-content\/uploads\/2021\/03\/muse-logo.png' class='listing-img-general listing-img25'><\/div>\n\t        \t\t\t\t<div class='testi_dato'><div class='descrizione'>A Firenz\u00e9ben m\u0171k\u00f6d\u0151 m\u00fazeumok \u00e9s \u00e1ltal\u00e1ban, a v\u00e1ros eg\u00e9sz kultur\u00e1lis \u00f6r\u00f6ks\u00e9g\u00e9nek kiakn\u00e1z\u00e1s\u00e1ra t\u00f6rekv\u0151 egyes\u00fclet. <\/div>\n\t        \t\t\t\t<\/div>\n\t        \t\t\t<\/div>\n\t        \t\t<\/div><div class='blocco_dati sdg-box'><div class='singolo_dato clearfix float-sdg0'>\n\t        \t\t\t\t<div class='img_dato'><img src='https:\/\/www.lucartgroup.com\/wp-content\/uploads\/2021\/03\/Fond.Meyer-New-LogoBIG.png' class='listing-img-general listing-img26'><\/div>\n\t        \t\t\t\t<div class='testi_dato'><div class='descrizione'>A firenzei Meyer gyermekk\u00f3rh\u00e1z kommunik\u00e1ci\u00f3s \u00e9s marketingtev\u00e9kenys\u00e9g\u00e9nek t\u00e1mogat\u00e1s\u00e1ra, \u00e9s a k\u00f3rh\u00e1zat t\u00e1mogat\u00f3 adom\u00e1nyok gy\u0171jt\u00e9s\u00e9re l\u00e9trej\u00f6tt alap\u00edtv\u00e1ny. <\/div>\n\t        \t\t\t\t<\/div>\n\t        \t\t\t<\/div>\n\t        \t\t<\/div><div class='blocco_dati sdg-box'><div class='singolo_dato clearfix float-sdg1'>\n\t        \t\t\t\t<div class='img_dato'><img src='https:\/\/www.lucartgroup.com\/wp-content\/uploads\/2019\/07\/ISTITUTO-DI-CULTURA-ITALIANA-1.jpg' class='listing-img-general listing-img27'><\/div>\n\t        \t\t\t\t<div class='testi_dato'><div class='descrizione'>Az int\u00e9zet c\u00e9lja az olasz nyelv \u00e9s kult\u00fara terjeszt\u00e9se e c\u00e9lt szolg\u00e1l\u00f3 rendezv\u00e9nyek r\u00e9v\u00e9n.<\/div>\n\t        \t\t\t\t<\/div>\n\t        \t\t\t<\/div>\n\t        \t\t<\/div><div class='blocco_dati sdg-box'><div class='singolo_dato clearfix float-sdg0'>\n\t        \t\t\t\t<div class='img_dato'><img src='https:\/\/www.lucartgroup.com\/wp-content\/uploads\/2021\/03\/chsa-logo-high-res-223x300-1-e1619273673419.jpg' class='listing-img-general listing-img28'><\/div>\n\t        \t\t\t\t<div class='testi_dato'><div class='descrizione'>A Nagy Britanni\u00e1ban a higi\u00e9niai term\u00e9kek \u00e9s az ipari tiszt\u00edt\u00e1stechnol\u00f3gia ter\u00e9n tev\u00e9kenyked\u0151 gy\u00e1rt\u00f3k \u00e9s forgalmaz\u00f3k \u00e9rdekk\u00e9pviseleti szervezete. <\/div>\n\t        \t\t\t\t<\/div>\n\t        \t\t\t<\/div>\n\t        \t\t<\/div><div class='blocco_dati sdg-box'><div class='singolo_dato clearfix float-sdg1'>\n\t        \t\t\t\t<div class='img_dato'><img src='' class='listing-img-general listing-img29'><\/div>\n\t        \t\t\t\t<div class='testi_dato'><div class='descrizione'><\/div>\n\t        \t\t\t\t<\/div>\n\t        \t\t\t<\/div>\n\t        \t\t<\/div><\/div>[\/vc_column_text][\/vc_column][\/vc_row][vc_row full_width=&#8221;stretch_row&#8221; el_class=&#8221;box_ricerca_informazioni&#8221; css=&#8221;.vc_custom_1585903699634{background-image: url(https:\/\/www.lucartgroup.com\/wp-content\/uploads\/2019\/12\/van-tay-media-QklJV_Q0Pig-unsplash.jpg?id=3490) !important;background-position: center !important;background-repeat: no-repeat !important;background-size: cover !important;}&#8221;][vc_column][vc_column_text css=&#8221;.vc_custom_1549642756456{background-position: center !important;background-repeat: no-repeat !important;background-size: cover !important;}&#8221;]<\/p>\n<h4 style=\"text-align: left;\">Inform\u00e1ci\u00f3ra van sz\u00fcks\u00e9ged?<\/h4>\n<p style=\"text-align: left;\"><a href=\"#\">l\u00e9pj kapcsolatba vel\u00fcnk<\/a><\/p>\n<p>[\/vc_column_text][\/vc_column][\/vc_row]<\/p>\n<\/div>","protected":false},"excerpt":{"rendered":"<p>[vc_row full_width=&#8221;stretch_row&#8221; css=&#8221;.vc_custom_1589276589723{background-image: url(https:\/\/www.lucartgroup.com\/wp-content\/uploads\/2020\/01\/PartershipSostenibili.jpg?id=3896) !important;background-position: center !important;background-repeat: no-repeat !important;background-size: cover !important;}&#8221; el_class=&#8221;sostenibilita_top_box show-sub&#8221;][vc_column][vc_column_text] Partnerkapcsolat a fenntarthat\u00f3 fejl\u0151d\u00e9s\u00e9rt El\u0151seg\u00edtj\u00fck a t\u00e1rsul\u00e1si \u00e9s partneri kapcsolatokat olyan profit- \u00e9s nonprofit szervezetekkel, amelyekkel k\u00f6z\u00f6s [&hellip;]<\/p>\n","protected":false},"author":2,"featured_media":0,"parent":7046,"menu_order":0,"comment_status":"closed","ping_status":"closed","template":"page-templates\/pagina_partnership.php","meta":{"_acf_changed":false,"footnotes":""},"class_list":["post-7063","page","type-page","status-publish","hentry"],"acf":[],"_links":{"self":[{"href":"https:\/\/www.lucartgroup.com\/hu\/wp-json\/wp\/v2\/pages\/7063","targetHints":{"allow":["GET"]}}],"collection":[{"href":"https:\/\/www.lucartgroup.com\/hu\/wp-json\/wp\/v2\/pages"}],"about":[{"href":"https:\/\/www.lucartgroup.com\/hu\/wp-json\/wp\/v2\/types\/page"}],"author":[{"embeddable":true,"href":"https:\/\/www.lucartgroup.com\/hu\/wp-json\/wp\/v2\/users\/2"}],"replies":[{"embeddable":true,"href":"https:\/\/www.lucartgroup.com\/hu\/wp-json\/wp\/v2\/comments?post=7063"}],"version-history":[{"count":4,"href":"https:\/\/www.lucartgroup.com\/hu\/wp-json\/wp\/v2\/pages\/7063\/revisions"}],"predecessor-version":[{"id":17416,"href":"https:\/\/www.lucartgroup.com\/hu\/wp-json\/wp\/v2\/pages\/7063\/revisions\/17416"}],"up":[{"embeddable":true,"href":"https:\/\/www.lucartgroup.com\/hu\/wp-json\/wp\/v2\/pages\/7046"}],"wp:attachment":[{"href":"https:\/\/www.lucartgroup.com\/hu\/wp-json\/wp\/v2\/media?parent=7063"}],"curies":[{"name":"wp","href":"https:\/\/api.w.org\/{rel}","templated":true}]}}