{"id":7048,"date":"2019-01-23T16:45:46","date_gmt":"2019-01-23T15:45:46","guid":{"rendered":"https:\/\/www.lucartgroup.com\/obiettivi-di-sviluppo-sostenibili\/"},"modified":"2020-09-08T15:28:40","modified_gmt":"2020-09-08T13:28:40","slug":"fenntarthato-fejlodesi-celok","status":"publish","type":"page","link":"https:\/\/www.lucartgroup.com\/hu\/a-fenntarthatosag\/fenntarthato-fejlodesi-celok\/","title":{"rendered":"Fenntarthat\u00f3 fejl\u0151d\u00e9si c\u00e9lok"},"content":{"rendered":"<div class=\"wpb-content-wrapper\"><p>[vc_row full_width=&#8221;stretch_row&#8221; css=&#8221;.vc_custom_1577973843763{background-image: url(https:\/\/www.lucartgroup.com\/wp-content\/uploads\/2020\/01\/ObiettiviSviluppo_kevin-b-leigh-nLPOF9Z2oqA-unsplash.jpg?id=3625) !important;background-position: center !important;background-repeat: no-repeat !important;background-size: cover !important;}&#8221; el_class=&#8221;sostenibilita_top_box&#8221;][vc_column][vc_column_text]<\/p>\n<h1 style=\"text-align: center;\">Fenntarthat\u00f3 fejl\u0151d\u00e9si c\u00e9lok<\/h1>\n<p style=\"text-align: center;\">2015. szeptember 25-\u00e9n az ENSZ K\u00f6zgy\u0171l\u00e9se elfogadta a fenntarthat\u00f3 fejl\u0151d\u00e9si c\u00e9lokat tartalmaz\u00f3 Agend\u00e1t<br \/>\n, mely 17 fenntarthat\u00f3 fejl\u0151d\u00e9si c\u00e9lt (SDGs) foglal mag\u00e1ba, melyek a 2016-2030-as id\u0151szakra \u00e9rv\u00e9nyesek<br \/>\n. Ezek a Fenntarthat\u00f3 fejl\u0151d\u00e9si c\u00e9lok az inkluz\u00edvabb,<br \/>\nm\u00e9lt\u00e1nyosabb \u00e9s a k\u00f6rnyezetet tiszteletben tart\u00f3 vil\u00e1g \u00e9p\u00edt\u00e9s\u00e9nek legkonkr\u00e9tabb \u00fatja.<\/p>\n<p>[\/vc_column_text][\/vc_column][\/vc_row][vc_row el_class=&#8221;sostenibilita_dati logo-sdg&#8221;][vc_column][vc_empty_space height=&#8221;50px&#8221;][vc_single_image image=&#8221;7658&#8243; img_size=&#8221;full&#8221; alignment=&#8221;center&#8221;][\/vc_column][\/vc_row][vc_row el_class=&#8221;sostenibilita_dati&#8221;][vc_column][vc_column_text]<\/p>\n<p style=\"text-align: center;\">V\u00e1llalati strat\u00e9gi\u00e1nk t\u00f6k\u00e9letesen illeszkedik az SDG-s \u00e1ltal k\u00f6rvonalazott k\u00e9pbe.<br \/>\nMiut\u00e1n m\u00e9rlegelt\u00fck, hogy V\u00e1llalatunk hogyan tud hozz\u00e1j\u00e1rulni a 17<br \/>\nc\u00e9l el\u00e9r\u00e9s\u00e9hez, az al\u00e1bbi els\u0151dleges c\u00e9lkit\u0171z\u00e9seket jel\u00f6lt\u00fck meg:<\/p>\n<p>[\/vc_column_text][vc_column_text]<div class='cont_blocchi_dati slick-carousel__container'><div class='blocco_dati sdg-box'><div class='singolo_dato clearfix float-sdg0'>\n\t        \t\t\t\t<div class='img_dato'><img src='https:\/\/www.lucartgroup.com\/wp-content\/uploads\/2020\/09\/3.jpg' class='listing-img-general listing-img'><\/div>\n\t        \t\t\t\t<div class='testi_dato'><div class='testo_piccolo test'><span class='testo_grosso'>3 <\/span> Eg\u00e9szs\u00e9g \u00e9s j\u00f3 k\u00f6z\u00e9rzet<\/div><div class='descrizione'>Dolgoz\u00f3ink, az \u00e1llampolg\u00e1rok \u00e9s az \u00fcgyfelek eg\u00e9szs\u00e9ge \u00e9s j\u00f3l\u00e9te jelentik a legfontosabb szempontot mindennapos tev\u00e9kenys\u00e9geink v\u00e9gz\u00e9se sor\u00e1n, melyekkel az emberek \u00e9s a k\u00f6rnyezet sz\u00e1m\u00e1ra biztons\u00e1gos term\u00e9keket k\u00edn\u00e1lunk. Maxim\u00e1lis figyelmet ford\u00edtunk a szem\u00e9lyzet k\u00e9pz\u00e9s\u00e9re, a felszerel\u00e9sek \u00e9s a berendez\u00e9sek kiv\u00e1laszt\u00e1s\u00e1ra, valamint a szervez\u00e9sre, melyek egy\u00fcttesen a munkav\u00e1llal\u00f3k eg\u00e9szs\u00e9g\u00e9nek \u00e9s biztons\u00e1g\u00e1nak alapj\u00e1t k\u00e9pezi.<\/div>\n\t        \t\t\t\t<\/div>\n\t        \t\t\t<\/div>\n\t        \t\t<\/div><div class='blocco_dati sdg-box'><div class='singolo_dato clearfix float-sdg1'>\n\t        \t\t\t\t<div class='img_dato'><img src='https:\/\/www.lucartgroup.com\/wp-content\/uploads\/2020\/09\/4.jpg' class='listing-img-general listing-img1'><\/div>\n\t        \t\t\t\t<div class='testi_dato'><div class='testo_piccolo test'><span class='testo_grosso'>4 <\/span> Min\u0151s\u00e9gi oktat\u00e1s<\/div><div class='descrizione'>Az emberek \u00e9let\u00e9nek jav\u00edt\u00e1sa \u00e9rdek\u00e9ben befektet\u00fcnk a m\u00e9lt\u00e1nyos \u00e9s inkluz\u00edv, min\u0151s\u00e9gi oktat\u00e1sba. Meggy\u0151z\u0151d\u00e9s\u00fcnk, hogy csak a v\u00e1llalkoz\u00e1sok \u00e9s az \u00e1llampolg\u00e1rok k\u00f6z\u00f6tti akt\u00edv egy\u00fcttm\u0171k\u00f6d\u00e9s tudja egy fenntarthat\u00f3 t\u00e1rsadalom fejl\u0151d\u00e9s\u00e9t biztos\u00edtani. Term\u00e9keinknek arra kell \u00f6szt\u00f6n\u00f6zni\u00fck a fogyaszt\u00f3kat, hogy tudatos \u00e9s fenntarthat\u00f3 \u00e9letm\u00f3dot alak\u00edtsanak ki maguknak. Partnerkapcsolat keret\u00e9ben t\u00e1mogatjuk az egyetemet \u00e9s a tudom\u00e1nyos kutat\u00e1st, p\u00e9ld\u00e1ul a pollenz\u00f3i Gasztron\u00f3miai Tudom\u00e1nyok Egyetem\u00e9t, a pisai Egyetemet \u00e9s a pisai S. Anna Egyetemi Fels\u0151oktat\u00e1si int\u00e9zm\u00e9nyt. <\/div>\n\t        \t\t\t\t<\/div>\n\t        \t\t\t<\/div>\n\t        \t\t<\/div><div class='blocco_dati sdg-box'><div class='singolo_dato clearfix float-sdg0'>\n\t        \t\t\t\t<div class='img_dato'><img src='https:\/\/www.lucartgroup.com\/wp-content\/uploads\/2020\/09\/6.jpg' class='listing-img-general listing-img2'><\/div>\n\t        \t\t\t\t<div class='testi_dato'><div class='testo_piccolo test'><span class='testo_grosso'>6 <\/span> Tiszta v\u00edz \u00e9s Eg\u00e9szs\u00e9g\u00fcgyi-higi\u00e9niai szolg\u00e1ltat\u00e1sok<\/div><div class='descrizione'>A v\u00edz egy \u00e9rt\u00e9kes kincs \u00e9s korl\u00e1tozott mennyis\u00e9gben \u00e1ll rendelkez\u00e9sre. A pap\u00edrgy\u00e1rt\u00e1shoz nagy mennyis\u00e9g\u0171 v\u00edzre van sz\u00fcks\u00e9g, \u00e9ppen ez\u00e9rt tudat\u00e1ban vagyunk annak, hogy ennek az er\u0151forr\u00e1snak az ipari c\u00e9l\u00fa felhaszn\u00e1l\u00e1sakor felel\u0151ss\u00e9gteljesen kell elj\u00e1rni, biztos\u00edtani kell az alacsonyabb fogyaszt\u00e1st, a min\u0151s\u00e9get, valamint a gy\u00e1rt\u00f3folyamat v\u00e9g\u00e9n a vizek tiszt\u00edt\u00e1s\u00e1t. Folyamatosan ellen\u0151rizz\u00fck a gy\u00e1rt\u00f3folyamatokb\u00f3l sz\u00e1rmaz\u00f3 vizeket \u00e9s a szennyvizeket, \u00e9s a legjobb technol\u00f3gi\u00e1kba fektet\u00fcnk be a fogyaszt\u00e1s cs\u00f6kkent\u00e9se \u00e9rdek\u00e9ben. <\/div>\n\t        \t\t\t\t<\/div>\n\t        \t\t\t<\/div>\n\t        \t\t<\/div><div class='blocco_dati sdg-box'><div class='singolo_dato clearfix float-sdg1'>\n\t        \t\t\t\t<div class='img_dato'><img src='https:\/\/www.lucartgroup.com\/wp-content\/uploads\/2020\/09\/7.jpg' class='listing-img-general listing-img3'><\/div>\n\t        \t\t\t\t<div class='testi_dato'><div class='testo_piccolo test'><span class='testo_grosso'>7 <\/span> Tiszta \u00e9s megfizethet\u0151 energia<\/div><div class='descrizione'>A pap\u00edrgy\u00e1rt\u00e1ssal \u00f6sszef\u00fcgg\u0151 energiafogyaszt\u00e1s jelent\u0151s m\u00e9rt\u00e9k\u0171, \u00e9ppen ez\u00e9rt a 80-as \u00e9vek v\u00e9g\u00e9t\u0151l \u00fagy d\u00f6nt\u00f6tt\u00fcnk, hogy a legfejlettebb technol\u00f3gi\u00e1kba fektet\u00fcnk be annak \u00e9rdek\u00e9ben, hogy mi magunk \u00e1ll\u00edtsuk el\u0151 a gy\u00e1rt\u00f3folyamathoz sz\u00fcks\u00e9ges villamos energi\u00e1t, h\u0151t \u00e9s g\u0151zt. Az \u00e1gazat sz\u00e1m\u00e1ra a legmegfelel\u0151bb, a legnagyobb hat\u00e9konys\u00e1got, a termel\u00e9s \u00e1lland\u00f3s\u00e1g\u00e1t \u00e9s a kibocs\u00e1t\u00e1s cs\u00f6kkent\u00e9s\u00e9t biztos\u00edt\u00f3 technol\u00f3gia a g\u00e1zturbin\u00e1val \u00fczemel\u0151, kapcsolt energiatermel\u00e9s\u0171 rendszer. Ahol lehets\u00e9ges \u00e9s az \u00fczemek energetikai sz\u00fcks\u00e9glet\u00e9vel \u00f6sszeegyeztethet\u0151, ott fotovoltaikus berendez\u00e9seket is haszn\u00e1lunk.<\/div>\n\t        \t\t\t\t<\/div>\n\t        \t\t\t<\/div>\n\t        \t\t<\/div><div class='blocco_dati sdg-box'><div class='singolo_dato clearfix float-sdg0'>\n\t        \t\t\t\t<div class='img_dato'><img src='https:\/\/www.lucartgroup.com\/wp-content\/uploads\/2020\/09\/12.jpg' class='listing-img-general listing-img4'><\/div>\n\t        \t\t\t\t<div class='testi_dato'><div class='testo_piccolo test'><span class='testo_grosso'>12 <\/span> Felel\u0151s fogyaszt\u00e1s \u00e9s termel\u00e9s<\/div><div class='descrizione'>A gy\u00e1rt\u00f3folyamatra, a term\u00e9kre \u00e9s az \u00fczleti modellekre vonatkoz\u00f3 folyamatos kutat\u00e1s \u00e9s innov\u00e1ci\u00f3 r\u00e9v\u00e9n mindig is szerett\u00fcnk volna egy l\u00e9p\u00e9ssel m\u00e1sok el\u0151tt j\u00e1rni \u00e9s olyan technol\u00f3gi\u00e1kat \u00e9s pap\u00edrokat k\u00edn\u00e1lni, melyek k\u00e9pesek a munkav\u00e1llal\u00f3k \u00e9s a fogyaszt\u00f3k \u00e9let\u00e9t jobb\u00e1 tenni, a k\u00f6rnyezet tiszteletben tart\u00e1s\u00e1val. Nem v\u00e9letlen\u00fcl mi voltunk az els\u0151 olasz v\u00e1llalkoz\u00e1s, mely \u00fajrahasznos\u00edtott pap\u00edrb\u00f3l k\u00e9sz\u00fclt, Mater Bi biol\u00f3giai \u00faton leboml\u00f3 csomagol\u00f3anyaggal rendelkez\u0151 higi\u00e9n\u00e9s term\u00e9kcsoportot vezetett be a piacra. <\/div>\n\t        \t\t\t\t<\/div>\n\t        \t\t\t<\/div>\n\t        \t\t<\/div><div class='blocco_dati sdg-box'><div class='singolo_dato clearfix float-sdg1'>\n\t        \t\t\t\t<div class='img_dato'><img src='https:\/\/www.lucartgroup.com\/wp-content\/uploads\/2020\/09\/13.jpg' class='listing-img-general listing-img5'><\/div>\n\t        \t\t\t\t<div class='testi_dato'><div class='testo_piccolo test'><span class='testo_grosso'>13 <\/span> Harc az \u00e9ghajlatv\u00e1ltoz\u00e1ssal szemben<\/div><div class='descrizione'>Az \u00e9ghajlatv\u00e1ltoz\u00e1s minden val\u00f3sz\u00edn\u0171s\u00e9ggel a legnagyobb fenyeget\u00e9s, amivel az elk\u00f6vetkez\u0151 \u00e9vekben szembe kell n\u00e9zn\u00fcnk. Olyan tervekkel rendelkez\u00fcnk, melyek r\u00e9v\u00e9n cs\u00f6kkenteni tudjuk a gy\u00e1rtott pap\u00edr tonn\u00e1nk\u00e9nti mennyis\u00e9g\u00e9re vonatkoz\u00f3 CO<sub>2<\/sub> kibocs\u00e1t\u00e1sunkat. Az \u00fajrahasznos\u00edtott pap\u00edrb\u00f3l k\u00e9sz\u00fclt term\u00e9kek gy\u00e1rt\u00e1s\u00e1nak el\u0151nyben r\u00e9szes\u00edt\u00e9se sz\u00e1mos el\u0151nnyel j\u00e1r a k\u00f6rnyezetre n\u00e9zve, mivel a legy\u00e1rtott pap\u00edr mennyis\u00e9g\u00e9t tekintve kb. 16%-al cs\u00f6kkenti a CO<sub>2<\/sub> kibocs\u00e1t\u00e1st.<\/div>\n\t        \t\t\t\t<\/div>\n\t        \t\t\t<\/div>\n\t        \t\t<\/div><div class='blocco_dati sdg-box'><div class='singolo_dato clearfix float-sdg0'>\n\t        \t\t\t\t<div class='img_dato'><img src='https:\/\/www.lucartgroup.com\/wp-content\/uploads\/2020\/09\/15.jpg' class='listing-img-general listing-img6'><\/div>\n\t        \t\t\t\t<div class='testi_dato'><div class='testo_piccolo test'><span class='testo_grosso'>15 <\/span> \u00c9let a F\u00f6ld\u00f6n<\/div><div class='descrizione'>A f\u00f6ldi \u00f6kosziszt\u00e9m\u00e1t v\u00e9deni kell, \u00e9s \u00f3vni kell az \u00e1ltalunk haszn\u00e1lt er\u0151forr\u00e1sokat. Ez\u00e9rt nagy figyelmet ford\u00edtunk a haszn\u00e1lt nyersanyagok fenntarthat\u00f3s\u00e1g\u00e1ra, legyen sz\u00f3 tiszta cellul\u00f3zr\u00f3l vagy \u00fajrahasznos\u00edt\u00e1sra sz\u00e1nt pap\u00edrr\u00f3l. Az \u00e1ltalunk haszn\u00e1lt cellul\u00f3z FSC<sup>\u00ae<\/sup> \u00e9s PEFC\u2122 tan\u00fas\u00edtv\u00e1nnyal rendelkez\u0151, tan\u00fas\u00edtott fel\u00fcgyeleti l\u00e1nc\u00fa erd\u0151kb\u0151l sz\u00e1rmazik. A tissue-pap\u00edr gy\u00e1rt\u00e1s\u00e1hoz haszn\u00e1lt \u00fajrahasznos\u00edtott pap\u00edr cs\u00f6kkenti a f\u00e1b\u00f3l nyert cellul\u00f3z haszn\u00e1lat\u00e1t \u00e9s hozz\u00e1j\u00e1rul a biol\u00f3giai diverzit\u00e1s megment\u00e9s\u00e9hez.<\/div>\n\t        \t\t\t\t<\/div>\n\t        \t\t\t<\/div>\n\t        \t\t<\/div><div class='blocco_dati sdg-box'><div class='singolo_dato clearfix float-sdg1'>\n\t        \t\t\t\t<div class='img_dato'><img src='https:\/\/www.lucartgroup.com\/wp-content\/uploads\/2020\/09\/17.jpg' class='listing-img-general listing-img7'><\/div>\n\t        \t\t\t\t<div class='testi_dato'><div class='testo_piccolo test'><span class='testo_grosso'>17 <\/span> Partnerkapcsolat a c\u00e9lok el\u00e9r\u00e9se \u00e9rdek\u00e9ben <\/div><div class='descrizione'>Elk\u00f6telezt\u00fck magunkat a k\u00f6rk\u00f6r\u00f6s \u00fczleti modellek alkalmaz\u00e1s\u00e1ban, ez\u00e9rt \u00f6szt\u00f6n\u00f6zz\u00fck a hossz\u00fa t\u00e1v\u00fa partneri kapcsolatot olyan szervezetekkel, v\u00e1llalatokkal \u00e9s int\u00e9zm\u00e9nyekkel, amelyek ugyanazokat az \u00e9rt\u00e9keket \u00e9s c\u00e9lokat k\u00e9pviselik. Amint azt a Natural Projekt is bizony\u00edtja, a k\u00f6rforg\u00e1sos gazdas\u00e1g csak az \u00e1llampolg\u00e1rok, az int\u00e9zm\u00e9nyek \u00e9s a v\u00e1llalatok \u00e1ltal \u00f6sszehangolt, megosztott projektek \u00e9s tev\u00e9kenys\u00e9gek r\u00e9v\u00e9n m\u0171k\u00f6dhet.<\/div>\n\t        \t\t\t\t<\/div>\n\t        \t\t\t<\/div>\n\t        \t\t<\/div><\/div>[\/vc_column_text][\/vc_column][\/vc_row][vc_row full_width=&#8221;stretch_row&#8221; el_class=&#8221;box_ricerca_informazioni&#8221; css=&#8221;.vc_custom_1585903654397{background-image: url(https:\/\/www.lucartgroup.com\/wp-content\/uploads\/2019\/12\/van-tay-media-QklJV_Q0Pig-unsplash.jpg?id=3490) !important;background-position: center !important;background-repeat: no-repeat !important;background-size: cover !important;}&#8221;][vc_column][vc_column_text css=&#8221;.vc_custom_1582109969624{background-position: center !important;background-repeat: no-repeat !important;background-size: cover !important;}&#8221;]<\/p>\n<h4 style=\"text-align: left;\">Inform\u00e1ci\u00f3ra van sz\u00fcks\u00e9ged?<\/h4>\n<p style=\"text-align: left;\"><a href=\"https:\/\/www.lucartgroup.com\/en\/contacts\/\">l\u00e9pj kapcsolatba vel\u00fcnk<\/a><\/p>\n<p>[\/vc_column_text][\/vc_column][\/vc_row]<\/p>\n<\/div>","protected":false},"excerpt":{"rendered":"<p>[vc_row full_width=&#8221;stretch_row&#8221; css=&#8221;.vc_custom_1577973843763{background-image: url(https:\/\/www.lucartgroup.com\/wp-content\/uploads\/2020\/01\/ObiettiviSviluppo_kevin-b-leigh-nLPOF9Z2oqA-unsplash.jpg?id=3625) !important;background-position: center !important;background-repeat: no-repeat !important;background-size: cover !important;}&#8221; el_class=&#8221;sostenibilita_top_box&#8221;][vc_column][vc_column_text] Fenntarthat\u00f3 fejl\u0151d\u00e9si c\u00e9lok 2015. szeptember 25-\u00e9n az ENSZ K\u00f6zgy\u0171l\u00e9se elfogadta a fenntarthat\u00f3 fejl\u0151d\u00e9si c\u00e9lokat tartalmaz\u00f3 Agend\u00e1t , mely [&hellip;]<\/p>\n","protected":false},"author":2,"featured_media":0,"parent":7046,"menu_order":0,"comment_status":"closed","ping_status":"closed","template":"page-templates\/pagina_sdg.php","meta":{"_acf_changed":false,"footnotes":""},"class_list":["post-7048","page","type-page","status-publish","hentry"],"acf":[],"_links":{"self":[{"href":"https:\/\/www.lucartgroup.com\/hu\/wp-json\/wp\/v2\/pages\/7048","targetHints":{"allow":["GET"]}}],"collection":[{"href":"https:\/\/www.lucartgroup.com\/hu\/wp-json\/wp\/v2\/pages"}],"about":[{"href":"https:\/\/www.lucartgroup.com\/hu\/wp-json\/wp\/v2\/types\/page"}],"author":[{"embeddable":true,"href":"https:\/\/www.lucartgroup.com\/hu\/wp-json\/wp\/v2\/users\/2"}],"replies":[{"embeddable":true,"href":"https:\/\/www.lucartgroup.com\/hu\/wp-json\/wp\/v2\/comments?post=7048"}],"version-history":[{"count":4,"href":"https:\/\/www.lucartgroup.com\/hu\/wp-json\/wp\/v2\/pages\/7048\/revisions"}],"predecessor-version":[{"id":13025,"href":"https:\/\/www.lucartgroup.com\/hu\/wp-json\/wp\/v2\/pages\/7048\/revisions\/13025"}],"up":[{"embeddable":true,"href":"https:\/\/www.lucartgroup.com\/hu\/wp-json\/wp\/v2\/pages\/7046"}],"wp:attachment":[{"href":"https:\/\/www.lucartgroup.com\/hu\/wp-json\/wp\/v2\/media?parent=7048"}],"curies":[{"name":"wp","href":"https:\/\/api.w.org\/{rel}","templated":true}]}}