{"id":7032,"date":"2019-01-23T16:46:02","date_gmt":"2019-01-23T15:46:02","guid":{"rendered":"https:\/\/www.lucartgroup.com\/codice-etico\/"},"modified":"2023-09-20T14:58:28","modified_gmt":"2023-09-20T12:58:28","slug":"etikai-kodex","status":"publish","type":"page","link":"https:\/\/www.lucartgroup.com\/hu\/a-fenntarthatosag\/etikai-kodex\/","title":{"rendered":"Etikai k\u00f3dex"},"content":{"rendered":"<div class=\"wpb-content-wrapper\"><p>[vc_row full_width=&#8221;stretch_row&#8221; css=&#8221;.vc_custom_1589276576155{background-image: url(https:\/\/www.lucartgroup.com\/wp-content\/uploads\/2020\/01\/IlCodiceEtico-3.jpg?id=3686) !important;background-position: center !important;background-repeat: no-repeat !important;background-size: cover !important;}&#8221; el_class=&#8221;sostenibilita_top_box show-sub&#8221;][vc_column][vc_column_text]<\/p>\n<h1 style=\"text-align: center;\">Etikai k\u00f3dex<\/h1>\n<p style=\"text-align: center;\">Alapvet\u0151 \u00e9rt\u00e9keink az Etikai<br \/>\nk\u00f3dex v\u00e9grehajt\u00e1sa \u00e9s betart\u00e1sa r\u00e9v\u00e9n magatart\u00e1si szab\u00e1lyokk\u00e1 v\u00e1lnak. \u00dcgyvezet\u0151knek, fel\u00fcgyel\u0151bizotts\u00e1gi tagoknak, vezet\u0151 tiszts\u00e9gvisel\u0151knek, alkalmazottaknak, munkat\u00e1rsaknak \u00e9s a Csoportunkba tartoz\u00f3 v\u00e1llalatokkal b\u00e1rmilyen kapcsolatot fenntart\u00f3 szem\u00e9lyeknek<br \/>\nsz\u00f3l\u00f3, alapelveket, norm\u00e1kat \u00e9s szab\u00e1lyokat tartalmaz\u00f3 \u00fatmutat\u00f3r\u00f3l van<br \/>\nsz\u00f3.<\/p>\n<p>[\/vc_column_text][\/vc_column][\/vc_row][vc_row full_width=&#8221;stretch_row&#8221; css=&#8221;.vc_custom_1578591019581{margin-bottom: 35px !important;background-color: #0c4554 !important;background-position: center !important;background-repeat: no-repeat !important;background-size: contain !important;}&#8221; el_class=&#8221;sostenibilita_codice_etico pagina_cod_etico special_bunner&#8221;][vc_column][vc_column_text]<\/p>\n<p style=\"text-align: center;\"><a href=\"https:\/\/www.lucartgroup.com\/wp-content\/uploads\/2023\/09\/Csoport_Etikai_Kodexehu_Lucart_2023_V06_HUN.pdf\" target=\"_blank\" rel=\"noopener noreferrer\">Etikai k\u00f3dex<\/a><\/p>\n<p>[\/vc_column_text][\/vc_column][\/vc_row][vc_row full_width=&#8221;stretch_row&#8221; el_class=&#8221;box_ricerca_informazioni&#8221; css=&#8221;.vc_custom_1585903619874{background-image: url(https:\/\/www.lucartgroup.com\/wp-content\/uploads\/2019\/12\/van-tay-media-QklJV_Q0Pig-unsplash.jpg?id=3490) !important;background-position: center !important;background-repeat: no-repeat !important;background-size: cover !important;}&#8221;][vc_column][vc_column_text css=&#8221;.vc_custom_1582110064653{background-position: center !important;background-repeat: no-repeat !important;background-size: cover !important;}&#8221;]<\/p>\n<h4 style=\"text-align: left;\">Inform\u00e1ci\u00f3ra van sz\u00fcks\u00e9ged?<\/h4>\n<p style=\"text-align: left;\"><a href=\"https:\/\/www.lucartgroup.com\/en\/contacts\/\">l\u00e9pj kapcsolatba vel\u00fcnk<\/a><\/p>\n<p>[\/vc_column_text][\/vc_column][\/vc_row]<\/p>\n<\/div>","protected":false},"excerpt":{"rendered":"<p>[vc_row full_width=&#8221;stretch_row&#8221; css=&#8221;.vc_custom_1589276576155{background-image: url(https:\/\/www.lucartgroup.com\/wp-content\/uploads\/2020\/01\/IlCodiceEtico-3.jpg?id=3686) !important;background-position: center !important;background-repeat: no-repeat !important;background-size: cover !important;}&#8221; el_class=&#8221;sostenibilita_top_box show-sub&#8221;][vc_column][vc_column_text] Etikai k\u00f3dex Alapvet\u0151 \u00e9rt\u00e9keink az Etikai k\u00f3dex v\u00e9grehajt\u00e1sa \u00e9s betart\u00e1sa r\u00e9v\u00e9n magatart\u00e1si szab\u00e1lyokk\u00e1 v\u00e1lnak. \u00dcgyvezet\u0151knek, fel\u00fcgyel\u0151bizotts\u00e1gi tagoknak, [&hellip;]<\/p>\n","protected":false},"author":2,"featured_media":0,"parent":7046,"menu_order":0,"comment_status":"closed","ping_status":"closed","template":"page-templates\/codice-etico.php","meta":{"_acf_changed":false,"footnotes":""},"class_list":["post-7032","page","type-page","status-publish","hentry"],"acf":[],"_links":{"self":[{"href":"https:\/\/www.lucartgroup.com\/hu\/wp-json\/wp\/v2\/pages\/7032","targetHints":{"allow":["GET"]}}],"collection":[{"href":"https:\/\/www.lucartgroup.com\/hu\/wp-json\/wp\/v2\/pages"}],"about":[{"href":"https:\/\/www.lucartgroup.com\/hu\/wp-json\/wp\/v2\/types\/page"}],"author":[{"embeddable":true,"href":"https:\/\/www.lucartgroup.com\/hu\/wp-json\/wp\/v2\/users\/2"}],"replies":[{"embeddable":true,"href":"https:\/\/www.lucartgroup.com\/hu\/wp-json\/wp\/v2\/comments?post=7032"}],"version-history":[{"count":4,"href":"https:\/\/www.lucartgroup.com\/hu\/wp-json\/wp\/v2\/pages\/7032\/revisions"}],"predecessor-version":[{"id":21722,"href":"https:\/\/www.lucartgroup.com\/hu\/wp-json\/wp\/v2\/pages\/7032\/revisions\/21722"}],"up":[{"embeddable":true,"href":"https:\/\/www.lucartgroup.com\/hu\/wp-json\/wp\/v2\/pages\/7046"}],"wp:attachment":[{"href":"https:\/\/www.lucartgroup.com\/hu\/wp-json\/wp\/v2\/media?parent=7032"}],"curies":[{"name":"wp","href":"https:\/\/api.w.org\/{rel}","templated":true}]}}