{"id":6972,"date":"2018-10-15T16:12:41","date_gmt":"2018-10-15T14:12:41","guid":{"rendered":"https:\/\/www.lucartgroup.com\/gruppo\/"},"modified":"2024-09-27T11:23:41","modified_gmt":"2024-09-27T09:23:41","slug":"a-csoport","status":"publish","type":"page","link":"https:\/\/www.lucartgroup.com\/hu\/a-csoport\/","title":{"rendered":"A csoport"},"content":{"rendered":"<div class=\"wpb-content-wrapper\"><p>[vc_row full_width=&#8221;stretch_row&#8221; css=&#8221;.vc_custom_1589276529155{background-image: url(https:\/\/www.lucartgroup.com\/wp-content\/uploads\/2020\/01\/Gruppo_MG_4252.jpg?id=3556) !important;background-position: center !important;background-repeat: no-repeat !important;background-size: cover !important;}&#8221; el_class=&#8221;sostenibilita_top_box gruppo-header show-sub&#8221;][vc_column][vc_column_text]<\/p>\n<h1 style=\"text-align: center;\">A j\u00f6v\u0151 mindenki\u00e9<\/h1>\n<p style=\"text-align: center;\">Szeretn\u00e9nk a vil\u00e1got szak\u00e9rtelemmel, komoly hozz\u00e1\u00e1ll\u00e1ssal \u00e9s lojalit\u00e1ssal jobb\u00e1 tenni azokkal egy\u00fctt, akik hisznek benn\u00fcnk \u00e9s haszn\u00e1lj\u00e1k term\u00e9keinket.<\/p>\n<p>&nbsp;<\/p>\n<p>[\/vc_column_text][\/vc_column][\/vc_row][vc_row el_class=&#8221;riga_numeri_gruppo_carousel&#8221;][vc_column][vc_column_text][\/vc_column_text][vc_empty_space height=&#8221;50px&#8221;][\/vc_column][\/vc_row][vc_row el_class=&#8221;riga_numeri_gruppo&#8221;][vc_column][vc_column_text css=&#8221;&#8221;]<\/p>\n<h2 style=\"text-align: center;\">A V\u00e1llalatcsoport sz\u00e1mokban<\/h2>\n<p style=\"text-align: center;\"><span lang=\"it\">T\u00f6bb mint 70 \u00e9vnyi t\u00f6rt\u00e9nelem \u00e1ll m\u00f6g\u00f6tt\u00fcnk, egy multinacion\u00e1lis v\u00e1llalat vagyunk az elk\u00f6telezetts\u00e9g\u00fcnket min\u0151s\u00edt\u0151 \u00e9s a t\u00f6rt\u00e9nelm\u00fcnknek \u00e9rt\u00e9ket ad\u00f3 fontos sz\u00e1mokkal.<\/span><\/p>\n<p>[\/vc_column_text][\/vc_column][\/vc_row][vc_row el_class=&#8221;riga_numeri_gruppo_carousel&#8221;][vc_column][vc_column_text]<div class='cont_blocchi_dati slick-carousel__container'><div class='blocco_dati sdg-box'><div class='singolo_dato clearfix float-sdg0'>\n\t        \t\t\t\t<div class='img_dato'><img src='https:\/\/www.lucartgroup.com\/wp-content\/uploads\/2019\/07\/Stabilimenti-center.png'><\/div>\n\t        \t\t\t\t<div class='testi_dato'>\n\t\t        \t\t\t\t<div class='testo_grosso'>\u00dczemek <\/div>\n\t\t        \t\t\t\t<div class='testo_piccolo'>10<\/div>\n\t\t        \t\t\t\t<div class='descrizione'><\/div>\n\t        \t\t\t\t<\/div>\n\t        \t\t\t<\/div>\n\t        \t\t<\/div><div class='blocco_dati sdg-box'><div class='singolo_dato clearfix float-sdg1'>\n\t        \t\t\t\t<div class='img_dato'><img src='https:\/\/www.lucartgroup.com\/wp-content\/uploads\/2019\/07\/Capacita-produttiva-center.png'><\/div>\n\t        \t\t\t\t<div class='testi_dato'>\n\t\t        \t\t\t\t<div class='testo_grosso'>Termel\u00e9si kapacit\u00e1s (t\/\u00e9v)<\/div>\n\t\t        \t\t\t\t<div class='testo_piccolo'>396.000<\/div>\n\t\t        \t\t\t\t<div class='descrizione'><\/div>\n\t        \t\t\t\t<\/div>\n\t        \t\t\t<\/div>\n\t        \t\t<\/div><div class='blocco_dati sdg-box'><div class='singolo_dato clearfix float-sdg0'>\n\t        \t\t\t\t<div class='img_dato'><img src='https:\/\/www.lucartgroup.com\/wp-content\/uploads\/2019\/07\/Fatturato-center.png'><\/div>\n\t        \t\t\t\t<div class='testi_dato'>\n\t\t        \t\t\t\t<div class='testo_grosso'>\u00c1rbev\u00e9tel milli\u00f3 eur\u00f3ban<\/div>\n\t\t        \t\t\t\t<div class='testo_piccolo'>> 685<\/div>\n\t\t        \t\t\t\t<div class='descrizione'><\/div>\n\t        \t\t\t\t<\/div>\n\t        \t\t\t<\/div>\n\t        \t\t<\/div><div class='blocco_dati sdg-box'><div class='singolo_dato clearfix float-sdg1'>\n\t        \t\t\t\t<div class='img_dato'><img src='https:\/\/www.lucartgroup.com\/wp-content\/uploads\/2019\/07\/Macchine-continue-center.png'><\/div>\n\t        \t\t\t\t<div class='testi_dato'>\n\t\t        \t\t\t\t<div class='testo_grosso'>V\u00e9g n\u00e9lk\u00fcli g\u00e9pek<\/div>\n\t\t        \t\t\t\t<div class='testo_piccolo'>12<\/div>\n\t\t        \t\t\t\t<div class='descrizione'><\/div>\n\t        \t\t\t\t<\/div>\n\t        \t\t\t<\/div>\n\t        \t\t<\/div><div class='blocco_dati sdg-box'><div class='singolo_dato clearfix float-sdg0'>\n\t        \t\t\t\t<div class='img_dato'><img src='https:\/\/www.lucartgroup.com\/wp-content\/uploads\/2019\/07\/PAesi-serviti-center.png'><\/div>\n\t        \t\t\t\t<div class='testi_dato'>\n\t\t        \t\t\t\t<div class='testo_grosso'>Kiszolg\u00e1lt orsz\u00e1gok<\/div>\n\t\t        \t\t\t\t<div class='testo_piccolo'>> 70<\/div>\n\t\t        \t\t\t\t<div class='descrizione'><\/div>\n\t        \t\t\t\t<\/div>\n\t        \t\t\t<\/div>\n\t        \t\t<\/div><div class='blocco_dati sdg-box'><div class='singolo_dato clearfix float-sdg1'>\n\t        \t\t\t\t<div class='img_dato'><img src='https:\/\/www.lucartgroup.com\/wp-content\/uploads\/2019\/07\/Persone-impiegate-center.png'><\/div>\n\t        \t\t\t\t<div class='testi_dato'>\n\t\t        \t\t\t\t<div class='testo_grosso'>Alkalmazottak<\/div>\n\t\t        \t\t\t\t<div class='testo_piccolo'>> 1.700<\/div>\n\t\t        \t\t\t\t<div class='descrizione'><\/div>\n\t        \t\t\t\t<\/div>\n\t        \t\t\t<\/div>\n\t        \t\t<\/div><\/div>[\/vc_column_text][vc_empty_space height=&#8221;50px&#8221;][\/vc_column][\/vc_row][vc_row full_width=&#8221;stretch_row&#8221; el_class=&#8221;green-box-gruppo&#8221; css=&#8221;.vc_custom_1539935894794{background-color: #81bc00 !important;}&#8221;][vc_column][vc_column_text css=&#8221;&#8221;]<\/p>\n<h2 style=\"text-align: center;\">\u00dczleti Ter\u00fcletek<\/h2>\n<p>[\/vc_column_text][\/vc_column][\/vc_row][vc_row full_width=&#8221;stretch_row_content_no_spaces&#8221; equal_height=&#8221;yes&#8221; el_class=&#8221;boxes3-gruppo&#8221;][vc_column width=&#8221;1\/3&#8243; css=&#8221;.vc_custom_1542914050833{background-image: url(https:\/\/www.lucartgroup.com\/wp-content\/uploads\/2018\/11\/home-progetto-identity.jpg?id=1856) !important;background-position: center !important;background-repeat: no-repeat !important;background-size: cover !important;}&#8221;][vc_column_text]<\/p>\n<h3 style=\"text-align: center;\">Away from Home<\/h3>\n<p style=\"text-align: center;\"><span style=\"font-weight: 400;\">Tissue- \u00e9s airlad pap\u00edrb\u00f3l k\u00e9sz\u00fclt term\u00e9kek, szappanok \u00e9s adagol\u00f3 rendszerek a professzion\u00e1lis higi\u00e9niai piac szolg\u00e1lat\u00e1ban.<\/span><\/p>\n<p style=\"text-align: center;\"><a href=\"https:\/\/www.lucartgroup.com\/en\/brand\/#away\">Tudj meg t\u00f6bbet r\u00f3la<\/a><\/p>\n<p>[\/vc_column_text][\/vc_column][vc_column width=&#8221;1\/3&#8243; css=&#8221;.vc_custom_1542913980546{background-image: url(https:\/\/www.lucartgroup.com\/wp-content\/uploads\/2018\/11\/IMG_3333.jpg?id=1858) !important;background-position: center !important;background-repeat: no-repeat !important;background-size: cover !important;}&#8221;][vc_column_text]<\/p>\n<h3 style=\"text-align: center;\">Fogyaszt\u00f3i<\/h3>\n<p style=\"text-align: center;\"><span style=\"font-weight: 400;\">Tissue- \u00e9s airlad pap\u00edrb\u00f3l k\u00e9sz\u00fclt higi\u00e9niai term\u00e9kek a nagykereskedelem sz\u00e1m\u00e1ra.<\/span><\/p>\n<p style=\"text-align: center;\"><a href=\"https:\/\/www.lucartgroup.com\/en\/brand\/#consumer\">Tudj meg t\u00f6bbet r\u00f3la<\/a><\/p>\n<p>[\/vc_column_text][\/vc_column][vc_column width=&#8221;1\/3&#8243; css=&#8221;.vc_custom_1542914135943{background-image: url(https:\/\/www.lucartgroup.com\/wp-content\/uploads\/2018\/10\/Copia-di-_95A5415.jpg?id=1805) !important;background-position: center !important;background-repeat: no-repeat !important;background-size: cover !important;}&#8221;][vc_column_text]<\/p>\n<h3 style=\"text-align: center;\">BtoB<\/h3>\n<p style=\"text-align: center;\"><span style=\"font-weight: 400;\">Tissue-, airlad \u00e9s g\u00e9psima pap\u00edr \u00f3ri\u00e1stekercsek m\u00e1s iparv\u00e1llalatok sz\u00e1m\u00e1ra.<\/span><\/p>\n<p style=\"text-align: center;\"><a href=\"https:\/\/www.lucartgroup.com\/en\/brand\/#business\">Tudj meg t\u00f6bbet r\u00f3la<\/a><\/p>\n<p>[\/vc_column_text][\/vc_column][\/vc_row][vc_row full_width=&#8221;stretch_row&#8221; el_class=&#8221;dark-box-gruppo&#8221; css=&#8221;.vc_custom_1539789021633{background-color: #004554 !important;}&#8221;][vc_column][vc_column_text]<\/p>\n<h2 style=\"text-align: center;\">Egy olyan v\u00e1llalat, melyet a szenved\u00e9ly \u00e9s a min\u0151s\u00e9g jellemez<\/h2>\n<p>[\/vc_column_text][\/vc_column][\/vc_row][vc_row full_width=&#8221;stretch_row_content_no_spaces&#8221; el_class=&#8221;boxes2-gruppo&#8221;][vc_column width=&#8221;1\/2&#8243; css=&#8221;.vc_custom_1577957954546{background-image: url(https:\/\/www.lucartgroup.com\/wp-content\/uploads\/2020\/01\/Gruppo_ChiSiamo_MG_3280.jpg?id=3563) !important;background-position: center !important;background-repeat: no-repeat !important;background-size: cover !important;}&#8221;][vc_column_text el_class=&#8221;sx-section-gruppo&#8221;]<\/p>\n<h3 style=\"text-align: center;\">R\u00f3lunk<\/h3>\n<p style=\"text-align: center;\">Olyan szem\u00e9lyek, akik ugyanazokban<br \/>\naz \u00e9rt\u00e9kekben hisznek.<\/p>\n<p>&nbsp;<\/p>\n<p style=\"text-align: center;\"><a href=\"https:\/\/www.lucartgroup.com\/en\/the-group\/management\/\">Tudj meg t\u00f6bbet r\u00f3la<\/a><\/p>\n<p>[\/vc_column_text][\/vc_column][vc_column width=&#8221;1\/2&#8243; css=&#8221;.vc_custom_1577957980961{background-image: url(https:\/\/www.lucartgroup.com\/wp-content\/uploads\/2020\/01\/Storia_nozzedoro-2.jpg?id=3530) !important;background-position: center !important;background-repeat: no-repeat !important;background-size: cover !important;}&#8221;][vc_column_text el_class=&#8221;dx-section-gruppo&#8221;]<\/p>\n<h3 style=\"text-align: center;\">T\u00f6rt\u00e9net\u00fcnk<\/h3>\n<p style=\"text-align: center;\">\u00c9rt\u00e9keinknek m\u00e9ly gy\u00f6kerei vannak<br \/>\n\u00e9s egy nagy csal\u00e1d \u00e1ll a h\u00e1tunk m\u00f6g\u00f6tt.<\/p>\n<p>&nbsp;<\/p>\n<p style=\"text-align: center;\"><a href=\"https:\/\/www.lucartgroup.com\/en\/the-group\/our-history\/\">Tudj meg t\u00f6bbet r\u00f3la<\/a><\/p>\n<p>[\/vc_column_text][\/vc_column][\/vc_row][vc_row full_width=&#8221;stretch_row&#8221; el_class=&#8221;box_ricerca_informazioni&#8221; css=&#8221;.vc_custom_1585903375178{background-image: url(https:\/\/www.lucartgroup.com\/wp-content\/uploads\/2019\/12\/van-tay-media-QklJV_Q0Pig-unsplash.jpg?id=3490) !important;background-position: center !important;background-repeat: no-repeat !important;background-size: cover !important;}&#8221;][vc_column][vc_column_text css=&#8221;.vc_custom_1582109264263{background-position: center !important;background-repeat: no-repeat !important;background-size: cover !important;}&#8221;]<\/p>\n<h4 style=\"text-align: left;\">Inform\u00e1ci\u00f3ra van sz\u00fcks\u00e9ged?<\/h4>\n<p style=\"text-align: left;\"><a href=\"https:\/\/www.lucartgroup.com\/en\/contacts\/\"> L\u00e9pj kapcsolatba vel\u00fcnk<\/a><\/p>\n<p>[\/vc_column_text][\/vc_column][\/vc_row]<\/p>\n<\/div>","protected":false},"excerpt":{"rendered":"<p>[vc_row full_width=&#8221;stretch_row&#8221; css=&#8221;.vc_custom_1589276529155{background-image: url(https:\/\/www.lucartgroup.com\/wp-content\/uploads\/2020\/01\/Gruppo_MG_4252.jpg?id=3556) !important;background-position: center !important;background-repeat: no-repeat !important;background-size: cover !important;}&#8221; el_class=&#8221;sostenibilita_top_box gruppo-header show-sub&#8221;][vc_column][vc_column_text] A j\u00f6v\u0151 mindenki\u00e9 Szeretn\u00e9nk a vil\u00e1got szak\u00e9rtelemmel, komoly hozz\u00e1\u00e1ll\u00e1ssal \u00e9s lojalit\u00e1ssal jobb\u00e1 tenni azokkal egy\u00fctt, akik [&hellip;]<\/p>\n","protected":false},"author":2,"featured_media":6975,"parent":0,"menu_order":0,"comment_status":"closed","ping_status":"closed","template":"page-templates\/gruppo.php","meta":{"_acf_changed":false,"footnotes":""},"class_list":["post-6972","page","type-page","status-publish","has-post-thumbnail","hentry"],"acf":[],"_links":{"self":[{"href":"https:\/\/www.lucartgroup.com\/hu\/wp-json\/wp\/v2\/pages\/6972","targetHints":{"allow":["GET"]}}],"collection":[{"href":"https:\/\/www.lucartgroup.com\/hu\/wp-json\/wp\/v2\/pages"}],"about":[{"href":"https:\/\/www.lucartgroup.com\/hu\/wp-json\/wp\/v2\/types\/page"}],"author":[{"embeddable":true,"href":"https:\/\/www.lucartgroup.com\/hu\/wp-json\/wp\/v2\/users\/2"}],"replies":[{"embeddable":true,"href":"https:\/\/www.lucartgroup.com\/hu\/wp-json\/wp\/v2\/comments?post=6972"}],"version-history":[{"count":4,"href":"https:\/\/www.lucartgroup.com\/hu\/wp-json\/wp\/v2\/pages\/6972\/revisions"}],"predecessor-version":[{"id":23696,"href":"https:\/\/www.lucartgroup.com\/hu\/wp-json\/wp\/v2\/pages\/6972\/revisions\/23696"}],"wp:featuredmedia":[{"embeddable":true,"href":"https:\/\/www.lucartgroup.com\/hu\/wp-json\/wp\/v2\/media\/6975"}],"wp:attachment":[{"href":"https:\/\/www.lucartgroup.com\/hu\/wp-json\/wp\/v2\/media?parent=6972"}],"curies":[{"name":"wp","href":"https:\/\/api.w.org\/{rel}","templated":true}]}}