{"id":6963,"date":"2018-10-15T16:13:29","date_gmt":"2018-10-15T14:13:29","guid":{"rendered":"https:\/\/www.lucartgroup.com\/brand\/"},"modified":"2022-06-17T11:41:46","modified_gmt":"2022-06-17T09:41:46","slug":"markaink","status":"publish","type":"page","link":"https:\/\/www.lucartgroup.com\/hu\/markaink\/","title":{"rendered":"M\u00e1rk\u00e1ink"},"content":{"rendered":"<div class=\"wpb-content-wrapper\"><p>[vc_row full_width=&#8221;stretch_row&#8221; css=&#8221;.vc_custom_1589276516515{background-image: url(https:\/\/www.lucartgroup.com\/wp-content\/uploads\/2020\/02\/INostriBrand_Header_low.jpg?id=4169) !important;background-position: center !important;background-repeat: no-repeat !important;background-size: cover !important;}&#8221; el_class=&#8221;sostenibilita_top_box show-sub&#8221;][vc_column][vc_column_text]<\/p>\n<h1 style=\"text-align: center;\">M\u00e1rk\u00e1ink<\/h1>\n<p style=\"text-align: center;\"><span style=\"font-weight: 400;\">M\u00e1rk\u00e1ink a Lucart t\u00f6rt\u00e9net\u00e9t mes\u00e9lik el, 360 fokban megrajzolva a V\u00e1llalatcsoport profilj\u00e1t \u2013 a fogyaszt\u00f3i piacra sz\u00e1nt term\u00e9kekt\u0151l a professzion\u00e1lis \u00e9s B2B piacra sz\u00e1nt term\u00e9kekig \u2013 szil\u00e1rdan kapcsol\u00f3dva a tev\u00e9kenys\u00e9g\u00fcnket vez\u00e9rl\u0151 h\u00e1rom \u00e9rt\u00e9khez, melyek: a min\u0151s\u00e9g, a fenntarthat\u00f3s\u00e1g \u00e9s az innov\u00e1ci\u00f3.<\/span><\/p>\n<p>[\/vc_column_text][\/vc_column][\/vc_row][vc_row el_id=&#8221;away&#8221;][vc_column][vc_column_text el_class=&#8221;brand_pre_box&#8221;]<\/p>\n<h2 style=\"text-align: center;\">Away from Home<\/h2>\n<p>[\/vc_column_text][vc_column_text el_class=&#8221;brand_pre_box_text&#8221;]<\/p>\n<p style=\"text-align: center;\"><span style=\"font-weight: 400;\">Az Away from Home \u00fczlet\u00e1g<\/span> <span style=\"font-weight: 400;\">innovat\u00edv higi\u00e9niai megold\u00e1sokat k\u00edn\u00e1l, amelyek a k\u00f6vetkez\u0151 term\u00e9kekb\u0151l \u00e1llnak: <\/span><span style=\"font-weight: 400;\"> tissue-pap\u00edr (sz\u0171z, \u00fajrahasznos\u00edtott vagy regener\u00e1lt rostokb\u00f3l k\u00e9sz\u00fclt), valamint \u201eairlaid\u201d sz\u00e1razpap\u00edr, adagol\u00f3 rendszerek \u00e9s szappanok.<\/span><\/p>\n<p style=\"text-align: center;\"><span style=\"font-weight: 400;\">Az \u00fczlet\u00e1ghoz tartoz\u00f3 m\u00e1rk\u00e1k partnerk\u00e9nt m\u0171k\u00f6dnek egy\u00fctt az \u00e1gazat k\u00e9pvisel\u0151ivel, maxim\u00e1lis szolg\u00e1ltat\u00e1si sz\u00ednvonalat biztos\u00edtva a v\u00e9gfelhaszn\u00e1l\u00f3 <\/span><span style=\"font-weight: 400;\">(k\u00f3rh\u00e1zak, menz\u00e1k, iskol\u00e1k, iparv\u00e1llalatok, \u00e9ttermek, sz\u00e1llod\u00e1k \u00e9s sok m\u00e1s) legnagyobb megel\u00e9ged\u00e9s\u00e9re.<\/span><\/p>\n<p>[\/vc_column_text][\/vc_column][\/vc_row][vc_row full_width=&#8221;stretch_row_content_no_spaces&#8221;][vc_column][vc_column_text css=&#8221;.vc_custom_1584703655361{margin-bottom: 0px !important;}&#8221;]<div class='logo_block_first contenitore_list_loghi clearfix'><a href='https:\/\/www.lucartgroup.com\/hu\/brands\/lucart-professional\/' class='list_singolo_brand lucart-professional dx clearfix' style='background-image:url(https:\/\/www.lucartgroup.com\/wp-content\/uploads\/2018\/10\/Lucart-Professionakl-EcoNatural-640x640@2x-500x500.jpg)'>\n\t\t\t\t\t\t<img src='https:\/\/www.lucartgroup.com\/wp-content\/uploads\/2018\/10\/LOGHI_BRAND_LUCART_PRO.png'>\n\t\t\t\t\t<\/a><a href='https:\/\/www.lucartgroup.com\/hu\/brands\/fato\/' class='list_singolo_brand fato dx clearfix' style='background-image:url(https:\/\/www.lucartgroup.com\/wp-content\/uploads\/2018\/10\/Fato-640x640@2x2-500x500.jpg)'>\n\t\t\t\t\t\t<img src='https:\/\/www.lucartgroup.com\/wp-content\/uploads\/2018\/10\/LOGHI_BRAND_FATO-1.png'>\n\t\t\t\t\t<\/a><a href='https:\/\/www.lucartgroup.com\/hu\/brands\/velo\/' class='list_singolo_brand velo sx clearfix' style='background-image:url(https:\/\/www.lucartgroup.com\/wp-content\/uploads\/2018\/10\/Foto-velo-@2x-500x500.jpg)'>\n\t\t\t\t\t\t<img src='https:\/\/www.lucartgroup.com\/wp-content\/uploads\/2018\/10\/nuovo-logo-velo.png'>\n\t\t\t\t\t<\/a><\/div>\n<div id=\"personalizzazioni\"><\/div>\n<p>[\/vc_column_text][\/vc_column][\/vc_row][vc_row full_width=&#8221;stretch_row&#8221; css=&#8221;.vc_custom_1596032986713{background-image: url(https:\/\/www.lucartgroup.com\/wp-content\/uploads\/2020\/01\/sotto-al-testo-Personalizzazioni.jpg?id=3763) !important;}&#8221; el_class=&#8221;brand_light_box&#8221; el_id=&#8221;szem\u00e9lyre-szab\u00e1s&#8221;][vc_column][vc_column_text el_class=&#8221;brand_pre_box&#8221;]<\/p>\n<h3 style=\"text-align: center;\">Szem\u00e9lyre szab\u00e1s<\/h3>\n<p style=\"text-align: center;\"><span style=\"font-weight: 400;\">A Ho.Re.Ca. \u00e1gazatban a pap\u00edrt kezdetekt\u0151l fogva olyan asztali d\u00edsz\u00edt\u0151elemk\u00e9nt haszn\u00e1lj\u00e1k, mely k\u00e9pes a helyis\u00e9g szem\u00e9lyis\u00e9g\u00e9nek \u00e9s identit\u00e1s\u00e1nak k\u00f6zvet\u00edt\u00e9s\u00e9re. A Lucart tissue- \u00e9s airlad pap\u00edrb\u00f3l k\u00e9sz\u00fclt szalv\u00e9t\u00e1k, asztalter\u00edt\u0151k \u00e9s ev\u0151eszk\u00f6ztart\u00f3k sz\u00e9les v\u00e1laszt\u00e9k\u00e1val, illetve adagol\u00f3kkal \u00e1ll a professzion\u00e1lis vend\u00e9gl\u00e1t\u00f3ipar ig\u00e9nyei kiel\u00e9g\u00edt\u00e9s\u00e9nek szolg\u00e1lat\u00e1ban.<\/span><\/p>\n<p>[\/vc_column_text][\/vc_column][\/vc_row][vc_row el_id=&#8221;consumer&#8221;][vc_column][vc_column_text el_class=&#8221;brand_pre_box&#8221;]<\/p>\n<h2 style=\"text-align: center;\">Consumer<\/h2>\n<p>[\/vc_column_text][vc_column_text el_class=&#8221;brand_pre_box_text&#8221;]<\/p>\n<p class=\"normal\" style=\"text-align: center;\"><span style=\"font-weight: 400;\">A Fogyaszt\u00f3i \u00fczlet\u00e1g m\u00e1rk\u00e1i higi\u00e9niai \u00e9s tiszt\u00edt\u00f3 term\u00e9keikkel (toalettpap\u00edr, zsebkend\u0151k, szalv\u00e9t\u00e1k, h\u00e1ztart\u00e1si pap\u00edrterm\u00e9kek) nap mint nap milli\u00f3k \u00e9let\u00e9nek r\u00e9sz\u00e9t k\u00e9pezik \u00e9s a V\u00e1llalatcsoportot mind olaszorsz\u00e1gi, mind eur\u00f3pai szinten a tiszta cellul\u00f3zb\u00f3l, illetve az \u00fajrahasznos\u00edtott pap\u00edrb\u00f3l k\u00e9sz\u00fclt term\u00e9kek piac\u00e1nak f\u0151szerepl\u0151i k\u00f6z\u00e9 sorolj\u00e1k, mint nagykereskedelmi partner.<\/span><\/p>\n<p>[\/vc_column_text][\/vc_column][\/vc_row][vc_row full_width=&#8221;stretch_row_content_no_spaces&#8221;][vc_column][vc_column_text css=&#8221;.vc_custom_1584703354819{margin-bottom: 0px !important;}&#8221;]<div class='logo_block_first contenitore_list_loghi clearfix'><a href='https:\/\/www.lucartgroup.com\/hu\/brands\/tenderly\/' class='list_singolo_brand tenderly dx clearfix' style='background-image:url(https:\/\/www.lucartgroup.com\/wp-content\/uploads\/2018\/10\/banner_web_650x650px_tenderly_generico_09_2024_lucart-500x500.jpg)'>\n\t\t\t\t\t\t<img src='https:\/\/www.lucartgroup.com\/wp-content\/uploads\/2018\/10\/tenderly_logo.png'>\n\t\t\t\t\t<\/a><a href='https:\/\/www.lucartgroup.com\/hu\/brands\/tutto\/' class='list_singolo_brand tutto dx clearfix' style='background-image:url(https:\/\/www.lucartgroup.com\/wp-content\/uploads\/2018\/10\/Tutto-500x500.jpg)'>\n\t\t\t\t\t\t<img src='https:\/\/www.lucartgroup.com\/wp-content\/uploads\/2018\/10\/LOGHI_BRAND_TUTTO_new.png'>\n\t\t\t\t\t<\/a><a href='https:\/\/www.lucartgroup.com\/hu\/brands\/grazie-natural\/' class='list_singolo_brand grazie-natural sx clearfix' style='background-image:url(https:\/\/www.lucartgroup.com\/wp-content\/uploads\/2018\/11\/grazienatural_1.png)'>\n\t\t\t\t\t\t<img src='https:\/\/www.lucartgroup.com\/wp-content\/uploads\/2018\/10\/LOGHI_BRAND_GRAZIE_NATURAL_SQUARE.png'>\n\t\t\t\t\t<\/a><a href='https:\/\/www.lucartgroup.com\/hu\/brands\/smile\/' class='list_singolo_brand smile sx clearfix' style='background-image:url(https:\/\/www.lucartgroup.com\/wp-content\/uploads\/2022\/04\/banner_smile-500x500.jpg)'>\n\t\t\t\t\t\t<img src='https:\/\/www.lucartgroup.com\/wp-content\/uploads\/2018\/10\/NUOVO_BRAND_SMILE.png'>\n\t\t\t\t\t<\/a><\/div>[\/vc_column_text][\/vc_column][\/vc_row][vc_row full_width=&#8221;stretch_row&#8221; css=&#8221;.vc_custom_1584703430585{background-image: url(https:\/\/www.lucartgroup.com\/wp-content\/uploads\/2020\/01\/shopping-cart-1275480.jpg?id=3766) !important;}&#8221; el_class=&#8221;brand_light_box&#8221; el_id=&#8221;label&#8221;][vc_column][vc_column_text el_class=&#8221;brand_pre_box&#8221;]<\/p>\n<h3 style=\"text-align: center;\">Private Label<\/h3>\n<p style=\"text-align: center;\">Szinte az \u00f6sszes nagykereskedelmi l\u00e1nccal egy\u00fcttm\u0171k\u00f6d\u00fcnk Eur\u00f3p\u00e1ban \u00e9s t\u00e1mogatjuk az \u00e1gazathoz tartoz\u00f3 v\u00e1llalatokat az \u00fcgyfeleik sz\u00e1m\u00e1ra \u201eszem\u00e9lyre szabott\u201d term\u00e9k kiv\u00e1laszt\u00e1s\u00e1ban \u00e9s csomagol\u00e1s\u00e1ban.<\/p>\n<p>[\/vc_column_text][\/vc_column][\/vc_row][vc_row el_id=&#8221;business&#8221;][vc_column][vc_column_text el_class=&#8221;brand_pre_box&#8221;]<\/p>\n<h2 style=\"text-align: center;\">Business to Business<\/h2>\n<p>[\/vc_column_text][vc_column_text el_class=&#8221;brand_pre_box_text&#8221;]<\/p>\n<p class=\"normal\" style=\"text-align: center;\"><span style=\"font-weight: 400;\">A B2B \u00fczlet\u00e1g nagy form\u00e1tum\u00fa \u00f3ri\u00e1stekercseket k\u00edn\u00e1l m\u00e1s pap\u00edrfeldolgoz\u00f3 \u00fczemeknek, a term\u00e9k min\u0151s\u00e9g\u00e9nek tart\u00f3ss\u00e1g\u00e1t \u00e9s \u00e1lland\u00f3s\u00e1g\u00e1t, magas sz\u00ednvonal\u00fa szolg\u00e1ltat\u00e1st \u00e9s az \u00fcgyfelekkel szembeni megb\u00edzhat\u00f3s\u00e1got garant\u00e1lva. <\/span><\/p>\n<p>[\/vc_column_text][\/vc_column][\/vc_row][vc_row full_width=&#8221;stretch_row_content_no_spaces&#8221;][vc_column][vc_column_text css=&#8221;.vc_custom_1560852247676{margin-bottom: 0px !important;}&#8221; el_class=&#8221;b2b-listing&#8221;]<div class='logo_block_last contenitore_list_loghi clearfix'><a href='https:\/\/www.lucartgroup.com\/hu\/brands\/carta-tissue\/' class='list_singolo_brand clearfix'>\n\t\t\t\t\t\t\t\t<h3 class='brand_titolo b2b-title'>Tissue-pap\u00edr<\/h3>\n\t\t\t\t\t\t<div class='cont_logo dx'><img src=''><\/div>\n\t\t\t\t\t\t<div class='img_rif_logo'>\n\t\t\t\t\t\t\t\t<img loading=\"lazy\" decoding=\"async\" width=\"500\" height=\"500\" src=\"https:\/\/www.lucartgroup.com\/wp-content\/uploads\/2018\/11\/Copia-di-ambiente-022-blu-500x500.jpg\" class=\"attachment-img_500x500 size-img_500x500\" alt=\"\" srcset=\"https:\/\/www.lucartgroup.com\/wp-content\/uploads\/2018\/11\/Copia-di-ambiente-022-blu-500x500.jpg 500w, https:\/\/www.lucartgroup.com\/wp-content\/uploads\/2018\/11\/Copia-di-ambiente-022-blu-150x150.jpg 150w, https:\/\/www.lucartgroup.com\/wp-content\/uploads\/2018\/11\/Copia-di-ambiente-022-blu-320x320.jpg 320w, https:\/\/www.lucartgroup.com\/wp-content\/uploads\/2018\/11\/Copia-di-ambiente-022-blu-125x125.jpg 125w, https:\/\/www.lucartgroup.com\/wp-content\/uploads\/2018\/11\/Copia-di-ambiente-022-blu-200x200.jpg 200w, https:\/\/www.lucartgroup.com\/wp-content\/uploads\/2018\/11\/Copia-di-ambiente-022-blu-260x260.jpg 260w, https:\/\/www.lucartgroup.com\/wp-content\/uploads\/2018\/11\/Copia-di-ambiente-022-blu-163x163.jpg 163w, https:\/\/www.lucartgroup.com\/wp-content\/uploads\/2018\/11\/Copia-di-ambiente-022-blu-230x230.jpg 230w, https:\/\/www.lucartgroup.com\/wp-content\/uploads\/2018\/11\/Copia-di-ambiente-022-blu-123x123.jpg 123w, https:\/\/www.lucartgroup.com\/wp-content\/uploads\/2018\/11\/Copia-di-ambiente-022-blu-660x660.jpg 660w, https:\/\/www.lucartgroup.com\/wp-content\/uploads\/2018\/11\/Copia-di-ambiente-022-blu-280x280.jpg 280w, https:\/\/www.lucartgroup.com\/wp-content\/uploads\/2018\/11\/Copia-di-ambiente-022-blu-360x360.jpg 360w\" sizes=\"auto, (max-width: 500px) 100vw, 500px\" \/><\/div>\n\t\t\t\t\t<\/a><a href='https:\/\/www.lucartgroup.com\/hu\/brands\/gepsima-papir\/' class='list_singolo_brand clearfix'>\n\t\t\t\t\t\t\t\t<h3 class='brand_titolo b2b-title'>G\u00e9psima pap\u00edr<\/h3>\n\t\t\t\t\t\t<div class='cont_logo dx'><img src=''><\/div>\n\t\t\t\t\t\t<div class='img_rif_logo'>\n\t\t\t\t\t\t\t\t<img loading=\"lazy\" decoding=\"async\" width=\"500\" height=\"500\" src=\"https:\/\/www.lucartgroup.com\/wp-content\/uploads\/2019\/06\/veline-2-pg13-500x500.jpg\" class=\"attachment-img_500x500 size-img_500x500\" alt=\"\" srcset=\"https:\/\/www.lucartgroup.com\/wp-content\/uploads\/2019\/06\/veline-2-pg13-500x500.jpg 500w, https:\/\/www.lucartgroup.com\/wp-content\/uploads\/2019\/06\/veline-2-pg13-150x150.jpg 150w, https:\/\/www.lucartgroup.com\/wp-content\/uploads\/2019\/06\/veline-2-pg13-320x320.jpg 320w, https:\/\/www.lucartgroup.com\/wp-content\/uploads\/2019\/06\/veline-2-pg13-125x125.jpg 125w, https:\/\/www.lucartgroup.com\/wp-content\/uploads\/2019\/06\/veline-2-pg13-200x200.jpg 200w, https:\/\/www.lucartgroup.com\/wp-content\/uploads\/2019\/06\/veline-2-pg13-260x260.jpg 260w, https:\/\/www.lucartgroup.com\/wp-content\/uploads\/2019\/06\/veline-2-pg13-163x163.jpg 163w, https:\/\/www.lucartgroup.com\/wp-content\/uploads\/2019\/06\/veline-2-pg13-230x230.jpg 230w, https:\/\/www.lucartgroup.com\/wp-content\/uploads\/2019\/06\/veline-2-pg13-123x123.jpg 123w, https:\/\/www.lucartgroup.com\/wp-content\/uploads\/2019\/06\/veline-2-pg13-660x660.jpg 660w, https:\/\/www.lucartgroup.com\/wp-content\/uploads\/2019\/06\/veline-2-pg13-280x280.jpg 280w, https:\/\/www.lucartgroup.com\/wp-content\/uploads\/2019\/06\/veline-2-pg13-360x360.jpg 360w\" sizes=\"auto, (max-width: 500px) 100vw, 500px\" \/><\/div>\n\t\t\t\t\t<\/a><a href='https:\/\/www.lucartgroup.com\/hu\/brands\/carta-airlaid\/' class='list_singolo_brand clearfix'>\n\t\t\t\t\t\t\t\t<h3 class='brand_titolo b2b-title'>Airlaid pap\u00edr<\/h3>\n\t\t\t\t\t\t<div class='cont_logo sx'><img src=''><\/div>\n\t\t\t\t\t\t<div class='img_rif_logo'>\n\t\t\t\t\t\t\t\t<img loading=\"lazy\" decoding=\"async\" width=\"500\" height=\"500\" src=\"https:\/\/www.lucartgroup.com\/wp-content\/uploads\/2019\/06\/Lucart_482-airlaid-pg12-500x500.jpg\" class=\"attachment-img_500x500 size-img_500x500\" alt=\"\" srcset=\"https:\/\/www.lucartgroup.com\/wp-content\/uploads\/2019\/06\/Lucart_482-airlaid-pg12-500x500.jpg 500w, https:\/\/www.lucartgroup.com\/wp-content\/uploads\/2019\/06\/Lucart_482-airlaid-pg12-150x150.jpg 150w, https:\/\/www.lucartgroup.com\/wp-content\/uploads\/2019\/06\/Lucart_482-airlaid-pg12-320x320.jpg 320w, https:\/\/www.lucartgroup.com\/wp-content\/uploads\/2019\/06\/Lucart_482-airlaid-pg12-125x125.jpg 125w, https:\/\/www.lucartgroup.com\/wp-content\/uploads\/2019\/06\/Lucart_482-airlaid-pg12-200x200.jpg 200w, https:\/\/www.lucartgroup.com\/wp-content\/uploads\/2019\/06\/Lucart_482-airlaid-pg12-260x260.jpg 260w, https:\/\/www.lucartgroup.com\/wp-content\/uploads\/2019\/06\/Lucart_482-airlaid-pg12-163x163.jpg 163w, https:\/\/www.lucartgroup.com\/wp-content\/uploads\/2019\/06\/Lucart_482-airlaid-pg12-230x230.jpg 230w, https:\/\/www.lucartgroup.com\/wp-content\/uploads\/2019\/06\/Lucart_482-airlaid-pg12-123x123.jpg 123w, https:\/\/www.lucartgroup.com\/wp-content\/uploads\/2019\/06\/Lucart_482-airlaid-pg12-660x660.jpg 660w, https:\/\/www.lucartgroup.com\/wp-content\/uploads\/2019\/06\/Lucart_482-airlaid-pg12-280x280.jpg 280w, https:\/\/www.lucartgroup.com\/wp-content\/uploads\/2019\/06\/Lucart_482-airlaid-pg12-360x360.jpg 360w\" sizes=\"auto, (max-width: 500px) 100vw, 500px\" \/><\/div>\n\t\t\t\t\t<\/a><\/div>[\/vc_column_text][\/vc_column][\/vc_row][vc_row full_width=&#8221;stretch_row_content_no_spaces&#8221; disable_element=&#8221;yes&#8221;][vc_column][vc_column_text css=&#8221;.vc_custom_1560852236126{margin-bottom: 0px !important;}&#8221;]<div class='logo_block_first contenitore_list_loghi clearfix'><\/div>[\/vc_column_text][\/vc_column][\/vc_row][vc_row full_width=&#8221;stretch_row&#8221; css=&#8221;.vc_custom_1578585151942{margin-bottom: 5px !important;background-color: #e3e3e3 !important;background-position: center !important;background-repeat: no-repeat !important;background-size: contain !important;}&#8221; el_class=&#8221;sostenibilita_codice_etico&#8221;][vc_column][vc_column_text]<\/p>\n<p style=\"text-align: center;\"><a href=\"https:\/\/www.lucartgroup.com\/wp-content\/themes\/RED_template\/pdf\/CONDIZIONI-GENERALI-DI-VENDITA.pdf\" target=\"_blank\" rel=\"noopener noreferrer\">\u00c9rt\u00e9kes\u00edt\u00e9si felt\u00e9telek<\/a><\/p>\n<p>[\/vc_column_text][\/vc_column][\/vc_row][vc_row full_width=&#8221;stretch_row&#8221; el_class=&#8221;box_ricerca_informazioni&#8221; css=&#8221;.vc_custom_1585904112962{background-image: url(https:\/\/www.lucartgroup.com\/wp-content\/uploads\/2019\/12\/van-tay-media-QklJV_Q0Pig-unsplash.jpg?id=3490) !important;background-position: center !important;background-repeat: no-repeat !important;background-size: cover !important;}&#8221;][vc_column][vc_column_text css=&#8221;.vc_custom_1562579995283{background-position: center !important;background-repeat: no-repeat !important;background-size: cover !important;}&#8221;]<\/p>\n<h4 style=\"text-align: left;\">Inform\u00e1ci\u00f3ra van sz\u00fcks\u00e9ged?<\/h4>\n<p style=\"text-align: left;\"><a href=\"https:\/\/www.lucartgroup.com\/en\/contacts\/\">l\u00e9pj kapcsolatba vel\u00fcnk<\/a><\/p>\n<p>[\/vc_column_text][\/vc_column][\/vc_row]<\/p>\n<\/div>","protected":false},"excerpt":{"rendered":"<p>[vc_row full_width=&#8221;stretch_row&#8221; css=&#8221;.vc_custom_1589276516515{background-image: url(https:\/\/www.lucartgroup.com\/wp-content\/uploads\/2020\/02\/INostriBrand_Header_low.jpg?id=4169) !important;background-position: center !important;background-repeat: no-repeat !important;background-size: cover !important;}&#8221; el_class=&#8221;sostenibilita_top_box show-sub&#8221;][vc_column][vc_column_text] M\u00e1rk\u00e1ink M\u00e1rk\u00e1ink a Lucart t\u00f6rt\u00e9net\u00e9t mes\u00e9lik el, 360 fokban megrajzolva a V\u00e1llalatcsoport profilj\u00e1t \u2013 a fogyaszt\u00f3i piacra [&hellip;]<\/p>\n","protected":false},"author":2,"featured_media":0,"parent":0,"menu_order":0,"comment_status":"closed","ping_status":"closed","template":"page-templates\/brand.php","meta":{"_acf_changed":false,"footnotes":""},"class_list":["post-6963","page","type-page","status-publish","hentry"],"acf":[],"_links":{"self":[{"href":"https:\/\/www.lucartgroup.com\/hu\/wp-json\/wp\/v2\/pages\/6963","targetHints":{"allow":["GET"]}}],"collection":[{"href":"https:\/\/www.lucartgroup.com\/hu\/wp-json\/wp\/v2\/pages"}],"about":[{"href":"https:\/\/www.lucartgroup.com\/hu\/wp-json\/wp\/v2\/types\/page"}],"author":[{"embeddable":true,"href":"https:\/\/www.lucartgroup.com\/hu\/wp-json\/wp\/v2\/users\/2"}],"replies":[{"embeddable":true,"href":"https:\/\/www.lucartgroup.com\/hu\/wp-json\/wp\/v2\/comments?post=6963"}],"version-history":[{"count":5,"href":"https:\/\/www.lucartgroup.com\/hu\/wp-json\/wp\/v2\/pages\/6963\/revisions"}],"predecessor-version":[{"id":18720,"href":"https:\/\/www.lucartgroup.com\/hu\/wp-json\/wp\/v2\/pages\/6963\/revisions\/18720"}],"wp:attachment":[{"href":"https:\/\/www.lucartgroup.com\/hu\/wp-json\/wp\/v2\/media?parent=6963"}],"curies":[{"name":"wp","href":"https:\/\/api.w.org\/{rel}","templated":true}]}}