{"id":25893,"date":"2025-07-29T14:26:46","date_gmt":"2025-07-29T12:26:46","guid":{"rendered":"https:\/\/www.lucartgroup.com\/a-fenntarthatosag\/codice-di-condotta-amfori-bsci\/"},"modified":"2026-01-08T11:34:34","modified_gmt":"2026-01-08T10:34:34","slug":"amfori-bsci-magatartasi-kodex","status":"publish","type":"page","link":"https:\/\/www.lucartgroup.com\/hu\/a-fenntarthatosag\/amfori-bsci-magatartasi-kodex\/","title":{"rendered":"AMFORI-BSCI Magatart\u00e1si K\u00f3dex"},"content":{"rendered":"<div class=\"wpb-content-wrapper\"><p>[vc_row full_width=&#8221;stretch_row&#8221; css=&#8221;.vc_custom_1589276543457{background-image: url(https:\/\/www.lucartgroup.com\/wp-content\/uploads\/2020\/01\/Sostenibilita\u0300_home_shutterstock_233760652.jpg?id=3534) !important;background-position: center !important;background-repeat: no-repeat !important;background-size: cover !important;}&#8221; el_class=&#8221;sostenibilita_top_box show-sub&#8221;][vc_column][vc_column_text css=&#8221;&#8221;]<\/p>\n<h1 style=\"text-align: center;\">AMFORI-BSCI Magatart\u00e1si K\u00f3dex<\/h1>\n<p>&nbsp;<\/p>\n<p>&nbsp;<\/p>\n<p>&nbsp;<\/p>\n<p>&nbsp;<\/p>\n<p>&nbsp;<\/p>\n<p>&nbsp;<\/p>\n<p>[\/vc_column_text][\/vc_column][\/vc_row][vc_row content_placement=&#8221;top&#8221; el_class=&#8221;sostenibilita_dati vertical_oriented_columns&#8221; css=&#8221;.vc_custom_1707831933889{padding: 0px !important;}&#8221;][vc_column css=&#8221;.vc_custom_1707831971696{padding: 0px !important;}&#8221;][vc_column_text css=&#8221;.vc_custom_1767868264210{padding-top: 0px !important;padding-right: 0px !important;padding-bottom: 0px !important;padding-left: 0px !important;}&#8221;]<\/p>\n<h2 style=\"text-align: center;\">Elk\u00f6telezetts\u00e9g\u00fcnk az etikus, \u00e1tl\u00e1that\u00f3 \u00e9s fenntarthat\u00f3 ell\u00e1t\u00e1si l\u00e1nc ir\u00e1nt.<\/h2>\n<p>[\/vc_column_text][vc_empty_space height=&#8221;35px&#8221;][\/vc_column][\/vc_row][vc_row equal_height=&#8221;yes&#8221; el_class=&#8221;goal_compact equal_height&#8221; css=&#8221;.vc_custom_1753796091560{padding-right: 0px !important;padding-left: 0px !important;}&#8221;][vc_column width=&#8221;2\/3&#8243; el_class=&#8221;white_text&#8221; css=&#8221;.vc_custom_1753796914212{margin-bottom: 30px !important;padding-top: 15px !important;padding-right: 15px !important;padding-bottom: 15px !important;padding-left: 15px !important;background-color: #394F64 !important;}&#8221;][vc_column_text css=&#8221;.vc_custom_1767868305754{margin-bottom: 0px !important;padding-top: 30px !important;padding-right: 30px !important;padding-bottom: 30px !important;padding-left: 30px !important;}&#8221; el_class=&#8221;image-included&#8221;]<img loading=\"lazy\" decoding=\"async\" class=\" wp-image-22667 alignleft\" src=\"https:\/\/www.lucartgroup.com\/wp-content\/uploads\/2024\/02\/diritti-umani.svg\" alt=\"\" width=\"116\" height=\"116\" \/>A Lucart al\u00e1\u00edrta az AMFORI-BSCI (Business Social Compliance Initiative) Magatart\u00e1si K\u00f3dexet, egy nemzetk\u00f6zi szabv\u00e1nyt, amely el\u0151seg\u00edti az emberi jogok \u00e9s a munkak\u00f6r\u00fclm\u00e9nyek tiszteletben tart\u00e1s\u00e1t az ell\u00e1t\u00e1si l\u00e1nc teljes hossz\u00e1ban.<\/p>\n<p>Ez a csatlakoz\u00e1s konkr\u00e9t l\u00e9p\u00e9st jelent felel\u0151s n\u00f6veked\u00e9s\u00fcnk fel\u00e9, \u00e9s k\u00f6telez benn\u00fcnket arra, hogy etikus \u00e9s fenntarthat\u00f3 magatart\u00e1st biztos\u00edtsunk nemcsak szervezet\u00fcnk\u00f6n bel\u00fcl, hanem partnereinkkel, besz\u00e1ll\u00edt\u00f3inkkal \u00e9s egy\u00fcttm\u0171k\u00f6d\u0151inkkel val\u00f3 kapcsolatainkban is.<\/p>\n<p>Ezeknek az \u00e9rt\u00e9keknek a megoszt\u00e1sa azt jelenti, hogy egy\u00fctt j\u00e1rulunk hozz\u00e1 egy igazs\u00e1gosabb j\u00f6v\u0151h\u00f6z, \u00f6sszhangban azokkal az elvekkel, amelyek nap mint nap ir\u00e1ny\u00edtj\u00e1k Csoportunk tev\u00e9kenys\u00e9geit.[\/vc_column_text][\/vc_column][vc_column width=&#8221;1\/3&#8243; css=&#8221;.vc_custom_1753796920477{margin-bottom: 30px !important;padding-top: 0px !important;padding-right: 0px !important;padding-bottom: 0px !important;padding-left: 0px !important;}&#8221;][vc_btn title=&#8221;AMFORI-BSCI Magatart\u00e1si K\u00f3dex&#8221; style=&#8221;custom&#8221; custom_background=&#8221;#0c4554&#8243; custom_text=&#8221;#ffffff&#8221; shape=&#8221;square&#8221; size=&#8221;lg&#8221; align=&#8221;center&#8221; css=&#8221;&#8221; button_block=&#8221;true&#8221; link=&#8221;url:https%3A%2F%2Fwww.lucartgroup.com%2Fwp-content%2Fuploads%2F2026%2F01%2FEN.pdf|target:_blank&#8221; el_class=&#8221;download_btn&#8221;][\/vc_column][\/vc_row][vc_row css=&#8221;.vc_custom_1692780326250{margin-top: 50px !important;margin-bottom: 5px !important;}&#8221;][vc_column][vc_empty_space][\/vc_column][\/vc_row][vc_row full_width=&#8221;stretch_row&#8221; css=&#8221;.vc_custom_1540220830537{background-color: #efefef !important;background-position: center !important;background-repeat: no-repeat !important;background-size: cover !important;}&#8221; el_class=&#8221;sostenibilita_news&#8221;][vc_column][vc_column_text css=&#8221;&#8221;]<\/p>\n<h2 style=\"text-align: center;\">Legfrissebb \u201efenntarthat\u00f3\u201d h\u00edreink<\/h2>\n<p>[\/vc_column_text][vc_column_text]<div class='carousel_news_sostenibili slick-carousel__container' data-image-number='3' data-image-number-move='1' data-image-number-landscape='1' data-image-number-move-landscape='1' data-image-number-portrait='1' data-image-number-move-portrait='1' data-image-number-mobile='1' data-image-number-move-mobile='1' data-speed='2000' data-fade='false' data-dots='true' data-infinite='true' data-arrows='false' data-autoplay='false' data-autoplay-speed='0' ><div class='singola_news_sostenibilita clearfix'>\n\t\t\t\t\t<img src='https:\/\/www.lucartgroup.com\/wp-content\/uploads\/2026\/02\/Francesco-PasquiniAD-Lucart_Marco-Paggi-Prorettore-Vicario-della-Scuola-IMT-320x174.jpeg'>\n\t\t\t\t\t<div class='singola_news_home_content clearfix'>\n\t\t\t\t\t\t<div class='singola_news_home_content_data'>03 febru\u00e1r 2026<\/div>\n\t\t\t\t\t\t<div class='singola_news_home_content_titolo'><h3>Lucart strengthens its collaboration with the IMT School in Lucca to drive innovation in paper recycling<\/h3><\/div>\n\t\t\t\t\t\t<div class='singola_news_home_content_testo'>Lucart is taking a new step forward in its path ...<\/div>\t<div class='singola_news_home_content_categoria'><\/div>\t<a href='https:\/\/www.lucartgroup.com\/hu\/news\/lucart-strengthens-its-collaboration-with-the-imt-school-in-lucca-to-drive-innovation-in-paper-recycling\/' class='singola_news_home_content_link'>Olvass el mindent<\/a>\n\t\t\t\t\t<\/div>\n\t\t\t\t<\/div><div class='singola_news_sostenibilita clearfix'>\n\t\t\t\t\t<img src='https:\/\/www.lucartgroup.com\/wp-content\/uploads\/2026\/01\/Porcari-320x174.jpg'>\n\t\t\t\t\t<div class='singola_news_home_content clearfix'>\n\t\t\t\t\t\t<div class='singola_news_home_content_data'>29 janu\u00e1r 2026<\/div>\n\t\t\t\t\t\t<div class='singola_news_home_content_titolo'><h3>A Lucart BSCi tan\u00fas\u00edtv\u00e1nyt kap ell\u00e1t\u00e1si l\u00e1nc\u00e1ra<\/h3><\/div>\n\t\t\t\t\t\t<div class='singola_news_home_content_testo'>A Lucart \u00faj l\u00e9p\u00e9st tett a t\u00e1rsadalmi ...<\/div>\t<div class='singola_news_home_content_categoria'><\/div>\t<a href='https:\/\/www.lucartgroup.com\/hu\/news\/a-lucart-bsci-tanusitvanyt-kap-ellatasi-lancara\/' class='singola_news_home_content_link'>Olvass el mindent<\/a>\n\t\t\t\t\t<\/div>\n\t\t\t\t<\/div><div class='singola_news_sostenibilita clearfix'>\n\t\t\t\t\t<img src='https:\/\/www.lucartgroup.com\/wp-content\/uploads\/2026\/01\/Lucart_Impianto-Diecimo-LU-1-320x174.jpg'>\n\t\t\t\t\t<div class='singola_news_home_content clearfix'>\n\t\t\t\t\t\t<div class='singola_news_home_content_data'>29 janu\u00e1r 2026<\/div>\n\t\t\t\t\t\t<div class='singola_news_home_content_titolo'><h3>Az SBTI valid\u00e1lta a Lucart k\u00e1rosanyag kibocs\u00e1t\u00e1s cs\u00f6kkent\u00e9si c\u00e9ljait<\/h3><\/div>\n\t\t\t\t\t\t<div class='singola_news_home_content_testo'>A Lucart \u00fajabb el\u0151rel\u00e9p\u00e9st tett kl\u00edmav\u00e9...<\/div>\t<div class='singola_news_home_content_categoria'><\/div>\t<a href='https:\/\/www.lucartgroup.com\/hu\/news\/az-sbti-validalta-a-lucart-karosanyag-kibocsatas-csokkentesi-celjait\/' class='singola_news_home_content_link'>Olvass el mindent<\/a>\n\t\t\t\t\t<\/div>\n\t\t\t\t<\/div><\/div>[\/vc_column_text][vc_column_text css=&#8221;&#8221; el_class=&#8221;link_newsroom default_button&#8221;]<\/p>\n<p style=\"text-align: center;\"><a href=\"https:\/\/www.lucartgroup.com\/hu\/sajtoszoba\/\">Ir\u00e1ny a h\u00edrk\u00f6zpont<\/a><\/p>\n<p>[\/vc_column_text][\/vc_column][\/vc_row][vc_row full_width=&#8221;stretch_row&#8221; el_class=&#8221;box_ricerca_informazioni&#8221; css=&#8221;.vc_custom_1585904275736{background-image: url(https:\/\/www.lucartgroup.com\/wp-content\/uploads\/2019\/12\/van-tay-media-QklJV_Q0Pig-unsplash.jpg?id=3490) !important;background-position: center !important;background-repeat: no-repeat !important;background-size: cover !important;}&#8221;][vc_column][vc_column_text css=&#8221;.vc_custom_1767868366785{background-position: center !important;background-repeat: no-repeat !important;background-size: cover !important;}&#8221;]<\/p>\n<h4 style=\"text-align: left;\">Inform\u00e1ci\u00f3kat keres?<\/h4>\n<p style=\"text-align: left;\"><a href=\"https:\/\/www.lucartgroup.com\/hu\/kapcsolatok\/\">L\u00e9pjen kapcsolatba vel\u00fcnk<\/a><\/p>\n<p>[\/vc_column_text][\/vc_column][\/vc_row]<\/p>\n<\/div>","protected":false},"excerpt":{"rendered":"<p>[vc_row full_width=&#8221;stretch_row&#8221; css=&#8221;.vc_custom_1589276543457{background-image: url(https:\/\/www.lucartgroup.com\/wp-content\/uploads\/2020\/01\/Sostenibilita\u0300_home_shutterstock_233760652.jpg?id=3534) !important;background-position: center !important;background-repeat: no-repeat !important;background-size: cover !important;}&#8221; el_class=&#8221;sostenibilita_top_box show-sub&#8221;][vc_column][vc_column_text css=&#8221;&#8221;] AMFORI-BSCI Magatart\u00e1si K\u00f3dex &nbsp; &nbsp; &nbsp; &nbsp; &nbsp; &nbsp; [\/vc_column_text][\/vc_column][\/vc_row][vc_row content_placement=&#8221;top&#8221; el_class=&#8221;sostenibilita_dati vertical_oriented_columns&#8221; css=&#8221;.vc_custom_1707831933889{padding: 0px !important;}&#8221;][vc_column [&hellip;]<\/p>\n","protected":false},"author":2,"featured_media":7055,"parent":7046,"menu_order":0,"comment_status":"closed","ping_status":"closed","template":"page-templates\/sostenibilita.php","meta":{"_acf_changed":false,"footnotes":""},"class_list":["post-25893","page","type-page","status-publish","has-post-thumbnail","hentry"],"acf":[],"_links":{"self":[{"href":"https:\/\/www.lucartgroup.com\/hu\/wp-json\/wp\/v2\/pages\/25893","targetHints":{"allow":["GET"]}}],"collection":[{"href":"https:\/\/www.lucartgroup.com\/hu\/wp-json\/wp\/v2\/pages"}],"about":[{"href":"https:\/\/www.lucartgroup.com\/hu\/wp-json\/wp\/v2\/types\/page"}],"author":[{"embeddable":true,"href":"https:\/\/www.lucartgroup.com\/hu\/wp-json\/wp\/v2\/users\/2"}],"replies":[{"embeddable":true,"href":"https:\/\/www.lucartgroup.com\/hu\/wp-json\/wp\/v2\/comments?post=25893"}],"version-history":[{"count":2,"href":"https:\/\/www.lucartgroup.com\/hu\/wp-json\/wp\/v2\/pages\/25893\/revisions"}],"predecessor-version":[{"id":25929,"href":"https:\/\/www.lucartgroup.com\/hu\/wp-json\/wp\/v2\/pages\/25893\/revisions\/25929"}],"up":[{"embeddable":true,"href":"https:\/\/www.lucartgroup.com\/hu\/wp-json\/wp\/v2\/pages\/7046"}],"wp:featuredmedia":[{"embeddable":true,"href":"https:\/\/www.lucartgroup.com\/hu\/wp-json\/wp\/v2\/media\/7055"}],"wp:attachment":[{"href":"https:\/\/www.lucartgroup.com\/hu\/wp-json\/wp\/v2\/media?parent=25893"}],"curies":[{"name":"wp","href":"https:\/\/api.w.org\/{rel}","templated":true}]}}