{"id":25829,"date":"2025-11-28T15:09:42","date_gmt":"2025-11-28T14:09:42","guid":{"rendered":"https:\/\/www.lucartgroup.com\/a-fenntarthatosag\/policy-anticorruzione\/"},"modified":"2025-11-28T15:34:53","modified_gmt":"2025-11-28T14:34:53","slug":"korrupcioellenes-szabalyzata","status":"publish","type":"page","link":"https:\/\/www.lucartgroup.com\/hu\/a-fenntarthatosag\/korrupcioellenes-szabalyzata\/","title":{"rendered":"Korrupci\u00f3ellenes Szab\u00e1lyzata"},"content":{"rendered":"<div class=\"wpb-content-wrapper\"><p>[vc_row full_width=&#8221;stretch_row&#8221; css=&#8221;.vc_custom_1589276576155{background-image: url(https:\/\/www.lucartgroup.com\/wp-content\/uploads\/2020\/01\/IlCodiceEtico-3.jpg?id=3686) !important;background-position: center !important;background-repeat: no-repeat !important;background-size: cover !important;}&#8221; el_class=&#8221;sostenibilita_top_box show-sub&#8221;][vc_column][vc_column_text css=&#8221;&#8221;]<\/p>\n<h1 style=\"text-align: center;\">Korrupci\u00f3ellenes Szab\u00e1lyzata<\/h1>\n<p style=\"text-align: center;\">A Korrupci\u00f3ellenes Szab\u00e1lyzat az a dokumentum, amely meghat\u00e1rozza a LUCART<br \/>\nCsoport tagjai \u00e1ltal alkalmazott Korrupci\u00f3ellenes Ir\u00e1ny\u00edt\u00e1si Rendszer alapelveit \u00e9s<br \/>\n\u00e1ltal\u00e1nos c\u00e9lkit\u0171z\u00e9seit, bele\u00e9rtve a korrupt magatart\u00e1sok tilalm\u00e1t \u00e9s megel\u0151z\u00e9s\u00e9t. A<br \/>\nSzab\u00e1lyzat minden alkalmazott \u00e9s a LUCART Csoport tagjai nev\u00e9ben elj\u00e1r\u00f3 minden<br \/>\nszem\u00e9ly (p\u00e9ld\u00e1ul tan\u00e1csad\u00f3k, besz\u00e1ll\u00edt\u00f3k, v\u00e1llalkoz\u00f3k \u00e9s partnerek) sz\u00e1m\u00e1ra biztos\u00edtja a<br \/>\nkorrupci\u00f3ellenes t\u00f6rv\u00e9nyek betart\u00e1s\u00e1nak biztos\u00edt\u00e1s\u00e1hoz k\u00f6vetend\u0151 alapelveket \u00e9s<br \/>\nszab\u00e1lyokat.<\/p>\n<p>[\/vc_column_text][\/vc_column][\/vc_row][vc_row full_width=&#8221;stretch_row&#8221; css=&#8221;.vc_custom_1578591019581{margin-bottom: 35px !important;background-color: #0c4554 !important;background-position: center !important;background-repeat: no-repeat !important;background-size: contain !important;}&#8221; el_class=&#8221;sostenibilita_codice_etico pagina_cod_etico special_bunner&#8221;][vc_column][vc_column_text css=&#8221;&#8221;]<\/p>\n<p style=\"text-align: center;\"><a href=\"https:\/\/www.lucartgroup.com\/wp-content\/uploads\/2025\/11\/Policy-Anticorruzione-LUCART-Group_HU.pdf\" target=\"_blank\" rel=\"noopener noreferrer\">Korrupci\u00f3ellenes Szab\u00e1lyzata<\/a><\/p>\n<p>[\/vc_column_text][\/vc_column][\/vc_row][vc_row full_width=&#8221;stretch_row&#8221; el_class=&#8221;box_ricerca_informazioni&#8221; css=&#8221;.vc_custom_1585903619874{background-image: url(https:\/\/www.lucartgroup.com\/wp-content\/uploads\/2019\/12\/van-tay-media-QklJV_Q0Pig-unsplash.jpg?id=3490) !important;background-position: center !important;background-repeat: no-repeat !important;background-size: cover !important;}&#8221;][vc_column][vc_column_text css=&#8221;.vc_custom_1582110064653{background-position: center !important;background-repeat: no-repeat !important;background-size: cover !important;}&#8221;]<\/p>\n<h4 style=\"text-align: left;\">Inform\u00e1ci\u00f3ra van sz\u00fcks\u00e9ged?<\/h4>\n<p style=\"text-align: left;\"><a href=\"https:\/\/www.lucartgroup.com\/hu\/kapcsolatok\/\">l\u00e9pj kapcsolatba vel\u00fcnk<\/a><\/p>\n<p>[\/vc_column_text][\/vc_column][\/vc_row]<\/p>\n<\/div>","protected":false},"excerpt":{"rendered":"<p>[vc_row full_width=&#8221;stretch_row&#8221; css=&#8221;.vc_custom_1589276576155{background-image: url(https:\/\/www.lucartgroup.com\/wp-content\/uploads\/2020\/01\/IlCodiceEtico-3.jpg?id=3686) !important;background-position: center !important;background-repeat: no-repeat !important;background-size: cover !important;}&#8221; el_class=&#8221;sostenibilita_top_box show-sub&#8221;][vc_column][vc_column_text css=&#8221;&#8221;] Korrupci\u00f3ellenes Szab\u00e1lyzata A Korrupci\u00f3ellenes Szab\u00e1lyzat az a dokumentum, amely meghat\u00e1rozza a LUCART Csoport tagjai \u00e1ltal alkalmazott [&hellip;]<\/p>\n","protected":false},"author":2,"featured_media":0,"parent":7046,"menu_order":0,"comment_status":"closed","ping_status":"closed","template":"page-templates\/codice-etico.php","meta":{"_acf_changed":false,"footnotes":""},"class_list":["post-25829","page","type-page","status-publish","hentry"],"acf":[],"_links":{"self":[{"href":"https:\/\/www.lucartgroup.com\/hu\/wp-json\/wp\/v2\/pages\/25829","targetHints":{"allow":["GET"]}}],"collection":[{"href":"https:\/\/www.lucartgroup.com\/hu\/wp-json\/wp\/v2\/pages"}],"about":[{"href":"https:\/\/www.lucartgroup.com\/hu\/wp-json\/wp\/v2\/types\/page"}],"author":[{"embeddable":true,"href":"https:\/\/www.lucartgroup.com\/hu\/wp-json\/wp\/v2\/users\/2"}],"replies":[{"embeddable":true,"href":"https:\/\/www.lucartgroup.com\/hu\/wp-json\/wp\/v2\/comments?post=25829"}],"version-history":[{"count":4,"href":"https:\/\/www.lucartgroup.com\/hu\/wp-json\/wp\/v2\/pages\/25829\/revisions"}],"predecessor-version":[{"id":25887,"href":"https:\/\/www.lucartgroup.com\/hu\/wp-json\/wp\/v2\/pages\/25829\/revisions\/25887"}],"up":[{"embeddable":true,"href":"https:\/\/www.lucartgroup.com\/hu\/wp-json\/wp\/v2\/pages\/7046"}],"wp:attachment":[{"href":"https:\/\/www.lucartgroup.com\/hu\/wp-json\/wp\/v2\/media?parent=25829"}],"curies":[{"name":"wp","href":"https:\/\/api.w.org\/{rel}","templated":true}]}}