{"id":25462,"date":"2024-10-23T17:00:19","date_gmt":"2024-10-23T15:00:19","guid":{"rendered":"https:\/\/www.lucartgroup.com\/rating-sostenibilita\/"},"modified":"2026-04-02T12:22:00","modified_gmt":"2026-04-02T10:22:00","slug":"fenntarthatosagi-besorolas","status":"publish","type":"page","link":"https:\/\/www.lucartgroup.com\/hu\/fenntarthatosagi-besorolas\/","title":{"rendered":"Fenntarthat\u00f3s\u00e1gi besorol\u00e1s"},"content":{"rendered":"<div class=\"wpb-content-wrapper\"><p>[vc_row full_width=&#8221;stretch_row&#8221; css=&#8221;.vc_custom_1728922180178{background-position: center !important;background-repeat: no-repeat !important;background-size: cover !important;}&#8221; el_class=&#8221;sostenibilita_dati gradient_bk&#8221;][vc_column css=&#8221;.vc_custom_1728383404462{padding-top: 60px !important;padding-bottom: 20px !important;}&#8221;][vc_column_text css=&#8221;.vc_custom_1775125297053{padding-top: 60px !important;padding-bottom: 20px !important;}&#8221; el_class=&#8221;white_text&#8221;]<\/p>\n<h1 style=\"padding-top: 0;\">Fenntarthat\u00f3s\u00e1gi besorol\u00e1s<\/h1>\n<p><a href=\"https:\/\/recognition.ecovadis.com\/AKrma6Zse0eKPQ4yCwXnJg\" target=\"_blank\" rel=\"noopener\">Az Ecovadis a negyedik egym\u00e1st k\u00f6vet\u0151 \u00e9vben is Platinum \u00e9rt\u00e9kel\u00e9st<\/a> adott a Lucart V\u00e1llalatcsoportnak. A vil\u00e1gszerte elemzett v\u00e1llalatok mind\u00f6ssze 1%-a kapta meg ezt a min\u0151s\u00edt\u00e9st.<\/p>\n<div id=\"gtx-trans\" style=\"position: absolute; left: -7px; top: 64.875px;\">\n<div class=\"gtx-trans-icon\"><\/div>\n<\/div>\n<p>[\/vc_column_text][\/vc_column][\/vc_row][vc_row full_width=&#8221;stretch_row&#8221; css=&#8221;.vc_custom_1728922185595{margin-top: 40px !important;}&#8221;][vc_column][vc_column_text css=&#8221;&#8221;]<\/p>\n<h1 style=\"padding-top: 0;\">Mi az Ecovadis?<\/h1>\n<p>Az Ecovadis egy <strong>ESG-\u00e9rt\u00e9kel\u00e9st<\/strong> v\u00e9gz\u0151 nemzetk\u00f6zi \u00fcgyn\u00f6ks\u00e9g, ami \u00e9vente t\u00f6bb, mint 150.000 v\u00e1llalatot vizsg\u00e1l 250 termel\u00e9si \u00e1gazatban, <strong>a k\u00f6rnyezetv\u00e9delem \u00e9s a t\u00e1rsadalmi felel\u0151ss\u00e9gv\u00e1llal\u00e1s<\/strong> szempontj\u00e1b\u00f3l <strong>\u00e9rt\u00e9kelve azok tev\u00e9kenys\u00e9g\u00e9t<\/strong> \u00e9s \u00fcgyvitel\u00e9t.<\/p>\n<p>Az Ecovadis <strong>4 ter\u00fcleten<\/strong> m\u00e9ri fel egy v\u00e1llalat fenntarthat\u00f3s\u00e1gi szintj\u00e9t:<br \/>\n<strong>K\u00f6rnyezetv\u00e9delem, Munka\u00fcgy \u00e9s Emberi jogok, Etika, Fenntarthat\u00f3 beszerz\u00e9s.<\/strong>[\/vc_column_text][\/vc_column][\/vc_row][vc_row full_width=&#8221;stretch_row&#8221; css=&#8221;.vc_custom_1761834259752{margin-bottom: 30px !important;}&#8221;][vc_column][vc_column_text css=&#8221;.vc_custom_1761833244507{margin-bottom: 0px !important;}&#8221;]<\/p>\n<h2>Fejl\u0151d\u00e9si \u00fat<\/h2>\n<p>A Lucart k\u00f6vetkezetesen jav\u00edtotta fenntarthat\u00f3s\u00e1gi besorol\u00e1s\u00e1t[\/vc_column_text][vc_single_image image=&#8221;25506&#8243; img_size=&#8221;full&#8221; alignment=&#8221;center&#8221; css=&#8221;.vc_custom_1761833237192{margin-top: 0px !important;padding-top: 0px !important;}&#8221;][\/vc_column][\/vc_row][vc_row full_width=&#8221;stretch_row&#8221; el_class=&#8221;follow_rows&#8221;][vc_column][vc_single_image image=&#8221;25555&#8243; img_size=&#8221;full&#8221; css=&#8221;&#8221;][vc_single_image image=&#8221;25561&#8243; img_size=&#8221;full&#8221; css=&#8221;&#8221;][\/vc_column][\/vc_row][vc_row full_width=&#8221;stretch_row&#8221;][vc_column][vc_column_text css=&#8221;&#8221;]<\/p>\n<h2>Fejleszt\u00e9si c\u00e9lok a 2025-\u00f6s \u00e9s 2026-os \u00e9vre<\/h2>\n<p>[\/vc_column_text][\/vc_column][\/vc_row][vc_row][vc_column width=&#8221;1\/6&#8243; offset=&#8221;vc_col-lg-2 vc_col-xs-6&#8243;][vc_single_image image=&#8221;23921&#8243; img_size=&#8221;full&#8221; alignment=&#8221;center&#8221; css=&#8221;.vc_custom_1729500708100{margin-bottom: 0px !important;padding-right: 20px !important;padding-left: 10px !important;}&#8221;][vc_empty_space][vc_single_image image=&#8221;23928&#8243; img_size=&#8221;full&#8221; alignment=&#8221;center&#8221; css=&#8221;.vc_custom_1729500715926{margin-bottom: 0px !important;padding-right: 20px !important;padding-left: 10px !important;}&#8221;][vc_empty_space][\/vc_column][vc_column width=&#8221;5\/6&#8243; offset=&#8221;vc_col-lg-10 vc_col-xs-12&#8243;][vc_column_text css=&#8221;&#8221;]A Lucart csatlakozott a Tudom\u00e1nyos Alap\u00fa C\u00e9lok Kezdem\u00e9nyez\u00e9s\u00e9hez (Science Based Target Initiative &#8211; SBTi) hogy 2025 v\u00e9g\u00e9re kidolgozzon egy tudom\u00e1nyosan elismert krit\u00e9riumoknak megfelel\u0151, valid\u00e1lt c\u00e9lokkal rendelkez\u0151 dekarboniz\u00e1ci\u00f3s utat.[\/vc_column_text][vc_column_text css=&#8221;&#8221;]Az etikai \u00e9s t\u00e1rsadalmi felel\u0151ss\u00e9gv\u00e1llal\u00e1s ter\u00fclet\u00e9n a Lucart betartja az <strong>AMFORI Business Social Compliance Initiative<\/strong> (BSCI) magatart\u00e1si k\u00f3dex\u00e9t azzal a c\u00e9llal, hogy 2025 v\u00e9g\u00e9re megszerezze a tan\u00fas\u00edtv\u00e1nyt.[\/vc_column_text][\/vc_column][\/vc_row][vc_row][vc_column][vc_empty_space height=&#8221;80px&#8221;][\/vc_column][\/vc_row]<\/p>\n<\/div>","protected":false},"excerpt":{"rendered":"<p>[vc_row full_width=&#8221;stretch_row&#8221; css=&#8221;.vc_custom_1728922180178{background-position: center !important;background-repeat: no-repeat !important;background-size: cover !important;}&#8221; el_class=&#8221;sostenibilita_dati gradient_bk&#8221;][vc_column css=&#8221;.vc_custom_1728383404462{padding-top: 60px !important;padding-bottom: 20px !important;}&#8221;][vc_column_text css=&#8221;.vc_custom_1775125297053{padding-top: 60px !important;padding-bottom: 20px !important;}&#8221; el_class=&#8221;white_text&#8221;] Fenntarthat\u00f3s\u00e1gi besorol\u00e1s Az Ecovadis a negyedik egym\u00e1st k\u00f6vet\u0151 [&hellip;]<\/p>\n","protected":false},"author":2,"featured_media":0,"parent":0,"menu_order":0,"comment_status":"closed","ping_status":"closed","template":"","meta":{"_acf_changed":false,"footnotes":""},"class_list":["post-25462","page","type-page","status-publish","hentry"],"acf":[],"_links":{"self":[{"href":"https:\/\/www.lucartgroup.com\/hu\/wp-json\/wp\/v2\/pages\/25462","targetHints":{"allow":["GET"]}}],"collection":[{"href":"https:\/\/www.lucartgroup.com\/hu\/wp-json\/wp\/v2\/pages"}],"about":[{"href":"https:\/\/www.lucartgroup.com\/hu\/wp-json\/wp\/v2\/types\/page"}],"author":[{"embeddable":true,"href":"https:\/\/www.lucartgroup.com\/hu\/wp-json\/wp\/v2\/users\/2"}],"replies":[{"embeddable":true,"href":"https:\/\/www.lucartgroup.com\/hu\/wp-json\/wp\/v2\/comments?post=25462"}],"version-history":[{"count":5,"href":"https:\/\/www.lucartgroup.com\/hu\/wp-json\/wp\/v2\/pages\/25462\/revisions"}],"predecessor-version":[{"id":26137,"href":"https:\/\/www.lucartgroup.com\/hu\/wp-json\/wp\/v2\/pages\/25462\/revisions\/26137"}],"wp:attachment":[{"href":"https:\/\/www.lucartgroup.com\/hu\/wp-json\/wp\/v2\/media?parent=25462"}],"curies":[{"name":"wp","href":"https:\/\/api.w.org\/{rel}","templated":true}]}}