{"id":22337,"date":"2023-08-03T16:13:26","date_gmt":"2023-08-03T14:13:26","guid":{"rendered":"https:\/\/www.lucartgroup.com\/vision-mission\/"},"modified":"2024-02-06T12:55:43","modified_gmt":"2024-02-06T11:55:43","slug":"vision-mission","status":"publish","type":"page","link":"https:\/\/www.lucartgroup.com\/hu\/a-csoport\/vision-mission\/","title":{"rendered":"J\u00f6v\u0151k\u00e9p \u00e9s K\u00fcldet\u00e9s"},"content":{"rendered":"<div class=\"wpb-content-wrapper\"><p>[vc_row full_width=&#8221;stretch_row_content_no_spaces&#8221; equal_height=&#8221;yes&#8221; el_class=&#8221;col_height_50vh custom_box-centered-content&#8221;][vc_column width=&#8221;1\/2&#8243; css=&#8221;.vc_custom_1707216637516{background-color: #004554 !important;}&#8221;][vc_custom_heading text=&#8221;J\u00f6v\u0151k\u00e9p&#8221; font_container=&#8221;tag:h1|font_size:66px|text_align:center|color:%23ffffff|line_height:66px&#8221; use_theme_fonts=&#8221;yes&#8221; css=&#8221;.vc_custom_1707220310829{margin-top: 0px !important;margin-bottom: 0px !important;padding-top: 0px !important;padding-bottom: 0px !important;}&#8221;][vc_column_text css=&#8221;.vc_custom_1707220531091{margin-top: 0px !important;margin-right: 0px !important;margin-bottom: 0px !important;margin-left: 0px !important;padding-top: 0px !important;padding-right: 15px !important;padding-bottom: 0px !important;padding-left: 15px !important;}&#8221; el_class=&#8221;brand_pre_box_text white_text&#8221;]<\/p>\n<p style=\"text-align: center;\">Elk\u00f6telezettek vagyunk a k\u00f6rk\u00f6r\u00f6s \u00fczleti modellek mellett, hogy meg\u00faj\u00edtsuk \u00e9s n\u00f6velj\u00fck a term\u00e9szeti, t\u00e1rsadalmi \u00e9s gazdas\u00e1gi t\u0151k\u00e9t, mert a fenntarthat\u00f3 j\u00f6v\u0151\u00e9rt szeretn\u00e9nk tenni k\u00f6z\u00f6sen az \u00e9rdekelt felekkel.<\/p>\n<p>[\/vc_column_text][\/vc_column][vc_column width=&#8221;1\/2&#8243; css=&#8221;.vc_custom_1707216645340{background-color: #5ea69b !important;}&#8221;][vc_custom_heading text=&#8221;K\u00fcldet\u00e9s&#8221; font_container=&#8221;tag:h1|font_size:66px|text_align:center|color:%23ffffff|line_height:66px&#8221; use_theme_fonts=&#8221;yes&#8221; css=&#8221;.vc_custom_1707220319133{margin-top: 0px !important;margin-bottom: 0px !important;padding-top: 0px !important;padding-bottom: 0px !important;}&#8221;][vc_column_text css=&#8221;.vc_custom_1707220538090{margin-top: 0px !important;margin-right: 0px !important;margin-bottom: 0px !important;margin-left: 0px !important;padding-top: 0px !important;padding-right: 15px !important;padding-bottom: 0px !important;padding-left: 15px !important;}&#8221; el_class=&#8221;brand_pre_box_text white_text&#8221;]<\/p>\n<p style=\"text-align: center;\">Higi\u00e9niai \u00e9s term\u00e9kv\u00e9delmi megold\u00e1sokkal gondoskodunk az emberekr\u0151l \u00e9s azokr\u00f3l a k\u00f6rnyezetekr\u0151l, amelyben \u00e9lnek \u00e9s dolgoznak. A fenntarthat\u00f3s\u00e1g inspir\u00e1lja innov\u00e1ci\u00f3inkat \u00e9s az \u00e9rdekelt felekkel val\u00f3 kapcsolatainkat, hogy egy jobb j\u00f6v\u0151 \u00e9p\u00edts\u00fcnk.<\/p>\n<p>[\/vc_column_text][\/vc_column][\/vc_row][vc_row full_width=&#8221;stretch_row&#8221; el_class=&#8221;box_ricerca_informazioni&#8221; css=&#8221;.vc_custom_1585904275736{background-image: url(https:\/\/www.lucartgroup.com\/wp-content\/uploads\/2019\/12\/van-tay-media-QklJV_Q0Pig-unsplash.jpg?id=3490) !important;background-position: center !important;background-repeat: no-repeat !important;background-size: cover !important;}&#8221;][vc_column][vc_column_text css=&#8221;.vc_custom_1707217713292{background-position: center !important;background-repeat: no-repeat !important;background-size: cover !important;}&#8221;]<\/p>\n<h4 style=\"text-align: left;\">Inform\u00e1ci\u00f3ra van sz\u00fcks\u00e9ged?<\/h4>\n<p style=\"text-align: left;\"><a href=\"https:\/\/www.lucartgroup.com\/hu\/kapcsolatok\/\">L\u00c9PJ KAPCSOLATBA VEL\u00dcNK<\/a><\/p>\n<p>[\/vc_column_text][\/vc_column][\/vc_row]<\/p>\n<\/div>","protected":false},"excerpt":{"rendered":"<p>[vc_row full_width=&#8221;stretch_row_content_no_spaces&#8221; equal_height=&#8221;yes&#8221; el_class=&#8221;col_height_50vh custom_box-centered-content&#8221;][vc_column width=&#8221;1\/2&#8243; css=&#8221;.vc_custom_1707216637516{background-color: #004554 !important;}&#8221;][vc_custom_heading text=&#8221;J\u00f6v\u0151k\u00e9p&#8221; font_container=&#8221;tag:h1|font_size:66px|text_align:center|color:%23ffffff|line_height:66px&#8221; use_theme_fonts=&#8221;yes&#8221; css=&#8221;.vc_custom_1707220310829{margin-top: 0px !important;margin-bottom: 0px !important;padding-top: 0px !important;padding-bottom: 0px !important;}&#8221;][vc_column_text css=&#8221;.vc_custom_1707220531091{margin-top: 0px !important;margin-right: 0px !important;margin-bottom: 0px !important;margin-left: 0px !important;padding-top: [&hellip;]<\/p>\n","protected":false},"author":2,"featured_media":0,"parent":6972,"menu_order":0,"comment_status":"closed","ping_status":"closed","template":"page-templates\/template_base.php","meta":{"_acf_changed":false,"footnotes":""},"class_list":["post-22337","page","type-page","status-publish","hentry"],"acf":[],"_links":{"self":[{"href":"https:\/\/www.lucartgroup.com\/hu\/wp-json\/wp\/v2\/pages\/22337","targetHints":{"allow":["GET"]}}],"collection":[{"href":"https:\/\/www.lucartgroup.com\/hu\/wp-json\/wp\/v2\/pages"}],"about":[{"href":"https:\/\/www.lucartgroup.com\/hu\/wp-json\/wp\/v2\/types\/page"}],"author":[{"embeddable":true,"href":"https:\/\/www.lucartgroup.com\/hu\/wp-json\/wp\/v2\/users\/2"}],"replies":[{"embeddable":true,"href":"https:\/\/www.lucartgroup.com\/hu\/wp-json\/wp\/v2\/comments?post=22337"}],"version-history":[{"count":4,"href":"https:\/\/www.lucartgroup.com\/hu\/wp-json\/wp\/v2\/pages\/22337\/revisions"}],"predecessor-version":[{"id":22392,"href":"https:\/\/www.lucartgroup.com\/hu\/wp-json\/wp\/v2\/pages\/22337\/revisions\/22392"}],"up":[{"embeddable":true,"href":"https:\/\/www.lucartgroup.com\/hu\/wp-json\/wp\/v2\/pages\/6972"}],"wp:attachment":[{"href":"https:\/\/www.lucartgroup.com\/hu\/wp-json\/wp\/v2\/media?parent=22337"}],"curies":[{"name":"wp","href":"https:\/\/api.w.org\/{rel}","templated":true}]}}