{"id":21125,"date":"2023-04-27T12:57:07","date_gmt":"2023-04-27T10:57:07","guid":{"rendered":"https:\/\/www.lucartgroup.com\/privacy-gdpr\/"},"modified":"2024-12-16T18:15:36","modified_gmt":"2024-12-16T17:15:36","slug":"privacy-gdpr","status":"publish","type":"page","link":"https:\/\/www.lucartgroup.com\/hu\/privacy-gdpr\/","title":{"rendered":"Privacy GDPR"},"content":{"rendered":"<div class=\"wpb-content-wrapper\"><p>[vc_row full_width=&#8221;stretch_row&#8221; css=&#8221;.vc_custom_1682594942944{margin-bottom: 5px !important;background-image: url(https:\/\/www.lucartgroup.com\/wp-content\/uploads\/2020\/01\/PartershipSostenibili.jpg?id=3896) !important;background-position: center !important;background-repeat: no-repeat !important;background-size: cover !important;}&#8221; el_class=&#8221;small_top_box show-sub&#8221;][vc_column][vc_column_text]<\/p>\n<h1 style=\"text-align: center; margin-bottom: 100px!important; padding-top: 100px;\">Privacy GDPR<\/h1>\n<p>[\/vc_column_text][\/vc_column][\/vc_row][vc_row full_width=&#8221;stretch_row&#8221; el_class=&#8221;link_banner special_bunner&#8221; css=&#8221;.vc_custom_1682593861505{background-color: #0c4554 !important;}&#8221;][vc_column][vc_column_text]<\/p>\n<p style=\"text-align: center;\"><a href=\"https:\/\/www.iubenda.com\/privacy-policy\/96150548\" target=\"_blank\" rel=\"noopener\">Adatv\u00e9delmi ir\u00e1nyelvek<\/a><\/p>\n<p>[\/vc_column_text][\/vc_column][\/vc_row][vc_row full_width=&#8221;stretch_row&#8221; el_class=&#8221;link_banner special_bunner&#8221; css=&#8221;.vc_custom_1682593866119{background-color: #0c4554 !important;}&#8221;][vc_column][vc_column_text]<\/p>\n<p style=\"text-align: center;\"><a href=\"https:\/\/www.iubenda.com\/privacy-policy\/96150548\/cookie-policy\" target=\"_blank\" rel=\"noopener\">Cookie policy<\/a><\/p>\n<p>[\/vc_column_text][\/vc_column][\/vc_row][vc_row full_width=&#8221;stretch_row&#8221; el_class=&#8221;link_banner special_bunner&#8221; css=&#8221;.vc_custom_1682593871071{background-color: #0c4554 !important;}&#8221;][vc_column][vc_column_text css=&#8221;&#8221;]<\/p>\n<p style=\"text-align: center;\"><a href=\"https:\/\/www.lucartgroup.com\/wp-content\/uploads\/2024\/12\/INFORMATIVA-FORNITORI-Rev02_10.2024_HU.pdf\" target=\"_blank\" rel=\"noopener\">Besz\u00e1ll\u00edt\u00f3i szab\u00e1lyzat<\/a><\/p>\n<p>[\/vc_column_text][\/vc_column][\/vc_row][vc_row full_width=&#8221;stretch_row&#8221; el_class=&#8221;link_banner special_bunner&#8221; css=&#8221;.vc_custom_1682593876932{background-color: #0c4554 !important;}&#8221;][vc_column][vc_column_text css=&#8221;&#8221;]<\/p>\n<p style=\"text-align: center;\"><a href=\"https:\/\/www.lucartgroup.com\/wp-content\/uploads\/2024\/12\/INFORMATIVA-CLIENTI-Rev02_10.24_HU_clean.pdf\" target=\"_blank\" rel=\"noopener\">Vev\u0151kre vonatkoz\u00f3 szab\u00e1lyzat<\/a><\/p>\n<p>[\/vc_column_text][\/vc_column][\/vc_row][vc_row full_width=&#8221;stretch_row&#8221; el_class=&#8221;link_banner special_bunner&#8221; css=&#8221;.vc_custom_1682593876932{background-color: #0c4554 !important;}&#8221;][vc_column][vc_column_text css=&#8221;&#8221;]<\/p>\n<p style=\"text-align: center;\"><a href=\"https:\/\/www.lucartgroup.com\/wp-content\/uploads\/2024\/12\/INFORMATIVA-VISITATORI_Rev03_10.24_HU_clean.pdf\" target=\"_blank\" rel=\"noopener\">L\u00e1togat\u00f3i szab\u00e1lyzat<\/a><\/p>\n<p>[\/vc_column_text][\/vc_column][\/vc_row]<\/p>\n<\/div>","protected":false},"excerpt":{"rendered":"<p>[vc_row full_width=&#8221;stretch_row&#8221; css=&#8221;.vc_custom_1682594942944{margin-bottom: 5px !important;background-image: url(https:\/\/www.lucartgroup.com\/wp-content\/uploads\/2020\/01\/PartershipSostenibili.jpg?id=3896) !important;background-position: center !important;background-repeat: no-repeat !important;background-size: cover !important;}&#8221; el_class=&#8221;small_top_box show-sub&#8221;][vc_column][vc_column_text] Privacy GDPR [\/vc_column_text][\/vc_column][\/vc_row][vc_row full_width=&#8221;stretch_row&#8221; el_class=&#8221;link_banner special_bunner&#8221; css=&#8221;.vc_custom_1682593861505{background-color: #0c4554 !important;}&#8221;][vc_column][vc_column_text] Adatv\u00e9delmi ir\u00e1nyelvek [\/vc_column_text][\/vc_column][\/vc_row][vc_row full_width=&#8221;stretch_row&#8221; el_class=&#8221;link_banner special_bunner&#8221; [&hellip;]<\/p>\n","protected":false},"author":2,"featured_media":0,"parent":0,"menu_order":0,"comment_status":"closed","ping_status":"closed","template":"page-templates\/sostenibilita.php","meta":{"_acf_changed":false,"footnotes":""},"class_list":["post-21125","page","type-page","status-publish","hentry"],"acf":[],"_links":{"self":[{"href":"https:\/\/www.lucartgroup.com\/hu\/wp-json\/wp\/v2\/pages\/21125","targetHints":{"allow":["GET"]}}],"collection":[{"href":"https:\/\/www.lucartgroup.com\/hu\/wp-json\/wp\/v2\/pages"}],"about":[{"href":"https:\/\/www.lucartgroup.com\/hu\/wp-json\/wp\/v2\/types\/page"}],"author":[{"embeddable":true,"href":"https:\/\/www.lucartgroup.com\/hu\/wp-json\/wp\/v2\/users\/2"}],"replies":[{"embeddable":true,"href":"https:\/\/www.lucartgroup.com\/hu\/wp-json\/wp\/v2\/comments?post=21125"}],"version-history":[{"count":4,"href":"https:\/\/www.lucartgroup.com\/hu\/wp-json\/wp\/v2\/pages\/21125\/revisions"}],"predecessor-version":[{"id":24472,"href":"https:\/\/www.lucartgroup.com\/hu\/wp-json\/wp\/v2\/pages\/21125\/revisions\/24472"}],"wp:attachment":[{"href":"https:\/\/www.lucartgroup.com\/hu\/wp-json\/wp\/v2\/media?parent=21125"}],"curies":[{"name":"wp","href":"https:\/\/api.w.org\/{rel}","templated":true}]}}