{"id":9032,"date":"2019-01-23T16:45:46","date_gmt":"2019-01-23T15:45:46","guid":{"rendered":"https:\/\/www.lucartgroup.com\/sostenibilita\/obiettivi-di-sviluppo-sostenibili\/"},"modified":"2020-08-03T16:26:57","modified_gmt":"2020-08-03T14:26:57","slug":"objectifs-de-developpement-durable","status":"publish","type":"page","link":"https:\/\/www.lucartgroup.com\/fr\/la-durabilite\/objectifs-de-developpement-durable\/","title":{"rendered":"Objectifs de d\u00e9veloppement durable"},"content":{"rendered":"<div class=\"wpb-content-wrapper\"><p>[vc_row full_width=&#8221;stretch_row&#8221; css=&#8221;.vc_custom_1577973843763{background-image: url(https:\/\/www.lucartgroup.com\/wp-content\/uploads\/2020\/01\/ObiettiviSviluppo_kevin-b-leigh-nLPOF9Z2oqA-unsplash.jpg?id=3625) !important;background-position: center !important;background-repeat: no-repeat !important;background-size: cover !important;}&#8221; el_class=&#8221;sostenibilita_top_box&#8221;][vc_column][vc_column_text]<\/p>\n<h1 style=\"text-align: center;\">Objectifs de d\u00e9veloppement durable<\/h1>\n<p style=\"text-align: center;\">Le 25 septembre 2015, l&#8217;Assembl\u00e9e g\u00e9n\u00e9rale des Nations Unies a approuv\u00e9 le programme pour le<br \/>\nd\u00e9veloppement durable, qui comprend 17 objectifs de d\u00e9veloppement durable (ODD) valables pour la p\u00e9riode<br \/>\n2016 &#8211; 2030. Les ODD repr\u00e9sentent la voie la plus concr\u00e8te pour la construction d\u2019un monde plus<br \/>\ninclusif, juste et respectueux de l&#8217;environnement.<\/p>\n<p>[\/vc_column_text][\/vc_column][\/vc_row][vc_row el_class=&#8221;sostenibilita_dati logo-sdg&#8221;][vc_column][vc_empty_space height=&#8221;50px&#8221;][vc_single_image image=&#8221;12657&#8243; img_size=&#8221;full&#8221; alignment=&#8221;center&#8221;][\/vc_column][\/vc_row][vc_row el_class=&#8221;sostenibilita_dati&#8221;][vc_column][vc_column_text]<\/p>\n<p style=\"text-align: center;\">Notre strat\u00e9gie s&#8217;int\u00e8gre parfaitement dans le cadre d&#8217;actions d\u00e9fini par les ODD.<br \/>\nApr\u00e8s une r\u00e9flexion interne pour identifier la contribution de l&#8217;entreprise pour atteindre des 17<br \/>\nobjectifs, nous avons choisi les objectifs prioritaires suivants:<\/p>\n<p>[\/vc_column_text][vc_column_text]<div class='cont_blocchi_dati slick-carousel__container'><div class='blocco_dati sdg-box'><div class='singolo_dato clearfix float-sdg0'>\n\t        \t\t\t\t<div class='img_dato'><img src='https:\/\/www.lucartgroup.com\/wp-content\/uploads\/2020\/08\/F-WEB-Goal-03.png' class='listing-img-general listing-img'><\/div>\n\t        \t\t\t\t<div class='testi_dato'><div class='testo_piccolo test'><span class='testo_grosso'>3<\/span> Bonne sant\u00e9 et Bien-\u00eatre<\/div><div class='descrizione'>Nous tenons le plus grand compte de la sant\u00e9 et du bien-\u00eatre de nos travailleurs, de la population et des clients dans les actions que nous mettons en place quotidiennement pour proposer des produits sans danger pour l'homme et pour l'environnement. Nous accordons la plus grande attention \u00e0 la formation du personnel, au choix des \u00e9quipements et des installations et \u00e0 l'organisation qui constituent la base pour prot\u00e9ger la sant\u00e9 et la s\u00e9curit\u00e9 des travailleurs.<\/div>\n\t        \t\t\t\t<\/div>\n\t        \t\t\t<\/div>\n\t        \t\t<\/div><div class='blocco_dati sdg-box'><div class='singolo_dato clearfix float-sdg1'>\n\t        \t\t\t\t<div class='img_dato'><img src='https:\/\/www.lucartgroup.com\/wp-content\/uploads\/2020\/08\/F-WEB-Goal-04.png' class='listing-img-general listing-img1'><\/div>\n\t        \t\t\t\t<div class='testi_dato'><div class='testo_piccolo test'><span class='testo_grosso'>4 <\/span> \u00c9ducation de qualit\u00e9<\/div><div class='descrizione'>Nous investissons dans une \u00e9ducation de qualit\u00e9, \u00e9quitable et inclusive, pour am\u00e9liorer la vie des personnes. Nous sommes convaincus, en effet, que seule une collaboration active entre les entreprises et les citoyens peut garantir le d\u00e9veloppement d'une soci\u00e9t\u00e9 durable. Nos produits doivent inspirer les consommateurs \u00e0 adopter un mode de vie responsable et durable. Nous soutenons l'Universit\u00e9 et la recherche scientifique \u00e0 travers des partenariats tels que celui avec l'Universit\u00e9 des Sciences Gastronomiques de Pollenzo, l'Universit\u00e9 de Pise et l'\u00c9cole Universitaire Sup\u00e9rieure S. Anna de Pise. <\/div>\n\t        \t\t\t\t<\/div>\n\t        \t\t\t<\/div>\n\t        \t\t<\/div><div class='blocco_dati sdg-box'><div class='singolo_dato clearfix float-sdg0'>\n\t        \t\t\t\t<div class='img_dato'><img src='https:\/\/www.lucartgroup.com\/wp-content\/uploads\/2020\/08\/F-WEB-Goal-06.png' class='listing-img-general listing-img2'><\/div>\n\t        \t\t\t\t<div class='testi_dato'><div class='testo_piccolo test'><span class='testo_grosso'>6 <\/span> Eau Propre et assainissement<\/div><div class='descrizione'>L'eau est un bien pr\u00e9cieux \u00e0 la disponibilit\u00e9 limit\u00e9e. Le processus de fabrication du papier n\u00e9cessite des quantit\u00e9s consid\u00e9rables d'eau, pour cette raison, nous sommes bien conscients que l'utilisation de cette ressource \u00e0 des fins industrielles doit \u00eatre responsable et doit garantir une moindre consommation ainsi que la qualit\u00e9 et la propret\u00e9 de l'eau \u00e0 la fin du processus de production. Nous effectuons des contr\u00f4les continus sur les eaux de processus et des eaux us\u00e9es et nous investissons dans les meilleures technologies afin de r\u00e9duire les consommations.<\/div>\n\t        \t\t\t\t<\/div>\n\t        \t\t\t<\/div>\n\t        \t\t<\/div><div class='blocco_dati sdg-box'><div class='singolo_dato clearfix float-sdg1'>\n\t        \t\t\t\t<div class='img_dato'><img src='https:\/\/www.lucartgroup.com\/wp-content\/uploads\/2020\/08\/F-WEB-Goal-07.png' class='listing-img-general listing-img3'><\/div>\n\t        \t\t\t\t<div class='testi_dato'><div class='testo_piccolo test'><span class='testo_grosso'>7 <\/span> \u00c9nergie propre et d\u2019un co\u00fbt abordable <\/div><div class='descrizione'>La consommation d'\u00e9nergie li\u00e9e \u00e0 la production de papier est importante et c'est pourquoi depuis les ann\u00e9es 80 nous avons d\u00e9cid\u00e9 d'investir dans les technologies les plus sophistiqu\u00e9es pour produire de l'\u00e9lectricit\u00e9, de la chaleur et de la vapeur \u00e0 utiliser dans le processus de production. La technologie la plus adapt\u00e9e au secteur, en mesure de garantir les plus hautes performances, la continuit\u00e9 de la production et la r\u00e9duction des \u00e9missions, est l'utilisation de turbines \u00e0 gaz m\u00e9thane en cog\u00e9n\u00e9ration. Dans la mesure du possible et en accord avec les besoins \u00e9nerg\u00e9tiques des centrales, des installations photovolta\u00efques sont \u00e9galement utilis\u00e9es.<\/div>\n\t        \t\t\t\t<\/div>\n\t        \t\t\t<\/div>\n\t        \t\t<\/div><div class='blocco_dati sdg-box'><div class='singolo_dato clearfix float-sdg0'>\n\t        \t\t\t\t<div class='img_dato'><img src='https:\/\/www.lucartgroup.com\/wp-content\/uploads\/2020\/08\/F-WEB-Goal-12.png' class='listing-img-general listing-img4'><\/div>\n\t        \t\t\t\t<div class='testi_dato'><div class='testo_piccolo test'><span class='testo_grosso'>12 <\/span> Consommation et Production Responsables<\/div><div class='descrizione'>A travers la recherche et l'innovation continue des processus, des produits et des mod\u00e8les commerciaux, nous avons toujours voulu anticiper les temps et proposer des technologies et des papiers en mesure d\u2019am\u00e9liorer la vie des travailleurs et des consommateurs, en respectant l'environnement. Ce n'est pas un hasard si nous avons \u00e9t\u00e9 la premi\u00e8re entreprise en Italie \u00e0 lancer une gamme de produits pour l\u2019hygi\u00e8ne en papier recycl\u00e9 et avec une emballage biod\u00e9gradable en Mater-Bi. <\/div>\n\t        \t\t\t\t<\/div>\n\t        \t\t\t<\/div>\n\t        \t\t<\/div><div class='blocco_dati sdg-box'><div class='singolo_dato clearfix float-sdg1'>\n\t        \t\t\t\t<div class='img_dato'><img src='https:\/\/www.lucartgroup.com\/wp-content\/uploads\/2020\/08\/F-WEB-Goal-13.png' class='listing-img-general listing-img5'><\/div>\n\t        \t\t\t\t<div class='testi_dato'><div class='testo_piccolo test'><span class='testo_grosso'>13 <\/span> Mesures relatives \u00e0 la lutte contre les changements climatiques<\/div><div class='descrizione'>Le changement climatique est probablement la plus grande menace \u00e0 laquelle nous devrons faire face  pendant les ann\u00e9es \u00e0 venir. Nous pr\u00e9voyons des programmes de r\u00e9duction de nos \u00e9missions de CO<sub>2<\/sub> par tonne de papier produite. Le choix de privil\u00e9gier la production de papier recycl\u00e9 pr\u00e9sente de remarquables avantages en mati\u00e8re d\u2019environnement car il r\u00e9duit les \u00e9missions de CO<sub>2<\/sub> d'environ 16% pour la m\u00eame quantit\u00e9 de papier produite.<\/div>\n\t        \t\t\t\t<\/div>\n\t        \t\t\t<\/div>\n\t        \t\t<\/div><div class='blocco_dati sdg-box'><div class='singolo_dato clearfix float-sdg0'>\n\t        \t\t\t\t<div class='img_dato'><img src='https:\/\/www.lucartgroup.com\/wp-content\/uploads\/2020\/08\/F-WEB-Goal-15.png' class='listing-img-general listing-img6'><\/div>\n\t        \t\t\t\t<div class='testi_dato'><div class='testo_piccolo test'><span class='testo_grosso'>15 <\/span> Vie terrestre<\/div><div class='descrizione'>558\/5000L'\u00e9cosyst\u00e8me terrestre doit \u00eatre prot\u00e9g\u00e9 et nous devons sauvegarder les ressources limit\u00e9es que nous utilisons. Pour cette raison, nous \u00e9valuons soigneusement la durabilit\u00e9 des mati\u00e8res premi\u00e8res que nous utilisons, qu'il s\u2019agisse de celluloses pures ou de papier \u00e0 recycler. Toute la cellulose que nous utilisons provient de for\u00eats avec une cha\u00eene de tra\u00e7abilit\u00e9 certifi\u00e9e avec des syst\u00e8mes de certification tels que FSC<sup>\u00ae<\/sup> et PEFC\u2122. L'utilisation de papier recycl\u00e9 pour la production de papier tissue r\u00e9duit l'utilisation de celluloses extraites du bois et contribue \u00e0 la protection de la biodiversit\u00e9.<\/div>\n\t        \t\t\t\t<\/div>\n\t        \t\t\t<\/div>\n\t        \t\t<\/div><div class='blocco_dati sdg-box'><div class='singolo_dato clearfix float-sdg1'>\n\t        \t\t\t\t<div class='img_dato'><img src='https:\/\/www.lucartgroup.com\/wp-content\/uploads\/2020\/08\/F-WEB-Goal-17.png' class='listing-img-general listing-img7'><\/div>\n\t        \t\t\t\t<div class='testi_dato'><div class='testo_piccolo test'><span class='testo_grosso'>17 <\/span> Partenariats pour la r\u00e9alisation des objectifs<\/div><div class='descrizione'> Nous sommes fortement ax\u00e9s sur l\u2019application des mod\u00e8les \u00e9conomiques circulaires et nous encourageons donc les partenariats \u00e0 long terme avec des organismes, des entreprises et des institutions qui partagent les m\u00eames valeurs et objectifs. Comme le montre le projet Natural, l'\u00e9conomie circulaire peut fonctionner uniquement par le partage de projets et d'actions coordonn\u00e9es de la part des citoyens, des institutions et des entreprises.<\/div>\n\t        \t\t\t\t<\/div>\n\t        \t\t\t<\/div>\n\t        \t\t<\/div><\/div>[\/vc_column_text][\/vc_column][\/vc_row][vc_row full_width=&#8221;stretch_row&#8221; el_class=&#8221;box_ricerca_informazioni&#8221; css=&#8221;.vc_custom_1585903654397{background-image: url(https:\/\/www.lucartgroup.com\/wp-content\/uploads\/2019\/12\/van-tay-media-QklJV_Q0Pig-unsplash.jpg?id=3490) !important;background-position: center !important;background-repeat: no-repeat !important;background-size: cover !important;}&#8221;][vc_column][vc_column_text css=&#8221;.vc_custom_1582109969624{background-position: center !important;background-repeat: no-repeat !important;background-size: cover !important;}&#8221;]<\/p>\n<h4 style=\"text-align: left;\">Vous avez besoin d\u2019informations?<\/h4>\n<p style=\"text-align: left;\"><a href=\"https:\/\/www.lucartgroup.com\/en\/contacts\/\">contactez-nous<\/a><\/p>\n<p>[\/vc_column_text][\/vc_column][\/vc_row]<\/p>\n<\/div>","protected":false},"excerpt":{"rendered":"<p>[vc_row full_width=&#8221;stretch_row&#8221; css=&#8221;.vc_custom_1577973843763{background-image: url(https:\/\/www.lucartgroup.com\/wp-content\/uploads\/2020\/01\/ObiettiviSviluppo_kevin-b-leigh-nLPOF9Z2oqA-unsplash.jpg?id=3625) !important;background-position: center !important;background-repeat: no-repeat !important;background-size: cover !important;}&#8221; el_class=&#8221;sostenibilita_top_box&#8221;][vc_column][vc_column_text] Objectifs de d\u00e9veloppement durable Le 25 septembre 2015, l&#8217;Assembl\u00e9e g\u00e9n\u00e9rale des Nations Unies a approuv\u00e9 le programme pour [&hellip;]<\/p>\n","protected":false},"author":2,"featured_media":0,"parent":7026,"menu_order":0,"comment_status":"closed","ping_status":"closed","template":"page-templates\/pagina_sdg.php","meta":{"_acf_changed":false,"footnotes":""},"class_list":["post-9032","page","type-page","status-publish","hentry"],"acf":[],"_links":{"self":[{"href":"https:\/\/www.lucartgroup.com\/fr\/wp-json\/wp\/v2\/pages\/9032","targetHints":{"allow":["GET"]}}],"collection":[{"href":"https:\/\/www.lucartgroup.com\/fr\/wp-json\/wp\/v2\/pages"}],"about":[{"href":"https:\/\/www.lucartgroup.com\/fr\/wp-json\/wp\/v2\/types\/page"}],"author":[{"embeddable":true,"href":"https:\/\/www.lucartgroup.com\/fr\/wp-json\/wp\/v2\/users\/2"}],"replies":[{"embeddable":true,"href":"https:\/\/www.lucartgroup.com\/fr\/wp-json\/wp\/v2\/comments?post=9032"}],"version-history":[{"count":4,"href":"https:\/\/www.lucartgroup.com\/fr\/wp-json\/wp\/v2\/pages\/9032\/revisions"}],"predecessor-version":[{"id":12664,"href":"https:\/\/www.lucartgroup.com\/fr\/wp-json\/wp\/v2\/pages\/9032\/revisions\/12664"}],"up":[{"embeddable":true,"href":"https:\/\/www.lucartgroup.com\/fr\/wp-json\/wp\/v2\/pages\/7026"}],"wp:attachment":[{"href":"https:\/\/www.lucartgroup.com\/fr\/wp-json\/wp\/v2\/media?parent=9032"}],"curies":[{"name":"wp","href":"https:\/\/api.w.org\/{rel}","templated":true}]}}