{"id":7104,"date":"2018-10-16T10:53:45","date_gmt":"2018-10-16T08:53:45","guid":{"rendered":"https:\/\/www.lucartgroup.com\/legal-notes\/"},"modified":"2020-07-29T15:33:50","modified_gmt":"2020-07-29T13:33:50","slug":"mentions-legales","status":"publish","type":"page","link":"https:\/\/www.lucartgroup.com\/fr\/mentions-legales\/","title":{"rendered":"Mentions l\u00e9gales"},"content":{"rendered":"<div class=\"wpb-content-wrapper\"><p>[vc_row el_class=&#8221;note-legali&#8221;][vc_column][vc_column_text el_class=&#8221;intro_page&#8221;]<\/p>\n<h2 style=\"text-align: center;\">Mentions L\u00e9gales<\/h2>\n<p>[\/vc_column_text][vc_column_text]<b>COMMUNICATION RELATIVE A LA DOCUMENTATION DISPONIBLE SUR CE SITE WEB<\/b><\/p>\n<p>&nbsp;<\/p>\n<p><b>Copyright<\/b><\/p>\n<p><span style=\"font-weight: 400;\">Tous les contenus disponibles sur le site, propri\u00e9t\u00e9 de la soci\u00e9t\u00e9 Lucart S.p.A. bas\u00e9e \u00e0 Porcari (Lucques), Via Ciarpi, 77, ne peuvent \u00eatre utilis\u00e9s qu&#8217;avec l&#8217;autorisation pr\u00e9alable du titulaire du droit d&#8217;auteur et dans un but d&#8217;information ou personnel ; toute utilisation ou distribution commerciale sur un autre ordinateur est express\u00e9ment interdite ; il est \u00e9galement interdit d\u2019apporter des modifications au contenu du site. Toute autre forme d&#8217;utilisation est interdite. Les sanctions civiles et p\u00e9nales relatives seront appliqu\u00e9es aux contrevenants. La reproduction graphique de la part de concurrents potentiels du site Web appartenant \u00e0 la soci\u00e9t\u00e9 ou de tout autre site d\u00e9velopp\u00e9, autoris\u00e9, contr\u00f4l\u00e9 ou d\u00e9tenu par la soci\u00e9t\u00e9 est \u00e9galement interdite. Aucun logo, \u00e9l\u00e9ment graphique, son ou image extrait du site ne peut \u00eatre copi\u00e9 ou reproduit sans l&#8217;autorisation expresse de la soci\u00e9t\u00e9. Les \u00e9l\u00e9ments qui constituent le site sont prot\u00e9g\u00e9s par des accords commerciaux et leur utilisation est conforme aux lois sur les marques d\u00e9pos\u00e9es, sur la concurrence d\u00e9loyale et autres lois et ils ne peuvent \u00eatre ni copi\u00e9s ni imit\u00e9s.<\/span><\/p>\n<p><b>Exon\u00e9ration de responsabilit\u00e9<\/b><\/p>\n<p><span style=\"font-weight: 400;\">La soci\u00e9t\u00e9 Lucart S.p.A. dont le si\u00e8ge est sis \u00e0 Porcari (Lucques), Via Ciarpi, 77 n&#8217;est pas responsable des informations contenues dans les pages Web mentionn\u00e9es sur le site lui appartenant et de ceux \u00e9ventuellement d\u00e9velopp\u00e9s, et dans la repr\u00e9sentation graphique relative, ni pour toute violation des droits d&#8217;autrui et dommages \u00e9galement indirects subis, ou pour d&#8217;autres dommages de toute nature, r\u00e9sultant \u00e9galement de la perte du droit d&#8217;utilisation, de la perte d&#8217;informations ou du manque \u00e0 gagner ou d\u00e9coulant de la non-ex\u00e9cution du contrat, de la n\u00e9gligence ou d&#8217;autres actions pr\u00e9judiciables, d\u00e9coulant de ou en quelque sorte li\u00e9s \u00e0 l\u2019utilisation ou aux informations disponibles sur ce site. La Soci\u00e9t\u00e9 n&#8217;est pas responsable des inexactitudes techniques ou des erreurs typographiques ; toutes les informations sont sujettes \u00e0 des modifications p\u00e9riodiques. La Soci\u00e9t\u00e9 peut apporter des am\u00e9liorations ou des changements aux produits et aux programmes d\u00e9crits sur ces sites \u00e0 tout moment.<\/span><\/p>\n<p><b>Marques<\/b><\/p>\n<p><span style=\"font-weight: 400;\">Les noms de produits et de soci\u00e9t\u00e9s mentionn\u00e9s sur le site peuvent \u00eatre des marques de leurs propri\u00e9taires respectifs. Il est donc express\u00e9ment interdit de les utiliser sans autorisation.\u00a0<\/span><\/p>\n<p><span style=\"font-weight: 400;\">Tous les droits non express\u00e9ment accord\u00e9s dans cette note sont r\u00e9serv\u00e9s.\u00a0<\/span><\/p>\n<p><span style=\"font-weight: 400;\">COMMUNICATION DE COPYRIGHT. Copyright \u00a9 2020 Lucart SpA. Tous les droits sont r\u00e9serv\u00e9s.<\/span>[\/vc_column_text][\/vc_column][\/vc_row][vc_row full_width=&#8221;stretch_row&#8221; el_class=&#8221;box_ricerca_informazioni&#8221; css=&#8221;.vc_custom_1540194069456{background-image: url(https:\/\/www.lucartgroup.com\/wp-content\/uploads\/2018\/10\/contatti-1.jpg?id=132) !important;background-position: center !important;background-repeat: no-repeat !important;background-size: cover !important;}&#8221;][vc_column][vc_column_text css=&#8221;.vc_custom_1596029619880{background-position: center !important;background-repeat: no-repeat !important;background-size: cover !important;}&#8221;]<\/p>\n<h4 style=\"text-align: left;\">Vous avez besoin d\u2019informations?<\/h4>\n<p style=\"text-align: left;\"><a href=\"https:\/\/www.lucartgroup.com\/en\/contacts\/\">contactez-nous<\/a><\/p>\n<p>[\/vc_column_text][\/vc_column][\/vc_row]<\/p>\n<\/div>","protected":false},"excerpt":{"rendered":"<p>[vc_row el_class=&#8221;note-legali&#8221;][vc_column][vc_column_text el_class=&#8221;intro_page&#8221;] Mentions L\u00e9gales [\/vc_column_text][vc_column_text]COMMUNICATION RELATIVE A LA DOCUMENTATION DISPONIBLE SUR CE SITE WEB &nbsp; Copyright Tous les contenus disponibles sur le site, propri\u00e9t\u00e9 de la soci\u00e9t\u00e9 Lucart S.p.A. [&hellip;]<\/p>\n","protected":false},"author":2,"featured_media":0,"parent":0,"menu_order":0,"comment_status":"closed","ping_status":"closed","template":"page-templates\/template_base.php","meta":{"_acf_changed":false,"footnotes":""},"class_list":["post-7104","page","type-page","status-publish","hentry"],"acf":[],"_links":{"self":[{"href":"https:\/\/www.lucartgroup.com\/fr\/wp-json\/wp\/v2\/pages\/7104","targetHints":{"allow":["GET"]}}],"collection":[{"href":"https:\/\/www.lucartgroup.com\/fr\/wp-json\/wp\/v2\/pages"}],"about":[{"href":"https:\/\/www.lucartgroup.com\/fr\/wp-json\/wp\/v2\/types\/page"}],"author":[{"embeddable":true,"href":"https:\/\/www.lucartgroup.com\/fr\/wp-json\/wp\/v2\/users\/2"}],"replies":[{"embeddable":true,"href":"https:\/\/www.lucartgroup.com\/fr\/wp-json\/wp\/v2\/comments?post=7104"}],"version-history":[{"count":4,"href":"https:\/\/www.lucartgroup.com\/fr\/wp-json\/wp\/v2\/pages\/7104\/revisions"}],"predecessor-version":[{"id":12230,"href":"https:\/\/www.lucartgroup.com\/fr\/wp-json\/wp\/v2\/pages\/7104\/revisions\/12230"}],"wp:attachment":[{"href":"https:\/\/www.lucartgroup.com\/fr\/wp-json\/wp\/v2\/media?parent=7104"}],"curies":[{"name":"wp","href":"https:\/\/api.w.org\/{rel}","templated":true}]}}