{"id":7088,"date":"2018-10-15T14:05:28","date_gmt":"2018-10-15T12:05:28","guid":{"rendered":"https:\/\/www.lucartgroup.com\/lavora-con-noi\/"},"modified":"2026-02-24T10:24:45","modified_gmt":"2026-02-24T09:24:45","slug":"recrutement","status":"publish","type":"page","link":"https:\/\/www.lucartgroup.com\/fr\/recrutement\/","title":{"rendered":"Recrutement"},"content":{"rendered":"<div class=\"wpb-content-wrapper\"><p>[vc_row full_width=&#8221;stretch_row&#8221; css=&#8221;.vc_custom_1601461133916{background-image: url(https:\/\/www.lucartgroup.com\/wp-content\/uploads\/2020\/09\/LUCART-775.jpg?id=13419) !important;background-position: center !important;background-repeat: no-repeat !important;background-size: cover !important;}&#8221; el_class=&#8221;sostenibilita_top_box show-sub&#8221;][vc_column][vc_column_text]<\/p>\n<h1 style=\"text-align: center;\">Recrutement<\/h1>\n<p style=\"text-align: center;\"><span style=\"font-weight: 400;\">Nous pensons que l&#8217;engagement, les comp\u00e9tences, la passion et la cr\u00e9ativit\u00e9 des personnes qui font partie de Lucart<\/span><span style=\"font-weight: 400;\"><br \/>\n<\/span><span style=\"font-weight: 400;\">sont \u00e0 la base de notre croissance et de notre parcours vertueux qui nous a permis de devenir ce que nous sommes aujourd&#8217;hui.<\/span><span style=\"font-weight: 400;\"><br \/>\n<\/span><span style=\"font-weight: 400;\">Faire partie de notre Groupe, c&#8217;est partager cette vision durable du monde et \u00eatre pr\u00eat \u00e0 apporter votre contribution au d\u00e9veloppement<\/span><span style=\"font-weight: 400;\"><br \/>\n<\/span><span style=\"font-weight: 400;\">de produits qui am\u00e9liorent le quotidien des gens, toujours orient\u00e9s vers l&#8217;innovation, la qualit\u00e9 et le respect de l&#8217;environnement.<\/span><span style=\"font-weight: 400;\"><br \/>\n<\/span><\/p>\n<p>&nbsp;<\/p>\n<p>&nbsp;<\/p>\n<p>&nbsp;<\/p>\n<p>&nbsp;<\/p>\n<p>&nbsp;<\/p>\n<p>&nbsp;<\/p>\n<p>[\/vc_column_text][\/vc_column][\/vc_row][vc_row full_width=&#8221;stretch_row&#8221; css=&#8221;.vc_custom_1540665916436{background-color: #f9fdff !important;}&#8221; el_class=&#8221;cont_esterno_posizioni_lavorative&#8221;][vc_column][vc_column_text]<div class='contenitore_posizioni_lavorative clearfix'><h2>Postes disponibles<\/h2><div class='intro_page' style='margin-bottom:80px'><p style='text-align:center'>Si vous voulez tenter avec nous une nouvelle exp\u00e9rience, consultez les postes disponibles ou envoyez-nous une candidature spontan\u00e9e.<\/p><\/div><div class='d-flex flex-wrap gap_30'><div class='singola_posizione'>\t<div class='singola_posizione_contenuto'>\n\t\t\t\t\t\t\t<div class='singola_posizione_titolo'><h3>Apprentissage Bac Pro Procedes de la Chimie, de l\u2019eau et des Papiers-Cartons<\/h3><\/div>\n\t\t\t\t\t\t\t<div class='singola_posizione_localita'>Laval Sur Vologne<\/div>\n\t\t\t\t\t\t\t<div class='singola_posizione_testo'>Alternance en papeterie ! En pr\u00e9paration d'un BAC PRO PCEPC ?\r\n\r\nVous souhaitez vous former \u00e0 un m\u00e9tier int\u00e9ressant, technique et plein d'avenir ?\r\n\r\nPrenez le temps de lire cette opportunit\u00e9 de poste en alternance !\r\n\r\nO\u00f9 ?\r\n\r\nAu sein d'une usine sp\u00e9cialis\u00e9e dans la production et la transformation de papier ...<\/div>\n\t\t\t\t\t\t\t<div><a href='https:\/\/www.lucartgroup.com\/fr\/open_positions\/apprentissage-bac-pro-procedes-de-la-chimie-de-leau-et-des-papiers-cartons\/' class='singola_posizione_link'>Envoyer la candidature<\/a><\/div>\n\t\t\t\t\t\t\t<div class=\"addtoany_shortcode\"><div class=\"a2a_kit a2a_kit_size_16 addtoany_list\" data-a2a-url=\"https:\/\/www.lucartgroup.com\/fr\/open_positions\/apprentissage-bac-pro-procedes-de-la-chimie-de-leau-et-des-papiers-cartons\/\" data-a2a-title=\"Apprentissage Bac Pro Procedes de la Chimie, de l\u2019eau et des Papiers-Cartons\"><a class=\"a2a_button_facebook\" href=\"https:\/\/www.addtoany.com\/add_to\/facebook?linkurl=https%3A%2F%2Fwww.lucartgroup.com%2Ffr%2Fopen_positions%2Fapprentissage-bac-pro-procedes-de-la-chimie-de-leau-et-des-papiers-cartons%2F&amp;linkname=Apprentissage%20Bac%20Pro%20Procedes%20de%20la%20Chimie%2C%20de%20l%E2%80%99eau%20et%20des%20Papiers-Cartons\" title=\"Facebook\" rel=\"nofollow noopener\" target=\"_blank\"><\/a><a class=\"a2a_button_linkedin\" href=\"https:\/\/www.addtoany.com\/add_to\/linkedin?linkurl=https%3A%2F%2Fwww.lucartgroup.com%2Ffr%2Fopen_positions%2Fapprentissage-bac-pro-procedes-de-la-chimie-de-leau-et-des-papiers-cartons%2F&amp;linkname=Apprentissage%20Bac%20Pro%20Procedes%20de%20la%20Chimie%2C%20de%20l%E2%80%99eau%20et%20des%20Papiers-Cartons\" title=\"LinkedIn\" rel=\"nofollow noopener\" target=\"_blank\"><\/a><\/div><\/div>\n\t\t\t\t\t\t<\/div>\n\t\t\t\t\t<\/div><div class='singola_posizione'>\t<div class='singola_posizione_contenuto'>\n\t\t\t\t\t\t\t<div class='singola_posizione_titolo'><h3>Apprentissage BTS Pilotage des Procedes<\/h3><\/div>\n\t\t\t\t\t\t\t<div class='singola_posizione_localita'>Laval Sur Vologne<\/div>\n\t\t\t\t\t\t\t<div class='singola_posizione_testo'>Alternance en papeterie ! En pr\u00e9paration d'un BTS Pilotage des Proc\u00e9d\u00e9s ?\r\n\r\nVous souhaitez vous former \u00e0 un m\u00e9tier int\u00e9ressant, technique et plein d'avenir ?\r\n\r\nPrenez le temps de lire cette opportunit\u00e9 de poste en alternance !\r\n\r\nO\u00f9 ?\r\n\r\nAu sein d'une usine sp\u00e9cialis\u00e9e dans la production et la ...<\/div>\n\t\t\t\t\t\t\t<div><a href='https:\/\/www.lucartgroup.com\/fr\/open_positions\/apprentissage-bts-pilotage-des-procedes\/' class='singola_posizione_link'>Envoyer la candidature<\/a><\/div>\n\t\t\t\t\t\t\t<div class=\"addtoany_shortcode\"><div class=\"a2a_kit a2a_kit_size_16 addtoany_list\" data-a2a-url=\"https:\/\/www.lucartgroup.com\/fr\/open_positions\/apprentissage-bts-pilotage-des-procedes\/\" data-a2a-title=\"Apprentissage BTS Pilotage des Procedes\"><a class=\"a2a_button_facebook\" href=\"https:\/\/www.addtoany.com\/add_to\/facebook?linkurl=https%3A%2F%2Fwww.lucartgroup.com%2Ffr%2Fopen_positions%2Fapprentissage-bts-pilotage-des-procedes%2F&amp;linkname=Apprentissage%20BTS%20Pilotage%20des%20Procedes\" title=\"Facebook\" rel=\"nofollow noopener\" target=\"_blank\"><\/a><a class=\"a2a_button_linkedin\" href=\"https:\/\/www.addtoany.com\/add_to\/linkedin?linkurl=https%3A%2F%2Fwww.lucartgroup.com%2Ffr%2Fopen_positions%2Fapprentissage-bts-pilotage-des-procedes%2F&amp;linkname=Apprentissage%20BTS%20Pilotage%20des%20Procedes\" title=\"LinkedIn\" rel=\"nofollow noopener\" target=\"_blank\"><\/a><\/div><\/div>\n\t\t\t\t\t\t<\/div>\n\t\t\t\t\t<\/div><div class='singola_posizione'>\t<div class='singola_posizione_contenuto'>\n\t\t\t\t\t\t\t<div class='singola_posizione_titolo'><h3>M\u00e9canicien H\/F<\/h3><\/div>\n\t\t\t\t\t\t\t<div class='singola_posizione_localita'>Laval Sur Vologne<\/div>\n\t\t\t\t\t\t\t<div class='singola_posizione_testo'>Vos comp\u00e9tences en maintenance m\u00e9canique sont reconnues et vous \u00eates en qu\u00eate d\u2019autonomie dans votre travail ?\r\nPrenez le temps de lire cette opportunit\u00e9 d\u2019emploi en CDI !\r\n\r\nO\u00f9 ?\r\nAu sein d'une usine sp\u00e9cialis\u00e9e dans la production et la transformation de papier recycl\u00e9, \u00e0 Laval sur Vologne (Vosges)\r\n\r\nConnue pour ...<\/div>\n\t\t\t\t\t\t\t<div><a href='https:\/\/www.lucartgroup.com\/fr\/open_positions\/mecanicien-h-f\/' class='singola_posizione_link'>Envoyer la candidature<\/a><\/div>\n\t\t\t\t\t\t\t<div class=\"addtoany_shortcode\"><div class=\"a2a_kit a2a_kit_size_16 addtoany_list\" data-a2a-url=\"https:\/\/www.lucartgroup.com\/fr\/open_positions\/mecanicien-h-f\/\" data-a2a-title=\"M\u00e9canicien H\/F\"><a class=\"a2a_button_facebook\" href=\"https:\/\/www.addtoany.com\/add_to\/facebook?linkurl=https%3A%2F%2Fwww.lucartgroup.com%2Ffr%2Fopen_positions%2Fmecanicien-h-f%2F&amp;linkname=M%C3%A9canicien%20H%2FF\" title=\"Facebook\" rel=\"nofollow noopener\" target=\"_blank\"><\/a><a class=\"a2a_button_linkedin\" href=\"https:\/\/www.addtoany.com\/add_to\/linkedin?linkurl=https%3A%2F%2Fwww.lucartgroup.com%2Ffr%2Fopen_positions%2Fmecanicien-h-f%2F&amp;linkname=M%C3%A9canicien%20H%2FF\" title=\"LinkedIn\" rel=\"nofollow noopener\" target=\"_blank\"><\/a><\/div><\/div>\n\t\t\t\t\t\t<\/div>\n\t\t\t\t\t<\/div><div class='singola_posizione'>\t<div class='singola_posizione_contenuto'>\n\t\t\t\t\t\t\t<div class='singola_posizione_titolo'><h3>Electricien industriel H\/F<\/h3><\/div>\n\t\t\t\t\t\t\t<div class='singola_posizione_localita'>Laval Sur Vologne<\/div>\n\t\t\t\t\t\t\t<div class='singola_posizione_testo'>Vos comp\u00e9tences en maintenance \u00e9lectrique sont reconnues et vous \u00eates en qu\u00eate d\u2019autonomie dans votre travail ?\r\n\r\nPrenez le temps de lire cette opportunit\u00e9 d\u2019emploi en CDI ! Lucart ?\r\n\r\n Un v\u00e9ritable terrain de jeux pour les amoureux de la technique !\r\n\r\nLucart repr\u00e9sente l\u2019activit\u00e9 papeti\u00e8re existante depuis 1874 ...<\/div>\n\t\t\t\t\t\t\t<div><a href='https:\/\/www.lucartgroup.com\/fr\/open_positions\/electromecanicien-h-f\/' class='singola_posizione_link'>Envoyer la candidature<\/a><\/div>\n\t\t\t\t\t\t\t<div class=\"addtoany_shortcode\"><div class=\"a2a_kit a2a_kit_size_16 addtoany_list\" data-a2a-url=\"https:\/\/www.lucartgroup.com\/fr\/open_positions\/electromecanicien-h-f\/\" data-a2a-title=\"Electricien industriel H\/F\"><a class=\"a2a_button_facebook\" href=\"https:\/\/www.addtoany.com\/add_to\/facebook?linkurl=https%3A%2F%2Fwww.lucartgroup.com%2Ffr%2Fopen_positions%2Felectromecanicien-h-f%2F&amp;linkname=Electricien%20industriel%20H%2FF\" title=\"Facebook\" rel=\"nofollow noopener\" target=\"_blank\"><\/a><a class=\"a2a_button_linkedin\" href=\"https:\/\/www.addtoany.com\/add_to\/linkedin?linkurl=https%3A%2F%2Fwww.lucartgroup.com%2Ffr%2Fopen_positions%2Felectromecanicien-h-f%2F&amp;linkname=Electricien%20industriel%20H%2FF\" title=\"LinkedIn\" rel=\"nofollow noopener\" target=\"_blank\"><\/a><\/div><\/div>\n\t\t\t\t\t\t<\/div>\n\t\t\t\t\t<\/div><\/div><\/div>[\/vc_column_text][\/vc_column][\/vc_row][vc_row][vc_column][vc_column_text css=&#8221;&#8221;]<i>La loi \u00ab Pour la libert\u00e9 de choisir son avenir professionnel \u00bb a institu\u00e9 l\u2019obligation, pour les entreprises de plus de 50 salari\u00e9s, de renseigner un tableau de bord concernant la th\u00e9matique de l\u2019\u00e9galit\u00e9 professionnelle. Notre soci\u00e9t\u00e9 comptant plus de 350 salari\u00e9s, nous nous acquittons de notre obligation au regard de 5 indicateurs.<br \/>\nLe r\u00e9sultat ainsi obtenu pour l\u2019ann\u00e9e 2025 est de 77.<br \/>\nD\u00e9tail des indicateurs: r\u00e9mun\u00e9ration: 37\/40; augmentations: 20\/20; promotions: 5\/15; salari\u00e9es augment\u00e9es au retour d\u2019un cong\u00e9 maternit\u00e9: 15\/15; nombre de salari\u00e9s du sexe sous-repr\u00e9sent\u00e9 parmi les 10 plus hautes r\u00e9mun\u00e9rations : 0\/10.<br \/>\nPar cons\u00e9quent, des objectifs de progression sont en cours de n\u00e9gociation.<\/i>[\/vc_column_text][\/vc_column][\/vc_row][vc_row full_width=&#8221;stretch_row&#8221; el_class=&#8221;box_ricerca_informazioni&#8221; css=&#8221;.vc_custom_1585903786417{background-image: url(https:\/\/www.lucartgroup.com\/wp-content\/uploads\/2019\/12\/van-tay-media-QklJV_Q0Pig-unsplash.jpg?id=3490) !important;background-position: center !important;background-repeat: no-repeat !important;background-size: cover !important;}&#8221;][vc_column][vc_column_text css=&#8221;.vc_custom_1549642756456{background-position: center !important;background-repeat: no-repeat !important;background-size: cover !important;}&#8221;]<\/p>\n<h4 style=\"text-align: left;\">Vous avez besoin d\u2019informations?<\/h4>\n<p style=\"text-align: left;\"><a href=\"#\">contactez-nous<\/a><\/p>\n<p>[\/vc_column_text][\/vc_column][\/vc_row]<\/p>\n<\/div>","protected":false},"excerpt":{"rendered":"<p>[vc_row full_width=&#8221;stretch_row&#8221; css=&#8221;.vc_custom_1601461133916{background-image: url(https:\/\/www.lucartgroup.com\/wp-content\/uploads\/2020\/09\/LUCART-775.jpg?id=13419) !important;background-position: center !important;background-repeat: no-repeat !important;background-size: cover !important;}&#8221; el_class=&#8221;sostenibilita_top_box show-sub&#8221;][vc_column][vc_column_text] Recrutement Nous pensons que l&#8217;engagement, les comp\u00e9tences, la passion et la cr\u00e9ativit\u00e9 des personnes qui font partie [&hellip;]<\/p>\n","protected":false},"author":2,"featured_media":0,"parent":0,"menu_order":0,"comment_status":"closed","ping_status":"closed","template":"page-templates\/lavora_con_noi.php","meta":{"_acf_changed":false,"footnotes":""},"class_list":["post-7088","page","type-page","status-publish","hentry"],"acf":[],"_links":{"self":[{"href":"https:\/\/www.lucartgroup.com\/fr\/wp-json\/wp\/v2\/pages\/7088","targetHints":{"allow":["GET"]}}],"collection":[{"href":"https:\/\/www.lucartgroup.com\/fr\/wp-json\/wp\/v2\/pages"}],"about":[{"href":"https:\/\/www.lucartgroup.com\/fr\/wp-json\/wp\/v2\/types\/page"}],"author":[{"embeddable":true,"href":"https:\/\/www.lucartgroup.com\/fr\/wp-json\/wp\/v2\/users\/2"}],"replies":[{"embeddable":true,"href":"https:\/\/www.lucartgroup.com\/fr\/wp-json\/wp\/v2\/comments?post=7088"}],"version-history":[{"count":6,"href":"https:\/\/www.lucartgroup.com\/fr\/wp-json\/wp\/v2\/pages\/7088\/revisions"}],"predecessor-version":[{"id":26091,"href":"https:\/\/www.lucartgroup.com\/fr\/wp-json\/wp\/v2\/pages\/7088\/revisions\/26091"}],"wp:attachment":[{"href":"https:\/\/www.lucartgroup.com\/fr\/wp-json\/wp\/v2\/media?parent=7088"}],"curies":[{"name":"wp","href":"https:\/\/api.w.org\/{rel}","templated":true}]}}