{"id":7078,"date":"2019-01-23T16:45:57","date_gmt":"2019-01-23T15:45:57","guid":{"rendered":"https:\/\/www.lucartgroup.com\/sostenibilita\/report-di-sostenibilita\/"},"modified":"2025-07-24T17:53:06","modified_gmt":"2025-07-24T15:53:06","slug":"rapport-de-developpement-durable","status":"publish","type":"page","link":"https:\/\/www.lucartgroup.com\/fr\/la-durabilite\/rapport-de-developpement-durable\/","title":{"rendered":"Rapport de d\u00e9veloppement durable"},"content":{"rendered":"<div class=\"wpb-content-wrapper\"><p>[vc_row full_width=&#8221;stretch_row&#8221; css=&#8221;.vc_custom_1589276556802{background-image: url(https:\/\/www.lucartgroup.com\/wp-content\/uploads\/2020\/01\/RappSostenibilita\u0300_2_casey-horner-4rDCa5hBlCs-unsplash.jpg?id=3628) !important;background-position: center !important;background-repeat: no-repeat !important;background-size: cover !important;}&#8221; el_class=&#8221;sostenibilita_top_box show-sub&#8221;][vc_column][vc_column_text]<\/p>\n<h1 style=\"text-align: center;\">Rapport de d\u00e9veloppement durable<\/h1>\n<p style=\"text-align: center;\">A travers le Rapport de d\u00e9veloppement durable nous partageons chaque ann\u00e9e notre vision du monde en racontant les choix que nous faisons, avec la plus grande transparence, dans les domaines environnemental, social et \u00e9conomique.<\/p>\n<p>&nbsp;<\/p>\n<p>&nbsp;<\/p>\n<p>&nbsp;<\/p>\n<p>[\/vc_column_text][\/vc_column][\/vc_row][vc_row][vc_column][vc_empty_space height=&#8221;100px&#8221;][vc_video link=&#8221;https:\/\/www.youtube.com\/watch?v=DlL5s8eJeNg&#8221; el_width=&#8221;80&#8243; align=&#8221;center&#8221; css=&#8221;&#8221;][vc_empty_space][\/vc_column][\/vc_row][vc_row el_class=&#8221;listing-rapporti&#8221; css=&#8221;.vc_custom_1624438367200{padding-top: 20px !important;}&#8221;][vc_column width=&#8221;1\/3&#8243; el_id=&#8221;rs2021FRA&#8221;][vc_column_text css=&#8221;.vc_custom_1749631404454{padding-bottom: 118px !important;}&#8221;]<\/p>\n<p style=\"text-align: center;\">Consultez le Rapport<br \/>\nde d\u00e9veloppement durable 2024<\/p>\n<p>[\/vc_column_text][vc_single_image image=&#8221;25135&#8243; img_size=&#8221;medium&#8221; alignment=&#8221;center&#8221; onclick=&#8221;custom_link&#8221; img_link_target=&#8221;_blank&#8221; css=&#8221;&#8221; el_class=&#8221;rapporto&#8221; link=&#8221;https:\/\/www.lucartgroup.com\/wp-content\/uploads\/2025\/07\/WEB-Lucart_FRA.pdf&#8221;][vc_btn title=&#8221;En savoir plus sur Highlights&#8221; style=&#8221;flat&#8221; shape=&#8221;square&#8221; align=&#8221;center&#8221; css=&#8221;.vc_custom_1751897764414{margin-right: 68.33px !important;margin-left: 68.33px !important;}&#8221; button_block=&#8221;true&#8221; link=&#8221;url:https%3A%2F%2Fwww.lucartgroup.com%2Fwp-content%2Fuploads%2F2025%2F07%2FHIGHLIGHTS_2024_FRA-WEB.pdf|target:_blank&#8221; el_class=&#8221;btn_secondary&#8221;][\/vc_column][vc_column width=&#8221;1\/3&#8243; el_id=&#8221;rs2020FRA&#8221;][vc_column_text css=&#8221;.vc_custom_1719394174676{padding-bottom: 118px !important;}&#8221;]<\/p>\n<p style=\"text-align: center;\">Consultez le Rapport<br \/>\nde d\u00e9veloppement durable 2023<\/p>\n<p>[\/vc_column_text][vc_single_image image=&#8221;23491&#8243; img_size=&#8221;medium&#8221; alignment=&#8221;center&#8221; onclick=&#8221;custom_link&#8221; img_link_target=&#8221;_blank&#8221; el_class=&#8221;rapporto&#8221; link=&#8221;https:\/\/www.lucartgroup.com\/wp-content\/uploads\/2024\/07\/Lucart-Report_2023_FRA.pdf&#8221;][vc_btn title=&#8221;En savoir plus sur Highlights&#8221; style=&#8221;flat&#8221; shape=&#8221;square&#8221; align=&#8221;center&#8221; css=&#8221;.vc_custom_1722422412165{margin-right: 68.33px !important;margin-left: 68.33px !important;}&#8221; button_block=&#8221;true&#8221; link=&#8221;url:https%3A%2F%2Fwww.lucartgroup.com%2Fwp-content%2Fuploads%2F2024%2F07%2FHIghlights-WEB-FRA.pdf|target:_blank&#8221; el_class=&#8221;btn_secondary&#8221;][\/vc_column][vc_column width=&#8221;1\/3&#8243;][vc_column_text css=&#8221;.vc_custom_1689254833192{padding-bottom: 118px !important;}&#8221;]<\/p>\n<p style=\"text-align: center;\">Consultez le Rapport<br \/>\nde d\u00e9veloppement durable 2022<\/p>\n<p>[\/vc_column_text][vc_single_image image=&#8221;21475&#8243; img_size=&#8221;medium&#8221; alignment=&#8221;center&#8221; onclick=&#8221;custom_link&#8221; img_link_target=&#8221;_blank&#8221; el_class=&#8221;rapporto&#8221; link=&#8221;https:\/\/www.lucartgroup.com\/wp-content\/uploads\/2023\/08\/Lucart-Report_2022_FRA-web.pdf&#8221;][\/vc_column][\/vc_row][vc_row][vc_column][vc_empty_space][\/vc_column][\/vc_row][vc_row full_width=&#8221;stretch_row&#8221; el_class=&#8221;box_ricerca_informazioni&#8221; css=&#8221;.vc_custom_1585903747374{background-image: url(https:\/\/www.lucartgroup.com\/wp-content\/uploads\/2019\/12\/van-tay-media-QklJV_Q0Pig-unsplash.jpg?id=3490) !important;background-position: center !important;background-repeat: no-repeat !important;background-size: cover !important;}&#8221;][vc_column][vc_column_text css=&#8221;.vc_custom_1583145542925{background-position: center !important;background-repeat: no-repeat !important;background-size: cover !important;}&#8221;]<\/p>\n<h4 style=\"text-align: left;\">Vous avez besoin d\u2019informations?<\/h4>\n<p style=\"text-align: left;\"><a href=\"https:\/\/www.lucartgroup.com\/en\/contacts\/\">contactez-nous<\/a><\/p>\n<p>[\/vc_column_text][\/vc_column][\/vc_row]<\/p>\n<\/div>","protected":false},"excerpt":{"rendered":"<p>[vc_row full_width=&#8221;stretch_row&#8221; css=&#8221;.vc_custom_1589276556802{background-image: url(https:\/\/www.lucartgroup.com\/wp-content\/uploads\/2020\/01\/RappSostenibilita\u0300_2_casey-horner-4rDCa5hBlCs-unsplash.jpg?id=3628) !important;background-position: center !important;background-repeat: no-repeat !important;background-size: cover !important;}&#8221; el_class=&#8221;sostenibilita_top_box show-sub&#8221;][vc_column][vc_column_text] Rapport de d\u00e9veloppement durable A travers le Rapport de d\u00e9veloppement durable nous partageons chaque ann\u00e9e notre vision [&hellip;]<\/p>\n","protected":false},"author":2,"featured_media":0,"parent":7026,"menu_order":0,"comment_status":"closed","ping_status":"closed","template":"page-templates\/rapporto_sostenibilita.php","meta":{"_acf_changed":false,"footnotes":""},"class_list":["post-7078","page","type-page","status-publish","hentry"],"acf":[],"_links":{"self":[{"href":"https:\/\/www.lucartgroup.com\/fr\/wp-json\/wp\/v2\/pages\/7078","targetHints":{"allow":["GET"]}}],"collection":[{"href":"https:\/\/www.lucartgroup.com\/fr\/wp-json\/wp\/v2\/pages"}],"about":[{"href":"https:\/\/www.lucartgroup.com\/fr\/wp-json\/wp\/v2\/types\/page"}],"author":[{"embeddable":true,"href":"https:\/\/www.lucartgroup.com\/fr\/wp-json\/wp\/v2\/users\/2"}],"replies":[{"embeddable":true,"href":"https:\/\/www.lucartgroup.com\/fr\/wp-json\/wp\/v2\/comments?post=7078"}],"version-history":[{"count":9,"href":"https:\/\/www.lucartgroup.com\/fr\/wp-json\/wp\/v2\/pages\/7078\/revisions"}],"predecessor-version":[{"id":25209,"href":"https:\/\/www.lucartgroup.com\/fr\/wp-json\/wp\/v2\/pages\/7078\/revisions\/25209"}],"up":[{"embeddable":true,"href":"https:\/\/www.lucartgroup.com\/fr\/wp-json\/wp\/v2\/pages\/7026"}],"wp:attachment":[{"href":"https:\/\/www.lucartgroup.com\/fr\/wp-json\/wp\/v2\/media?parent=7078"}],"curies":[{"name":"wp","href":"https:\/\/api.w.org\/{rel}","templated":true}]}}