{"id":7070,"date":"2018-10-22T16:09:37","date_gmt":"2018-10-22T14:09:37","guid":{"rendered":"https:\/\/www.lucartgroup.com\/sostenibilita\/progetti\/"},"modified":"2020-07-22T16:30:38","modified_gmt":"2020-07-22T14:30:38","slug":"projets","status":"publish","type":"page","link":"https:\/\/www.lucartgroup.com\/fr\/la-durabilite\/projets\/","title":{"rendered":"Projets"},"content":{"rendered":"<div class=\"wpb-content-wrapper\"><p>[vc_row full_width=&#8221;stretch_row&#8221; css=&#8221;.vc_custom_1579689316968{background-image: url(https:\/\/www.lucartgroup.com\/wp-content\/uploads\/2020\/01\/progetti.jpg?id=3642) !important;background-position: center !important;background-repeat: no-repeat !important;background-size: cover !important;}&#8221; el_class=&#8221;progetti_top_box&#8221;][vc_column][vc_column_text el_class=&#8221;progetti-header&#8221;]<\/p>\n<h1 style=\"text-align: center;\">Notre engagement pour un avenir durable<\/h1>\n<p style=\"text-align: center;\">En savoir plus sur les projets et initiatives dont nous sommes les protagonistes.<\/p>\n<p>[\/vc_column_text][\/vc_column][\/vc_row][vc_row css=&#8221;.vc_custom_1540286528884{background-position: center !important;background-repeat: no-repeat !important;background-size: cover !important;}&#8221;][vc_column][vc_column_text]<div class='progetti_contenitore clearfix'>\n\t\t\t\t<div class='listing-progetti clearfix'>\n\t\t\t\t\t<a class='progetto-img' href='https:\/\/www.lucartgroup.com\/fr\/cpt_progetto\/paper-packaging\/'><img src='https:\/\/www.lucartgroup.com\/wp-content\/uploads\/2020\/03\/PaperPackaging_800x800.jpg'><\/a>\n\t\t\t\t\t\t\n\t\t\t\t\t<div class='singolo-progetto-content'>\n\t\t\t\t\t\t<div class='singolo_progetto_titolo'><a href='https:\/\/www.lucartgroup.com\/fr\/cpt_progetto\/paper-packaging\/'><h2>Emballage papier<\/h2><\/a><\/div>\n\t\t\t\t\t\t<div class='singolo_progetto_sottotitolo'><\/div>\n\t\t\t\t\t\t<div class='singolo_progetto_testo'>Depuis toujours nous nous sommes engag\u00e9s dans la r\u00e9alisation d\u2019une \u00e9conomie z\u00e9ro d\u00e9chet, pour cette raison nous avons investi dans un important projet de recherche et d\u00e9veloppement afin de pouvoir r\u00e9duire le plastique des emballages de nos produits en papier tissue.<\/div>\n\t\t\t\t\t\t<a href='https:\/\/www.lucartgroup.com\/fr\/cpt_progetto\/paper-packaging\/' class='box_home_contatti_button' tabindex='0'>En savoir plus<\/a>\n\t\t\t\t\t<\/div>\n\t\t\t\t<\/div>\n\t\t\n\t\t\t\t<div class='listing-progetti clearfix'>\n\t\t\t\t\t<a class='progetto-img' href='https:\/\/www.lucartgroup.com\/fr\/cpt_progetto\/progetto-natural-linnovazione-circolare-che-crea-valore\/'><img src='https:\/\/www.lucartgroup.com\/wp-content\/uploads\/2020\/03\/800x800-progetto-Natural.jpg'><\/a>\n\t\t\t\t\t\t\n\t\t\t\t\t<div class='singolo-progetto-content'>\n\t\t\t\t\t\t<div class='singolo_progetto_titolo'><a href='https:\/\/www.lucartgroup.com\/fr\/cpt_progetto\/progetto-natural-linnovazione-circolare-che-crea-valore\/'><h2>Projet Natural: l\u2019innovation circulaire qui cr\u00e9e de la valeur.<\/h2><\/a><\/div>\n\t\t\t\t\t\t<div class='singolo_progetto_sottotitolo'><\/div>\n\t\t\t\t\t\t<div class='singolo_progetto_testo'>En 2010, nous avons lanc\u00e9 le projet Natural, en collaboration avec Tetra Pak\u00ae, un projet d'\u00e9conomie circulaire, vertueux et r\u00e9compens\u00e9 \u00e0 plusieurs reprises, qui repr\u00e9sente l'\u00e9volution du papier \u00e0 partir du recyclage des cartons d\u2019emballage pour boissons de type Tetra  Pak\u00ae.<\/div>\n\t\t\t\t\t\t<a href='https:\/\/www.lucartgroup.com\/fr\/cpt_progetto\/progetto-natural-linnovazione-circolare-che-crea-valore\/' class='box_home_contatti_button' tabindex='0'>En savoir plus<\/a>\n\t\t\t\t\t<\/div>\n\t\t\t\t<\/div>\n\t\t<\/div><div class='side_contenitore_progetti'>\n\t\t\t\t\t<div class='cont_categorie'>\n\t\t\t\t\t\t<div class='cont_categorie_title'>Cat\u00e9gories<\/div><a href='https:\/\/www.lucartgroup.com\/fr\/la-durabilite\/projets\/?tx=' class='singola_categoria'><\/a><a href='https:\/\/www.lucartgroup.com\/fr\/la-durabilite\/projets\/?tx=180' class='singola_categoria'>Durabilit\u00e9<\/a>\t<\/div>\n\t\t\t\t\t<div class='cont_date'>\n\t\t\t\t\t\t<div class='cont_categorie_title'>Archives<\/div><div class='anno_archivio chiuso'><div class='singolo_anno'>2020<\/div><a href='https:\/\/www.lucartgroup.com\/fr\/la-durabilite\/projets\/?yy=2020&mm=3' class='singolo_mese'>mars<\/a><\/div><\/div><\/div><\/div>[\/vc_column_text][\/vc_column][\/vc_row]<\/p>\n<\/div>","protected":false},"excerpt":{"rendered":"<p>[vc_row full_width=&#8221;stretch_row&#8221; css=&#8221;.vc_custom_1579689316968{background-image: url(https:\/\/www.lucartgroup.com\/wp-content\/uploads\/2020\/01\/progetti.jpg?id=3642) !important;background-position: center !important;background-repeat: no-repeat !important;background-size: cover !important;}&#8221; el_class=&#8221;progetti_top_box&#8221;][vc_column][vc_column_text el_class=&#8221;progetti-header&#8221;] Notre engagement pour un avenir durable En savoir plus sur les projets et initiatives dont nous sommes [&hellip;]<\/p>\n","protected":false},"author":2,"featured_media":7071,"parent":7026,"menu_order":0,"comment_status":"closed","ping_status":"closed","template":"page-templates\/progetti.php","meta":{"_acf_changed":false,"footnotes":""},"class_list":["post-7070","page","type-page","status-publish","has-post-thumbnail","hentry"],"acf":[],"_links":{"self":[{"href":"https:\/\/www.lucartgroup.com\/fr\/wp-json\/wp\/v2\/pages\/7070","targetHints":{"allow":["GET"]}}],"collection":[{"href":"https:\/\/www.lucartgroup.com\/fr\/wp-json\/wp\/v2\/pages"}],"about":[{"href":"https:\/\/www.lucartgroup.com\/fr\/wp-json\/wp\/v2\/types\/page"}],"author":[{"embeddable":true,"href":"https:\/\/www.lucartgroup.com\/fr\/wp-json\/wp\/v2\/users\/2"}],"replies":[{"embeddable":true,"href":"https:\/\/www.lucartgroup.com\/fr\/wp-json\/wp\/v2\/comments?post=7070"}],"version-history":[{"count":2,"href":"https:\/\/www.lucartgroup.com\/fr\/wp-json\/wp\/v2\/pages\/7070\/revisions"}],"predecessor-version":[{"id":11617,"href":"https:\/\/www.lucartgroup.com\/fr\/wp-json\/wp\/v2\/pages\/7070\/revisions\/11617"}],"up":[{"embeddable":true,"href":"https:\/\/www.lucartgroup.com\/fr\/wp-json\/wp\/v2\/pages\/7026"}],"wp:featuredmedia":[{"embeddable":true,"href":"https:\/\/www.lucartgroup.com\/fr\/wp-json\/wp\/v2\/media\/7071"}],"wp:attachment":[{"href":"https:\/\/www.lucartgroup.com\/fr\/wp-json\/wp\/v2\/media?parent=7070"}],"curies":[{"name":"wp","href":"https:\/\/api.w.org\/{rel}","templated":true}]}}