{"id":7059,"date":"2019-01-23T16:46:10","date_gmt":"2019-01-23T15:46:10","guid":{"rendered":"https:\/\/www.lucartgroup.com\/sostenibilita\/partnership-per-lo-sviluppo-sostenibile\/"},"modified":"2021-11-23T18:27:22","modified_gmt":"2021-11-23T17:27:22","slug":"partenariat-pour-le-developpement-durable","status":"publish","type":"page","link":"https:\/\/www.lucartgroup.com\/fr\/la-durabilite\/partenariat-pour-le-developpement-durable\/","title":{"rendered":"Partenariat pour le d\u00e9veloppement durable"},"content":{"rendered":"<div class=\"wpb-content-wrapper\"><p>[vc_row full_width=&#8221;stretch_row&#8221; css=&#8221;.vc_custom_1589276589723{background-image: url(https:\/\/www.lucartgroup.com\/wp-content\/uploads\/2020\/01\/PartershipSostenibili.jpg?id=3896) !important;background-position: center !important;background-repeat: no-repeat !important;background-size: cover !important;}&#8221; el_class=&#8221;sostenibilita_top_box show-sub&#8221;][vc_column][vc_column_text]<\/p>\n<h1 style=\"text-align: center;\">Partenariat pour le d\u00e9veloppement durable<\/h1>\n<p style=\"text-align: center;\">Nous favorisons les relations associatives et de partenariat avec des organisations \u00e0 but lucratif et sans but lucratif avec lesquelles nous partageons des valeurs et des int\u00e9r\u00eats communs.<\/p>\n<p>[\/vc_column_text][\/vc_column][\/vc_row][vc_row el_class=&#8221;sostenibilita_dati&#8221;][vc_column][vc_empty_space height=&#8221;50px&#8221;][vc_column_text el_class=&#8221;partnership-list&#8221;]<div class='cont_blocchi_dati slick-carousel__container'><div class='blocco_dati sdg-box'><div class='singolo_dato clearfix float-sdg0'>\n\t        \t\t\t\t<div class='img_dato'><img src='https:\/\/www.lucartgroup.com\/wp-content\/uploads\/2020\/11\/Endorser-Logo_solid_blue_RGB.jpg' class='listing-img-general listing-img'><\/div>\n\t        \t\t\t\t<div class='testi_dato'><div class='descrizione'>La Fondation a \u00e9t\u00e9 cr\u00e9\u00e9e dans le but de contribuer au d\u00e9veloppement en Italie du Global Compact des Nations unies, initiative pour la promotion de la culture des entreprises. <\/div>\n\t        \t\t\t\t<\/div>\n\t        \t\t\t<\/div>\n\t        \t\t<\/div><div class='blocco_dati sdg-box'><div class='singolo_dato clearfix float-sdg1'>\n\t        \t\t\t\t<div class='img_dato'><img src='https:\/\/www.lucartgroup.com\/wp-content\/uploads\/2019\/07\/partner_strategico_unisg-1.jpg' class='listing-img-general listing-img1'><\/div>\n\t        \t\t\t\t<div class='testi_dato'><div class='descrizione'>Universit\u00e9 qui forme le Gastronome, une figure professionnelle en mesure d'orienter la production, la distribution et la consommation des aliments vers des choix durables.<\/div>\n\t        \t\t\t\t<\/div>\n\t        \t\t\t<\/div>\n\t        \t\t<\/div><div class='blocco_dati sdg-box'><div class='singolo_dato clearfix float-sdg0'>\n\t        \t\t\t\t<div class='img_dato'><img src='https:\/\/www.lucartgroup.com\/wp-content\/uploads\/2020\/01\/scuola-superiore-santanna.jpg' class='listing-img-general listing-img2'><\/div>\n\t        \t\t\t\t<div class='testi_dato'><div class='descrizione'>Institut universitaire public \u00e0 statut sp\u00e9cial op\u00e9rant dans le domaine des sciences appliqu\u00e9es.<\/div>\n\t        \t\t\t\t<\/div>\n\t        \t\t\t<\/div>\n\t        \t\t<\/div><div class='blocco_dati sdg-box'><div class='singolo_dato clearfix float-sdg1'>\n\t        \t\t\t\t<div class='img_dato'><img src='https:\/\/www.lucartgroup.com\/wp-content\/uploads\/2020\/01\/universit\u00e0-di-pisa.jpg' class='listing-img-general listing-img3'><\/div>\n\t        \t\t\t\t<div class='testi_dato'><div class='descrizione'>Institut Universitaire fond\u00e9 en 1343 \u00e0 Pise qui comprend 20 d\u00e9partements.<\/div>\n\t        \t\t\t\t<\/div>\n\t        \t\t\t<\/div>\n\t        \t\t<\/div><div class='blocco_dati sdg-box'><div class='singolo_dato clearfix float-sdg0'>\n\t        \t\t\t\t<div class='img_dato'><img src='https:\/\/www.lucartgroup.com\/wp-content\/uploads\/2021\/03\/ITS-prime-sistema-meccanica.png' class='listing-img-general listing-img4'><\/div>\n\t        \t\t\t\t<div class='testi_dato'><div class='descrizione'>Fondation qui r\u00e9alise des cursus biennaux post-dipl\u00f4me pour la formation de techniciens sp\u00e9cialis\u00e9s. <\/div>\n\t        \t\t\t\t<\/div>\n\t        \t\t\t<\/div>\n\t        \t\t<\/div><div class='blocco_dati sdg-box'><div class='singolo_dato clearfix float-sdg1'>\n\t        \t\t\t\t<div class='img_dato'><img src='https:\/\/www.lucartgroup.com\/wp-content\/uploads\/2021\/03\/bollino_ICESP_fondo_Bianco-02_0.png' class='listing-img-general listing-img5'><\/div>\n\t        \t\t\t\t<div class='testi_dato'><div class='descrizione'>Plateforme italienne des parties prenantes pour l\u2019\u00e9conomie circulaire. <\/div>\n\t        \t\t\t\t<\/div>\n\t        \t\t\t<\/div>\n\t        \t\t<\/div><div class='blocco_dati sdg-box'><div class='singolo_dato clearfix float-sdg0'>\n\t        \t\t\t\t<div class='img_dato'><img src='https:\/\/www.lucartgroup.com\/wp-content\/uploads\/2019\/07\/SLOW-FOOD-1.jpg' class='listing-img-general listing-img6'><\/div>\n\t        \t\t\t\t<div class='testi_dato'><div class='descrizione'>Association internationale \u00e0 but non lucratif engag\u00e9e \u00e0 redonner de la valeur aux aliments dans le respect de ceux qui les produisent et de l'environnement<\/div>\n\t        \t\t\t\t<\/div>\n\t        \t\t\t<\/div>\n\t        \t\t<\/div><div class='blocco_dati sdg-box'><div class='singolo_dato clearfix float-sdg1'>\n\t        \t\t\t\t<div class='img_dato'><img src='https:\/\/www.lucartgroup.com\/wp-content\/uploads\/2019\/07\/FEE-ECO-SCHOOL-1.jpg' class='listing-img-general listing-img7'><\/div>\n\t        \t\t\t\t<div class='testi_dato'><div class='descrizione'>Programme international de certification pour les \u00e9coles qui veulent promouvoir la durabilit\u00e9 \u00e0 travers l'\u00e9ducation environnementale.<\/div>\n\t        \t\t\t\t<\/div>\n\t        \t\t\t<\/div>\n\t        \t\t<\/div><div class='blocco_dati sdg-box'><div class='singolo_dato clearfix float-sdg0'>\n\t        \t\t\t\t<div class='img_dato'><img src='https:\/\/www.lucartgroup.com\/wp-content\/uploads\/2019\/07\/CONFINDUSTRIA-1.jpg' class='listing-img-general listing-img8'><\/div>\n\t        \t\t\t\t<div class='testi_dato'><div class='descrizione'>La principale association de repr\u00e9sentation des entreprises manufacturi\u00e8res et de services en Italie.<\/div>\n\t        \t\t\t\t<\/div>\n\t        \t\t\t<\/div>\n\t        \t\t<\/div><div class='blocco_dati sdg-box'><div class='singolo_dato clearfix float-sdg1'>\n\t        \t\t\t\t<div class='img_dato'><img src='https:\/\/www.lucartgroup.com\/wp-content\/uploads\/2019\/07\/ASSOCARTA-2.jpg' class='listing-img-general listing-img9'><\/div>\n\t        \t\t\t\t<div class='testi_dato'><div class='descrizione'>Association d\u2019entreprises qui prot\u00e8ge et repr\u00e9sente les entreprises qui produisent du papier, du carton et de la p\u00e2te \u00e0 papier.<\/div>\n\t        \t\t\t\t<\/div>\n\t        \t\t\t<\/div>\n\t        \t\t<\/div><div class='blocco_dati sdg-box'><div class='singolo_dato clearfix float-sdg0'>\n\t        \t\t\t\t<div class='img_dato'><img src='https:\/\/www.lucartgroup.com\/wp-content\/uploads\/2019\/07\/COMIECO-1280-1.jpg' class='listing-img-general listing-img10'><\/div>\n\t        \t\t\t\t<div class='testi_dato'><div class='descrizione'>Consortium national dont le but est la r\u00e9cup\u00e9ration et le recyclage des emballages \u00e0 base de cellulose.<\/div>\n\t        \t\t\t\t<\/div>\n\t        \t\t\t<\/div>\n\t        \t\t<\/div><div class='blocco_dati sdg-box'><div class='singolo_dato clearfix float-sdg1'>\n\t        \t\t\t\t<div class='img_dato'><img src='https:\/\/www.lucartgroup.com\/wp-content\/uploads\/2019\/07\/European-Tissue-Symposium-1.jpg' class='listing-img-general listing-img11'><\/div>\n\t        \t\t\t\t<div class='testi_dato'><div class='descrizione'>La plus grande association professionnelle ind\u00e9pendante (sans but lucratif) qui d\u00e9fend les int\u00e9r\u00eats du secteur des produits en papier tissu en Europe.<\/div>\n\t        \t\t\t\t<\/div>\n\t        \t\t\t<\/div>\n\t        \t\t<\/div><div class='blocco_dati sdg-box'><div class='singolo_dato clearfix float-sdg0'>\n\t        \t\t\t\t<div class='img_dato'><img src='https:\/\/www.lucartgroup.com\/wp-content\/uploads\/2019\/07\/LOGO-AFIDAMP_blu1349.jpg' class='listing-img-general listing-img12'><\/div>\n\t        \t\t\t\t<div class='testi_dato'><div class='descrizione'>Association de repr\u00e9sentation des fabricants italiens de machines, produits et outils pour le nettoyage professionnel et l'hygi\u00e8ne domestique.<\/div>\n\t        \t\t\t\t<\/div>\n\t        \t\t\t<\/div>\n\t        \t\t<\/div><div class='blocco_dati sdg-box'><div class='singolo_dato clearfix float-sdg1'>\n\t        \t\t\t\t<div class='img_dato'><img src='https:\/\/www.lucartgroup.com\/wp-content\/uploads\/2019\/07\/GREEN-ECONOMY-NETWORK-2.jpg' class='listing-img-general listing-img13'><\/div>\n\t        \t\t\t\t<div class='testi_dato'><div class='descrizione'>R\u00e9seau cr\u00e9\u00e9 afin de stimuler et donner de la visibilit\u00e9 aux entreprises qui proposent des produits, technologies et services pour la durabilit\u00e9 environnementale et \u00e9nerg\u00e9tique.<\/div>\n\t        \t\t\t\t<\/div>\n\t        \t\t\t<\/div>\n\t        \t\t<\/div><div class='blocco_dati sdg-box'><div class='singolo_dato clearfix float-sdg0'>\n\t        \t\t\t\t<div class='img_dato'><img src='https:\/\/www.lucartgroup.com\/wp-content\/uploads\/2019\/07\/EDANA-21-1.jpg' class='listing-img-general listing-img14'><\/div>\n\t        \t\t\t\t<div class='testi_dato'><div class='descrizione'>Association internationale repr\u00e9sentant les industries du secteur des non-tiss\u00e9s.<\/div>\n\t        \t\t\t\t<\/div>\n\t        \t\t\t<\/div>\n\t        \t\t<\/div><div class='blocco_dati sdg-box'><div class='singolo_dato clearfix float-sdg1'>\n\t        \t\t\t\t<div class='img_dato'><img src='https:\/\/www.lucartgroup.com\/wp-content\/uploads\/2019\/07\/COPACEL-2.jpg' class='listing-img-general listing-img15'><\/div>\n\t        \t\t\t\t<div class='testi_dato'><div class='descrizione'>Association fran\u00e7aise repr\u00e9sentant les industries du papier<\/div>\n\t        \t\t\t\t<\/div>\n\t        \t\t\t<\/div>\n\t        \t\t<\/div><div class='blocco_dati sdg-box'><div class='singolo_dato clearfix float-sdg0'>\n\t        \t\t\t\t<div class='img_dato'><img src='https:\/\/www.lucartgroup.com\/wp-content\/uploads\/2019\/07\/PAPEST-COLORI-1.jpg' class='listing-img-general listing-img16'><\/div>\n\t        \t\t\t\t<div class='testi_dato'><div class='descrizione'>Association fran\u00e7aise repr\u00e9sentant les industries du papier de la France de l\u2019est.<\/div>\n\t        \t\t\t\t<\/div>\n\t        \t\t\t<\/div>\n\t        \t\t<\/div><div class='blocco_dati sdg-box'><div class='singolo_dato clearfix float-sdg1'>\n\t        \t\t\t\t<div class='img_dato'><img src='https:\/\/www.lucartgroup.com\/wp-content\/uploads\/2019\/07\/REVIPAC-1.jpg' class='listing-img-general listing-img17'><\/div>\n\t        \t\t\t\t<div class='testi_dato'><div class='descrizione'>Organisme fran\u00e7ais de collecte et de recyclage des emballages papier et carton.<\/div>\n\t        \t\t\t\t<\/div>\n\t        \t\t\t<\/div>\n\t        \t\t<\/div><div class='blocco_dati sdg-box'><div class='singolo_dato clearfix float-sdg0'>\n\t        \t\t\t\t<div class='img_dato'><img src='https:\/\/www.lucartgroup.com\/wp-content\/uploads\/2019\/07\/REVIGRAPH-1.jpg' class='listing-img-general listing-img18'><\/div>\n\t        \t\t\t\t<div class='testi_dato'><div class='descrizione'>Organisme fran\u00e7ais de la fili\u00e8re de des papiers graphiques.<\/div>\n\t        \t\t\t\t<\/div>\n\t        \t\t\t<\/div>\n\t        \t\t<\/div><div class='blocco_dati sdg-box'><div class='singolo_dato clearfix float-sdg1'>\n\t        \t\t\t\t<div class='img_dato'><img src='https:\/\/www.lucartgroup.com\/wp-content\/uploads\/2019\/07\/group-hygiene.jpg' class='listing-img-general listing-img19'><\/div>\n\t        \t\t\t\t<div class='testi_dato'><div class='descrizione'>Association fran\u00e7aise des fabricants de produits pour l\u2019hygi\u00e8ne, la sant\u00e9 et le nettoyage.<\/div>\n\t        \t\t\t\t<\/div>\n\t        \t\t\t<\/div>\n\t        \t\t<\/div><div class='blocco_dati sdg-box'><div class='singolo_dato clearfix float-sdg0'>\n\t        \t\t\t\t<div class='img_dato'><img src='https:\/\/www.lucartgroup.com\/wp-content\/uploads\/2019\/07\/ASPAPEL-1.jpg' class='listing-img-general listing-img20'><\/div>\n\t        \t\t\t\t<div class='testi_dato'><div class='descrizione'>Association espagnole des producteurs de cellulose et papier.<\/div>\n\t        \t\t\t\t<\/div>\n\t        \t\t\t<\/div>\n\t        \t\t<\/div><div class='blocco_dati sdg-box'><div class='singolo_dato clearfix float-sdg1'>\n\t        \t\t\t\t<div class='img_dato'><img src='https:\/\/www.lucartgroup.com\/wp-content\/uploads\/2021\/03\/cluster-del-papel_logo_52.png' class='listing-img-general listing-img21'><\/div>\n\t        \t\t\t\t<div class='testi_dato'><div class='descrizione'>Association espagnole des producteurs de papier et soci\u00e9t\u00e9s auxiliaires. <\/div>\n\t        \t\t\t\t<\/div>\n\t        \t\t\t<\/div>\n\t        \t\t<\/div><div class='blocco_dati sdg-box'><div class='singolo_dato clearfix float-sdg0'>\n\t        \t\t\t\t<div class='img_dato'><img src='https:\/\/www.lucartgroup.com\/wp-content\/uploads\/2019\/07\/PROETICA-3.jpg' class='listing-img-general listing-img22'><\/div>\n\t        \t\t\t\t<div class='testi_dato'><div class='descrizione'>Association \u00e0 but non lucratif qui promeut des initiatives de diffusion de la responsabilit\u00e9 sociale d\u2019entreprise.<\/div>\n\t        \t\t\t\t<\/div>\n\t        \t\t\t<\/div>\n\t        \t\t<\/div><div class='blocco_dati sdg-box'><div class='singolo_dato clearfix float-sdg1'>\n\t        \t\t\t\t<div class='img_dato'><img src='https:\/\/www.lucartgroup.com\/wp-content\/uploads\/2019\/07\/MAKE-A-WISH-1.jpg' class='listing-img-general listing-img23'><\/div>\n\t        \t\t\t\t<div class='testi_dato'><div class='descrizione'>Onlus qui r\u00e9alise les souhaits d'enfants de 3 \u00e0 7 ans souffrant de pathologies graves.<\/div>\n\t        \t\t\t\t<\/div>\n\t        \t\t\t<\/div>\n\t        \t\t<\/div><div class='blocco_dati sdg-box'><div class='singolo_dato clearfix float-sdg0'>\n\t        \t\t\t\t<div class='img_dato'><img src='https:\/\/www.lucartgroup.com\/wp-content\/uploads\/2021\/03\/Save_the_Children-logo-843B0C8DF7-seeklogo.com_.png' class='listing-img-general listing-img24'><\/div>\n\t        \t\t\t\t<div class='testi_dato'><div class='descrizione'>Association \u00e0 but non lucratif qui r\u00e9pond aux urgences, prot\u00e8ge contre les abus et l\u2019exploitation, lutte contre la pauvret\u00e9 et l\u2019ins\u00e9curit\u00e9 alimentaire, renforce les syst\u00e8mes de protection des droits et la participation des mineurs. <\/div>\n\t        \t\t\t\t<\/div>\n\t        \t\t\t<\/div>\n\t        \t\t<\/div><div class='blocco_dati sdg-box'><div class='singolo_dato clearfix float-sdg1'>\n\t        \t\t\t\t<div class='img_dato'><img src='https:\/\/www.lucartgroup.com\/wp-content\/uploads\/2021\/03\/muse-logo.png' class='listing-img-general listing-img25'><\/div>\n\t        \t\t\t\t<div class='testi_dato'><div class='descrizione'>Association qui met en valeur le patrimoine des mus\u00e9es municipaux florentins et, plus g\u00e9n\u00e9ralement, de la ville de Florence. <\/div>\n\t        \t\t\t\t<\/div>\n\t        \t\t\t<\/div>\n\t        \t\t<\/div><div class='blocco_dati sdg-box'><div class='singolo_dato clearfix float-sdg0'>\n\t        \t\t\t\t<div class='img_dato'><img src='https:\/\/www.lucartgroup.com\/wp-content\/uploads\/2021\/03\/Fond.Meyer-New-LogoBIG.png' class='listing-img-general listing-img26'><\/div>\n\t        \t\t\t\t<div class='testi_dato'><div class='descrizione'>Fondation qui soutient les activit\u00e9s de communication, de marketing et de collecte de fonds pour l\u2019h\u00f4pital pour enfants Meyer de Florence. <\/div>\n\t        \t\t\t\t<\/div>\n\t        \t\t\t<\/div>\n\t        \t\t<\/div><div class='blocco_dati sdg-box'><div class='singolo_dato clearfix float-sdg1'>\n\t        \t\t\t\t<div class='img_dato'><img src='https:\/\/www.lucartgroup.com\/wp-content\/uploads\/2019\/07\/ISTITUTO-DI-CULTURA-ITALIANA-1.jpg' class='listing-img-general listing-img27'><\/div>\n\t        \t\t\t\t<div class='testi_dato'><div class='descrizione'>L'institut a pour objectif de diffuser la langue et la culture italienne \u00e0 travers des \u00e9v\u00e9nements d\u00e9di\u00e9s.<\/div>\n\t        \t\t\t\t<\/div>\n\t        \t\t\t<\/div>\n\t        \t\t<\/div><div class='blocco_dati sdg-box'><div class='singolo_dato clearfix float-sdg0'>\n\t        \t\t\t\t<div class='img_dato'><img src='https:\/\/www.lucartgroup.com\/wp-content\/uploads\/2021\/03\/chsa-logo-high-res-223x300-1-e1619270003990.jpg' class='listing-img-general listing-img28'><\/div>\n\t        \t\t\t\t<div class='testi_dato'><div class='descrizione'>Association qui repr\u00e9sente les producteurs et distributeurs de produits pour l\u2019hygi\u00e8ne et le nettoyage industriel en Grande-Bretagne. <\/div>\n\t        \t\t\t\t<\/div>\n\t        \t\t\t<\/div>\n\t        \t\t<\/div><div class='blocco_dati sdg-box'><div class='singolo_dato clearfix float-sdg1'>\n\t        \t\t\t\t<div class='img_dato'><img src='' class='listing-img-general listing-img29'><\/div>\n\t        \t\t\t\t<div class='testi_dato'><div class='descrizione'><\/div>\n\t        \t\t\t\t<\/div>\n\t        \t\t\t<\/div>\n\t        \t\t<\/div><\/div>[\/vc_column_text][\/vc_column][\/vc_row][vc_row full_width=&#8221;stretch_row&#8221; el_class=&#8221;box_ricerca_informazioni&#8221; css=&#8221;.vc_custom_1585903699634{background-image: url(https:\/\/www.lucartgroup.com\/wp-content\/uploads\/2019\/12\/van-tay-media-QklJV_Q0Pig-unsplash.jpg?id=3490) !important;background-position: center !important;background-repeat: no-repeat !important;background-size: cover !important;}&#8221;][vc_column][vc_column_text css=&#8221;.vc_custom_1549642756456{background-position: center !important;background-repeat: no-repeat !important;background-size: cover !important;}&#8221;]<\/p>\n<h4 style=\"text-align: left;\">Vous avez besoin d\u2019informations?<\/h4>\n<p style=\"text-align: left;\"><a href=\"#\">contactez-nous<\/a><\/p>\n<p>[\/vc_column_text][\/vc_column][\/vc_row]<\/p>\n<\/div>","protected":false},"excerpt":{"rendered":"<p>[vc_row full_width=&#8221;stretch_row&#8221; css=&#8221;.vc_custom_1589276589723{background-image: url(https:\/\/www.lucartgroup.com\/wp-content\/uploads\/2020\/01\/PartershipSostenibili.jpg?id=3896) !important;background-position: center !important;background-repeat: no-repeat !important;background-size: cover !important;}&#8221; el_class=&#8221;sostenibilita_top_box show-sub&#8221;][vc_column][vc_column_text] Partenariat pour le d\u00e9veloppement durable Nous favorisons les relations associatives et de partenariat avec des organisations \u00e0 [&hellip;]<\/p>\n","protected":false},"author":2,"featured_media":0,"parent":7026,"menu_order":0,"comment_status":"closed","ping_status":"closed","template":"page-templates\/pagina_partnership.php","meta":{"_acf_changed":false,"footnotes":""},"class_list":["post-7059","page","type-page","status-publish","hentry"],"acf":[],"_links":{"self":[{"href":"https:\/\/www.lucartgroup.com\/fr\/wp-json\/wp\/v2\/pages\/7059","targetHints":{"allow":["GET"]}}],"collection":[{"href":"https:\/\/www.lucartgroup.com\/fr\/wp-json\/wp\/v2\/pages"}],"about":[{"href":"https:\/\/www.lucartgroup.com\/fr\/wp-json\/wp\/v2\/types\/page"}],"author":[{"embeddable":true,"href":"https:\/\/www.lucartgroup.com\/fr\/wp-json\/wp\/v2\/users\/2"}],"replies":[{"embeddable":true,"href":"https:\/\/www.lucartgroup.com\/fr\/wp-json\/wp\/v2\/comments?post=7059"}],"version-history":[{"count":4,"href":"https:\/\/www.lucartgroup.com\/fr\/wp-json\/wp\/v2\/pages\/7059\/revisions"}],"predecessor-version":[{"id":17412,"href":"https:\/\/www.lucartgroup.com\/fr\/wp-json\/wp\/v2\/pages\/7059\/revisions\/17412"}],"up":[{"embeddable":true,"href":"https:\/\/www.lucartgroup.com\/fr\/wp-json\/wp\/v2\/pages\/7026"}],"wp:attachment":[{"href":"https:\/\/www.lucartgroup.com\/fr\/wp-json\/wp\/v2\/media?parent=7059"}],"curies":[{"name":"wp","href":"https:\/\/api.w.org\/{rel}","templated":true}]}}