{"id":7028,"date":"2019-01-23T16:46:02","date_gmt":"2019-01-23T15:46:02","guid":{"rendered":"https:\/\/www.lucartgroup.com\/codice-etico\/"},"modified":"2023-09-20T14:59:01","modified_gmt":"2023-09-20T12:59:01","slug":"code-ethique","status":"publish","type":"page","link":"https:\/\/www.lucartgroup.com\/fr\/la-durabilite\/code-ethique\/","title":{"rendered":"Code \u00c9thique"},"content":{"rendered":"<div class=\"wpb-content-wrapper\"><p>[vc_row full_width=&#8221;stretch_row&#8221; css=&#8221;.vc_custom_1589276576155{background-image: url(https:\/\/www.lucartgroup.com\/wp-content\/uploads\/2020\/01\/IlCodiceEtico-3.jpg?id=3686) !important;background-position: center !important;background-repeat: no-repeat !important;background-size: cover !important;}&#8221; el_class=&#8221;sostenibilita_top_box show-sub&#8221;][vc_column][vc_column_text]<\/p>\n<h1 style=\"text-align: center;\">Code \u00c9thique<\/h1>\n<p style=\"text-align: center;\">Nos valeurs fondatrices deviennent des r\u00e8gles de conduite \u00e0 travers l\u2019application et le respect du Code<br \/>\n\u00c9thique. Il s\u2019agit d\u2019un guide de principes, normes et r\u00e8gles pour les administrateurs, les commissaires aux comptes, les organes de<br \/>\ncontr\u00f4le, dirigeants, salari\u00e9s, collaborateurs et tous ceux qui entretiennent des relations de tout<br \/>\ntype avec les entreprises de notre Groupe.<\/p>\n<p>[\/vc_column_text][\/vc_column][\/vc_row][vc_row full_width=&#8221;stretch_row&#8221; css=&#8221;.vc_custom_1578591019581{margin-bottom: 35px !important;background-color: #0c4554 !important;background-position: center !important;background-repeat: no-repeat !important;background-size: contain !important;}&#8221; el_class=&#8221;sostenibilita_codice_etico pagina_cod_etico special_bunner&#8221;][vc_column][vc_column_text]<\/p>\n<p style=\"text-align: center;\"><a href=\"https:\/\/www.lucartgroup.com\/wp-content\/uploads\/2023\/09\/Code_etique_Lucart_2023_V06_FRA.pdf\" target=\"_blank\" rel=\"noopener noreferrer\">Code \u00c9thique<\/a><\/p>\n<p>[\/vc_column_text][\/vc_column][\/vc_row][vc_row full_width=&#8221;stretch_row&#8221; el_class=&#8221;box_ricerca_informazioni&#8221; css=&#8221;.vc_custom_1585903619874{background-image: url(https:\/\/www.lucartgroup.com\/wp-content\/uploads\/2019\/12\/van-tay-media-QklJV_Q0Pig-unsplash.jpg?id=3490) !important;background-position: center !important;background-repeat: no-repeat !important;background-size: cover !important;}&#8221;][vc_column][vc_column_text css=&#8221;.vc_custom_1582110064653{background-position: center !important;background-repeat: no-repeat !important;background-size: cover !important;}&#8221;]<\/p>\n<h4 style=\"text-align: left;\">Vous avez besoin d\u2019informations?<\/h4>\n<p style=\"text-align: left;\"><a href=\"https:\/\/www.lucartgroup.com\/en\/contacts\/\">contactez-nous<\/a><\/p>\n<p>[\/vc_column_text][\/vc_column][\/vc_row]<\/p>\n<\/div>","protected":false},"excerpt":{"rendered":"<p>[vc_row full_width=&#8221;stretch_row&#8221; css=&#8221;.vc_custom_1589276576155{background-image: url(https:\/\/www.lucartgroup.com\/wp-content\/uploads\/2020\/01\/IlCodiceEtico-3.jpg?id=3686) !important;background-position: center !important;background-repeat: no-repeat !important;background-size: cover !important;}&#8221; el_class=&#8221;sostenibilita_top_box show-sub&#8221;][vc_column][vc_column_text] Code \u00c9thique Nos valeurs fondatrices deviennent des r\u00e8gles de conduite \u00e0 travers l\u2019application et le respect du [&hellip;]<\/p>\n","protected":false},"author":2,"featured_media":0,"parent":7026,"menu_order":0,"comment_status":"closed","ping_status":"closed","template":"page-templates\/codice-etico.php","meta":{"_acf_changed":false,"footnotes":""},"class_list":["post-7028","page","type-page","status-publish","hentry"],"acf":[],"_links":{"self":[{"href":"https:\/\/www.lucartgroup.com\/fr\/wp-json\/wp\/v2\/pages\/7028","targetHints":{"allow":["GET"]}}],"collection":[{"href":"https:\/\/www.lucartgroup.com\/fr\/wp-json\/wp\/v2\/pages"}],"about":[{"href":"https:\/\/www.lucartgroup.com\/fr\/wp-json\/wp\/v2\/types\/page"}],"author":[{"embeddable":true,"href":"https:\/\/www.lucartgroup.com\/fr\/wp-json\/wp\/v2\/users\/2"}],"replies":[{"embeddable":true,"href":"https:\/\/www.lucartgroup.com\/fr\/wp-json\/wp\/v2\/comments?post=7028"}],"version-history":[{"count":4,"href":"https:\/\/www.lucartgroup.com\/fr\/wp-json\/wp\/v2\/pages\/7028\/revisions"}],"predecessor-version":[{"id":21723,"href":"https:\/\/www.lucartgroup.com\/fr\/wp-json\/wp\/v2\/pages\/7028\/revisions\/21723"}],"up":[{"embeddable":true,"href":"https:\/\/www.lucartgroup.com\/fr\/wp-json\/wp\/v2\/pages\/7026"}],"wp:attachment":[{"href":"https:\/\/www.lucartgroup.com\/fr\/wp-json\/wp\/v2\/media?parent=7028"}],"curies":[{"name":"wp","href":"https:\/\/api.w.org\/{rel}","templated":true}]}}