{"id":6982,"date":"2019-01-21T14:54:07","date_gmt":"2019-01-21T13:54:07","guid":{"rendered":"https:\/\/www.lucartgroup.com\/gruppo\/organizzazione-e-societa\/"},"modified":"2020-07-22T16:30:54","modified_gmt":"2020-07-22T14:30:54","slug":"organisation-et-societe","status":"publish","type":"page","link":"https:\/\/www.lucartgroup.com\/fr\/le-groupe\/organisation-et-societe\/","title":{"rendered":"Organisation et Soci\u00e9t\u00e9"},"content":{"rendered":"<div class=\"wpb-content-wrapper\"><p>[vc_row full_width=&#8221;stretch_row&#8221; css=&#8221;.vc_custom_1580296019786{background-image: url(https:\/\/www.lucartgroup.com\/wp-content\/uploads\/2020\/01\/OrgSocieta\u0300_MG_3083-1.jpg?id=3888) !important;background-position: center !important;background-repeat: no-repeat !important;background-size: cover !important;}&#8221; el_class=&#8221;sostenibilita_top_box&#8221;][vc_column][vc_column_text]<\/p>\n<h1 style=\"text-align: center;\">Organisation et Soci\u00e9t\u00e9 <\/h1>\n<p>[\/vc_column_text][\/vc_column][\/vc_row][vc_row css=&#8221;.vc_custom_1564065537413{margin-top: 35px !important;margin-bottom: 35px !important;}&#8221;][vc_column][vc_column_text]<\/p>\n<h2 style=\"text-align: center;\">La composition soci\u00e9taire du  Groupe<br \/>\net les rapports de participation<\/h2>\n<p>[\/vc_column_text][\/vc_column][\/vc_row][vc_row][vc_column][vc_column_text]<br><div class=\"org-nuovo org-societa-wrapper desktop\">\n                <div class=\"row-wrapper\">\n                    <div class=\"column\">\n                        <div class=\"block main\">\n                            <a  class=\"isDisabled\" href=\"https:\/\/www.lucartgroup.com\/gruppo\/organizzazione-e-societa\/#\">\n                                <span>Lucart S.p.A.<\/span>\n                            <\/a>\n                        <\/div>\n                        <div class=\"line long\"><\/div>\n                    <\/div>\n                <\/div>\n                <div class=\"row-wrapper connections orizzontale justify-content-center\">\n                    <div class=\"padded\">\n\t\t\t\t\t\t<div class=\"line horizontal\"><\/div>\n                        <span>100%<\/span>\n                        <div class=\"line horizontal\"><\/div>\n                    <\/div>\n                    <div>\n\t\t\t\t\t\t<div class=\"line horizontal\"><\/div>\n                        <span>100%<\/span>\n                        <div class=\"line horizontal\"><\/div>\n                    <\/div>\n                    <div>\n\t\t\t\t\t\t<div class=\"line horizontal\"><\/div>\n                        <span>100%<\/span>\n                        <div class=\"line horizontal\"><\/div>\n                    <\/div>\n                    <div>\n\t\t\t\t\t\t<div class=\"line horizontal\"><\/div>\n                        <span>100%<\/span>\n                        <div class=\"line horizontal\"><\/div>\n                    <\/div>\n                    <div>\n\t\t\t\t\t\t<div class=\"line horizontal\"><\/div>\n                        <span>100%<\/span>\n                        <div class=\"line horizontal\"><\/div>\n                    <\/div>\n                    <div>\n\t\t\t\t\t\t<div class=\"line horizontal\"><\/div>\n                        <span>70%<\/span>\n                        <div class=\"line horizontal\"><\/div>\n                    <\/div>\n                <\/div>\n                <div class=\"row-wrapper connections vertical\">\n                    <div>\n                        <div class=\"line\"><\/div>\n                    <\/div>\n                    <div>\n                        <div class=\"line\"><\/div>\n                    <\/div>\n                    <div>\n                        <div class=\"line\"><\/div>\n                    <\/div>\n                    <div>\n                        <div class=\"line\"><\/div>\n                    <\/div>\n                    <div>\n                        <div class=\"line\"><\/div>\n                    <\/div>\n                    <div>\n                        <div class=\"line\"><\/div>\n                    <\/div>\n                <\/div>\n\n                <div class=\"row-wrapper last-line\">\n                    <div class=\"block-wrapper\">\n                        <div class=\"block\">\n                            <a  class=\"isDisabled\" href=\"https:\/\/www.lucartgroup.com\/gruppo\/organizzazione-e-societa\/#\">\n                                <span>Lucart SAS<\/span>\n                            <\/a>\n                        <\/div>\n                    <\/div>\n                    <div class=\"block-wrapper\">\n                        <div class=\"block\">\n\t\t\t\t\t\t\t<a  class=\"isDisabled\" href=\"https:\/\/www.lucartgroup.com\/gruppo\/organizzazione-e-societa\/#\">\n\t\t\t\t\t\t\t\t<span>Lucart<br>Tissue &amp; Soap<br>S.L.U.<\/span>\n\t\t\t\t\t\t\t<\/a>\n                        <\/div>\n                    <\/div>\n                    <div class=\"block-wrapper\">\n                        <div class=\"block\">\n                            <a  class=\"isDisabled\" href=\"https:\/\/www.lucartgroup.com\/gruppo\/organizzazione-e-societa\/#\">\n                                <span>Lucart Kft.<\/span>\n                            <\/a>\n                        <\/div>\n                    <\/div>\n                    <div class=\"block-wrapper\">\n                        <div class=\"block\">\n                            <a  class=\"isDisabled\" href=\"https:\/\/www.lucartgroup.com\/gruppo\/organizzazione-e-societa\/#\">\n                                <span>Lucart Hygiene Ltd.<\/span>\n                            <\/a>\n                        <\/div>\n                    <\/div>\n                    <div class=\"block-wrapper\">\n                        <div class=\"block\">\n                            <a  class=\"isDisabled\" href=\"https:\/\/www.lucartgroup.com\/gruppo\/organizzazione-e-societa\/#\">\n                                <span>Lucart Deutschland<br>GmbH<\/span>\n                            <\/a>\n                        <\/div>\n                    <\/div>\n                    <div class=\"block-wrapper\">\n                        <div class=\"block\">\n                            <a  class=\"isDisabled\" href=\"\">\n                                <span>Cartindustria Eurocarta S.r.l.<\/span>\n                            <\/a>\n                        <\/div>\n                    <\/div>\n                <\/div>\n            <\/div>\n\n\t\t\t<div class=\"org-nuovo-mobile org-societa-wrapper mobile\">\n                <div class=\"row-wrapper\">\n                    <div class=\"column\">\n                        <div class=\"block main\">\n                            <a  class=\"isDisabled\" href=\"https:\/\/www.lucartgroup.com\/gruppo\/organizzazione-e-societa\/#\">\n                                <span>Lucart S.p.A.<\/span>\n                            <\/a>\n                        <\/div>\n                    <\/div>\n                    <div class=\"spacer\"><\/div>\n                <\/div>\n                <div class=\"row-wrapper child-row\">\n                    <div class=\"block-wrapper\">\n                        <div class=\"block\">\n                            <a  class=\"isDisabled\" href=\"https:\/\/www.lucartgroup.com\/gruppo\/organizzazione-e-societa\/#\">\n                                <span>Lucart SAS<\/span>\n                            <\/a>\n                        <\/div>\n                    <\/div>\n                    <div class=\"connection\">\n                        <div class=\"line\"><\/div>\n                        <span>100%<\/span>\n                        <div class=\"line\"><\/div>\n                    <\/div>\n                <\/div>\n                <div class=\"row-wrapper child-row\">\n                    <div class=\"block-wrapper\">\n\t\t\t\t\t\t<div class=\"block\">\n                        <a  class=\"isDisabled\" href=\"https:\/\/www.lucartgroup.com\/gruppo\/organizzazione-e-societa\/#\">\n                            <span>Lucart<br>Tissue &amp; Soap<br>S.L.U.<\/span>\n                        <\/a>\n\t\t\t\t\t\t<\/div>\n                    <\/div>\n                    <div class=\"connection\">\n                        <div class=\"line\"><\/div>\n                        <span>100%<\/span>\n                        <div class=\"line\"><\/div>\n                    <\/div>\n                <\/div>\n                <div class=\"row-wrapper child-row\">\n                    <div class=\"block-wrapper\">\n                        <div class=\"block\">\n                            <a  class=\"isDisabled\" href=\"https:\/\/www.lucartgroup.com\/gruppo\/organizzazione-e-societa\/#\">\n                                <span>Lucart Kft.<\/span>\n                            <\/a>\n                        <\/div>\n                    <\/div>\n                    <div class=\"connection\">\n                        <div class=\"line\"><\/div>\n                        <span>100%<\/span>\n                        <div class=\"line\"><\/div>\n                    <\/div>\n                <\/div>\n                <div class=\"row-wrapper child-row\">\n                    <div class=\"block-wrapper\">\n                        <div class=\"block\">\n                            <a  class=\"isDisabled\" href=\"https:\/\/www.lucartgroup.com\/gruppo\/organizzazione-e-societa\/#\">\n                                <span>Lucart Hygiene Ltd.<\/span>\n                            <\/a>\n                        <\/div>\n                    <\/div>\n                    <div class=\"connection\">\n                        <div class=\"line\"><\/div>\n                        <span>100%<\/span>\n                        <div class=\"line\"><\/div>\n                    <\/div>\n                <\/div>\n                <div class=\"row-wrapper child-row\">\n                    <div class=\"block-wrapper\">\n                        <div class=\"block\">\n                            <a  class=\"isDisabled\" href=\"https:\/\/www.lucartgroup.com\/gruppo\/organizzazione-e-societa\/#\">\n                                <span>Lucart Deutschland<br>GmbH<\/span>\n                            <\/a>\n                        <\/div>\n                    <\/div>\n                    <div class=\"connection\">\n                        <div class=\"line\"><\/div>\n                        <span>100%<\/span>\n                        <div class=\"line\"><\/div>\n                    <\/div>\n                <\/div>\n                <div class=\"row-wrapper child-row\">\n                    <div class=\"block-wrapper\">\n                        <div class=\"block\">\n                            <a  class=\"isDisabled\" href=\"\">\n                                <span>Cartindustria Eurocarta S.r.l.<\/span>\n                            <\/a>\n                        <\/div>\n                    <\/div>\n                    <div class=\"connection\">\n                        <div class=\"line\"><\/div>\n                        <span>70%<\/span>\n                        <div class=\"line\"><\/div>\n                    <\/div>\n                <\/div>\n            <\/div>[\/vc_column_text][\/vc_column][\/vc_row][vc_row][vc_column][vc_empty_space height=&#8221;20px&#8221;][\/vc_column][\/vc_row][vc_row][vc_column][vc_column_text]<\/p>\n<p style=\"text-align: center;\">La gestion responsable de notre Groupe, dans le respect du plan strat\u00e9gique partag\u00e9, est confi\u00e9e au Conseil d&#8217;Administration de Lucart S.p.A., la soci\u00e9t\u00e9 d&#8217;exploitation \u00e0 la t\u00eate du Groupe Lucart bas\u00e9e \u00e0 Porcari (LU). Il est accompagn\u00e9 d&#8217;un Coll\u00e8ge des commissaires aux comptes et d&#8217;un Comit\u00e9 de direction, institu\u00e9 dans le but de g\u00e9rer au mieux les activit\u00e9s d\u2019exploitation.<\/p>\n<p>[\/vc_column_text][\/vc_column][\/vc_row][vc_row css=&#8221;.vc_custom_1564065537413{margin-top: 35px !important;margin-bottom: 35px !important;}&#8221;][vc_column][vc_column_text]<\/p>\n<h2 style=\"text-align: center;\">Organigramme fonctionnel<\/h2>\n<p>[\/vc_column_text][\/vc_column][\/vc_row][vc_row el_class=&#8221;organigramma&#8221;][vc_column][vc_column_text]<div id=\"wrapper\" class=\"org-nuovo org-soc\">\n    <div class=\"parent\">\n        <a href=\"https:\/\/www.lucartgroup.com\/fr\/le-groupe\/management\/#persona_1\">\n            <span class=\"title\">LUCART S.p.A.<\/span>\n            <span>Chief Executive Officer<\/span>\n        <\/a>\n    <\/div>\n    <div class=\"row row-1 justify-content-center\">\n        <div class=\"child-1\">\n            <a href=\"https:\/\/www.lucartgroup.com\/fr\/le-groupe\/management\/#persona_17\">\n                <span class=\"title\">Human resources<\/span>\n                <span>Chief<br>HR<br>Officer<\/span>\n            <\/a>\n        <\/div>    \n        <div class=\"child-1 middle\">\n            <a href=\"https:\/\/www.lucartgroup.com\/fr\/le-groupe\/management\/#persona_16\">\n                <span class=\"title\">Finance<\/span>\n                <span>Chief<br>Financial<br>Officer<\/span>\n            <\/a>\n        <\/div>\n        <div class=\"child-1\">\n            <a href=\"https:\/\/www.lucartgroup.com\/fr\/le-groupe\/management\/#persona_12\">\n                <span class=\"title\">Compliance & Sustainability<\/span>\n                <span>Chief<br>Compliance & Sustainability<br>Officer<\/span>\n            <\/a>\n        <\/div>\n        <div class=\"child-1 last-child\">\n            <a href=\"https:\/\/www.lucartgroup.com\/fr\/le-groupe\/management\/#persona_10\">\n                <span class=\"title\">Information Technology<\/span>\n                <span>Chief<br>Information<br>Officer<\/span>\n            <\/a>\n        <\/div>\n    <\/div>\n    <div class=\"row row-2 justify-content-center\">\n        <div class=\"child-1\">\n            <a href=\"https:\/\/www.lucartgroup.com\/fr\/le-groupe\/management\/#persona_15\">\n                <span class=\"title\">Engineering<\/span>\n                <span>Chief<br>Technology<br>Officer<\/span>\n            <\/a>\n        <\/div>\n        <div class=\"child-1 middle\">\n            <a href=\"https:\/\/www.lucartgroup.com\/fr\/le-groupe\/management\/#persona_18\">\n                <span class=\"title\">Operations<\/span>\n                <span>Chief<br>Operating<br>Officer<\/span>\n            <\/a>\n        <\/div> \n        <div class=\"child-1 last-child\">\n            <a href=\"https:\/\/www.lucartgroup.com\/fr\/le-groupe\/management\/#persona_11\">\n                <span class=\"title\">Sales &amp; Marketing<\/span>\n                <span>Chief Sales &amp;<br>Marketing<br>Officer<\/span>\n            <\/a>\n        <\/div>\n        <div class=\"child-1 empty-spot\"><\/div>\n    <\/div>\n    <div class=\"row row-3 child-2 justify-content-center\">\n        <div class=\"child-1\">\n            <a href=\"https:\/\/www.lucartgroup.com\/fr\/le-groupe\/management\/#\" class=\"isDisabled\">\n                <span>Lucart SAS<\/span>\n            <\/a>\n        <\/div>\n        <div class=\"child-1\">\n            <a href=\"https:\/\/www.lucartgroup.com\/fr\/le-groupe\/management\/#\" class=\"isDisabled\">\n                <span>Lucart Kft.<\/span>\n            <\/a>\n        <\/div>\n\t\t<div class=\"child-1\">\n            <a href=\"https:\/\/www.lucartgroup.com\/fr\/le-groupe\/management\/#\" class=\"isDisabled\">\n                <span>Lucart Deutschland GmbH<\/span>\n            <\/a>\n        <\/div>\n        <div class=\"child-1\">\n            <a href=\"https:\/\/www.lucartgroup.com\/fr\/le-groupe\/management\/#\" class=\"isDisabled\">\n                <span>Lucart <br>Tissue & Soap <br>S.L.U.<\/span>\n            <\/a>\n        <\/div>\n\t\t<div class=\"child-1\">\n            <a href=\"https:\/\/www.lucartgroup.com\/fr\/le-groupe\/management\/#\" class=\"isDisabled\">\n                <span>Lucart Hygiene Ltd.<\/span>\n            <\/a>\n        <\/div>\n    <\/div>\n<\/div>\n\n<div id=\"wrapper-mobile\" class=\"org-nuovo org-soc\">\n    <div class=\"parent\">\n        <a href=\"https:\/\/www.lucartgroup.com\/fr\/le-groupe\/management\/#mobile_persona_1\">\n            <span class=\"title\">LUCART S.p.A.<\/span>\n            <span>Chief Executive Officer<\/span>\n        <\/a>\n    <\/div>\n    <div class=\"row\">\n        <div class=\"child-1 middle\">\n            <a href=\"https:\/\/www.lucartgroup.com\/fr\/le-groupe\/management\/#persona_17\">\n                <span class=\"title\">Human resources<\/span>\n                <span>Chief<br>HR<br>Officer<\/span>\n            <\/a>\n        <\/div>\n        <div class=\"child-1\">\n            <a href=\"https:\/\/www.lucartgroup.com\/fr\/le-groupe\/management\/#persona_16\">\n                <span class=\"title\">Finance<\/span>\n                <span>Chief<br>Financial<br>Officer<\/span>\n            <\/a>\n        <\/div>\n    <\/div>\n    <div class=\"row\">\n        <div class=\"child-1 middle\">\n            <a href=\"https:\/\/www.lucartgroup.com\/fr\/le-groupe\/management\/#persona_12\">\n                <span class=\"title\">Compliance & Sustainability<\/span>\n                <span>Chief<br>Compliance & Sustainability<br>Officer<\/span>\n            <\/a>\n        <\/div>\n        <div class=\"child-1\">\n            <a href=\"https:\/\/www.lucartgroup.com\/fr\/le-groupe\/management\/#persona_10\">\n                <span class=\"title\">Information Technology<\/span>\n                <span>Chief<br>Information<br>Officer<\/span>\n            <\/a>\n        <\/div>\n    <\/div>\n    <div class=\"row\">\n        <div class=\"child-1 middle\">\n            <a href=\"https:\/\/www.lucartgroup.com\/fr\/le-groupe\/management\/#persona_15\">\n                <span class=\"title\">Engineering<\/span>\n                <span>Chief<br>Technology<br>Officer<\/span>\n            <\/a>\n        <\/div>\n        <div class=\"child-1\">\n            <a href=\"https:\/\/www.lucartgroup.com\/fr\/le-groupe\/management\/#persona_18\">\n                <span class=\"title\">Operations<\/span>\n                <span>Chief<br>Operating<br>Officer<\/span>\n            <\/a>\n        <\/div>\n    <\/div>\n    <div class=\"row\">\n        <div class=\"child-1 middle last-child\">\n            <a href=\"https:\/\/www.lucartgroup.com\/fr\/le-groupe\/management\/#persona_11\">\n                <span class=\"title\">Sales &amp; Marketing<\/span>\n                <span>Chief Sales &amp;<br>Marketing<br>Officer<\/span>\n            <\/a>\n        <\/div>\n        <div class=\"child-1 empty-spot\"><\/div>\n    <\/div>\n\n    <div class=\"row child-2\">\n        <div class=\"child-1 middle\"> \n            <a href=\"https:\/\/www.lucartgroup.com\/fr\/le-groupe\/management\/#\" class=\"isDisabled\">\n                <span>Lucart SAS<\/span>\n            <\/a>\n        <\/div>\n        <div class=\"child-1\">\n            <a href=\"https:\/\/www.lucartgroup.com\/fr\/le-groupe\/management\/#\" class=\"isDisabled\">\n                <span>Lucart Kft.<\/span>\n            <\/a>\n        <\/div>\n    <\/div>\n    <div class=\"row child-2\">\n        <div class=\"child-1 middle\">\n            <a href=\"https:\/\/www.lucartgroup.com\/fr\/le-groupe\/management\/#\" class=\"isDisabled\">\n                <span>Lucart Deutschland GmbH<\/span>\n            <\/a>\n        <\/div>\n        <div class=\"child-1\">\n            <a href=\"https:\/\/www.lucartgroup.com\/fr\/le-groupe\/management\/#\" class=\"isDisabled\">\n                <span>Lucart Tissue & Soap S.L.U.<\/span>\n            <\/a>\n        <\/div>\n    <\/div>\n    <div class=\"row child-2 justify-content-center\">\n        <div class=\"child-1\">\n            <a href=\"https:\/\/www.lucartgroup.com\/fr\/le-groupe\/management\/#\" class=\"isDisabled\">\n                <span>Lucart Hygiene Ltd.<\/span>\n            <\/a>\n        <\/div>\n    <\/div>\n<\/div>\n[\/vc_column_text][\/vc_column][\/vc_row][vc_row full_width=&#8221;stretch_row&#8221; el_class=&#8221;box_ricerca_informazioni&#8221; css=&#8221;.vc_custom_1585903503056{background-image: url(https:\/\/www.lucartgroup.com\/wp-content\/uploads\/2019\/12\/van-tay-media-QklJV_Q0Pig-unsplash.jpg?id=3490) !important;background-position: center !important;background-repeat: no-repeat !important;background-size: cover !important;}&#8221;][vc_column][vc_column_text css=&#8221;.vc_custom_1582109818357{background-position: center !important;background-repeat: no-repeat !important;background-size: cover !important;}&#8221;]<\/p>\n<h4 style=\"text-align: left;\">Vous avez besoin d\u2019informations?<\/h4>\n<p style=\"text-align: left;\"><a href=\"https:\/\/www.lucartgroup.com\/en\/contacts\/\">contactez-nous<\/a><\/p>\n<p>[\/vc_column_text][\/vc_column][\/vc_row]<\/p>\n<\/div>","protected":false},"excerpt":{"rendered":"<p>[vc_row full_width=&#8221;stretch_row&#8221; css=&#8221;.vc_custom_1580296019786{background-image: url(https:\/\/www.lucartgroup.com\/wp-content\/uploads\/2020\/01\/OrgSocieta\u0300_MG_3083-1.jpg?id=3888) !important;background-position: center !important;background-repeat: no-repeat !important;background-size: cover !important;}&#8221; el_class=&#8221;sostenibilita_top_box&#8221;][vc_column][vc_column_text] Organisation et Soci\u00e9t\u00e9 [\/vc_column_text][\/vc_column][\/vc_row][vc_row css=&#8221;.vc_custom_1564065537413{margin-top: 35px !important;margin-bottom: 35px !important;}&#8221;][vc_column][vc_column_text] La composition soci\u00e9taire du Groupe et les rapports de [&hellip;]<\/p>\n","protected":false},"author":2,"featured_media":0,"parent":9000,"menu_order":0,"comment_status":"closed","ping_status":"closed","template":"page-templates\/rapporto_sostenibilita.php","meta":{"_acf_changed":false,"footnotes":""},"class_list":["post-6982","page","type-page","status-publish","hentry"],"acf":[],"_links":{"self":[{"href":"https:\/\/www.lucartgroup.com\/fr\/wp-json\/wp\/v2\/pages\/6982","targetHints":{"allow":["GET"]}}],"collection":[{"href":"https:\/\/www.lucartgroup.com\/fr\/wp-json\/wp\/v2\/pages"}],"about":[{"href":"https:\/\/www.lucartgroup.com\/fr\/wp-json\/wp\/v2\/types\/page"}],"author":[{"embeddable":true,"href":"https:\/\/www.lucartgroup.com\/fr\/wp-json\/wp\/v2\/users\/2"}],"replies":[{"embeddable":true,"href":"https:\/\/www.lucartgroup.com\/fr\/wp-json\/wp\/v2\/comments?post=6982"}],"version-history":[{"count":3,"href":"https:\/\/www.lucartgroup.com\/fr\/wp-json\/wp\/v2\/pages\/6982\/revisions"}],"predecessor-version":[{"id":12116,"href":"https:\/\/www.lucartgroup.com\/fr\/wp-json\/wp\/v2\/pages\/6982\/revisions\/12116"}],"up":[{"embeddable":true,"href":"https:\/\/www.lucartgroup.com\/fr\/wp-json\/wp\/v2\/pages\/9000"}],"wp:attachment":[{"href":"https:\/\/www.lucartgroup.com\/fr\/wp-json\/wp\/v2\/media?parent=6982"}],"curies":[{"name":"wp","href":"https:\/\/api.w.org\/{rel}","templated":true}]}}