{"id":6958,"date":"2018-10-15T16:13:29","date_gmt":"2018-10-15T14:13:29","guid":{"rendered":"https:\/\/www.lucartgroup.com\/brand\/"},"modified":"2022-06-17T11:41:14","modified_gmt":"2022-06-17T09:41:14","slug":"marques","status":"publish","type":"page","link":"https:\/\/www.lucartgroup.com\/fr\/marques\/","title":{"rendered":"Les Marques"},"content":{"rendered":"<div class=\"wpb-content-wrapper\"><p>[vc_row full_width=&#8221;stretch_row&#8221; css=&#8221;.vc_custom_1589276516515{background-image: url(https:\/\/www.lucartgroup.com\/wp-content\/uploads\/2020\/02\/INostriBrand_Header_low.jpg?id=4169) !important;background-position: center !important;background-repeat: no-repeat !important;background-size: cover !important;}&#8221; el_class=&#8221;sostenibilita_top_box show-sub&#8221;][vc_column][vc_column_text]<\/p>\n<h1 style=\"text-align: center;\">Nos marques<\/h1>\n<p style=\"text-align: center;\"><span style=\"font-weight: 400;\">Nos marques racontent l\u2019histoire de Lucart, en tra\u00e7ant un profil du Groupe \u00e0 360 degr\u00e9s \u2013 \u00e0 partir des produits pour les consommateurs \u00e0 ceux destin\u00e9s au secteur professionnel et BtoB \u2013 solidement ancr\u00e9 aux trois valeurs qui guident notre activit\u00e9 : qualit\u00e9, durabilit\u00e9 et innovation.<\/span><\/p>\n<p>[\/vc_column_text][\/vc_column][\/vc_row][vc_row el_id=&#8221;away&#8221;][vc_column][vc_column_text el_class=&#8221;brand_pre_box&#8221;]<\/p>\n<h2 style=\"text-align: center;\">Away from Home<\/h2>\n<p>[\/vc_column_text][vc_column_text el_class=&#8221;brand_pre_box_text&#8221;]<\/p>\n<p style=\"text-align: center;\"><span style=\"font-weight: 400;\">L\u2019unit\u00e9 commerciale Away from Home<\/span> <span style=\"font-weight: 400;\">propose des solutions innovantes pour l\u2019hygi\u00e8ne compos\u00e9es de produits r\u00e9alis\u00e9s en papier tissue <\/span><span style=\"font-weight: 400;\">(<\/span><span style=\"font-weight: 400;\">obtenu \u00e0 partir de fibres vierges ou de fibres recycl\u00e9es ou r\u00e9g\u00e9n\u00e9r\u00e9es) et en papier \u00e0 sec \u00ab\u00a0airlaid\u00a0\u00bb, des syst\u00e8mes de distribution et des savons.<\/span><\/p>\n<p style=\"text-align: center;\"><span style=\"font-weight: 400;\">Les marques de la division constituent des partenaires pour les op\u00e9rateurs du secteur en assurant la plus haute qualit\u00e9 du service et en r\u00e9pondant aux exigences de l&#8217;utilisateur final.<\/span><span style=\"font-weight: 400;\">(h\u00f4pitaux, cantines, \u00e9coles, industries, h\u00f4tels et bien d\u2019autres).<\/span><\/p>\n<p>[\/vc_column_text][\/vc_column][\/vc_row][vc_row full_width=&#8221;stretch_row_content_no_spaces&#8221;][vc_column][vc_column_text css=&#8221;.vc_custom_1584703655361{margin-bottom: 0px !important;}&#8221;]<div class='logo_block_first contenitore_list_loghi clearfix'><a href='https:\/\/www.lucartgroup.com\/fr\/brands\/lucart-professional\/' class='list_singolo_brand lucart-professional dx clearfix' style='background-image:url(https:\/\/www.lucartgroup.com\/wp-content\/uploads\/2018\/10\/Lucart-Professionakl-EcoNatural-640x640@2x-500x500.jpg)'>\n\t\t\t\t\t\t<img src='https:\/\/www.lucartgroup.com\/wp-content\/uploads\/2018\/10\/LOGHI_BRAND_LUCART_PRO.png'>\n\t\t\t\t\t<\/a><a href='https:\/\/www.lucartgroup.com\/fr\/brands\/fato\/' class='list_singolo_brand fato dx clearfix' style='background-image:url(https:\/\/www.lucartgroup.com\/wp-content\/uploads\/2018\/10\/Fato-640x640@2x2-500x500.jpg)'>\n\t\t\t\t\t\t<img src='https:\/\/www.lucartgroup.com\/wp-content\/uploads\/2018\/10\/LOGHI_BRAND_FATO-1.png'>\n\t\t\t\t\t<\/a><a href='https:\/\/www.lucartgroup.com\/fr\/brands\/velo\/' class='list_singolo_brand velo sx clearfix' style='background-image:url(https:\/\/www.lucartgroup.com\/wp-content\/uploads\/2018\/10\/Foto-velo-@2x-500x500.jpg)'>\n\t\t\t\t\t\t<img src='https:\/\/www.lucartgroup.com\/wp-content\/uploads\/2018\/10\/nuovo-logo-velo.png'>\n\t\t\t\t\t<\/a><\/div>\n<div id=\"personalizzazioni\"><\/div>\n<p>[\/vc_column_text][\/vc_column][\/vc_row][vc_row full_width=&#8221;stretch_row&#8221; css=&#8221;.vc_custom_1596032955619{background-image: url(https:\/\/www.lucartgroup.com\/wp-content\/uploads\/2020\/01\/sotto-al-testo-Personalizzazioni.jpg?id=3763) !important;}&#8221; el_class=&#8221;brand_light_box&#8221; el_id=&#8221;personnalisations&#8221;][vc_column][vc_column_text el_class=&#8221;brand_pre_box&#8221;]<\/p>\n<h3 style=\"text-align: center;\">Personnalisations<\/h3>\n<p style=\"text-align: center;\"><span style=\"font-weight: 400;\">Depuis toujours dans le secteur Ho.Re.Ca le papier est utilis\u00e9 pour le dressage de la table comme \u00e9l\u00e9ment en mesure de communiquer la personnalit\u00e9 et l\u2019identit\u00e9 de l\u2019\u00e9tablissement. Lucart offre une vaste gamme de possibilit\u00e9s de personnalisation de serviettes, nappes et \u00e9tui porte-couverts en papier tissue et airlaid et des distributeurs pour toutes les exigences de la restauration professionnelle.<\/span><\/p>\n<p>[\/vc_column_text][\/vc_column][\/vc_row][vc_row el_id=&#8221;consumer&#8221;][vc_column][vc_column_text el_class=&#8221;brand_pre_box&#8221;]<\/p>\n<h2 style=\"text-align: center;\">Consumer<\/h2>\n<p>[\/vc_column_text][vc_column_text el_class=&#8221;brand_pre_box_text&#8221;]<\/p>\n<p class=\"normal\" style=\"text-align: center;\"><span style=\"font-weight: 400;\">Les marques de la business unit Consumer avec leurs produits pour l\u2019hygi\u00e8ne et le nettoyage (papier toilette, mouchoirs, serviettes, papier pour la maison) accompagnent chaque jour des millions de personnes au quotidien et placent le Groupe parmi les principaux acteurs au niveau italien et comme partenaire de GDO en Europe \u00e0 la fois pour ses produits en pure cellulose et pour ses produits en papier recycl\u00e9.<\/span><\/p>\n<p>[\/vc_column_text][\/vc_column][\/vc_row][vc_row full_width=&#8221;stretch_row_content_no_spaces&#8221;][vc_column][vc_column_text css=&#8221;.vc_custom_1584703354819{margin-bottom: 0px !important;}&#8221;]<div class='logo_block_first contenitore_list_loghi clearfix'><a href='https:\/\/www.lucartgroup.com\/fr\/brands\/tenderly\/' class='list_singolo_brand tenderly dx clearfix' style='background-image:url(https:\/\/www.lucartgroup.com\/wp-content\/uploads\/2018\/10\/banner_web_650x650px_tenderly_per_sito_web_lucart_04_2026_lucart-500x500.jpg)'>\n\t\t\t\t\t\t<img src='https:\/\/www.lucartgroup.com\/wp-content\/uploads\/2018\/10\/tenderly-square.png'>\n\t\t\t\t\t<\/a><a href='https:\/\/www.lucartgroup.com\/fr\/brands\/tutto\/' class='list_singolo_brand tutto dx clearfix' style='background-image:url(https:\/\/www.lucartgroup.com\/wp-content\/uploads\/2018\/10\/banner_web_650x650px_tutto_per_sito_web_lucart_04_2026_lucart-500x500.jpg)'>\n\t\t\t\t\t\t<img src='https:\/\/www.lucartgroup.com\/wp-content\/uploads\/2018\/10\/tutto-square.png'>\n\t\t\t\t\t<\/a><a href='https:\/\/www.lucartgroup.com\/fr\/brands\/grazie-natural\/' class='list_singolo_brand grazie-natural sx clearfix' style='background-image:url(https:\/\/www.lucartgroup.com\/wp-content\/uploads\/2018\/10\/banner_web_650x650px_grazie_per_sito_web_lucart_04_2026_lucart-500x500.jpg)'>\n\t\t\t\t\t\t<img src='https:\/\/www.lucartgroup.com\/wp-content\/uploads\/2018\/10\/grazie-econatural-square.png'>\n\t\t\t\t\t<\/a><a href='https:\/\/www.lucartgroup.com\/fr\/brands\/smile\/' class='list_singolo_brand smile sx clearfix' style='background-image:url(https:\/\/www.lucartgroup.com\/wp-content\/uploads\/2022\/04\/banner_smile-500x500.jpg)'>\n\t\t\t\t\t\t<img src='https:\/\/www.lucartgroup.com\/wp-content\/uploads\/2018\/10\/NUOVO_BRAND_SMILE.png'>\n\t\t\t\t\t<\/a><\/div>[\/vc_column_text][\/vc_column][\/vc_row][vc_row full_width=&#8221;stretch_row&#8221; css=&#8221;.vc_custom_1584703430585{background-image: url(https:\/\/www.lucartgroup.com\/wp-content\/uploads\/2020\/01\/shopping-cart-1275480.jpg?id=3766) !important;}&#8221; el_class=&#8221;brand_light_box&#8221; el_id=&#8221;label&#8221;][vc_column][vc_column_text el_class=&#8221;brand_pre_box&#8221;]<\/p>\n<h3 style=\"text-align: center;\">Private Label<\/h3>\n<p style=\"text-align: center;\">Nous collaborons avec la quasi-totalit\u00e9 des grandes enseignes de la GDO au niveau europ\u00e9en et soutenons les entreprises du secteur dans le choix et dans l\u2019emballage d\u2019un produit \u00ab\u00a0sur mesure\u00a0\u00bb pour leurs clients.<\/p>\n<p>[\/vc_column_text][\/vc_column][\/vc_row][vc_row el_id=&#8221;business&#8221;][vc_column][vc_column_text el_class=&#8221;brand_pre_box&#8221;]<\/p>\n<h2 style=\"text-align: center;\">Business to Business<\/h2>\n<p>[\/vc_column_text][vc_column_text el_class=&#8221;brand_pre_box_text&#8221;]<\/p>\n<p class=\"normal\" style=\"text-align: center;\"><span style=\"font-weight: 400;\"> L\u2019unit\u00e9 commerciale Business to Business propose au march\u00e9 des bobines de ouate grands formats destin\u00e9es \u00e0 d\u2019autres industries papeti\u00e8res, en garantissant qualit\u00e9 et stabilit\u00e9 du produit dans le temps, haut niveau de service et fiabilit\u00e9 vis-\u00e0-vis de la client\u00e8le. <\/span><\/p>\n<p>[\/vc_column_text][\/vc_column][\/vc_row][vc_row full_width=&#8221;stretch_row_content_no_spaces&#8221;][vc_column][vc_column_text css=&#8221;.vc_custom_1560852247676{margin-bottom: 0px !important;}&#8221; el_class=&#8221;b2b-listing&#8221;]<div class='logo_block_last contenitore_list_loghi clearfix'><a href='https:\/\/www.lucartgroup.com\/fr\/brands\/carta-tissue\/' class='list_singolo_brand clearfix'>\n\t\t\t\t\t\t\t\t<h3 class='brand_titolo b2b-title'>Papier Tissue<\/h3>\n\t\t\t\t\t\t<div class='cont_logo dx'><img src=''><\/div>\n\t\t\t\t\t\t<div class='img_rif_logo'>\n\t\t\t\t\t\t\t\t<img loading=\"lazy\" decoding=\"async\" width=\"500\" height=\"500\" src=\"https:\/\/www.lucartgroup.com\/wp-content\/uploads\/2018\/11\/Copia-di-ambiente-022-blu-500x500.jpg\" class=\"attachment-img_500x500 size-img_500x500\" alt=\"\" srcset=\"https:\/\/www.lucartgroup.com\/wp-content\/uploads\/2018\/11\/Copia-di-ambiente-022-blu-500x500.jpg 500w, https:\/\/www.lucartgroup.com\/wp-content\/uploads\/2018\/11\/Copia-di-ambiente-022-blu-150x150.jpg 150w, https:\/\/www.lucartgroup.com\/wp-content\/uploads\/2018\/11\/Copia-di-ambiente-022-blu-320x320.jpg 320w, https:\/\/www.lucartgroup.com\/wp-content\/uploads\/2018\/11\/Copia-di-ambiente-022-blu-125x125.jpg 125w, https:\/\/www.lucartgroup.com\/wp-content\/uploads\/2018\/11\/Copia-di-ambiente-022-blu-200x200.jpg 200w, https:\/\/www.lucartgroup.com\/wp-content\/uploads\/2018\/11\/Copia-di-ambiente-022-blu-260x260.jpg 260w, https:\/\/www.lucartgroup.com\/wp-content\/uploads\/2018\/11\/Copia-di-ambiente-022-blu-163x163.jpg 163w, https:\/\/www.lucartgroup.com\/wp-content\/uploads\/2018\/11\/Copia-di-ambiente-022-blu-230x230.jpg 230w, https:\/\/www.lucartgroup.com\/wp-content\/uploads\/2018\/11\/Copia-di-ambiente-022-blu-123x123.jpg 123w, https:\/\/www.lucartgroup.com\/wp-content\/uploads\/2018\/11\/Copia-di-ambiente-022-blu-660x660.jpg 660w, https:\/\/www.lucartgroup.com\/wp-content\/uploads\/2018\/11\/Copia-di-ambiente-022-blu-280x280.jpg 280w, https:\/\/www.lucartgroup.com\/wp-content\/uploads\/2018\/11\/Copia-di-ambiente-022-blu-360x360.jpg 360w\" sizes=\"auto, (max-width: 500px) 100vw, 500px\" \/><\/div>\n\t\t\t\t\t<\/a><a href='https:\/\/www.lucartgroup.com\/fr\/brands\/papier-frictionne\/' class='list_singolo_brand clearfix'>\n\t\t\t\t\t\t\t\t<h3 class='brand_titolo b2b-title'>Papier frictionn\u00e8<\/h3>\n\t\t\t\t\t\t<div class='cont_logo dx'><img src=''><\/div>\n\t\t\t\t\t\t<div class='img_rif_logo'>\n\t\t\t\t\t\t\t\t<img loading=\"lazy\" decoding=\"async\" width=\"500\" height=\"500\" src=\"https:\/\/www.lucartgroup.com\/wp-content\/uploads\/2019\/06\/veline-2-pg13-500x500.jpg\" class=\"attachment-img_500x500 size-img_500x500\" alt=\"\" srcset=\"https:\/\/www.lucartgroup.com\/wp-content\/uploads\/2019\/06\/veline-2-pg13-500x500.jpg 500w, https:\/\/www.lucartgroup.com\/wp-content\/uploads\/2019\/06\/veline-2-pg13-150x150.jpg 150w, https:\/\/www.lucartgroup.com\/wp-content\/uploads\/2019\/06\/veline-2-pg13-320x320.jpg 320w, https:\/\/www.lucartgroup.com\/wp-content\/uploads\/2019\/06\/veline-2-pg13-125x125.jpg 125w, https:\/\/www.lucartgroup.com\/wp-content\/uploads\/2019\/06\/veline-2-pg13-200x200.jpg 200w, https:\/\/www.lucartgroup.com\/wp-content\/uploads\/2019\/06\/veline-2-pg13-260x260.jpg 260w, https:\/\/www.lucartgroup.com\/wp-content\/uploads\/2019\/06\/veline-2-pg13-163x163.jpg 163w, https:\/\/www.lucartgroup.com\/wp-content\/uploads\/2019\/06\/veline-2-pg13-230x230.jpg 230w, https:\/\/www.lucartgroup.com\/wp-content\/uploads\/2019\/06\/veline-2-pg13-123x123.jpg 123w, https:\/\/www.lucartgroup.com\/wp-content\/uploads\/2019\/06\/veline-2-pg13-660x660.jpg 660w, https:\/\/www.lucartgroup.com\/wp-content\/uploads\/2019\/06\/veline-2-pg13-280x280.jpg 280w, https:\/\/www.lucartgroup.com\/wp-content\/uploads\/2019\/06\/veline-2-pg13-360x360.jpg 360w\" sizes=\"auto, (max-width: 500px) 100vw, 500px\" \/><\/div>\n\t\t\t\t\t<\/a><a href='https:\/\/www.lucartgroup.com\/fr\/brands\/carta-airlaid\/' class='list_singolo_brand clearfix'>\n\t\t\t\t\t\t\t\t<h3 class='brand_titolo b2b-title'>Papier Airlaid<\/h3>\n\t\t\t\t\t\t<div class='cont_logo sx'><img src=''><\/div>\n\t\t\t\t\t\t<div class='img_rif_logo'>\n\t\t\t\t\t\t\t\t<img loading=\"lazy\" decoding=\"async\" width=\"500\" height=\"500\" src=\"https:\/\/www.lucartgroup.com\/wp-content\/uploads\/2019\/06\/Lucart_482-airlaid-pg12-500x500.jpg\" class=\"attachment-img_500x500 size-img_500x500\" alt=\"\" srcset=\"https:\/\/www.lucartgroup.com\/wp-content\/uploads\/2019\/06\/Lucart_482-airlaid-pg12-500x500.jpg 500w, https:\/\/www.lucartgroup.com\/wp-content\/uploads\/2019\/06\/Lucart_482-airlaid-pg12-150x150.jpg 150w, https:\/\/www.lucartgroup.com\/wp-content\/uploads\/2019\/06\/Lucart_482-airlaid-pg12-320x320.jpg 320w, https:\/\/www.lucartgroup.com\/wp-content\/uploads\/2019\/06\/Lucart_482-airlaid-pg12-125x125.jpg 125w, https:\/\/www.lucartgroup.com\/wp-content\/uploads\/2019\/06\/Lucart_482-airlaid-pg12-200x200.jpg 200w, https:\/\/www.lucartgroup.com\/wp-content\/uploads\/2019\/06\/Lucart_482-airlaid-pg12-260x260.jpg 260w, https:\/\/www.lucartgroup.com\/wp-content\/uploads\/2019\/06\/Lucart_482-airlaid-pg12-163x163.jpg 163w, https:\/\/www.lucartgroup.com\/wp-content\/uploads\/2019\/06\/Lucart_482-airlaid-pg12-230x230.jpg 230w, https:\/\/www.lucartgroup.com\/wp-content\/uploads\/2019\/06\/Lucart_482-airlaid-pg12-123x123.jpg 123w, https:\/\/www.lucartgroup.com\/wp-content\/uploads\/2019\/06\/Lucart_482-airlaid-pg12-660x660.jpg 660w, https:\/\/www.lucartgroup.com\/wp-content\/uploads\/2019\/06\/Lucart_482-airlaid-pg12-280x280.jpg 280w, https:\/\/www.lucartgroup.com\/wp-content\/uploads\/2019\/06\/Lucart_482-airlaid-pg12-360x360.jpg 360w\" sizes=\"auto, (max-width: 500px) 100vw, 500px\" \/><\/div>\n\t\t\t\t\t<\/a><\/div>[\/vc_column_text][\/vc_column][\/vc_row][vc_row full_width=&#8221;stretch_row_content_no_spaces&#8221; disable_element=&#8221;yes&#8221;][vc_column][vc_column_text css=&#8221;.vc_custom_1560852236126{margin-bottom: 0px !important;}&#8221;]<div class='logo_block_first contenitore_list_loghi clearfix'><\/div>[\/vc_column_text][\/vc_column][\/vc_row][vc_row full_width=&#8221;stretch_row&#8221; css=&#8221;.vc_custom_1578585151942{margin-bottom: 5px !important;background-color: #e3e3e3 !important;background-position: center !important;background-repeat: no-repeat !important;background-size: contain !important;}&#8221; el_class=&#8221;sostenibilita_codice_etico&#8221;][vc_column][vc_column_text]<\/p>\n<p style=\"text-align: center;\"><a href=\"https:\/\/www.lucartgroup.com\/wp-content\/themes\/RED_template\/pdf\/CONDIZIONI-GENERALI-DI-VENDITA.pdf\" target=\"_blank\" rel=\"noopener noreferrer\">Conditions de Vente<\/a><\/p>\n<p>[\/vc_column_text][\/vc_column][\/vc_row][vc_row full_width=&#8221;stretch_row&#8221; el_class=&#8221;box_ricerca_informazioni&#8221; css=&#8221;.vc_custom_1585904112962{background-image: url(https:\/\/www.lucartgroup.com\/wp-content\/uploads\/2019\/12\/van-tay-media-QklJV_Q0Pig-unsplash.jpg?id=3490) !important;background-position: center !important;background-repeat: no-repeat !important;background-size: cover !important;}&#8221;][vc_column][vc_column_text css=&#8221;.vc_custom_1562579995283{background-position: center !important;background-repeat: no-repeat !important;background-size: cover !important;}&#8221;]<\/p>\n<h4 style=\"text-align: left;\">Vous avez besoin d\u2019informations?<\/h4>\n<p style=\"text-align: left;\"><a href=\"https:\/\/www.lucartgroup.com\/en\/contacts\/\">contactez-nous<\/a><\/p>\n<p>[\/vc_column_text][\/vc_column][\/vc_row]<\/p>\n<\/div>","protected":false},"excerpt":{"rendered":"<p>[vc_row full_width=&#8221;stretch_row&#8221; css=&#8221;.vc_custom_1589276516515{background-image: url(https:\/\/www.lucartgroup.com\/wp-content\/uploads\/2020\/02\/INostriBrand_Header_low.jpg?id=4169) !important;background-position: center !important;background-repeat: no-repeat !important;background-size: cover !important;}&#8221; el_class=&#8221;sostenibilita_top_box show-sub&#8221;][vc_column][vc_column_text] Nos marques Nos marques racontent l\u2019histoire de Lucart, en tra\u00e7ant un profil du Groupe \u00e0 360 degr\u00e9s [&hellip;]<\/p>\n","protected":false},"author":2,"featured_media":0,"parent":0,"menu_order":0,"comment_status":"closed","ping_status":"closed","template":"page-templates\/brand.php","meta":{"_acf_changed":false,"footnotes":""},"class_list":["post-6958","page","type-page","status-publish","hentry"],"acf":[],"_links":{"self":[{"href":"https:\/\/www.lucartgroup.com\/fr\/wp-json\/wp\/v2\/pages\/6958","targetHints":{"allow":["GET"]}}],"collection":[{"href":"https:\/\/www.lucartgroup.com\/fr\/wp-json\/wp\/v2\/pages"}],"about":[{"href":"https:\/\/www.lucartgroup.com\/fr\/wp-json\/wp\/v2\/types\/page"}],"author":[{"embeddable":true,"href":"https:\/\/www.lucartgroup.com\/fr\/wp-json\/wp\/v2\/users\/2"}],"replies":[{"embeddable":true,"href":"https:\/\/www.lucartgroup.com\/fr\/wp-json\/wp\/v2\/comments?post=6958"}],"version-history":[{"count":4,"href":"https:\/\/www.lucartgroup.com\/fr\/wp-json\/wp\/v2\/pages\/6958\/revisions"}],"predecessor-version":[{"id":18718,"href":"https:\/\/www.lucartgroup.com\/fr\/wp-json\/wp\/v2\/pages\/6958\/revisions\/18718"}],"wp:attachment":[{"href":"https:\/\/www.lucartgroup.com\/fr\/wp-json\/wp\/v2\/media?parent=6958"}],"curies":[{"name":"wp","href":"https:\/\/api.w.org\/{rel}","templated":true}]}}