{"id":6948,"date":"2018-10-15T16:14:09","date_gmt":"2018-10-15T14:14:09","guid":{"rendered":"https:\/\/www.lucartgroup.com\/contatti\/"},"modified":"2025-10-15T11:35:22","modified_gmt":"2025-10-15T09:35:22","slug":"contacts","status":"publish","type":"page","link":"https:\/\/www.lucartgroup.com\/fr\/contacts\/","title":{"rendered":"Contacts"},"content":{"rendered":"<div class=\"wpb-content-wrapper\"><p>[vc_row full_width=&#8221;stretch_row_content_no_spaces&#8221;][vc_column][vc_column_text el_class=&#8221;intro_page&#8221;]<\/p>\n<h1 style=\"text-align: center;\">Contacts<\/h1>\n<p>[\/vc_column_text][vc_column_text]<div id='map-container'>\n\t\t\t\t\t<div id='map'><\/div>\n\t\t\t\t<\/div>[\/vc_column_text][vc_column_text]\n\t\t<div class='cont_fascia_sedi clearfix'>\n\t\t\t<div class='fascia_sedi clearfix'>\n\t\t\t\t<div class='fascia_sedi_left clearfix'>\n\t\t\t\t\t<div class='fascia_sedi_left_title'><div class='titolo_mappa'><h2>Bureaux de direction<\/h2><\/div><\/div>\n\t\t\t\t\t<div class='fascia_sedi_left_content'>\n\t\t\t\t\t\t<div class='fascia_sedi_left_content_address'><p>Via Ciarpi, 77<br \/>\n55016 &#8211; Porcari (LU) &#8211; Italie<\/p>\n<\/div><div class='fascia_sedi_left_content_tel'><a href='tel:+3905832140'>+39 0583 2140<\/a><\/div><div class='fascia_sedi_left_content_fax'>+39 0583 299051<\/div>\t\t<\/div>\n\t\t\t\t\t<div class='fascia_sedi_left_content_follow_title'>Suivez-nous sur<\/div>\n\t\t\t\t\t<div class='fascia_sedi_left_content_follow'><div class='socials-container ' id=''><div class='socials-container__single-social'><a href='https:\/\/www.facebook.com\/lucartgroup\/' target='_blank'><div class='socials-container__single-social__social-icon socials-container__single-social__social-icon--fa-facebook fa fa-brands fa-facebook'><\/div><\/a><\/div><div class='socials-container__single-social'><a href='https:\/\/www.youtube.com\/channel\/UCEuRqqe6PalxL-9W3inou0Q' target='_blank'><div class='socials-container__single-social__social-icon socials-container__single-social__social-icon--fa-youtube fa fa-brands fa-youtube'><\/div><\/a><\/div><div class='socials-container__single-social'><a href='https:\/\/www.linkedin.com\/company\/lucart-group' target='_blank'><div class='socials-container__single-social__social-icon socials-container__single-social__social-icon--fa-linkedin-in fa fa-brands fa-linkedin-in'><\/div><\/a><\/div><\/div><\/div>\n\t\t\t\t<\/div>\n\t\t\t\t<div class='fascia_sedi_right clearfix'>\n\t\t\t\t\t<div class='fascia_sedi_right_title'><h2>Autres si\u00e8ges<\/h2><\/div>\n\t\t\t\t\t<div class='fascia_sedi_cont_sedi clearfix'>\n\t<div class='elenco_nazioni clearfix'><div class='singola_nazione selected' data-attr-nazione='Allemagne'>Allemagne<\/div><div class='singola_nazione ' data-attr-nazione='Espagne'>Espagne<\/div><div class='singola_nazione ' data-attr-nazione='France'>France<\/div><div class='singola_nazione ' data-attr-nazione='Hongrie'>Hongrie<\/div><div class='singola_nazione ' data-attr-nazione='Italie'>Italie<\/div><div class='singola_nazione ' data-attr-nazione='Royaume-Uni'>Royaume-Uni<\/div><\/div><div class='elenco_sedi clearfix'><div class='singola_sede selected' data-attr-nazione='Allemagne'>\n\t\t\t\t\t\t\t<div class='singola_sede_titolo'><h3>Lucart Deutschland GmbH<\/h3><\/div>\n\t\t\t\t\t\t\t<div class='fascia_sedi_left_content right_content'>\n\t\t\t\t\t\t\t<div class='fascia_sedi_left_content_address'><p>Tilsiter Stra\u00dfe 1<br \/>\n60487 &#8211; Frankfurt -Allemagne<\/p>\n<\/div>\t\t\t\t\n\t\t\t\t\t\t<\/div><\/div><div class='singola_sede ' data-attr-nazione='Espagne'>\n\t\t\t\t\t\t\t<div class='singola_sede_titolo'><h3>Lucart Tissue & Soap S.L.U - Si\u00e8ge d\u2019Artziniega<\/h3><\/div>\n\t\t\t\t\t\t\t<div class='fascia_sedi_left_content right_content'>\n\t\t\t\t\t\t\t<div class='fascia_sedi_left_content_address'><p>Barrio Barretaguren 12<br \/>\n014474 &#8211; Artziniega (Alava) &#8211; Espagne<\/p>\n<\/div><div class='fascia_sedi_left_content_tel'><a href='tel:+34\t945398\t100'>+34\t945   398\t100<\/a><\/div><div class='fascia_sedi_left_content_fax'>+34\t945   398\t101<\/div>\t\t\t\t\n\t\t\t\t\t\t<\/div><\/div><div class='singola_sede ' data-attr-nazione='Espagne'>\n\t\t\t\t\t\t\t<div class='singola_sede_titolo'><h3>Lucart Tissue & Soap S.L.U - Si\u00e8ge d\u2019Aranguren<\/h3><\/div>\n\t\t\t\t\t\t\t<div class='fascia_sedi_left_content right_content'>\n\t\t\t\t\t\t\t<div class='fascia_sedi_left_content_address'><p class=\"p1\">Nicol\u00e1s Mar\u00eda Urgoiti s\/n<br \/>\n48850 &#8211; Aranguren (Bizkaia) &#8211; Espagne<\/p>\n<\/div><div class='fascia_sedi_left_content_tel'><a href='tel:+34\t946670\t000'>+34\t946   670\t000<\/a><\/div><div class='fascia_sedi_left_content_fax'>+34\t946   390\t985<\/div>\t\t\t\t\n\t\t\t\t\t\t<\/div><\/div><div class='singola_sede ' data-attr-nazione='Espagne'>\n\t\t\t\t\t\t\t<div class='singola_sede_titolo'><h3>Lucart Tissue & Soap S.L.U - D\u00e9p\u00f4t de Gue\u00f1es<\/h3><\/div>\n\t\t\t\t\t\t\t<div class='fascia_sedi_left_content right_content'>\n\t\t\t\t\t\t\t<div class='fascia_sedi_left_content_address'><p>Calle La Perenal, 2<br \/>\n48840 &#8211; Gue\u00f1es (Bizkaia) &#8211; Espagne <\/p>\n<\/div><div class='fascia_sedi_left_content_tel'><a href='tel:+34\t945398\t100'>+34\t945   398\t100<\/a><\/div>\t\t\t\t\n\t\t\t\t\t\t<\/div><\/div><div class='singola_sede ' data-attr-nazione='France'>\n\t\t\t\t\t\t\t<div class='singola_sede_titolo'><h3>Lucart S.a.s.<\/h3><\/div>\n\t\t\t\t\t\t\t<div class='fascia_sedi_left_content right_content'>\n\t\t\t\t\t\t\t<div class='fascia_sedi_left_content_address'><p>10, Rue Maurice Mougeot BP35<br \/>\n88600 &#8211; Laval sur Vologne &#8211; France<\/p>\n<\/div><div class='fascia_sedi_left_content_tel'><a href='tel:+33(0)329557878'>+33 (0) 329557878<\/a><\/div><div class='fascia_sedi_left_content_fax'>+33 (0) 329557876<\/div>\t\t\t\t\n\t\t\t\t\t\t<\/div><\/div><div class='singola_sede ' data-attr-nazione='Hongrie'>\n\t\t\t\t\t\t\t<div class='singola_sede_titolo'><h3>Lucart Kft.<\/h3><\/div>\n\t\t\t\t\t\t\t<div class='fascia_sedi_left_content right_content'>\n\t\t\t\t\t\t\t<div class='fascia_sedi_left_content_address'><p>Iparos utca 1 &#8211; 2536<\/p>\n<p>Nyerges\u00fajfalu &#8211; Hungary<\/p>\n<\/div><div class='fascia_sedi_left_content_tel'><a href='tel:+36\t33428128+36\t33428129'>+36\t33428128   - +36\t33428129<\/a><\/div><div class='fascia_sedi_left_content_fax'>+36 33428130<\/div>\t\t\t\t\n\t\t\t\t\t\t<\/div><\/div><div class='singola_sede ' data-attr-nazione='Italie'>\n\t\t\t\t\t\t\t<div class='singola_sede_titolo'><h3>Lucart S.p.A. - Si\u00e8ge de Torre di Mosto<\/h3><\/div>\n\t\t\t\t\t\t\t<div class='fascia_sedi_left_content right_content'>\n\t\t\t\t\t\t\t<div class='fascia_sedi_left_content_address'><p>Via G. Galilei, 4 &#8211; Zona Industriale<br \/>\n30020 &#8211; Torre di Mosto (VE) &#8211; Italie<\/p>\n<\/div><div class='fascia_sedi_left_content_tel'><a href='tel:+390421312811'>+39 0421 312811<\/a><\/div>\t\t\t\t\n\t\t\t\t\t\t<\/div><\/div><div class='singola_sede ' data-attr-nazione='Italie'>\n\t\t\t\t\t\t\t<div class='singola_sede_titolo'><h3>Lucart S.p.A. - Si\u00e8ge d\u2019Avigliano<\/h3><\/div>\n\t\t\t\t\t\t\t<div class='fascia_sedi_left_content right_content'>\n\t\t\t\t\t\t\t<div class='fascia_sedi_left_content_address'><p>Loc. Serra Ventaruli<br \/>\n85021\u00a0\u2013 Avigliano (PZ) \u2013 Italie<\/p>\n<\/div><div class='fascia_sedi_left_content_tel'><a href='tel:+390971703111'>+39 0971 703111<\/a><\/div>\t\t\t\t\n\t\t\t\t\t\t<\/div><\/div><div class='singola_sede ' data-attr-nazione='Italie'>\n\t\t\t\t\t\t\t<div class='singola_sede_titolo'><h3>Lucart Logistics Center Altopascio<\/h3><\/div>\n\t\t\t\t\t\t\t<div class='fascia_sedi_left_content right_content'>\n\t\t\t\t\t\t\t<div class='fascia_sedi_left_content_address'><p>Via del Palazzaccio, 56<br \/>\n55011 &#8211; Altopascio (LU) &#8211; Italie<\/p>\n<\/div><div class='fascia_sedi_left_content_tel'><a href='tel:+39058383701'>+39 0583 83701<\/a><\/div>\t\t\t\t\n\t\t\t\t\t\t<\/div><\/div><div class='singola_sede ' data-attr-nazione='Italie'>\n\t\t\t\t\t\t\t<div class='singola_sede_titolo'><h3>Lucart S.p.A. - Si\u00e8ge de Diecimo<\/h3><\/div>\n\t\t\t\t\t\t\t<div class='fascia_sedi_left_content right_content'>\n\t\t\t\t\t\t\t<div class='fascia_sedi_left_content_address'><p>Zona Industriale<br \/>\n55023 &#8211; Diecimo (LU) &#8211; Italie<\/p>\n<\/div><div class='fascia_sedi_left_content_tel'><a href='tel:+39058383701'>+39 0583 83701<\/a><\/div><div class='fascia_sedi_left_content_fax'>+39 0583 838262<\/div>\t\t\t\t\n\t\t\t\t\t\t<\/div><\/div><div class='singola_sede ' data-attr-nazione='Italie'>\n\t\t\t\t\t\t\t<div class='singola_sede_titolo'><h3>Lucart S.p.A. - Si\u00e8ge de Castelnuovo di Garfagnana <\/h3><\/div>\n\t\t\t\t\t\t\t<div class='fascia_sedi_left_content right_content'>\n\t\t\t\t\t\t\t<div class='fascia_sedi_left_content_address'><p>Via Enrico Fermi, 13<br \/>\n55032 &#8211; Castelnuovo di Garfagnana (LU) &#8211; Italie<\/p>\n<\/div><div class='fascia_sedi_left_content_tel'><a href='tel:+3905836401'>+39 0583 6401<\/a><\/div><div class='fascia_sedi_left_content_fax'>+39 0583 658893<\/div>\t\t\t\t\n\t\t\t\t\t\t<\/div><\/div><div class='singola_sede ' data-attr-nazione='Royaume-Uni'>\n\t\t\t\t\t\t\t<div class='singola_sede_titolo'><h3>Lucart Hygiene Ltd.<\/h3><\/div>\n\t\t\t\t\t\t\t<div class='fascia_sedi_left_content right_content'>\n\t\t\t\t\t\t\t<div class='fascia_sedi_left_content_address'><p>Blackmore Park Rd, Hanley Swan,<br \/>\nWorcester WR8 0EF, Regno Unito<\/p>\n<\/div><div class='fascia_sedi_left_content_tel'><a href='tel:+44(0)1684893797'>+44 (0) 1684 893 797<\/a><\/div><div class='fascia_sedi_left_content_fax'>  +44 (0) 1684 893 593<\/div>\t\t\t\t\n\t\t\t\t\t\t<\/div><\/div><\/div>\n\t\t\t\t\t<\/div>\n\t\t\t\t<\/div>\n\t\t\t<\/div>\n\t\t<\/div>\n\t<div class=\"cont_forms clearfix\">\n\t\t\t\t\t<div class=\"cont-tabs\">\n\t\t\t\t\t<div class=\"title_pre_form_contatti\"><h2>Si vous voulez plus d\u2019informations n\u2019h\u00e9sitez pas \u00e0 nous \u00e9crire<\/h2><\/div>\n\t\t\t\t\t<div class=\"subtitle_pre_form_contatti\">Compl\u00e9tez le formulaire suivant et vous serez contact\u00e9 par notre \u00e9quipe dans les plus brefs d\u00e9lais<\/div>\n\t\t\t\t\t<div class=\"legenda_form\"><span class=\"red\">*<\/span> <span>Champ obligatoire<\/span><\/div>\n\t\t\t\t\t<div id=\"tabs\">\n\t\t\t\t\t<ul>\n\t\t<div id=\"tab1\" class=\"ui-tabs-panel ui-widget-content ui-corner-bottom\">\n\t\t<form method=\"post\" action=\"\/sendMail\/\">\n\t\t<div class=\"hp_campo_form\">\n\t\t\t<input type=\"text\" name=\"firstname\" id=\"firstname\">\n\t\t<\/div>\n\t\t<div class=\"campo_form\">\n    \t<label for=\"ciContattiDa\">Vous nous contactez de*<\/label>\n    \t<select name=\"ciContattiDa\" id=\"ciContattiDa\">\n        \t<option value=\"\">choisir<\/option><option value=\"15\">Afghanistan<\/option><option value=\"16\">Iles Aland<\/option><option value=\"17\">Albanie<\/option><option value=\"18\">Alger<\/option><option value=\"19\">Samoa am\u00e9ricaines <\/option><option value=\"20\">Andorre<\/option><option value=\"21\">Angola<\/option><option value=\"22\">Anguilla<\/option><option value=\"23\">Antarctique<\/option><option value=\"24\">Antigua-et- Barbuda<\/option><option value=\"25\">Argentine<\/option><option value=\"26\">Arm\u00e9nie<\/option><option value=\"27\">Aruba<\/option><option value=\"28\">Australie<\/option><option value=\"5\">Autriche<\/option><option value=\"29\">Azerba\u00efdjan<\/option><option value=\"30\">Bahamas<\/option><option value=\"31\">Bahre\u00efn<\/option><option value=\"32\">Bangladesh<\/option><option value=\"33\">Barbade<\/option><option value=\"34\">Bi\u00e9lorussie<\/option><option value=\"8\">Belgique<\/option><option value=\"35\">Belize<\/option><option value=\"36\">B\u00e9nin<\/option><option value=\"37\">Bermudes<\/option><option value=\"38\">Bhutan<\/option><option value=\"39\">Bolivie, \u00c9tat plurinational de<\/option><option value=\"40\">Bosnie-Herz\u00e9govine<\/option><option value=\"41\">Botswana<\/option><option value=\"42\">Ile Bouvet<\/option><option value=\"43\">Br\u00e9sil<\/option><option value=\"44\">Territoire Britannique de l\u2019oc\u00e9an indien<\/option><option value=\"45\">Brunei<\/option><option value=\"46\">Bulgarie<\/option><option value=\"47\">Burkina Faso<\/option><option value=\"48\">Burundi<\/option><option value=\"49\">Cambodge<\/option><option value=\"50\">Cameroun<\/option><option value=\"51\">Canada<\/option><option value=\"52\">Cap Vert<\/option><option value=\"53\">Iles Ca\u00efman<\/option><option value=\"54\">R\u00e9publique centrafricaine<\/option><option value=\"55\">Tchad<\/option><option value=\"56\">Chili<\/option><option value=\"57\">Chine<\/option><option value=\"58\">Ile Christmas<\/option><option value=\"59\">Iles Cocos<\/option><option value=\"60\">Colombie<\/option><option value=\"61\">Comores<\/option><option value=\"62\">Congo<\/option><option value=\"63\">R\u00e9publique d\u00e9mocratique du Congo <\/option><option value=\"64\">Iles Cook<\/option><option value=\"65\">Costa Rica<\/option><option value=\"66\">C\u00f4te D'ivoire<\/option><option value=\"67\">Croatie<\/option><option value=\"68\">Cuba<\/option><option value=\"69\">Chypre<\/option><option value=\"70\">R\u00e9publique Tch\u00e8que<\/option><option value=\"12\">Danemark<\/option><option value=\"71\">Djibouti<\/option><option value=\"72\">Dominique<\/option><option value=\"73\">R\u00e9publique Dominicaine<\/option><option value=\"74\">\u00c9quateur<\/option><option value=\"75\">\u00c9gypte<\/option><option value=\"76\">El Salvador<\/option><option value=\"77\">Guin\u00e9e \u00e9quatoriale<\/option><option value=\"78\">\u00c9rythr\u00e9e<\/option><option value=\"79\">Estonie<\/option><option value=\"80\">\u00c9thiopie<\/option><option value=\"81\">Iles Malouines<\/option><option value=\"82\">Iles F\u00e9ro\u00e9<\/option><option value=\"83\">Fidji<\/option><option value=\"84\">Finlande<\/option><option value=\"2\">France<\/option><option value=\"85\">Guyane<\/option><option value=\"86\">Polyn\u00e9sie fran\u00e7aise<\/option><option value=\"87\">Terres australes<\/option><option value=\"88\">Gabon<\/option><option value=\"89\">Gambie<\/option><option value=\"90\">G\u00e9orgie<\/option><option value=\"3\">Allemagne<\/option><option value=\"91\">Ghana<\/option><option value=\"92\">Gibraltar<\/option><option value=\"9\">Grande Bretagne<\/option><option value=\"93\">Gr\u00e8ce<\/option><option value=\"94\">Groenland<\/option><option value=\"95\">Grenade<\/option><option value=\"96\">Guadeloupe<\/option><option value=\"97\">Guam<\/option><option value=\"98\">Guatemala<\/option><option value=\"99\">Guerrnesey<\/option><option value=\"100\">Guin\u00e9e<\/option><option value=\"101\">Guin\u00e9e-Bissau<\/option><option value=\"102\">Guyane<\/option><option value=\"103\">Ha\u00efti<\/option><option value=\"104\">Iles Heard-et-Macdonald<\/option><option value=\"105\">Vatican  (\u00c9tat de la cit\u00e9 du Vatican)<\/option><option value=\"106\">Honduras<\/option><option value=\"107\">Hong-Kong<\/option><option value=\"108\">Hongrie<\/option><option value=\"109\">Islande<\/option><option value=\"110\">Inde<\/option><option value=\"111\">Indon\u00e9sie<\/option><option value=\"112\">Iran, R\u00e9publique Islamique de<\/option><option value=\"113\">Irak<\/option><option value=\"13\">Irlande<\/option><option value=\"114\">Ile de Man<\/option><option value=\"115\">Isra\u00ebl<\/option><option value=\"1\">Italie<\/option><option value=\"116\">Jama\u00efque<\/option><option value=\"117\">Japon<\/option><option value=\"118\">Jersey<\/option><option value=\"119\">Jordanie<\/option><option value=\"120\">Kazakhstan<\/option><option value=\"121\">Kenya<\/option><option value=\"122\">Kiribati<\/option><option value=\"123\">Cor\u00e9e du Nord<\/option><option value=\"124\">Cor\u00e9e du Sud<\/option><option value=\"125\">Kowe\u00eft<\/option><option value=\"126\">Kirghizstan<\/option><option value=\"127\">Laos<\/option><option value=\"128\">Lettonie<\/option><option value=\"129\">Liban<\/option><option value=\"130\">Lesotho<\/option><option value=\"131\">Liberia<\/option><option value=\"132\">Libye<\/option><option value=\"133\">Liechtenstein<\/option><option value=\"134\">Lituanie<\/option><option value=\"7\">Luxembourg<\/option><option value=\"135\">Macao<\/option><option value=\"136\">Mac\u00e9doine, Ex R\u00e9publique de Yougoslavie de<\/option><option value=\"137\">Madagascar<\/option><option value=\"138\">Malawi<\/option><option value=\"139\">Malaisie<\/option><option value=\"140\">Maldives<\/option><option value=\"141\">Mali<\/option><option value=\"142\">Malte<\/option><option value=\"143\">Iles Marshall<\/option><option value=\"144\">Martinique<\/option><option value=\"145\">Mauritanie<\/option><option value=\"146\">Ile Maurice<\/option><option value=\"147\">Mayotte<\/option><option value=\"148\">Mexique<\/option><option value=\"149\">Micron\u00e9sie, \u00c9tats F\u00e9d\u00e9r\u00e9s de<\/option><option value=\"150\">Moldavie, R\u00e9publique de<\/option><option value=\"151\">Monaco<\/option><option value=\"152\">Mongolie<\/option><option value=\"153\">Mont\u00e9n\u00e9gro<\/option><option value=\"154\">Montserrat<\/option><option value=\"155\">Maroc<\/option><option value=\"156\">Mozambique<\/option><option value=\"157\">Birmanie<\/option><option value=\"158\">Namibie<\/option><option value=\"159\">Nauru<\/option><option value=\"160\">N\u00e9pal<\/option><option value=\"161\">Antilles N\u00e9erlandaises<\/option><option value=\"162\">Nouvelle Cal\u00e9donie<\/option><option value=\"163\">Nouvelle Z\u00e9lande<\/option><option value=\"164\">Nicaragua<\/option><option value=\"165\">Niger<\/option><option value=\"166\">Nig\u00e9ria<\/option><option value=\"167\">Niue<\/option><option value=\"168\">Ile Norfolk <\/option><option value=\"169\">Iles Mariannes du Nord<\/option><option value=\"170\">Norv\u00e8ge<\/option><option value=\"6\">Hollande<\/option><option value=\"171\">Oman<\/option><option value=\"172\">Pakistan<\/option><option value=\"173\">Palaos<\/option><option value=\"174\">Territoires palestiniens occup\u00e9s<\/option><option value=\"175\">Panama<\/option><option value=\"176\">Papouasie-Nouvelle-Guin\u00e9e<\/option><option value=\"177\">Paraguay<\/option><option value=\"178\">P\u00e9rou<\/option><option value=\"179\">Philippines<\/option><option value=\"180\">Ile de Pitcairn<\/option><option value=\"181\">Pologne<\/option><option value=\"11\">Portugal<\/option><option value=\"182\">Porto Rico<\/option><option value=\"183\">Qatar<\/option><option value=\"184\">R\u00e9union<\/option><option value=\"185\">Roumanie<\/option><option value=\"186\">Russie<\/option><option value=\"187\">Rwanda<\/option><option value=\"188\">Saint Barth\u00e9lemy<\/option><option value=\"189\">Sainte-H\u00e9l\u00e8ne<\/option><option value=\"190\">Saint-Christophe-et-Ni\u00e9v\u00e8s<\/option><option value=\"191\">Sainte Lucie<\/option><option value=\"192\">Saint Martin<\/option><option value=\"193\">Saint-Pierre-et-Miquelon<\/option><option value=\"194\">Saint-Vincent-et-les-Grenadines<\/option><option value=\"195\">Samoa<\/option><option value=\"196\">San Marino<\/option><option value=\"197\">Sao Tom\u00e9-et-Principe<\/option><option value=\"198\">Arabie Saoudite<\/option><option value=\"199\">S\u00e9n\u00e9gal<\/option><option value=\"200\">Serbie<\/option><option value=\"201\">Seychelles<\/option><option value=\"202\">Sierra Leone<\/option><option value=\"203\">Singapour<\/option><option value=\"204\">Slovaquie<\/option><option value=\"205\">Slov\u00e9nie<\/option><option value=\"206\">\u00celes Salomon<\/option><option value=\"207\">Somalie<\/option><option value=\"208\">Afrique du Sud<\/option><option value=\"209\">G\u00e9orgie du Sud-et-les \u00eeles Sandwich du Sud<\/option><option value=\"10\">Espagne<\/option><option value=\"210\">Sri Lanka<\/option><option value=\"211\">Soudan<\/option><option value=\"212\">Suriname<\/option><option value=\"213\"> Ile Jan Mayen et Svalbard<\/option><option value=\"4\">Suisse<\/option><option value=\"214\">Swaziland<\/option><option value=\"215\">Su\u00e8de<\/option><option value=\"216\">R\u00e9publique arabe syrienne <\/option><option value=\"217\">Ta\u00efwan, Province de Chine<\/option><option value=\"218\">Tadjikistan<\/option><option value=\"219\">Tanzanie, R\u00e9publique Unie de <\/option><option value=\"220\">Tha\u00eflande<\/option><option value=\"221\">Timor oriental<\/option><option value=\"222\">Togo<\/option><option value=\"223\">Tokelau<\/option><option value=\"224\">Tonga<\/option><option value=\"225\">Trinit\u00e9-et-Tobago<\/option><option value=\"226\">Tunisie<\/option><option value=\"227\">Turquie<\/option><option value=\"228\">Turkm\u00e9nistan<\/option><option value=\"229\">Iles Turques et Ca\u00efques<\/option><option value=\"230\">Tuvalu<\/option><option value=\"231\">Ouganda<\/option><option value=\"232\">Ukraine<\/option><option value=\"233\">\u00c9mirats arabes unis<\/option><option value=\"234\">\u00c9tats-Unis<\/option><option value=\"235\">Iles mineures des \u00c9tats-Unis<\/option><option value=\"236\">Uruguay<\/option><option value=\"237\">Ouzb\u00e9kistan<\/option><option value=\"238\">Vanuatu<\/option><option value=\"239\">V\u00e9n\u00e9zuela<\/option><option value=\"240\">Vietnam<\/option><option value=\"241\">Iles Vierges, Britanniques<\/option><option value=\"242\">Iles Vierges, U.S.<\/option><option value=\"243\">Wallis And Futuna<\/option><option value=\"244\">Sahara occidental<\/option><option value=\"245\">Y\u00e9men<\/option><option value=\"246\">Zambie<\/option><option value=\"247\">Zimbabwe<\/option><\/select>\n\t\t<\/div>\n\t\t<div class=\"campo_form\">\n    \t<label for=\"ciContattiPer\">Vous nous contactez pour*<\/label>\n    \t<select name=\"ciContattiPer\" id=\"ciContattiPer\"><option value=\"1\">Acheter des produits AFH<\/option><option value=\"2\">Acheter des produits BtoB (bobines jumbo)<\/option><option value=\"3\">Acheter des produits Consumer<\/option><option value=\"4\">Fournir des mati\u00e8res premi\u00e8res<\/option><option value=\"5\">Fournir d\u2019autres mat\u00e9riaux<\/option><option value=\"6\">Info consommateurs<\/option><option value=\"7\">Logistique<\/option><option value=\"8\">Bureau de marketing AFH<\/option><option value=\"9\">Bureau de marketing Consommateur<\/option><option value=\"10\">Bureau des Relations Publiques<\/option><option value=\"11\">Autre<\/option><\/select>\n\t\t<\/div>\n\t\t<div class=\"campo_form\">\t\n    \t<label for=\"nome\">Pr\u00e9nom<\/label>\n        <input type=\"text\" name=\"nome\" id=\"nome\" required>\n\t\t<\/div>\n        <div class=\"campo_form\">\n    \t<label for=\"cognome\">Nom<\/label>\n        <input type=\"text\" name=\"cognome\" id=\"cognome\" required>\n\t\t<\/div>\n\t\t<div class=\"campo_form\">\n    \t<label for=\"email\">Email*<\/label>\n        <input type=\"email\" name=\"email\" id=\"email\" required>\n        <\/div>\n\t\t<div class=\"campo_form\">\n    \t<label for=\"azienda\">Entreprise<\/label>\n        <input type=\"text\" name=\"azienda\" id=\"azienda\">\n        <\/div>\n\t\t<div class=\"campo_form\">\n    \t<label for=\"qualifica\">Qualification<\/label>\n        <input type=\"text\" name=\"qualifica\" id=\"qualifica\">\n        <\/div>\n\t\t<div class=\"campo_form\">\n    \t<label for=\"indirizzo\">Adresse<\/label>\n        <input type=\"text\" name=\"indirizzo\" id=\"indirizzo\">\n        <\/div>\n\t\t<div class=\"campo_form campo_wide\">\n    \t<label for=\"messaggio\">Message*<\/label>\n\t\t<div class=\"campo_form_input\">\t\n        <textarea name=\"messaggio\" id=\"messaggio\" required><\/textarea>\n\t\t<\/div>\n\t\t<\/div><a class=\"d-block\" href=\"https:\/\/www.lucartgroup.com\/wp-content\/themes\/RED_template\/assets\/pdf\/fr\/INFORMATIVA%20UTENTE%20FORM%20CONTATTACI%20SITO%20WEB%20Rev03_10.2024.pdf\" target=\"_blank\">contactez-nous politique<\/a><br><label class=\"label-checkbox\" for=\"terminiAccettazione\"><input type=\"checkbox\" name=\"terminiAccettazione\" id=\"terminiAccettazione\" value=\"1\" required><span class=\"checkmark\"><\/span><span class=\"label-dec\">Je confirme avoir lu et compris les informations sur le traitement des donn\u00e9es personnelles et consens au traitement des donn\u00e9es me concernant pour les finalit\u00e9s indiqu\u00e9es<\/span><\/label><br><br>\n\t\t<input type=\"hidden\" name=\"recaptcha_response\" id=\"recaptchaResponse\">\n\t\t<input type=\"submit\" value=\"Soumettre\">\n    <\/form><br>\n<br>Ce site est prot\u00e9g\u00e9 par le syst\u00e8me anti-spams Google Recaptcha.\n<a href=\"https:\/\/policies.google.com\/privacy\">Politique de Confidentialit\u00e9<\/a> et<a href=\"https:\/\/policies.google.com\/terms\">Conditions d'utilisation<\/a>.<\/div><\/ul><\/div><\/div>\n\t\n\t\t<div class=\"banner_contatti\" style=\"background-image:url()\">\n\t\t\t<div class=\"banner_contatti_cont\">\n\t\t\t\t<div class=\"banner_contatti_titolo\"><\/div>\n\t\t\t\t<div class=\"banner_contatti_testo\"><\/div>\n\t\t\t\t<a href=\"\" class=\"banner_contatti_link\"><\/a>\n\t\t\t<\/div>\n\t\t<\/div>\n\t<\/div>[\/vc_column_text][\/vc_column][\/vc_row]<\/p>\n<\/div>","protected":false},"excerpt":{"rendered":"<p>[vc_row full_width=&#8221;stretch_row_content_no_spaces&#8221;][vc_column][vc_column_text el_class=&#8221;intro_page&#8221;] Contacts [\/vc_column_text][vc_column_text][\/vc_column_text][vc_column_text][\/vc_column_text][\/vc_column][\/vc_row]<\/p>\n","protected":false},"author":2,"featured_media":6949,"parent":0,"menu_order":0,"comment_status":"closed","ping_status":"closed","template":"page-templates\/contatti.php","meta":{"_acf_changed":false,"footnotes":""},"class_list":["post-6948","page","type-page","status-publish","has-post-thumbnail","hentry"],"acf":[],"_links":{"self":[{"href":"https:\/\/www.lucartgroup.com\/fr\/wp-json\/wp\/v2\/pages\/6948","targetHints":{"allow":["GET"]}}],"collection":[{"href":"https:\/\/www.lucartgroup.com\/fr\/wp-json\/wp\/v2\/pages"}],"about":[{"href":"https:\/\/www.lucartgroup.com\/fr\/wp-json\/wp\/v2\/types\/page"}],"author":[{"embeddable":true,"href":"https:\/\/www.lucartgroup.com\/fr\/wp-json\/wp\/v2\/users\/2"}],"replies":[{"embeddable":true,"href":"https:\/\/www.lucartgroup.com\/fr\/wp-json\/wp\/v2\/comments?post=6948"}],"version-history":[{"count":4,"href":"https:\/\/www.lucartgroup.com\/fr\/wp-json\/wp\/v2\/pages\/6948\/revisions"}],"predecessor-version":[{"id":25425,"href":"https:\/\/www.lucartgroup.com\/fr\/wp-json\/wp\/v2\/pages\/6948\/revisions\/25425"}],"wp:featuredmedia":[{"embeddable":true,"href":"https:\/\/www.lucartgroup.com\/fr\/wp-json\/wp\/v2\/media\/6949"}],"wp:attachment":[{"href":"https:\/\/www.lucartgroup.com\/fr\/wp-json\/wp\/v2\/media?parent=6948"}],"curies":[{"name":"wp","href":"https:\/\/api.w.org\/{rel}","templated":true}]}}