{"id":25891,"date":"2025-07-29T14:26:46","date_gmt":"2025-07-29T12:26:46","guid":{"rendered":"https:\/\/www.lucartgroup.com\/la-durabilite\/codice-di-condotta-amfori-bsci\/"},"modified":"2026-01-08T11:23:16","modified_gmt":"2026-01-08T10:23:16","slug":"code-de-conduite-amfori-bsci","status":"publish","type":"page","link":"https:\/\/www.lucartgroup.com\/fr\/la-durabilite\/code-de-conduite-amfori-bsci\/","title":{"rendered":"Code de Conduite AMFORI-BSCI"},"content":{"rendered":"<div class=\"wpb-content-wrapper\"><p>[vc_row full_width=&#8221;stretch_row&#8221; css=&#8221;.vc_custom_1589276543457{background-image: url(https:\/\/www.lucartgroup.com\/wp-content\/uploads\/2020\/01\/Sostenibilita\u0300_home_shutterstock_233760652.jpg?id=3534) !important;background-position: center !important;background-repeat: no-repeat !important;background-size: cover !important;}&#8221; el_class=&#8221;sostenibilita_top_box show-sub&#8221;][vc_column][vc_column_text css=&#8221;&#8221;]<\/p>\n<h1 style=\"text-align: center;\">Code de Conduite AMFORI-BSCI<\/h1>\n<p>&nbsp;<\/p>\n<p>&nbsp;<\/p>\n<p>&nbsp;<\/p>\n<p>&nbsp;<\/p>\n<p>&nbsp;<\/p>\n<p>&nbsp;<\/p>\n<p>[\/vc_column_text][\/vc_column][\/vc_row][vc_row content_placement=&#8221;top&#8221; el_class=&#8221;sostenibilita_dati vertical_oriented_columns&#8221; css=&#8221;.vc_custom_1707831933889{padding: 0px !important;}&#8221;][vc_column css=&#8221;.vc_custom_1707831971696{padding: 0px !important;}&#8221;][vc_column_text css=&#8221;.vc_custom_1767867428970{padding-top: 0px !important;padding-right: 0px !important;padding-bottom: 0px !important;padding-left: 0px !important;}&#8221;]<\/p>\n<h2 style=\"text-align: center;\">Notre engagement pour une cha\u00eene d\u2019approvisionnement \u00e9thique, transparente et durable.<\/h2>\n<p>[\/vc_column_text][vc_empty_space height=&#8221;35px&#8221;][\/vc_column][\/vc_row][vc_row equal_height=&#8221;yes&#8221; el_class=&#8221;goal_compact equal_height&#8221; css=&#8221;.vc_custom_1753796091560{padding-right: 0px !important;padding-left: 0px !important;}&#8221;][vc_column width=&#8221;2\/3&#8243; el_class=&#8221;white_text&#8221; css=&#8221;.vc_custom_1753796914212{margin-bottom: 30px !important;padding-top: 15px !important;padding-right: 15px !important;padding-bottom: 15px !important;padding-left: 15px !important;background-color: #394F64 !important;}&#8221;][vc_column_text css=&#8221;.vc_custom_1767867448698{margin-bottom: 0px !important;padding-top: 30px !important;padding-right: 30px !important;padding-bottom: 30px !important;padding-left: 30px !important;}&#8221; el_class=&#8221;image-included&#8221;]<img loading=\"lazy\" decoding=\"async\" class=\" wp-image-22667 alignleft\" src=\"https:\/\/www.lucartgroup.com\/wp-content\/uploads\/2024\/02\/diritti-umani.svg\" alt=\"\" width=\"116\" height=\"116\" \/>Lucart a sign\u00e9 le Code de Conduite AMFORI-BSCI (Business Social Compliance Initiative), une norme internationale qui promeut le respect des droits humains et des conditions de travail tout au long de la cha\u00eene d\u2019approvisionnement.<\/p>\n<p>Cette adh\u00e9sion repr\u00e9sente une \u00e9tape concr\u00e8te dans notre parcours vers une croissance toujours plus responsable et nous engage \u00e0 garantir des comportements \u00e9thiques et durables, non seulement au sein de notre organisation, mais aussi dans nos relations avec partenaires, fournisseurs et collaborateurs.<\/p>\n<p>Partager ces valeurs signifie contribuer ensemble \u00e0 un avenir plus \u00e9quitable, en accord avec les principes qui guident quotidiennement les activit\u00e9s de notre Groupe.[\/vc_column_text][\/vc_column][vc_column width=&#8221;1\/3&#8243; css=&#8221;.vc_custom_1753796920477{margin-bottom: 30px !important;padding-top: 0px !important;padding-right: 0px !important;padding-bottom: 0px !important;padding-left: 0px !important;}&#8221;][vc_btn title=&#8221;Code de Conduite AMFORI-BSCI&#8221; style=&#8221;custom&#8221; custom_background=&#8221;#0c4554&#8243; custom_text=&#8221;#ffffff&#8221; shape=&#8221;square&#8221; size=&#8221;lg&#8221; align=&#8221;center&#8221; css=&#8221;&#8221; button_block=&#8221;true&#8221; link=&#8221;url:https%3A%2F%2Fwww.lucartgroup.com%2Fwp-content%2Fuploads%2F2026%2F01%2FFR.pdf|target:_blank&#8221; el_class=&#8221;download_btn&#8221;][\/vc_column][\/vc_row][vc_row css=&#8221;.vc_custom_1692780326250{margin-top: 50px !important;margin-bottom: 5px !important;}&#8221;][vc_column][vc_empty_space][\/vc_column][\/vc_row][vc_row full_width=&#8221;stretch_row&#8221; css=&#8221;.vc_custom_1540220830537{background-color: #efefef !important;background-position: center !important;background-repeat: no-repeat !important;background-size: cover !important;}&#8221; el_class=&#8221;sostenibilita_news&#8221;][vc_column][vc_column_text css=&#8221;&#8221;]<\/p>\n<h2 style=\"text-align: center;\">Nos derni\u00e8res actualit\u00e9s \u00ab durables \u00bb<\/h2>\n<p>[\/vc_column_text][vc_column_text]<div class='carousel_news_sostenibili slick-carousel__container' data-image-number='3' data-image-number-move='1' data-image-number-landscape='1' data-image-number-move-landscape='1' data-image-number-portrait='1' data-image-number-move-portrait='1' data-image-number-mobile='1' data-image-number-move-mobile='1' data-speed='2000' data-fade='false' data-dots='true' data-infinite='true' data-arrows='false' data-autoplay='false' data-autoplay-speed='0' ><div class='singola_news_sostenibilita clearfix'>\n\t\t\t\t\t<img src='https:\/\/www.lucartgroup.com\/wp-content\/uploads\/2026\/02\/Francesco-PasquiniAD-Lucart_Marco-Paggi-Prorettore-Vicario-della-Scuola-IMT-320x174.jpeg'>\n\t\t\t\t\t<div class='singola_news_home_content clearfix'>\n\t\t\t\t\t\t<div class='singola_news_home_content_data'>03 f\u00e9vrier 2026<\/div>\n\t\t\t\t\t\t<div class='singola_news_home_content_titolo'><h3>Lucart strengthens its collaboration with the IMT School in Lucca to drive innovation in paper recycling<\/h3><\/div>\n\t\t\t\t\t\t<div class='singola_news_home_content_testo'>Lucart is taking a new step forward in its path ...<\/div>\t<div class='singola_news_home_content_categoria'><\/div>\t<a href='https:\/\/www.lucartgroup.com\/fr\/news\/lucart-strengthens-its-collaboration-with-the-imt-school-in-lucca-to-drive-innovation-in-paper-recycling\/' class='singola_news_home_content_link'>Tout lire<\/a>\n\t\t\t\t\t<\/div>\n\t\t\t\t<\/div><div class='singola_news_sostenibilita clearfix'>\n\t\t\t\t\t<img src='https:\/\/www.lucartgroup.com\/wp-content\/uploads\/2026\/01\/Porcari-320x174.jpg'>\n\t\t\t\t\t<div class='singola_news_home_content clearfix'>\n\t\t\t\t\t\t<div class='singola_news_home_content_data'>29 janvier 2026<\/div>\n\t\t\t\t\t\t<div class='singola_news_home_content_titolo'><h3>Lucart obtient la certification BCSi pour sa cha\u00eene d\u2019approvisionnement<\/h3><\/div>\n\t\t\t\t\t\t<div class='singola_news_home_content_testo'>Lucart a franchi une nouvelle \u00e9tape dans son parcours de ...<\/div>\t<div class='singola_news_home_content_categoria'><\/div>\t<a href='https:\/\/www.lucartgroup.com\/fr\/news\/lucart-obtient-la-certification-bcsi-pour-sa-chaine-dapprovisionnement\/' class='singola_news_home_content_link'>Tout lire<\/a>\n\t\t\t\t\t<\/div>\n\t\t\t\t<\/div><div class='singola_news_sostenibilita clearfix'>\n\t\t\t\t\t<img src='https:\/\/www.lucartgroup.com\/wp-content\/uploads\/2026\/01\/Lucart_Impianto-Diecimo-LU-1-320x174.jpg'>\n\t\t\t\t\t<div class='singola_news_home_content clearfix'>\n\t\t\t\t\t\t<div class='singola_news_home_content_data'>29 janvier 2026<\/div>\n\t\t\t\t\t\t<div class='singola_news_home_content_titolo'><h3>Lucart obtient la validation SBTi de ses objectifs de r\u00e9duction des \u00e9missions<\/h3><\/div>\n\t\t\t\t\t\t<div class='singola_news_home_content_testo'>Lucart a franchi une nouvelle \u00e9tape dans son parcours climatique ...<\/div>\t<div class='singola_news_home_content_categoria'><\/div>\t<a href='https:\/\/www.lucartgroup.com\/fr\/news\/lucart-obtient-la-validation-sbti-de-ses-objectifs-de-reduction-des-emissions\/' class='singola_news_home_content_link'>Tout lire<\/a>\n\t\t\t\t\t<\/div>\n\t\t\t\t<\/div><\/div>[\/vc_column_text][vc_column_text css=&#8221;&#8221; el_class=&#8221;link_newsroom default_button&#8221;]<\/p>\n<p style=\"text-align: center;\"><a href=\"https:\/\/www.lucartgroup.com\/fr\/newsroom\/\">Allez \u00e0 la newsroom<\/a><\/p>\n<p>[\/vc_column_text][\/vc_column][\/vc_row][vc_row full_width=&#8221;stretch_row&#8221; el_class=&#8221;box_ricerca_informazioni&#8221; css=&#8221;.vc_custom_1585904275736{background-image: url(https:\/\/www.lucartgroup.com\/wp-content\/uploads\/2019\/12\/van-tay-media-QklJV_Q0Pig-unsplash.jpg?id=3490) !important;background-position: center !important;background-repeat: no-repeat !important;background-size: cover !important;}&#8221;][vc_column][vc_column_text css=&#8221;.vc_custom_1767867525174{background-position: center !important;background-repeat: no-repeat !important;background-size: cover !important;}&#8221;]<\/p>\n<h4 style=\"text-align: left;\">\u00cates-vous \u00e0 la recherche d\u2019informations ?<\/h4>\n<p style=\"text-align: left;\"><a href=\"https:\/\/www.lucartgroup.com\/fr\/contacts\/\">contactez-nous<\/a><\/p>\n<p>[\/vc_column_text][\/vc_column][\/vc_row]<\/p>\n<\/div>","protected":false},"excerpt":{"rendered":"<p>[vc_row full_width=&#8221;stretch_row&#8221; css=&#8221;.vc_custom_1589276543457{background-image: url(https:\/\/www.lucartgroup.com\/wp-content\/uploads\/2020\/01\/Sostenibilita\u0300_home_shutterstock_233760652.jpg?id=3534) !important;background-position: center !important;background-repeat: no-repeat !important;background-size: cover !important;}&#8221; el_class=&#8221;sostenibilita_top_box show-sub&#8221;][vc_column][vc_column_text css=&#8221;&#8221;] Code de Conduite AMFORI-BSCI &nbsp; &nbsp; &nbsp; &nbsp; &nbsp; &nbsp; [\/vc_column_text][\/vc_column][\/vc_row][vc_row content_placement=&#8221;top&#8221; el_class=&#8221;sostenibilita_dati vertical_oriented_columns&#8221; css=&#8221;.vc_custom_1707831933889{padding: 0px [&hellip;]<\/p>\n","protected":false},"author":2,"featured_media":7037,"parent":7026,"menu_order":0,"comment_status":"closed","ping_status":"closed","template":"page-templates\/sostenibilita.php","meta":{"_acf_changed":false,"footnotes":""},"class_list":["post-25891","page","type-page","status-publish","has-post-thumbnail","hentry"],"acf":[],"_links":{"self":[{"href":"https:\/\/www.lucartgroup.com\/fr\/wp-json\/wp\/v2\/pages\/25891","targetHints":{"allow":["GET"]}}],"collection":[{"href":"https:\/\/www.lucartgroup.com\/fr\/wp-json\/wp\/v2\/pages"}],"about":[{"href":"https:\/\/www.lucartgroup.com\/fr\/wp-json\/wp\/v2\/types\/page"}],"author":[{"embeddable":true,"href":"https:\/\/www.lucartgroup.com\/fr\/wp-json\/wp\/v2\/users\/2"}],"replies":[{"embeddable":true,"href":"https:\/\/www.lucartgroup.com\/fr\/wp-json\/wp\/v2\/comments?post=25891"}],"version-history":[{"count":2,"href":"https:\/\/www.lucartgroup.com\/fr\/wp-json\/wp\/v2\/pages\/25891\/revisions"}],"predecessor-version":[{"id":25927,"href":"https:\/\/www.lucartgroup.com\/fr\/wp-json\/wp\/v2\/pages\/25891\/revisions\/25927"}],"up":[{"embeddable":true,"href":"https:\/\/www.lucartgroup.com\/fr\/wp-json\/wp\/v2\/pages\/7026"}],"wp:featuredmedia":[{"embeddable":true,"href":"https:\/\/www.lucartgroup.com\/fr\/wp-json\/wp\/v2\/media\/7037"}],"wp:attachment":[{"href":"https:\/\/www.lucartgroup.com\/fr\/wp-json\/wp\/v2\/media?parent=25891"}],"curies":[{"name":"wp","href":"https:\/\/api.w.org\/{rel}","templated":true}]}}