{"id":25827,"date":"2025-11-28T15:09:42","date_gmt":"2025-11-28T14:09:42","guid":{"rendered":"https:\/\/www.lucartgroup.com\/la-durabilite\/policy-anticorruzione\/"},"modified":"2025-11-28T15:33:29","modified_gmt":"2025-11-28T14:33:29","slug":"politique-anticorruption","status":"publish","type":"page","link":"https:\/\/www.lucartgroup.com\/fr\/la-durabilite\/politique-anticorruption\/","title":{"rendered":"Politique de lutte contre la corruption"},"content":{"rendered":"<div class=\"wpb-content-wrapper\"><p>[vc_row full_width=&#8221;stretch_row&#8221; css=&#8221;.vc_custom_1589276576155{background-image: url(https:\/\/www.lucartgroup.com\/wp-content\/uploads\/2020\/01\/IlCodiceEtico-3.jpg?id=3686) !important;background-position: center !important;background-repeat: no-repeat !important;background-size: cover !important;}&#8221; el_class=&#8221;sostenibilita_top_box show-sub&#8221;][vc_column][vc_column_text css=&#8221;&#8221;]<\/p>\n<h1 style=\"text-align: center;\">Politique de lutte contre la corruption<\/h1>\n<p style=\"text-align: center;\">La Politique anticorruption est le document qui d\u00e9finit les principes et les objectifs<br \/>\ng\u00e9n\u00e9raux du Syst\u00e8me de gestion anticorruption adopt\u00e9 par les soci\u00e9t\u00e9s du Groupe<br \/>\nLUCART, notamment l&#8217;interdiction et la pr\u00e9vention de tout comportement corruptif. Cette<br \/>\npolitique informe l&#8217;ensemble du personnel et toutes les personnes agissant pour le compte<br \/>\ndes soci\u00e9t\u00e9s du Groupe LUCART (consultants, fournisseurs, prestataires et partenaires,<br \/>\npar exemple) des principes et r\u00e8gles \u00e0 suivre pour garantir le respect des lois<br \/>\nanticorruption.<\/p>\n<p>[\/vc_column_text][\/vc_column][\/vc_row][vc_row full_width=&#8221;stretch_row&#8221; css=&#8221;.vc_custom_1578591019581{margin-bottom: 35px !important;background-color: #0c4554 !important;background-position: center !important;background-repeat: no-repeat !important;background-size: contain !important;}&#8221; el_class=&#8221;sostenibilita_codice_etico pagina_cod_etico special_bunner&#8221;][vc_column][vc_column_text css=&#8221;&#8221;]<\/p>\n<p style=\"text-align: center;\"><a href=\"https:\/\/www.lucartgroup.com\/wp-content\/uploads\/2025\/11\/Policy-Anticorruzione-LUCART-Group_FR.pdf\" target=\"_blank\" rel=\"noopener noreferrer\">Politique de lutte contre la corruption<\/a><\/p>\n<p>[\/vc_column_text][\/vc_column][\/vc_row][vc_row full_width=&#8221;stretch_row&#8221; el_class=&#8221;box_ricerca_informazioni&#8221; css=&#8221;.vc_custom_1585903619874{background-image: url(https:\/\/www.lucartgroup.com\/wp-content\/uploads\/2019\/12\/van-tay-media-QklJV_Q0Pig-unsplash.jpg?id=3490) !important;background-position: center !important;background-repeat: no-repeat !important;background-size: cover !important;}&#8221;][vc_column][vc_column_text css=&#8221;.vc_custom_1582110064653{background-position: center !important;background-repeat: no-repeat !important;background-size: cover !important;}&#8221;]<\/p>\n<h4 style=\"text-align: left;\">Vous avez besoin d\u2019informations?<\/h4>\n<p style=\"text-align: left;\"><a href=\"https:\/\/www.lucartgroup.com\/fr\/contacts\/\">contactez-nous<\/a><\/p>\n<p>[\/vc_column_text][\/vc_column][\/vc_row]<\/p>\n<\/div>","protected":false},"excerpt":{"rendered":"<p>[vc_row full_width=&#8221;stretch_row&#8221; css=&#8221;.vc_custom_1589276576155{background-image: url(https:\/\/www.lucartgroup.com\/wp-content\/uploads\/2020\/01\/IlCodiceEtico-3.jpg?id=3686) !important;background-position: center !important;background-repeat: no-repeat !important;background-size: cover !important;}&#8221; el_class=&#8221;sostenibilita_top_box show-sub&#8221;][vc_column][vc_column_text css=&#8221;&#8221;] Politique de lutte contre la corruption La Politique anticorruption est le document qui d\u00e9finit les principes [&hellip;]<\/p>\n","protected":false},"author":2,"featured_media":0,"parent":7026,"menu_order":0,"comment_status":"closed","ping_status":"closed","template":"page-templates\/codice-etico.php","meta":{"_acf_changed":false,"footnotes":""},"class_list":["post-25827","page","type-page","status-publish","hentry"],"acf":[],"_links":{"self":[{"href":"https:\/\/www.lucartgroup.com\/fr\/wp-json\/wp\/v2\/pages\/25827","targetHints":{"allow":["GET"]}}],"collection":[{"href":"https:\/\/www.lucartgroup.com\/fr\/wp-json\/wp\/v2\/pages"}],"about":[{"href":"https:\/\/www.lucartgroup.com\/fr\/wp-json\/wp\/v2\/types\/page"}],"author":[{"embeddable":true,"href":"https:\/\/www.lucartgroup.com\/fr\/wp-json\/wp\/v2\/users\/2"}],"replies":[{"embeddable":true,"href":"https:\/\/www.lucartgroup.com\/fr\/wp-json\/wp\/v2\/comments?post=25827"}],"version-history":[{"count":5,"href":"https:\/\/www.lucartgroup.com\/fr\/wp-json\/wp\/v2\/pages\/25827\/revisions"}],"predecessor-version":[{"id":25882,"href":"https:\/\/www.lucartgroup.com\/fr\/wp-json\/wp\/v2\/pages\/25827\/revisions\/25882"}],"up":[{"embeddable":true,"href":"https:\/\/www.lucartgroup.com\/fr\/wp-json\/wp\/v2\/pages\/7026"}],"wp:attachment":[{"href":"https:\/\/www.lucartgroup.com\/fr\/wp-json\/wp\/v2\/media?parent=25827"}],"curies":[{"name":"wp","href":"https:\/\/api.w.org\/{rel}","templated":true}]}}