{"id":25460,"date":"2024-10-23T17:00:19","date_gmt":"2024-10-23T15:00:19","guid":{"rendered":"https:\/\/www.lucartgroup.com\/rating-sostenibilita\/"},"modified":"2026-04-02T12:21:24","modified_gmt":"2026-04-02T10:21:24","slug":"notation-sur-la-durabilite","status":"publish","type":"page","link":"https:\/\/www.lucartgroup.com\/fr\/notation-sur-la-durabilite\/","title":{"rendered":"Notation sur la Durabilit\u00e9"},"content":{"rendered":"<div class=\"wpb-content-wrapper\"><p>[vc_row full_width=&#8221;stretch_row&#8221; css=&#8221;.vc_custom_1728922180178{background-position: center !important;background-repeat: no-repeat !important;background-size: cover !important;}&#8221; el_class=&#8221;sostenibilita_dati gradient_bk&#8221;][vc_column css=&#8221;.vc_custom_1728383404462{padding-top: 60px !important;padding-bottom: 20px !important;}&#8221;][vc_column_text css=&#8221;.vc_custom_1775125259823{padding-top: 60px !important;padding-bottom: 20px !important;}&#8221; el_class=&#8221;white_text&#8221;]<\/p>\n<h1 style=\"padding-top: 0;\">Notation sur la Durabilit\u00e9<\/h1>\n<p><a href=\"https:\/\/recognition.ecovadis.com\/AKrma6Zse0eKPQ4yCwXnJg\" target=\"_blank\" rel=\"noopener\">Ecovadis attribue au Groupe Lucart la notation Platinum<\/a> pour la quatri\u00e8me ann\u00e9e cons\u00e9cutive. Une \u00e9valuation obtenue par seulement 1 % des entreprises analys\u00e9es au niveau mondial.<\/p>\n<div id=\"gtx-trans\" style=\"position: absolute; left: -17px; top: 64.875px;\">\n<div class=\"gtx-trans-icon\"><\/div>\n<\/div>\n<p>[\/vc_column_text][\/vc_column][\/vc_row][vc_row full_width=&#8221;stretch_row&#8221; css=&#8221;.vc_custom_1728922185595{margin-top: 40px !important;}&#8221;][vc_column][vc_column_text css=&#8221;&#8221;]<\/p>\n<h2>Qui est Ecovadis<\/h2>\n<p>Ecovadis est l\u2019Agence de <strong>notation ESG<\/strong> internationale qui examine chaque ann\u00e9e plus de 150 000 entreprises issues de plus de 250 secteurs de production dans le monde, en <strong>\u00e9valuant leurs activit\u00e9s<\/strong> et leurs syst\u00e8mes de gestion <strong>du point de vue de la protection de l\u2019environnement et de la responsabilit\u00e9 sociale.<\/strong><\/p>\n<p>Ecovadis mesure les performances de durabilit\u00e9 dans 4 domaines:<br \/>\n<strong>Environnement, Travail et droits de l\u2019homme, \u00c9thique, Approvisionnement responsable<\/strong>[\/vc_column_text][\/vc_column][\/vc_row][vc_row full_width=&#8221;stretch_row&#8221; css=&#8221;.vc_custom_1761834276540{margin-bottom: 30px !important;}&#8221;][vc_column][vc_column_text css=&#8221;&#8221;]<\/p>\n<h2>Parcours d\u2019am\u00e9lioration<\/h2>\n<p>Lucart a constamment am\u00e9lior\u00e9 sa propre notation de durabilit\u00e9:[\/vc_column_text][vc_single_image image=&#8221;25504&#8243; img_size=&#8221;full&#8221; alignment=&#8221;center&#8221; css=&#8221;&#8221;][\/vc_column][\/vc_row][vc_row full_width=&#8221;stretch_row&#8221; el_class=&#8221;follow_rows&#8221;][vc_column][vc_single_image image=&#8221;25545&#8243; img_size=&#8221;full&#8221; css=&#8221;&#8221;][vc_single_image image=&#8221;25519&#8243; img_size=&#8221;full&#8221; css=&#8221;&#8221;][\/vc_column][\/vc_row][vc_row full_width=&#8221;stretch_row&#8221;][vc_column][vc_column_text css=&#8221;&#8221;]<\/p>\n<h2>Objectifs d\u2019am\u00e9lioration 2025\/2026<\/h2>\n<p>[\/vc_column_text][\/vc_column][\/vc_row][vc_row][vc_column width=&#8221;1\/6&#8243; offset=&#8221;vc_col-lg-2 vc_col-xs-6&#8243;][vc_single_image image=&#8221;23919&#8243; img_size=&#8221;full&#8221; alignment=&#8221;center&#8221; css=&#8221;.vc_custom_1729500708100{margin-bottom: 0px !important;padding-right: 20px !important;padding-left: 10px !important;}&#8221;][vc_empty_space][vc_single_image image=&#8221;23926&#8243; img_size=&#8221;full&#8221; alignment=&#8221;center&#8221; css=&#8221;.vc_custom_1729500715926{margin-bottom: 0px !important;padding-right: 20px !important;padding-left: 10px !important;}&#8221;][vc_empty_space][\/vc_column][vc_column width=&#8221;5\/6&#8243; offset=&#8221;vc_col-lg-10 vc_col-xs-12&#8243;][vc_column_text css=&#8221;&#8221;]Lucart a rejoint la <strong>Science Based Target Initiative<\/strong> (SBTi) afin de d\u00e9velopper une voie de <strong>d\u00e9carbonisation<\/strong> qui r\u00e9ponde \u00e0 des crit\u00e8res scientifiquement reconnus avec des objectifs valid\u00e9s d&#8217;ici fin 2025.[\/vc_column_text][vc_column_text css=&#8221;&#8221;]Dans le domaine de la responsabilit\u00e9 \u00e9thique et sociale, Lucart a adh\u00e9r\u00e9 au Code de Conduite de l\u2019<strong>AMFORI Business Social Compliance Initiative<\/strong> (BSCI) dans le but d&#8217;obtenir la certification d&#8217;ici fin 2025.[\/vc_column_text][\/vc_column][\/vc_row][vc_row][vc_column][vc_empty_space height=&#8221;80px&#8221;][\/vc_column][\/vc_row]<\/p>\n<\/div>","protected":false},"excerpt":{"rendered":"<p>[vc_row full_width=&#8221;stretch_row&#8221; css=&#8221;.vc_custom_1728922180178{background-position: center !important;background-repeat: no-repeat !important;background-size: cover !important;}&#8221; el_class=&#8221;sostenibilita_dati gradient_bk&#8221;][vc_column css=&#8221;.vc_custom_1728383404462{padding-top: 60px !important;padding-bottom: 20px !important;}&#8221;][vc_column_text css=&#8221;.vc_custom_1775125259823{padding-top: 60px !important;padding-bottom: 20px !important;}&#8221; el_class=&#8221;white_text&#8221;] Notation sur la Durabilit\u00e9 Ecovadis attribue au Groupe [&hellip;]<\/p>\n","protected":false},"author":2,"featured_media":0,"parent":0,"menu_order":0,"comment_status":"closed","ping_status":"closed","template":"","meta":{"_acf_changed":false,"footnotes":""},"class_list":["post-25460","page","type-page","status-publish","hentry"],"acf":[],"_links":{"self":[{"href":"https:\/\/www.lucartgroup.com\/fr\/wp-json\/wp\/v2\/pages\/25460","targetHints":{"allow":["GET"]}}],"collection":[{"href":"https:\/\/www.lucartgroup.com\/fr\/wp-json\/wp\/v2\/pages"}],"about":[{"href":"https:\/\/www.lucartgroup.com\/fr\/wp-json\/wp\/v2\/types\/page"}],"author":[{"embeddable":true,"href":"https:\/\/www.lucartgroup.com\/fr\/wp-json\/wp\/v2\/users\/2"}],"replies":[{"embeddable":true,"href":"https:\/\/www.lucartgroup.com\/fr\/wp-json\/wp\/v2\/comments?post=25460"}],"version-history":[{"count":4,"href":"https:\/\/www.lucartgroup.com\/fr\/wp-json\/wp\/v2\/pages\/25460\/revisions"}],"predecessor-version":[{"id":26135,"href":"https:\/\/www.lucartgroup.com\/fr\/wp-json\/wp\/v2\/pages\/25460\/revisions\/26135"}],"wp:attachment":[{"href":"https:\/\/www.lucartgroup.com\/fr\/wp-json\/wp\/v2\/media?parent=25460"}],"curies":[{"name":"wp","href":"https:\/\/api.w.org\/{rel}","templated":true}]}}