{"id":22335,"date":"2023-08-03T16:13:26","date_gmt":"2023-08-03T14:13:26","guid":{"rendered":"https:\/\/www.lucartgroup.com\/vision-mission\/"},"modified":"2024-02-06T12:55:09","modified_gmt":"2024-02-06T11:55:09","slug":"vision-mission","status":"publish","type":"page","link":"https:\/\/www.lucartgroup.com\/fr\/le-groupe\/vision-mission\/","title":{"rendered":"Vision e Mission"},"content":{"rendered":"<div class=\"wpb-content-wrapper\"><p>[vc_row full_width=&#8221;stretch_row_content_no_spaces&#8221; equal_height=&#8221;yes&#8221; el_class=&#8221;col_height_50vh custom_box-centered-content&#8221;][vc_column width=&#8221;1\/2&#8243; css=&#8221;.vc_custom_1707216637516{background-color: #004554 !important;}&#8221;][vc_custom_heading text=&#8221;Vision&#8221; font_container=&#8221;tag:h1|font_size:66px|text_align:center|color:%23ffffff|line_height:66px&#8221; use_theme_fonts=&#8221;yes&#8221; css=&#8221;.vc_custom_1707220284493{margin-top: 0px !important;margin-bottom: 0px !important;padding-top: 0px !important;padding-bottom: 0px !important;}&#8221;][vc_column_text css=&#8221;.vc_custom_1707220496380{margin-top: 0px !important;margin-right: 0px !important;margin-bottom: 0px !important;margin-left: 0px !important;padding-top: 0px !important;padding-right: 15px !important;padding-bottom: 0px !important;padding-left: 15px !important;}&#8221; el_class=&#8221;brand_pre_box_text white_text&#8221;]<\/p>\n<p style=\"text-align: center;\">Nous nous engageons \u00e0 r\u00e9aliser des mod\u00e8les d\u2019affaires circulaires pour r\u00e9g\u00e9n\u00e9rer et accro\u00eetre les capitaux naturels, sociaux et \u00e9conomiques, parce que nous souhaitons partager un futur durable avec nos parties prenantes.<\/p>\n<p>[\/vc_column_text][\/vc_column][vc_column width=&#8221;1\/2&#8243; css=&#8221;.vc_custom_1707216645340{background-color: #5ea69b !important;}&#8221;][vc_custom_heading text=&#8221;Mission&#8221; font_container=&#8221;tag:h1|font_size:66px|text_align:center|color:%23ffffff|line_height:66px&#8221; use_theme_fonts=&#8221;yes&#8221; css=&#8221;.vc_custom_1707220289749{margin-top: 0px !important;margin-bottom: 0px !important;padding-top: 0px !important;padding-bottom: 0px !important;}&#8221;][vc_column_text css=&#8221;.vc_custom_1707220504091{margin-top: 0px !important;margin-right: 0px !important;margin-bottom: 0px !important;margin-left: 0px !important;padding-top: 0px !important;padding-right: 15px !important;padding-bottom: 0px !important;padding-left: 15px !important;}&#8221; el_class=&#8221;brand_pre_box_text white_text&#8221;]<\/p>\n<p style=\"text-align: center;\">Nous prenons soin des personnes et des lieux o\u00f9 elles vivent et travaillent, avec des solutions pour l\u2019hygi\u00e8ne et la protection des produits. La durabilit\u00e9 est l\u2019\u00e9l\u00e9ment qui inspire nos innovations et les relations avec nos parties prenantes, pour b\u00e2tir un futur meilleur.<\/p>\n<p>[\/vc_column_text][\/vc_column][\/vc_row][vc_row full_width=&#8221;stretch_row&#8221; el_class=&#8221;box_ricerca_informazioni&#8221; css=&#8221;.vc_custom_1585904275736{background-image: url(https:\/\/www.lucartgroup.com\/wp-content\/uploads\/2019\/12\/van-tay-media-QklJV_Q0Pig-unsplash.jpg?id=3490) !important;background-position: center !important;background-repeat: no-repeat !important;background-size: cover !important;}&#8221;][vc_column][vc_column_text css=&#8221;.vc_custom_1707217607037{background-position: center !important;background-repeat: no-repeat !important;background-size: cover !important;}&#8221;]<\/p>\n<h4>Vous avez besoin d\u2019informations?<\/h4>\n<p style=\"text-align: left;\"><a href=\"https:\/\/www.lucartgroup.com\/fr\/contacts\/\">CONTACTEZ-NOUS<\/a><\/p>\n<p>[\/vc_column_text][\/vc_column][\/vc_row]<\/p>\n<\/div>","protected":false},"excerpt":{"rendered":"<p>[vc_row full_width=&#8221;stretch_row_content_no_spaces&#8221; equal_height=&#8221;yes&#8221; el_class=&#8221;col_height_50vh custom_box-centered-content&#8221;][vc_column width=&#8221;1\/2&#8243; css=&#8221;.vc_custom_1707216637516{background-color: #004554 !important;}&#8221;][vc_custom_heading text=&#8221;Vision&#8221; font_container=&#8221;tag:h1|font_size:66px|text_align:center|color:%23ffffff|line_height:66px&#8221; use_theme_fonts=&#8221;yes&#8221; css=&#8221;.vc_custom_1707220284493{margin-top: 0px !important;margin-bottom: 0px !important;padding-top: 0px !important;padding-bottom: 0px !important;}&#8221;][vc_column_text css=&#8221;.vc_custom_1707220496380{margin-top: 0px !important;margin-right: 0px !important;margin-bottom: 0px !important;margin-left: 0px !important;padding-top: [&hellip;]<\/p>\n","protected":false},"author":2,"featured_media":0,"parent":9000,"menu_order":0,"comment_status":"closed","ping_status":"closed","template":"page-templates\/template_base.php","meta":{"_acf_changed":false,"footnotes":""},"class_list":["post-22335","page","type-page","status-publish","hentry"],"acf":[],"_links":{"self":[{"href":"https:\/\/www.lucartgroup.com\/fr\/wp-json\/wp\/v2\/pages\/22335","targetHints":{"allow":["GET"]}}],"collection":[{"href":"https:\/\/www.lucartgroup.com\/fr\/wp-json\/wp\/v2\/pages"}],"about":[{"href":"https:\/\/www.lucartgroup.com\/fr\/wp-json\/wp\/v2\/types\/page"}],"author":[{"embeddable":true,"href":"https:\/\/www.lucartgroup.com\/fr\/wp-json\/wp\/v2\/users\/2"}],"replies":[{"embeddable":true,"href":"https:\/\/www.lucartgroup.com\/fr\/wp-json\/wp\/v2\/comments?post=22335"}],"version-history":[{"count":4,"href":"https:\/\/www.lucartgroup.com\/fr\/wp-json\/wp\/v2\/pages\/22335\/revisions"}],"predecessor-version":[{"id":22390,"href":"https:\/\/www.lucartgroup.com\/fr\/wp-json\/wp\/v2\/pages\/22335\/revisions\/22390"}],"up":[{"embeddable":true,"href":"https:\/\/www.lucartgroup.com\/fr\/wp-json\/wp\/v2\/pages\/9000"}],"wp:attachment":[{"href":"https:\/\/www.lucartgroup.com\/fr\/wp-json\/wp\/v2\/media?parent=22335"}],"curies":[{"name":"wp","href":"https:\/\/api.w.org\/{rel}","templated":true}]}}