{"id":7107,"date":"2018-10-16T10:53:45","date_gmt":"2018-10-16T08:53:45","guid":{"rendered":"https:\/\/www.lucartgroup.com\/legal-notes\/"},"modified":"2020-07-29T15:35:18","modified_gmt":"2020-07-29T13:35:18","slug":"aviso-legal","status":"publish","type":"page","link":"https:\/\/www.lucartgroup.com\/es\/aviso-legal\/","title":{"rendered":"Aviso legal"},"content":{"rendered":"<div class=\"wpb-content-wrapper\"><p>[vc_row el_class=&#8221;note-legali&#8221;][vc_column][vc_column_text el_class=&#8221;intro_page&#8221;]<\/p>\n<h2 style=\"text-align: center;\">Aviso legal<\/h2>\n<p>[\/vc_column_text][vc_column_text]<b>ADVERTENCIA SOBRE LA DOCUMENTACI\u00d3N DISPONIBLE EN ESTE SITIO WEB<\/b><\/p>\n<p>&nbsp;<\/p>\n<p><b>Propiedad intelectual<\/b><\/p>\n<p><span style=\"font-weight: 400;\">Todo el contenido disponible en el sitio, propiedad de la empresa Lucart S.p.A. con domicilio legal en Porcari (Lucca, Italia), Via Ciarpi, 77, solo se puede utilizar con la autorizaci\u00f3n del titular de los derechos de autor y solo con fines informativos o personales; cualquier uso comercial o la distribuci\u00f3n a otro dispositivo inform\u00e1tico queda expresamente prohibido. Tambi\u00e9n est\u00e1 prohibido realizar modificaciones en el contenido del sitio web. Cualquier otra forma de uso est\u00e1 prohibida. A los infractores se les aplicar\u00e1 sanciones civiles y penales. Tambi\u00e9n queda prohibida la reproducci\u00f3n por parte de competidores potenciales del material gr\u00e1fico del sitio web propiedad de la empresa o de cualquier otro sitio desarrollado, controlado, o del que tenga licencia o propiedad la empresa en cuesti\u00f3n. Ning\u00fan logotipo, elemento gr\u00e1fico, sonido o imagen contenida en el sitio web puede copiarse o reproducirse sin la autorizaci\u00f3n expresa de la empresa. Los elementos que conforman el sitio web est\u00e1n protegidos por acuerdos comerciales y su utilizaci\u00f3n cumple con las leyes sobre marcas registradas, competencia desleal y otras normativas al respecto, y no pueden copiarse ni imitarse.<\/span><\/p>\n<p><b>Descargo de responsabilidad<\/b><\/p>\n<p><span style=\"font-weight: 400;\">Lucart S.p.A., con sede en Porcari (Lucca, Italia), Via Ciarpi, 77 no se considera responsable de la informaci\u00f3n contenida en las p\u00e1ginas web a las que se hace referencia en el sitio web de propiedad y en cualquier otro que se est\u00e9 desarrollando, as\u00ed como en las im\u00e1genes relacionadas, ni de ning\u00fan incumplimiento de los derechos de otros ni de da\u00f1os causados indirectamente de \u00e9l, o por da\u00f1os de cualquier tipo que tambi\u00e9n resulten de la p\u00e9rdida del derecho de uso, p\u00e9rdida de informaci\u00f3n o p\u00e9rdida de ganancias o derivados del incumplimiento del contrato, por negligencia u otras acciones perjudiciales, derivadas de o en cualquier forma relacionadas con el uso o la informaci\u00f3n disponible en este sitio web. La Empresa no se considera responsable de imprecisiones t\u00e9cnicas o errores tipogr\u00e1ficos; toda la informaci\u00f3n est\u00e1 sujeta a cambios peri\u00f3dicos. La Empresa puede aportar mejoras o modificaciones en los productos y programas descritos en estos sitios web en cualquier momento.<\/span><\/p>\n<p><b>Marcas<\/b><\/p>\n<p><span style=\"font-weight: 400;\">Los nombres de productos y empresas mencionados en el sitio web pueden ser marcas registradas de sus respectivos propietarios. Por lo tanto, queda expresamente prohibido utilizarlos sin autorizaci\u00f3n.\u00a0<\/span><\/p>\n<p><span style=\"font-weight: 400;\">Todos los derechos no otorgados expresamente en esta nota informativa se consideran reservados.\u00a0<\/span><\/p>\n<p><span style=\"font-weight: 400;\">NOTIFICACI\u00d3N DE PROPIEDAD INTELECTUAL. Copyright \u00a9 2020 Lucart SpA. Todos los derechos reservados.<\/span>[\/vc_column_text][\/vc_column][\/vc_row][vc_row full_width=&#8221;stretch_row&#8221; el_class=&#8221;box_ricerca_informazioni&#8221; css=&#8221;.vc_custom_1540194069456{background-image: url(https:\/\/www.lucartgroup.com\/wp-content\/uploads\/2018\/10\/contatti-1.jpg?id=132) !important;background-position: center !important;background-repeat: no-repeat !important;background-size: cover !important;}&#8221;][vc_column][vc_column_text css=&#8221;.vc_custom_1596029708041{background-position: center !important;background-repeat: no-repeat !important;background-size: cover !important;}&#8221;]<\/p>\n<h4 style=\"text-align: left;\">\u00bfNecesitas informaci\u00f3n?<\/h4>\n<p style=\"text-align: left;\"><a href=\"https:\/\/www.lucartgroup.com\/en\/contacts\/\">ponte en contacto con nosotros<\/a><\/p>\n<p>[\/vc_column_text][\/vc_column][\/vc_row]<\/p>\n<\/div>","protected":false},"excerpt":{"rendered":"<p>[vc_row el_class=&#8221;note-legali&#8221;][vc_column][vc_column_text el_class=&#8221;intro_page&#8221;] Aviso legal [\/vc_column_text][vc_column_text]ADVERTENCIA SOBRE LA DOCUMENTACI\u00d3N DISPONIBLE EN ESTE SITIO WEB &nbsp; Propiedad intelectual Todo el contenido disponible en el sitio, propiedad de la empresa Lucart S.p.A. [&hellip;]<\/p>\n","protected":false},"author":2,"featured_media":0,"parent":0,"menu_order":0,"comment_status":"closed","ping_status":"closed","template":"page-templates\/template_base.php","meta":{"_acf_changed":false,"footnotes":""},"class_list":["post-7107","page","type-page","status-publish","hentry"],"acf":[],"_links":{"self":[{"href":"https:\/\/www.lucartgroup.com\/es\/wp-json\/wp\/v2\/pages\/7107","targetHints":{"allow":["GET"]}}],"collection":[{"href":"https:\/\/www.lucartgroup.com\/es\/wp-json\/wp\/v2\/pages"}],"about":[{"href":"https:\/\/www.lucartgroup.com\/es\/wp-json\/wp\/v2\/types\/page"}],"author":[{"embeddable":true,"href":"https:\/\/www.lucartgroup.com\/es\/wp-json\/wp\/v2\/users\/2"}],"replies":[{"embeddable":true,"href":"https:\/\/www.lucartgroup.com\/es\/wp-json\/wp\/v2\/comments?post=7107"}],"version-history":[{"count":4,"href":"https:\/\/www.lucartgroup.com\/es\/wp-json\/wp\/v2\/pages\/7107\/revisions"}],"predecessor-version":[{"id":12234,"href":"https:\/\/www.lucartgroup.com\/es\/wp-json\/wp\/v2\/pages\/7107\/revisions\/12234"}],"wp:attachment":[{"href":"https:\/\/www.lucartgroup.com\/es\/wp-json\/wp\/v2\/media?parent=7107"}],"curies":[{"name":"wp","href":"https:\/\/api.w.org\/{rel}","templated":true}]}}