{"id":7091,"date":"2018-10-15T14:05:28","date_gmt":"2018-10-15T12:05:28","guid":{"rendered":"https:\/\/www.lucartgroup.com\/lavora-con-noi\/"},"modified":"2020-09-30T12:29:27","modified_gmt":"2020-09-30T10:29:27","slug":"trabaja-con-nosotros","status":"publish","type":"page","link":"https:\/\/www.lucartgroup.com\/es\/trabaja-con-nosotros\/","title":{"rendered":"Trabaja con nosotros"},"content":{"rendered":"<div class=\"wpb-content-wrapper\"><p>[vc_row full_width=&#8221;stretch_row&#8221; css=&#8221;.vc_custom_1601461133916{background-image: url(https:\/\/www.lucartgroup.com\/wp-content\/uploads\/2020\/09\/LUCART-775.jpg?id=13419) !important;background-position: center !important;background-repeat: no-repeat !important;background-size: cover !important;}&#8221; el_class=&#8221;sostenibilita_top_box show-sub&#8221;][vc_column][vc_column_text]<\/p>\n<h1 style=\"text-align: center;\">Trabaja con nosotros<\/h1>\n<p style=\"text-align: center;\"><span style=\"font-weight: 400;\">Creemos que el compromiso, las habilidades, la pasi\u00f3n y la creatividad de las personas que forman parte de Lucart<\/span><span style=\"font-weight: 400;\"><br \/>\n<\/span><span style=\"font-weight: 400;\">son la base de nuestro crecimiento y nuestro camino lleno de \u00e9xitos que nos ha llevado a ser lo que somos a d\u00eda de hoy.<\/span><span style=\"font-weight: 400;\"><br \/>\n<\/span><span style=\"font-weight: 400;\">Formar parte de nuestro Grupo significa compartir esta visi\u00f3n sostenible del mundo<\/span><span style=\"font-weight: 400;\"><br \/>\n<\/span><span style=\"font-weight: 400;\">y estar listo para contribuir al desarrollo de productos que mejoren la vida cotidiana de las personas,<\/span><span style=\"font-weight: 400;\"><br \/>\n<\/span><span style=\"font-weight: 400;\">siempre orientados hacia la innovaci\u00f3n, la calidad y la protecci\u00f3n del medio ambiente.<\/span><span style=\"font-weight: 400;\"><br \/>\n<\/span><\/p>\n<p>&nbsp;<\/p>\n<p>&nbsp;<\/p>\n<p>&nbsp;<\/p>\n<p>&nbsp;<\/p>\n<p>&nbsp;<\/p>\n<p>[\/vc_column_text][\/vc_column][\/vc_row][vc_row full_width=&#8221;stretch_row&#8221; css=&#8221;.vc_custom_1540665916436{background-color: #f9fdff !important;}&#8221; el_class=&#8221;cont_esterno_posizioni_lavorative&#8221;][vc_column][vc_column_text]<div class='contenitore_posizioni_lavorative clearfix'><h2>Puestos vacantes<\/h2><div class='intro_page' style='margin-bottom:80px'><p style='text-align:center'>Si te gustar\u00eda marcar la diferencia con nosotros, echa un vistazo a los puestos vacantes o env\u00edanos tu candidatura espont\u00e1nea.<\/p><\/div><div class='d-flex flex-wrap gap_30'><div class='singola_posizione'>\t<div class='singola_posizione_contenuto'>\n\t\t\t\t\t\t\t<div class='singola_posizione_titolo'><h3>Trabaja con nosotros<\/h3><\/div>\n\t\t\t\t\t\t\t<div class='singola_posizione_localita'>PORCARI, LUCCA<\/div>\n\t\t\t\t\t\t\t<div class='singola_posizione_testo'>Siempre estamos buscando compa\u00f1eros din\u00e1micos y proactivos. Env\u00edanos tu CV y una descripci\u00f3n de tus caracter\u00edsticas y el puesto que te gustar\u00eda.<\/div>\n\t\t\t\t\t\t\t<div><a href='https:\/\/www.lucartgroup.com\/es\/open_positions\/trabaja-con-nosotros\/' class='singola_posizione_link'>Enviar candidatura<\/a><\/div>\n\t\t\t\t\t\t\t<div class=\"addtoany_shortcode\"><div class=\"a2a_kit a2a_kit_size_16 addtoany_list\" data-a2a-url=\"https:\/\/www.lucartgroup.com\/es\/open_positions\/trabaja-con-nosotros\/\" data-a2a-title=\"Trabaja con nosotros\"><a class=\"a2a_button_facebook\" href=\"https:\/\/www.addtoany.com\/add_to\/facebook?linkurl=https%3A%2F%2Fwww.lucartgroup.com%2Fes%2Fopen_positions%2Ftrabaja-con-nosotros%2F&amp;linkname=Trabaja%20con%20nosotros\" title=\"Facebook\" rel=\"nofollow noopener\" target=\"_blank\"><\/a><a class=\"a2a_button_linkedin\" href=\"https:\/\/www.addtoany.com\/add_to\/linkedin?linkurl=https%3A%2F%2Fwww.lucartgroup.com%2Fes%2Fopen_positions%2Ftrabaja-con-nosotros%2F&amp;linkname=Trabaja%20con%20nosotros\" title=\"LinkedIn\" rel=\"nofollow noopener\" target=\"_blank\"><\/a><\/div><\/div>\n\t\t\t\t\t\t<\/div>\n\t\t\t\t\t<\/div><\/div><\/div>[\/vc_column_text][\/vc_column][\/vc_row][vc_row full_width=&#8221;stretch_row&#8221; el_class=&#8221;box_ricerca_informazioni&#8221; css=&#8221;.vc_custom_1585903786417{background-image: url(https:\/\/www.lucartgroup.com\/wp-content\/uploads\/2019\/12\/van-tay-media-QklJV_Q0Pig-unsplash.jpg?id=3490) !important;background-position: center !important;background-repeat: no-repeat !important;background-size: cover !important;}&#8221;][vc_column][vc_column_text css=&#8221;.vc_custom_1549642756456{background-position: center !important;background-repeat: no-repeat !important;background-size: cover !important;}&#8221;]<\/p>\n<h4 style=\"text-align: left;\">\u00bfNecesitas informaci\u00f3n?<\/h4>\n<p style=\"text-align: left;\"><a href=\"#\">ponte en contacto con nosotros<\/a><\/p>\n<p>[\/vc_column_text][\/vc_column][\/vc_row]<\/p>\n<\/div>","protected":false},"excerpt":{"rendered":"<p>[vc_row full_width=&#8221;stretch_row&#8221; css=&#8221;.vc_custom_1601461133916{background-image: url(https:\/\/www.lucartgroup.com\/wp-content\/uploads\/2020\/09\/LUCART-775.jpg?id=13419) !important;background-position: center !important;background-repeat: no-repeat !important;background-size: cover !important;}&#8221; el_class=&#8221;sostenibilita_top_box show-sub&#8221;][vc_column][vc_column_text] Trabaja con nosotros Creemos que el compromiso, las habilidades, la pasi\u00f3n y la creatividad de las personas [&hellip;]<\/p>\n","protected":false},"author":2,"featured_media":0,"parent":0,"menu_order":0,"comment_status":"closed","ping_status":"closed","template":"page-templates\/lavora_con_noi.php","meta":{"_acf_changed":false,"footnotes":""},"class_list":["post-7091","page","type-page","status-publish","hentry"],"acf":[],"_links":{"self":[{"href":"https:\/\/www.lucartgroup.com\/es\/wp-json\/wp\/v2\/pages\/7091","targetHints":{"allow":["GET"]}}],"collection":[{"href":"https:\/\/www.lucartgroup.com\/es\/wp-json\/wp\/v2\/pages"}],"about":[{"href":"https:\/\/www.lucartgroup.com\/es\/wp-json\/wp\/v2\/types\/page"}],"author":[{"embeddable":true,"href":"https:\/\/www.lucartgroup.com\/es\/wp-json\/wp\/v2\/users\/2"}],"replies":[{"embeddable":true,"href":"https:\/\/www.lucartgroup.com\/es\/wp-json\/wp\/v2\/comments?post=7091"}],"version-history":[{"count":4,"href":"https:\/\/www.lucartgroup.com\/es\/wp-json\/wp\/v2\/pages\/7091\/revisions"}],"predecessor-version":[{"id":13437,"href":"https:\/\/www.lucartgroup.com\/es\/wp-json\/wp\/v2\/pages\/7091\/revisions\/13437"}],"wp:attachment":[{"href":"https:\/\/www.lucartgroup.com\/es\/wp-json\/wp\/v2\/media?parent=7091"}],"curies":[{"name":"wp","href":"https:\/\/api.w.org\/{rel}","templated":true}]}}