{"id":7086,"date":"2018-10-15T16:14:09","date_gmt":"2018-10-15T14:14:09","guid":{"rendered":"https:\/\/www.lucartgroup.com\/contatti\/"},"modified":"2025-10-15T11:35:35","modified_gmt":"2025-10-15T09:35:35","slug":"contacto","status":"publish","type":"page","link":"https:\/\/www.lucartgroup.com\/es\/contacto\/","title":{"rendered":"Contacto"},"content":{"rendered":"<div class=\"wpb-content-wrapper\"><p>[vc_row full_width=&#8221;stretch_row_content_no_spaces&#8221;][vc_column][vc_column_text el_class=&#8221;intro_page&#8221;]<\/p>\n<h1 style=\"text-align: center;\">Contacto<\/h1>\n<p>[\/vc_column_text][vc_column_text]<div id='map-container'>\n\t\t\t\t\t<div id='map'><\/div>\n\t\t\t\t<\/div>[\/vc_column_text][vc_column_text]\n\t\t<div class='cont_fascia_sedi clearfix'>\n\t\t\t<div class='fascia_sedi clearfix'>\n\t\t\t\t<div class='fascia_sedi_left clearfix'>\n\t\t\t\t\t<div class='fascia_sedi_left_title'><div class='titolo_mappa'><h2>Sede central<\/h2><\/div><\/div>\n\t\t\t\t\t<div class='fascia_sedi_left_content'>\n\t\t\t\t\t\t<div class='fascia_sedi_left_content_address'><p>Via Ciarpi, 77<br \/>\n55016 &#8211; Porcari (LU) &#8211; Italia<\/p>\n<\/div><div class='fascia_sedi_left_content_tel'><a href='tel:+3905832140'>+39 0583 2140 <\/a><\/div><div class='fascia_sedi_left_content_fax'>+39 0583 299051<\/div>\t\t<\/div>\n\t\t\t\t\t<div class='fascia_sedi_left_content_follow_title'>S\u00edguenos en<\/div>\n\t\t\t\t\t<div class='fascia_sedi_left_content_follow'><div class='socials-container ' id=''><div class='socials-container__single-social'><a href='https:\/\/www.facebook.com\/lucartgroup\/' target='_blank'><div class='socials-container__single-social__social-icon socials-container__single-social__social-icon--fa-facebook fa fa-brands fa-facebook'><\/div><\/a><\/div><div class='socials-container__single-social'><a href='https:\/\/www.youtube.com\/channel\/UCEuRqqe6PalxL-9W3inou0Q' target='_blank'><div class='socials-container__single-social__social-icon socials-container__single-social__social-icon--fa-youtube fa fa-brands fa-youtube'><\/div><\/a><\/div><div class='socials-container__single-social'><a href='https:\/\/www.linkedin.com\/company\/lucart-group' target='_blank'><div class='socials-container__single-social__social-icon socials-container__single-social__social-icon--fa-linkedin-in fa fa-brands fa-linkedin-in'><\/div><\/a><\/div><\/div><\/div>\n\t\t\t\t<\/div>\n\t\t\t\t<div class='fascia_sedi_right clearfix'>\n\t\t\t\t\t<div class='fascia_sedi_right_title'><h2>Otras sedes<\/h2><\/div>\n\t\t\t\t\t<div class='fascia_sedi_cont_sedi clearfix'>\n\t<div class='elenco_nazioni clearfix'><div class='singola_nazione selected' data-attr-nazione='Alemania'>Alemania<\/div><div class='singola_nazione ' data-attr-nazione='Espa\u00f1a'>Espa\u00f1a<\/div><div class='singola_nazione ' data-attr-nazione='Francia'>Francia<\/div><div class='singola_nazione ' data-attr-nazione='Hungr\u00eda'>Hungr\u00eda<\/div><div class='singola_nazione ' data-attr-nazione='Italia'>Italia<\/div><div class='singola_nazione ' data-attr-nazione='Reino Unido'>Reino Unido<\/div><\/div><div class='elenco_sedi clearfix'><div class='singola_sede selected' data-attr-nazione='Alemania'>\n\t\t\t\t\t\t\t<div class='singola_sede_titolo'><h3>Lucart Deutschland GmbH<\/h3><\/div>\n\t\t\t\t\t\t\t<div class='fascia_sedi_left_content right_content'>\n\t\t\t\t\t\t\t<div class='fascia_sedi_left_content_address'><p>Tilsiter Stra\u00dfe 1<br \/>\n60487 &#8211; Frankfurt &#8211; Alemania<\/p>\n<\/div>\t\t\t\t\n\t\t\t\t\t\t<\/div><\/div><div class='singola_sede ' data-attr-nazione='Espa\u00f1a'>\n\t\t\t\t\t\t\t<div class='singola_sede_titolo'><h3>Lucart Tissue & Soap S.L.U - Sede de Artziniega<\/h3><\/div>\n\t\t\t\t\t\t\t<div class='fascia_sedi_left_content right_content'>\n\t\t\t\t\t\t\t<div class='fascia_sedi_left_content_address'><p>Barrio Barretaguren 12<br \/>\n014474 &#8211; Artziniega (\u00c1lava) &#8211; Espa\u00f1a<\/p>\n<\/div><div class='fascia_sedi_left_content_tel'><a href='tel:+34945398100'>+34 945 398 100<\/a><\/div><div class='fascia_sedi_left_content_fax'>+34 945 398 101<\/div>\t\t\t\t\n\t\t\t\t\t\t<\/div><\/div><div class='singola_sede ' data-attr-nazione='Espa\u00f1a'>\n\t\t\t\t\t\t\t<div class='singola_sede_titolo'><h3>Lucart Tissue & Soap S.L.U - Sede de Aranguren <\/h3><\/div>\n\t\t\t\t\t\t\t<div class='fascia_sedi_left_content right_content'>\n\t\t\t\t\t\t\t<div class='fascia_sedi_left_content_address'><p class=\"p1\">Nicol\u00e1s Mar\u00eda Urgoiti s\/n<br \/>\n48850 &#8211; Aranguren (Vizcaya) &#8211; Espa\u00f1a<\/p>\n<\/div><div class='fascia_sedi_left_content_tel'><a href='tel:+34946670000'>+34 946 670 000<\/a><\/div><div class='fascia_sedi_left_content_fax'>+34 946 390 985<\/div>\t\t\t\t\n\t\t\t\t\t\t<\/div><\/div><div class='singola_sede ' data-attr-nazione='Espa\u00f1a'>\n\t\t\t\t\t\t\t<div class='singola_sede_titolo'><h3>Lucart Tissue & Soap S.L.U - Almac\u00e9n de Gue\u00f1es<\/h3><\/div>\n\t\t\t\t\t\t\t<div class='fascia_sedi_left_content right_content'>\n\t\t\t\t\t\t\t<div class='fascia_sedi_left_content_address'><p>Calle La Perenal, 2<br \/>\n48840 &#8211; Gue\u00f1es (Vizcaya) &#8211; Espa\u00f1a<\/p>\n<\/div><div class='fascia_sedi_left_content_tel'><a href='tel:+34945398100'>+34 945 398 100<\/a><\/div>\t\t\t\t\n\t\t\t\t\t\t<\/div><\/div><div class='singola_sede ' data-attr-nazione='Francia'>\n\t\t\t\t\t\t\t<div class='singola_sede_titolo'><h3>Lucart S.a.s.<\/h3><\/div>\n\t\t\t\t\t\t\t<div class='fascia_sedi_left_content right_content'>\n\t\t\t\t\t\t\t<div class='fascia_sedi_left_content_address'><p>10, Rue Maurice Mougeot BP35<br \/>\n88600 &#8211; Laval sur Vologne &#8211; Francia<\/p>\n<\/div><div class='fascia_sedi_left_content_tel'><a href='tel:+33(0)329557878'>+33 (0)3 29557878 <\/a><\/div><div class='fascia_sedi_left_content_fax'>+33 (0)3 29557876<\/div>\t\t\t\t\n\t\t\t\t\t\t<\/div><\/div><div class='singola_sede ' data-attr-nazione='Hungr\u00eda'>\n\t\t\t\t\t\t\t<div class='singola_sede_titolo'><h3>Lucart Kft.<\/h3><\/div>\n\t\t\t\t\t\t\t<div class='fascia_sedi_left_content right_content'>\n\t\t\t\t\t\t\t<div class='fascia_sedi_left_content_address'><p>Iparos utca 1 &#8211; 2536<\/p>\n<p>Nyerges\u00fajfalu &#8211; Hungr\u00eda<\/p>\n<\/div><div class='fascia_sedi_left_content_tel'><a href='tel:+3633428128+3633428129'>+36 33428128 - +36 33428129<\/a><\/div><div class='fascia_sedi_left_content_fax'>+36 33428130<\/div>\t\t\t\t\n\t\t\t\t\t\t<\/div><\/div><div class='singola_sede ' data-attr-nazione='Italia'>\n\t\t\t\t\t\t\t<div class='singola_sede_titolo'><h3>Lucart S.p.A. - Sede de Torre di Mosto<\/h3><\/div>\n\t\t\t\t\t\t\t<div class='fascia_sedi_left_content right_content'>\n\t\t\t\t\t\t\t<div class='fascia_sedi_left_content_address'><p>Via G. Galilei, 4 &#8211; Zona Industriale<br \/>\n30020 &#8211; Torre di Mosto (VE) &#8211; Italia<\/p>\n<\/div><div class='fascia_sedi_left_content_tel'><a href='tel:+390421312811'>+39 0421 312811<\/a><\/div>\t\t\t\t\n\t\t\t\t\t\t<\/div><\/div><div class='singola_sede ' data-attr-nazione='Italia'>\n\t\t\t\t\t\t\t<div class='singola_sede_titolo'><h3>Lucart S.p.A. - Sede de Avigliano<\/h3><\/div>\n\t\t\t\t\t\t\t<div class='fascia_sedi_left_content right_content'>\n\t\t\t\t\t\t\t<div class='fascia_sedi_left_content_address'><p>Loc. Serra Ventaruli<br \/>\n85021\u00a0\u2013 Avigliano (PZ) \u2013 Italia<\/p>\n<\/div><div class='fascia_sedi_left_content_tel'><a href='tel:+390971703111'>+39 0971 703111<\/a><\/div>\t\t\t\t\n\t\t\t\t\t\t<\/div><\/div><div class='singola_sede ' data-attr-nazione='Italia'>\n\t\t\t\t\t\t\t<div class='singola_sede_titolo'><h3>Lucart Logistics Center Altopascio<\/h3><\/div>\n\t\t\t\t\t\t\t<div class='fascia_sedi_left_content right_content'>\n\t\t\t\t\t\t\t<div class='fascia_sedi_left_content_address'><p>Via del Palazzaccio, 56<br \/>\n55011 &#8211; Altopascio (LU) &#8211; Italia<\/p>\n<\/div><div class='fascia_sedi_left_content_tel'><a href='tel:+39058383701'>+39 0583 83701<\/a><\/div>\t\t\t\t\n\t\t\t\t\t\t<\/div><\/div><div class='singola_sede ' data-attr-nazione='Italia'>\n\t\t\t\t\t\t\t<div class='singola_sede_titolo'><h3>Lucart S.p.A. - Sede de Diecimo<\/h3><\/div>\n\t\t\t\t\t\t\t<div class='fascia_sedi_left_content right_content'>\n\t\t\t\t\t\t\t<div class='fascia_sedi_left_content_address'><p>Zona Industriale<br \/>\n55023 &#8211; Diecimo (LU) &#8211; Italia<\/p>\n<\/div><div class='fascia_sedi_left_content_tel'><a href='tel:+39058383701'>+39 0583 83701 <\/a><\/div><div class='fascia_sedi_left_content_fax'>+39 0583 838262<\/div>\t\t\t\t\n\t\t\t\t\t\t<\/div><\/div><div class='singola_sede ' data-attr-nazione='Italia'>\n\t\t\t\t\t\t\t<div class='singola_sede_titolo'><h3>Lucart S.p.A. - Sede de Castelnuovo di Garfagnana<\/h3><\/div>\n\t\t\t\t\t\t\t<div class='fascia_sedi_left_content right_content'>\n\t\t\t\t\t\t\t<div class='fascia_sedi_left_content_address'><p>Via Enrico Fermi, 13<br \/>\n55032 &#8211; Castelnuovo di Garfagnana (LU) &#8211; Italia<\/p>\n<\/div><div class='fascia_sedi_left_content_tel'><a href='tel:+3905836401'>+39 0583 6401<\/a><\/div><div class='fascia_sedi_left_content_fax'>+39 0583 658893<\/div>\t\t\t\t\n\t\t\t\t\t\t<\/div><\/div><div class='singola_sede ' data-attr-nazione='Reino Unido'>\n\t\t\t\t\t\t\t<div class='singola_sede_titolo'><h3>Lucart Hygiene Ltd.<\/h3><\/div>\n\t\t\t\t\t\t\t<div class='fascia_sedi_left_content right_content'>\n\t\t\t\t\t\t\t<div class='fascia_sedi_left_content_address'><p>Blackmore Park Rd, Hanley Swan,<br \/>\nWorcester WR8 0EF, Regno Unito<\/p>\n<\/div><div class='fascia_sedi_left_content_tel'><a href='tel:+44(0)1684893797'>+44 (0) 1684 893 797<\/a><\/div><div class='fascia_sedi_left_content_fax'>  +44 (0) 1684 893 593<\/div>\t\t\t\t\n\t\t\t\t\t\t<\/div><\/div><\/div>\n\t\t\t\t\t<\/div>\n\t\t\t\t<\/div>\n\t\t\t<\/div>\n\t\t<\/div>\n\t<div class=\"cont_forms clearfix\">\n\t\t\t\t\t<div class=\"cont-tabs\">\n\t\t\t\t\t<div class=\"title_pre_form_contatti\"><h2>Si quieres m\u00e1s informaci\u00f3n no dudes en escribirnos<\/h2><\/div>\n\t\t\t\t\t<div class=\"subtitle_pre_form_contatti\">Rellena el siguiente formulario y nuestro equipo se pondr\u00e1 en contacto contigo lo antes posible<\/div>\n\t\t\t\t\t<div class=\"legenda_form\"><span class=\"red\">*<\/span> <span>Campo obligatorio<\/span><\/div>\n\t\t\t\t\t<div id=\"tabs\">\n\t\t\t\t\t<ul>\n\t\t<div id=\"tab1\" class=\"ui-tabs-panel ui-widget-content ui-corner-bottom\">\n\t\t<form method=\"post\" action=\"\/sendMail\/\">\n\t\t<div class=\"hp_campo_form\">\n\t\t\t<input type=\"text\" name=\"firstname\" id=\"firstname\">\n\t\t<\/div>\n\t\t<div class=\"campo_form\">\n    \t<label for=\"ciContattiDa\">Nos escribes desde*<\/label>\n    \t<select name=\"ciContattiDa\" id=\"ciContattiDa\">\n        \t<option value=\"\">seleccionar<\/option><option value=\"15\">Afganist\u00e1n<\/option><option value=\"16\">Islas \u00c5land<\/option><option value=\"17\">Albania<\/option><option value=\"18\">Argelia<\/option><option value=\"19\">Samoa Americana<\/option><option value=\"20\">Andorra<\/option><option value=\"21\">Angola<\/option><option value=\"22\">Anguila<\/option><option value=\"23\">Ant\u00e1rtida<\/option><option value=\"24\">Antigua y Barbuda<\/option><option value=\"25\">Argentina<\/option><option value=\"26\">Armenia<\/option><option value=\"27\">Aruba<\/option><option value=\"28\">Australia<\/option><option value=\"5\">Austria<\/option><option value=\"29\">Azerbaiy\u00e1n<\/option><option value=\"30\">Bahamas<\/option><option value=\"31\">Bar\u00e9in<\/option><option value=\"32\">Banglad\u00e9s<\/option><option value=\"33\">Barbados<\/option><option value=\"34\">Bielorrusia<\/option><option value=\"8\">B\u00e9lgica<\/option><option value=\"35\">Belice<\/option><option value=\"36\">Ben\u00edn<\/option><option value=\"37\">Bermudas<\/option><option value=\"38\">But\u00e1n<\/option><option value=\"39\">Bolivia<\/option><option value=\"40\">Bosnia-Herzegovina<\/option><option value=\"41\">Botsuana<\/option><option value=\"42\">Isla Bouvet<\/option><option value=\"43\">Brasil<\/option><option value=\"44\">Territorio Brit\u00e1nico del Oc\u00e9ano \u00cdndico<\/option><option value=\"45\">Brun\u00e9i (Darusalam)<\/option><option value=\"46\">Bulgaria<\/option><option value=\"47\">Burkina Faso<\/option><option value=\"48\">Burundi<\/option><option value=\"49\">Camboya<\/option><option value=\"50\">Camer\u00fan<\/option><option value=\"51\">Canad\u00e1<\/option><option value=\"52\">Cabo Verde<\/option><option value=\"53\">Islas Caim\u00e1n<\/option><option value=\"54\">Rep\u00fablica Centroafricana<\/option><option value=\"55\">Chad<\/option><option value=\"56\">Chile<\/option><option value=\"57\">China<\/option><option value=\"58\">Isla de Navidad<\/option><option value=\"59\">Islas Cocos (Keeling)<\/option><option value=\"60\">Colombia<\/option><option value=\"61\">Comoras<\/option><option value=\"62\">Congo<\/option><option value=\"63\">Congo, Rep\u00fablica Democr\u00e1tica del<\/option><option value=\"64\">Islas Cook<\/option><option value=\"65\">Costa Rica<\/option><option value=\"66\">Costa de Marfil<\/option><option value=\"67\">Croacia<\/option><option value=\"68\">Cuba<\/option><option value=\"69\">Chipre<\/option><option value=\"70\">Rep\u00fablica Checa<\/option><option value=\"12\">Dinamarca<\/option><option value=\"71\">Yibuti<\/option><option value=\"72\">Dominica<\/option><option value=\"73\">Rep\u00fablica Dominicana<\/option><option value=\"74\">Ecuador<\/option><option value=\"75\">Egipto<\/option><option value=\"76\">El Salvador<\/option><option value=\"77\">Guinea Ecuatorial\u200b<\/option><option value=\"78\">Eritrea<\/option><option value=\"79\">Estonia<\/option><option value=\"80\">Etiop\u00eda<\/option><option value=\"81\">Islas Malvinas<\/option><option value=\"82\">Islas Feroe<\/option><option value=\"83\">Fiyi<\/option><option value=\"84\">Finlandia<\/option><option value=\"2\">Francia<\/option><option value=\"85\">Guayana Francesa<\/option><option value=\"86\">Polinesia Francesa<\/option><option value=\"87\">Tierras Australes y Ant\u00e1rticas Francesas<\/option><option value=\"88\">Gab\u00f3n<\/option><option value=\"89\">Gambia<\/option><option value=\"90\">Georgia<\/option><option value=\"3\">Alemania<\/option><option value=\"91\">Ghana<\/option><option value=\"92\">Gibraltar<\/option><option value=\"9\">Reino Unido<\/option><option value=\"93\">Grecia<\/option><option value=\"94\">Groenlandia<\/option><option value=\"95\">Granada<\/option><option value=\"96\">Guadalupe<\/option><option value=\"97\">Guam<\/option><option value=\"98\">Guatemala<\/option><option value=\"99\">Guernsey<\/option><option value=\"100\">Guinea<\/option><option value=\"101\">Guinea-Bis\u00e1u<\/option><option value=\"102\">Guyana<\/option><option value=\"103\">Hait\u00ed<\/option><option value=\"104\">Islas Heard y McDonald<\/option><option value=\"105\">Ciudad del Vaticano<\/option><option value=\"106\">Honduras<\/option><option value=\"107\">Hong Kong<\/option><option value=\"108\">Hungr\u00eda<\/option><option value=\"109\">Islandia<\/option><option value=\"110\">India<\/option><option value=\"111\">Indonesia<\/option><option value=\"112\">Ir\u00e1n<\/option><option value=\"113\">Irak<\/option><option value=\"13\">Irlanda<\/option><option value=\"114\">Isla de Man<\/option><option value=\"115\">Israel<\/option><option value=\"1\">Italia<\/option><option value=\"116\">Jamaica<\/option><option value=\"117\">Jap\u00f3n<\/option><option value=\"118\">Jersey<\/option><option value=\"119\">Jordania<\/option><option value=\"120\">Kazajist\u00e1n<\/option><option value=\"121\">Kenia<\/option><option value=\"122\">Kiribati<\/option><option value=\"123\">Corea del Norte<\/option><option value=\"124\">Corea del Sur<\/option><option value=\"125\">Kuwait<\/option><option value=\"126\">Kirguist\u00e1n<\/option><option value=\"127\">Laos<\/option><option value=\"128\">Letonia<\/option><option value=\"129\">L\u00edbano<\/option><option value=\"130\">Lesoto<\/option><option value=\"131\">Liberia<\/option><option value=\"132\">Libia<\/option><option value=\"133\">Liechtenstein<\/option><option value=\"134\">Lituania<\/option><option value=\"7\">Luxemburgo<\/option><option value=\"135\">Macao<\/option><option value=\"136\">Macedonia del Norte<\/option><option value=\"137\">Madagascar<\/option><option value=\"138\">Malaui<\/option><option value=\"139\">Malasia<\/option><option value=\"140\">Maldivas<\/option><option value=\"141\">Mali<\/option><option value=\"142\">Malta<\/option><option value=\"143\">Islas Marshall<\/option><option value=\"144\">Martinica<\/option><option value=\"145\">Mauritania<\/option><option value=\"146\">Mauricio<\/option><option value=\"147\">Mayotte<\/option><option value=\"148\">M\u00e9xico<\/option><option value=\"149\">Micronesia<\/option><option value=\"150\">Moldavia<\/option><option value=\"151\">M\u00f3naco<\/option><option value=\"152\">Mongolia<\/option><option value=\"153\">Montenegro<\/option><option value=\"154\">Montserrat<\/option><option value=\"155\">Marruecos<\/option><option value=\"156\">Mozambique<\/option><option value=\"157\">Birmania<\/option><option value=\"158\">Namibia<\/option><option value=\"159\">Nauru<\/option><option value=\"160\">Nepal<\/option><option value=\"161\">Antillas Holandesas<\/option><option value=\"162\">Nueva Caledonia<\/option><option value=\"163\">Nueva Zelanda<\/option><option value=\"164\">Nicaragua<\/option><option value=\"165\">N\u00edger<\/option><option value=\"166\">Nigeria<\/option><option value=\"167\">Niue<\/option><option value=\"168\">Islas Norfolk<\/option><option value=\"169\">Islas Marianas del Norte<\/option><option value=\"170\">Noruega<\/option><option value=\"6\">Pa\u00edses Bajos<\/option><option value=\"171\">Om\u00e1n<\/option><option value=\"172\">Pakist\u00e1n<\/option><option value=\"173\">Palaos<\/option><option value=\"174\">Territorios Palestinos Ocupados<\/option><option value=\"175\">Panam\u00e1<\/option><option value=\"176\">Pap\u00faa Nueva Guinea<\/option><option value=\"177\">Paraguay<\/option><option value=\"178\">Per\u00fa<\/option><option value=\"179\">Filipinas<\/option><option value=\"180\">Pitcairn<\/option><option value=\"181\">Polonia<\/option><option value=\"11\">Portugal<\/option><option value=\"182\">Puerto Rico<\/option><option value=\"183\">Qatar<\/option><option value=\"184\">Reuni\u00f3n<\/option><option value=\"185\">Ruman\u00eda<\/option><option value=\"186\">Rusia<\/option><option value=\"187\">Ruanda<\/option><option value=\"188\">San Bartolom\u00e9<\/option><option value=\"189\">Santa Elena<\/option><option value=\"190\">San Crist\u00f3bal y Nieves<\/option><option value=\"191\">Santa Luc\u00eda<\/option><option value=\"192\">San Mart\u00edn<\/option><option value=\"193\">San Pedro y Miquel\u00f3n<\/option><option value=\"194\">San Vicente y las Granadinas<\/option><option value=\"195\">Samoa<\/option><option value=\"196\">San Marino<\/option><option value=\"197\">Santo Tom\u00e9 y Pr\u00edncipe<\/option><option value=\"198\">Arabia Saudita<\/option><option value=\"199\">Senegal<\/option><option value=\"200\">Serbia<\/option><option value=\"201\">Seychelles<\/option><option value=\"202\">Sierra Leona<\/option><option value=\"203\">Singapur<\/option><option value=\"204\">Eslovaquia<\/option><option value=\"205\">Eslovenia<\/option><option value=\"206\">Islas Salom\u00f3n<\/option><option value=\"207\">Somalia<\/option><option value=\"208\">Sud\u00e1frica<\/option><option value=\"209\">Islas Georgias del Sur y S\u00e1ndwich del Sur<\/option><option value=\"10\">Espa\u00f1a<\/option><option value=\"210\">Sri Lanka<\/option><option value=\"211\">Sud\u00e1n<\/option><option value=\"212\">Surinam<\/option><option value=\"213\">Svalbard y Jan Mayen<\/option><option value=\"4\">Suiza<\/option><option value=\"214\">Suazilandia<\/option><option value=\"215\">Suecia<\/option><option value=\"216\">Siria<\/option><option value=\"217\">Taiw\u00e1n<\/option><option value=\"218\">Tayikist\u00e1n<\/option><option value=\"219\">Tanzania<\/option><option value=\"220\">Tailandia<\/option><option value=\"221\">Timor Oriental<\/option><option value=\"222\">Togo<\/option><option value=\"223\">Tokelau<\/option><option value=\"224\">Tonga<\/option><option value=\"225\">Trinidad y Tobago<\/option><option value=\"226\">T\u00fanez<\/option><option value=\"227\">Turqu\u00eda<\/option><option value=\"228\">Turkmenist\u00e1n<\/option><option value=\"229\">Islas Turcas y Caicos<\/option><option value=\"230\">Tuvalu<\/option><option value=\"231\">Uganda<\/option><option value=\"232\">Ucrania<\/option><option value=\"233\">Emiratos \u00c1rabes Unidos<\/option><option value=\"234\">Estados Unidos<\/option><option value=\"235\">Islas Ultramarinas Menores de los Estados Unidos<\/option><option value=\"236\">Uruguay<\/option><option value=\"237\">Uzbekist\u00e1n<\/option><option value=\"238\">Vanuatu<\/option><option value=\"239\">Venezuela<\/option><option value=\"240\">Vietnam<\/option><option value=\"241\">Islas V\u00edrgenes Brit\u00e1nicas<\/option><option value=\"242\">Islas V\u00edrgenes de los Estados Unidos<\/option><option value=\"243\">Wallis y Futuna<\/option><option value=\"244\">Sahara Occidental<\/option><option value=\"245\">Yemen<\/option><option value=\"246\">Zambia<\/option><option value=\"247\">Zimbabue<\/option><\/select>\n\t\t<\/div>\n\t\t<div class=\"campo_form\">\n    \t<label for=\"ciContattiPer\">Nos escribes para*<\/label>\n    \t<select name=\"ciContattiPer\" id=\"ciContattiPer\"><option value=\"1\">Comprar productos AFH<\/option><option value=\"2\">Comprar productos BtoB (bobinas jumbo)<\/option><option value=\"3\">Comprar productos de consumo<\/option><option value=\"4\">Proporcionar materias primas<\/option><option value=\"5\">Proporcionar otros materiales<\/option><option value=\"6\">Informaci\u00f3n consumidores<\/option><option value=\"7\">Log\u00edstica<\/option><option value=\"8\">Departamento de Marketing AFH<\/option><option value=\"9\">Departamento de Marketing de consumo<\/option><option value=\"10\">Departamento de Relaciones P\u00fablicas<\/option><option value=\"11\">Otros<\/option><\/select>\n\t\t<\/div>\n\t\t<div class=\"campo_form\">\t\n    \t<label for=\"nome\">Nombre*<\/label>\n        <input type=\"text\" name=\"nome\" id=\"nome\" required>\n\t\t<\/div>\n        <div class=\"campo_form\">\n    \t<label for=\"cognome\">Apellido\/s*<\/label>\n        <input type=\"text\" name=\"cognome\" id=\"cognome\" required>\n\t\t<\/div>\n\t\t<div class=\"campo_form\">\n    \t<label for=\"email\">Correo electr\u00f3nico*<\/label>\n        <input type=\"email\" name=\"email\" id=\"email\" required>\n        <\/div>\n\t\t<div class=\"campo_form\">\n    \t<label for=\"azienda\">Empresa<\/label>\n        <input type=\"text\" name=\"azienda\" id=\"azienda\">\n        <\/div>\n\t\t<div class=\"campo_form\">\n    \t<label for=\"qualifica\">Categor\u00eda<\/label>\n        <input type=\"text\" name=\"qualifica\" id=\"qualifica\">\n        <\/div>\n\t\t<div class=\"campo_form\">\n    \t<label for=\"indirizzo\">Direcci\u00f3n<\/label>\n        <input type=\"text\" name=\"indirizzo\" id=\"indirizzo\">\n        <\/div>\n\t\t<div class=\"campo_form campo_wide\">\n    \t<label for=\"messaggio\">Mensaje*<\/label>\n\t\t<div class=\"campo_form_input\">\t\n        <textarea name=\"messaggio\" id=\"messaggio\" required><\/textarea>\n\t\t<\/div>\n\t\t<\/div><a class=\"d-block\" href=\"https:\/\/www.lucartgroup.com\/wp-content\/themes\/RED_template\/assets\/pdf\/es\/INFORMATIVA%20UTENTE%20FORM%20CONTATTACI%20SITO%20WEB%20Rev03_10.2024.pdf\" target=\"_blank\">cont\u00e1ctenos para informaci\u00f3n<\/a><br><label class=\"label-checkbox\" for=\"terminiAccettazione\"><input type=\"checkbox\" name=\"terminiAccettazione\" id=\"terminiAccettazione\" value=\"1\" required><span class=\"checkmark\"><\/span><span class=\"label-dec\">Confirmo que he le\u00eddo y comprendido la informaci\u00f3n sobre el tratamiento de datos personales y consiento el tratamiento de los datos que me conciernen para los fines indicados<\/span><\/label><br><br>\n\t\t<input type=\"hidden\" name=\"recaptcha_response\" id=\"recaptchaResponse\">\n\t\t<input type=\"submit\" value=\"Enviar\">\n    <\/form><br>\n<br>Este sitio web est\u00e1 protegido por el sistema antispam Google reCAPTCHA\n<a href=\"https:\/\/policies.google.com\/privacy\">Pol\u00edtica de privacidad<\/a> y<a href=\"https:\/\/policies.google.com\/terms\">Condiciones del servicio<\/a>.<\/div><\/ul><\/div><\/div>\n\t\n\t\t<div class=\"banner_contatti\" style=\"background-image:url()\">\n\t\t\t<div class=\"banner_contatti_cont\">\n\t\t\t\t<div class=\"banner_contatti_titolo\"><\/div>\n\t\t\t\t<div class=\"banner_contatti_testo\"><\/div>\n\t\t\t\t<a href=\"\" class=\"banner_contatti_link\"><\/a>\n\t\t\t<\/div>\n\t\t<\/div>\n\t<\/div>[\/vc_column_text][\/vc_column][\/vc_row]<\/p>\n<\/div>","protected":false},"excerpt":{"rendered":"<p>[vc_row full_width=&#8221;stretch_row_content_no_spaces&#8221;][vc_column][vc_column_text el_class=&#8221;intro_page&#8221;] Contacto [\/vc_column_text][vc_column_text][\/vc_column_text][vc_column_text][\/vc_column_text][\/vc_column][\/vc_row]<\/p>\n","protected":false},"author":2,"featured_media":7087,"parent":0,"menu_order":0,"comment_status":"closed","ping_status":"closed","template":"page-templates\/contatti.php","meta":{"_acf_changed":false,"footnotes":""},"class_list":["post-7086","page","type-page","status-publish","has-post-thumbnail","hentry"],"acf":[],"_links":{"self":[{"href":"https:\/\/www.lucartgroup.com\/es\/wp-json\/wp\/v2\/pages\/7086","targetHints":{"allow":["GET"]}}],"collection":[{"href":"https:\/\/www.lucartgroup.com\/es\/wp-json\/wp\/v2\/pages"}],"about":[{"href":"https:\/\/www.lucartgroup.com\/es\/wp-json\/wp\/v2\/types\/page"}],"author":[{"embeddable":true,"href":"https:\/\/www.lucartgroup.com\/es\/wp-json\/wp\/v2\/users\/2"}],"replies":[{"embeddable":true,"href":"https:\/\/www.lucartgroup.com\/es\/wp-json\/wp\/v2\/comments?post=7086"}],"version-history":[{"count":4,"href":"https:\/\/www.lucartgroup.com\/es\/wp-json\/wp\/v2\/pages\/7086\/revisions"}],"predecessor-version":[{"id":25428,"href":"https:\/\/www.lucartgroup.com\/es\/wp-json\/wp\/v2\/pages\/7086\/revisions\/25428"}],"wp:featuredmedia":[{"embeddable":true,"href":"https:\/\/www.lucartgroup.com\/es\/wp-json\/wp\/v2\/media\/7087"}],"wp:attachment":[{"href":"https:\/\/www.lucartgroup.com\/es\/wp-json\/wp\/v2\/media?parent=7086"}],"curies":[{"name":"wp","href":"https:\/\/api.w.org\/{rel}","templated":true}]}}