{"id":7076,"date":"2018-10-22T16:09:37","date_gmt":"2018-10-22T14:09:37","guid":{"rendered":"https:\/\/www.lucartgroup.com\/sostenibilita\/progetti\/"},"modified":"2020-07-22T16:38:27","modified_gmt":"2020-07-22T14:38:27","slug":"proyectos","status":"publish","type":"page","link":"https:\/\/www.lucartgroup.com\/es\/la-sostenibilidad\/proyectos\/","title":{"rendered":"Proyectos"},"content":{"rendered":"<div class=\"wpb-content-wrapper\"><p>[vc_row full_width=&#8221;stretch_row&#8221; css=&#8221;.vc_custom_1579689316968{background-image: url(https:\/\/www.lucartgroup.com\/wp-content\/uploads\/2020\/01\/progetti.jpg?id=3642) !important;background-position: center !important;background-repeat: no-repeat !important;background-size: cover !important;}&#8221; el_class=&#8221;progetti_top_box&#8221;][vc_column][vc_column_text el_class=&#8221;progetti-header&#8221;]<\/p>\n<h1 style=\"text-align: center;\">Nuestro compromiso para un futuro sostenible.<\/h1>\n<p style=\"text-align: center;\">Descubre los proyectos e iniciativas en los que hemos participado.<\/p>\n<p>[\/vc_column_text][\/vc_column][\/vc_row][vc_row css=&#8221;.vc_custom_1540286528884{background-position: center !important;background-repeat: no-repeat !important;background-size: cover !important;}&#8221;][vc_column][vc_column_text]<div class='progetti_contenitore clearfix'>\n\t\t\t\t<div class='listing-progetti clearfix'>\n\t\t\t\t\t<a class='progetto-img' href='https:\/\/www.lucartgroup.com\/es\/cpt_progetto\/paper-packaging\/'><img src='https:\/\/www.lucartgroup.com\/wp-content\/uploads\/2020\/03\/PaperPackaging_800x800.jpg'><\/a>\n\t\t\t\t\t\t\n\t\t\t\t\t<div class='singolo-progetto-content'>\n\t\t\t\t\t\t<div class='singolo_progetto_titolo'><a href='https:\/\/www.lucartgroup.com\/es\/cpt_progetto\/paper-packaging\/'><h2>Paper Packaging<\/h2><\/a><\/div>\n\t\t\t\t\t\t<div class='singolo_progetto_sottotitolo'><\/div>\n\t\t\t\t\t\t<div class='singolo_progetto_testo'>Nuestro compromiso siempre ha sido lograr una econom\u00eda de residuo cero, por este motivo hemos invertido en un importante proyecto de investigaci\u00f3n y desarrollo para reducir el pl\u00e1stico en el embalaje de nuestros productos de papel tis\u00fa.<\/div>\n\t\t\t\t\t\t<a href='https:\/\/www.lucartgroup.com\/es\/cpt_progetto\/paper-packaging\/' class='box_home_contatti_button' tabindex='0'>Leer m\u00e1s<\/a>\n\t\t\t\t\t<\/div>\n\t\t\t\t<\/div>\n\t\t\n\t\t\t\t<div class='listing-progetti clearfix'>\n\t\t\t\t\t<a class='progetto-img' href='https:\/\/www.lucartgroup.com\/es\/cpt_progetto\/progetto-natural-linnovazione-circolare-che-crea-valore\/'><img src='https:\/\/www.lucartgroup.com\/wp-content\/uploads\/2020\/03\/800x800-progetto-Natural.jpg'><\/a>\n\t\t\t\t\t\t\n\t\t\t\t\t<div class='singolo-progetto-content'>\n\t\t\t\t\t\t<div class='singolo_progetto_titolo'><a href='https:\/\/www.lucartgroup.com\/es\/cpt_progetto\/progetto-natural-linnovazione-circolare-che-crea-valore\/'><h2>Proyecto Natural: la innovaci\u00f3n circular que aporta valor.<\/h2><\/a><\/div>\n\t\t\t\t\t\t<div class='singolo_progetto_sottotitolo'><\/div>\n\t\t\t\t\t\t<div class='singolo_progetto_testo'>En 2010 lanzamos el proyecto Natural, en colaboraci\u00f3n con Tetra Pak\u00ae, un proyecto de econom\u00eda circular, vanguardista y pluripremiado, que representa la evoluci\u00f3n del papel a partir del reciclaje de envases de cart\u00f3n para bebidas tipo Tetra Pak\u00ae.<\/div>\n\t\t\t\t\t\t<a href='https:\/\/www.lucartgroup.com\/es\/cpt_progetto\/progetto-natural-linnovazione-circolare-che-crea-valore\/' class='box_home_contatti_button' tabindex='0'>Leer m\u00e1s<\/a>\n\t\t\t\t\t<\/div>\n\t\t\t\t<\/div>\n\t\t<\/div><div class='side_contenitore_progetti'>\n\t\t\t\t\t<div class='cont_categorie'>\n\t\t\t\t\t\t<div class='cont_categorie_title'>Categor\u00edas<\/div><a href='https:\/\/www.lucartgroup.com\/es\/la-sostenibilidad\/proyectos\/?tx=' class='singola_categoria'><\/a><a href='https:\/\/www.lucartgroup.com\/es\/la-sostenibilidad\/proyectos\/?tx=183' class='singola_categoria'>Sustentabilidad<\/a>\t<\/div>\n\t\t\t\t\t<div class='cont_date'>\n\t\t\t\t\t\t<div class='cont_categorie_title'>Archivos<\/div><div class='anno_archivio chiuso'><div class='singolo_anno'>2020<\/div><a href='https:\/\/www.lucartgroup.com\/es\/la-sostenibilidad\/proyectos\/?yy=2020&mm=3' class='singolo_mese'>marzo<\/a><\/div><\/div><\/div><\/div>[\/vc_column_text][\/vc_column][\/vc_row]<\/p>\n<\/div>","protected":false},"excerpt":{"rendered":"<p>[vc_row full_width=&#8221;stretch_row&#8221; css=&#8221;.vc_custom_1579689316968{background-image: url(https:\/\/www.lucartgroup.com\/wp-content\/uploads\/2020\/01\/progetti.jpg?id=3642) !important;background-position: center !important;background-repeat: no-repeat !important;background-size: cover !important;}&#8221; el_class=&#8221;progetti_top_box&#8221;][vc_column][vc_column_text el_class=&#8221;progetti-header&#8221;] Nuestro compromiso para un futuro sostenible. Descubre los proyectos e iniciativas en los que hemos participado. [\/vc_column_text][\/vc_column][\/vc_row][vc_row [&hellip;]<\/p>\n","protected":false},"author":2,"featured_media":7077,"parent":7056,"menu_order":0,"comment_status":"closed","ping_status":"closed","template":"page-templates\/progetti.php","meta":{"_acf_changed":false,"footnotes":""},"class_list":["post-7076","page","type-page","status-publish","has-post-thumbnail","hentry"],"acf":[],"_links":{"self":[{"href":"https:\/\/www.lucartgroup.com\/es\/wp-json\/wp\/v2\/pages\/7076","targetHints":{"allow":["GET"]}}],"collection":[{"href":"https:\/\/www.lucartgroup.com\/es\/wp-json\/wp\/v2\/pages"}],"about":[{"href":"https:\/\/www.lucartgroup.com\/es\/wp-json\/wp\/v2\/types\/page"}],"author":[{"embeddable":true,"href":"https:\/\/www.lucartgroup.com\/es\/wp-json\/wp\/v2\/users\/2"}],"replies":[{"embeddable":true,"href":"https:\/\/www.lucartgroup.com\/es\/wp-json\/wp\/v2\/comments?post=7076"}],"version-history":[{"count":2,"href":"https:\/\/www.lucartgroup.com\/es\/wp-json\/wp\/v2\/pages\/7076\/revisions"}],"predecessor-version":[{"id":11660,"href":"https:\/\/www.lucartgroup.com\/es\/wp-json\/wp\/v2\/pages\/7076\/revisions\/11660"}],"up":[{"embeddable":true,"href":"https:\/\/www.lucartgroup.com\/es\/wp-json\/wp\/v2\/pages\/7056"}],"wp:featuredmedia":[{"embeddable":true,"href":"https:\/\/www.lucartgroup.com\/es\/wp-json\/wp\/v2\/media\/7077"}],"wp:attachment":[{"href":"https:\/\/www.lucartgroup.com\/es\/wp-json\/wp\/v2\/media?parent=7076"}],"curies":[{"name":"wp","href":"https:\/\/api.w.org\/{rel}","templated":true}]}}