{"id":7067,"date":"2019-01-23T16:46:10","date_gmt":"2019-01-23T15:46:10","guid":{"rendered":"https:\/\/www.lucartgroup.com\/sostenibilita\/partnership-per-lo-sviluppo-sostenibile\/"},"modified":"2021-11-23T18:39:15","modified_gmt":"2021-11-23T17:39:15","slug":"colaboraciones-para-un-desarrollo-sostenible","status":"publish","type":"page","link":"https:\/\/www.lucartgroup.com\/es\/la-sostenibilidad\/colaboraciones-para-un-desarrollo-sostenible\/","title":{"rendered":"Colaboraciones para un desarrollo sostenible"},"content":{"rendered":"<div class=\"wpb-content-wrapper\"><p>[vc_row full_width=&#8221;stretch_row&#8221; css=&#8221;.vc_custom_1589276589723{background-image: url(https:\/\/www.lucartgroup.com\/wp-content\/uploads\/2020\/01\/PartershipSostenibili.jpg?id=3896) !important;background-position: center !important;background-repeat: no-repeat !important;background-size: cover !important;}&#8221; el_class=&#8221;sostenibilita_top_box show-sub&#8221;][vc_column][vc_column_text]<\/p>\n<h1 style=\"text-align: center;\">Colaboraciones para un desarrollo sostenible<\/h1>\n<p style=\"text-align: center;\">Fomentamos las colaboraciones y las relaciones de car\u00e1cter asociativo con organizaciones lucrativas y sin \u00e1nimo de lucro con las que compartimos valores e intereses comunes.<\/p>\n<p>[\/vc_column_text][\/vc_column][\/vc_row][vc_row el_class=&#8221;sostenibilita_dati&#8221;][vc_column][vc_empty_space height=&#8221;50px&#8221;][vc_column_text el_class=&#8221;partnership-list&#8221;]<div class='cont_blocchi_dati slick-carousel__container'><div class='blocco_dati sdg-box'><div class='singolo_dato clearfix float-sdg0'>\n\t        \t\t\t\t<div class='img_dato'><img src='https:\/\/www.lucartgroup.com\/wp-content\/uploads\/2020\/11\/Endorser-Logo_solid_blue_RGB.jpg' class='listing-img-general listing-img'><\/div>\n\t        \t\t\t\t<div class='testi_dato'><div class='descrizione'>La Fundaci\u00f3n se crea con el objetivo de contribuir al desarrollo en Italia del Pacto Mundial de las Naciones Unidas, una iniciativa para la promoci\u00f3n de la responsabilidad social corporativa. <\/div>\n\t        \t\t\t\t<\/div>\n\t        \t\t\t<\/div>\n\t        \t\t<\/div><div class='blocco_dati sdg-box'><div class='singolo_dato clearfix float-sdg1'>\n\t        \t\t\t\t<div class='img_dato'><img src='https:\/\/www.lucartgroup.com\/wp-content\/uploads\/2019\/07\/partner_strategico_unisg-1.jpg' class='listing-img-general listing-img1'><\/div>\n\t        \t\t\t\t<div class='testi_dato'><div class='descrizione'>Universidad para formar al gastr\u00f3nomo, una figura profesional capaz de dirigir la producci\u00f3n, la distribuci\u00f3n y el consumo de alimentos hacia opciones sostenibles.<\/div>\n\t        \t\t\t\t<\/div>\n\t        \t\t\t<\/div>\n\t        \t\t<\/div><div class='blocco_dati sdg-box'><div class='singolo_dato clearfix float-sdg0'>\n\t        \t\t\t\t<div class='img_dato'><img src='https:\/\/www.lucartgroup.com\/wp-content\/uploads\/2020\/01\/scuola-superiore-santanna.jpg' class='listing-img-general listing-img2'><\/div>\n\t        \t\t\t\t<div class='testi_dato'><div class='descrizione'>Centro universitario p\u00fablico con estatus especial que forma en el campo de las ciencias aplicadas.<\/div>\n\t        \t\t\t\t<\/div>\n\t        \t\t\t<\/div>\n\t        \t\t<\/div><div class='blocco_dati sdg-box'><div class='singolo_dato clearfix float-sdg1'>\n\t        \t\t\t\t<div class='img_dato'><img src='https:\/\/www.lucartgroup.com\/wp-content\/uploads\/2020\/01\/universit\u00e0-di-pisa.jpg' class='listing-img-general listing-img3'><\/div>\n\t        \t\t\t\t<div class='testi_dato'><div class='descrizione'>Centro universitario fundado en 1343 en Pisa que cuenta con 20 departamentos.<\/div>\n\t        \t\t\t\t<\/div>\n\t        \t\t\t<\/div>\n\t        \t\t<\/div><div class='blocco_dati sdg-box'><div class='singolo_dato clearfix float-sdg0'>\n\t        \t\t\t\t<div class='img_dato'><img src='https:\/\/www.lucartgroup.com\/wp-content\/uploads\/2021\/03\/ITS-prime-sistema-meccanica.png' class='listing-img-general listing-img4'><\/div>\n\t        \t\t\t\t<div class='testi_dato'><div class='descrizione'>Fundaci\u00f3n que realiza cursos de posgrado de dos a\u00f1os para la formaci\u00f3n de t\u00e9cnicos especializados. <\/div>\n\t        \t\t\t\t<\/div>\n\t        \t\t\t<\/div>\n\t        \t\t<\/div><div class='blocco_dati sdg-box'><div class='singolo_dato clearfix float-sdg1'>\n\t        \t\t\t\t<div class='img_dato'><img src='https:\/\/www.lucartgroup.com\/wp-content\/uploads\/2021\/03\/bollino_ICESP_fondo_Bianco-02_0.png' class='listing-img-general listing-img5'><\/div>\n\t        \t\t\t\t<div class='testi_dato'><div class='descrizione'>Plataforma italiana de partes interesadas para la econom\u00eda circular. <\/div>\n\t        \t\t\t\t<\/div>\n\t        \t\t\t<\/div>\n\t        \t\t<\/div><div class='blocco_dati sdg-box'><div class='singolo_dato clearfix float-sdg0'>\n\t        \t\t\t\t<div class='img_dato'><img src='https:\/\/www.lucartgroup.com\/wp-content\/uploads\/2019\/07\/SLOW-FOOD-1.jpg' class='listing-img-general listing-img6'><\/div>\n\t        \t\t\t\t<div class='testi_dato'><div class='descrizione'>Asociaci\u00f3n internacional sin \u00e1nimo de lucro comprometida a restaurar el valor de la alimentaci\u00f3n teniendo en cuenta los productores y el medio ambiente.<\/div>\n\t        \t\t\t\t<\/div>\n\t        \t\t\t<\/div>\n\t        \t\t<\/div><div class='blocco_dati sdg-box'><div class='singolo_dato clearfix float-sdg1'>\n\t        \t\t\t\t<div class='img_dato'><img src='https:\/\/www.lucartgroup.com\/wp-content\/uploads\/2019\/07\/FEE-ECO-SCHOOL-1.jpg' class='listing-img-general listing-img7'><\/div>\n\t        \t\t\t\t<div class='testi_dato'><div class='descrizione'>Programa internacional de certificaci\u00f3n para escuelas que deseen promover la sostenibilidad a trav\u00e9s de la educaci\u00f3n medioambiental.<\/div>\n\t        \t\t\t\t<\/div>\n\t        \t\t\t<\/div>\n\t        \t\t<\/div><div class='blocco_dati sdg-box'><div class='singolo_dato clearfix float-sdg0'>\n\t        \t\t\t\t<div class='img_dato'><img src='https:\/\/www.lucartgroup.com\/wp-content\/uploads\/2019\/07\/CONFINDUSTRIA-1.jpg' class='listing-img-general listing-img8'><\/div>\n\t        \t\t\t\t<div class='testi_dato'><div class='descrizione'>La principal asociaci\u00f3n que representa a empresas manufactureras y de servicios en Italia.<\/div>\n\t        \t\t\t\t<\/div>\n\t        \t\t\t<\/div>\n\t        \t\t<\/div><div class='blocco_dati sdg-box'><div class='singolo_dato clearfix float-sdg1'>\n\t        \t\t\t\t<div class='img_dato'><img src='https:\/\/www.lucartgroup.com\/wp-content\/uploads\/2019\/07\/ASSOCARTA-2.jpg' class='listing-img-general listing-img9'><\/div>\n\t        \t\t\t\t<div class='testi_dato'><div class='descrizione'>Asociaci\u00f3n empresarial que protege y representa a las empresas productoras de papel, cart\u00f3n y pulpa de papel en Italia.<\/div>\n\t        \t\t\t\t<\/div>\n\t        \t\t\t<\/div>\n\t        \t\t<\/div><div class='blocco_dati sdg-box'><div class='singolo_dato clearfix float-sdg0'>\n\t        \t\t\t\t<div class='img_dato'><img src='https:\/\/www.lucartgroup.com\/wp-content\/uploads\/2019\/07\/COMIECO-1280-1.jpg' class='listing-img-general listing-img10'><\/div>\n\t        \t\t\t\t<div class='testi_dato'><div class='descrizione'>Consorcio nacional cuyo prop\u00f3sito es la recuperaci\u00f3n y el reciclaje de envases a base de celulosa.<\/div>\n\t        \t\t\t\t<\/div>\n\t        \t\t\t<\/div>\n\t        \t\t<\/div><div class='blocco_dati sdg-box'><div class='singolo_dato clearfix float-sdg1'>\n\t        \t\t\t\t<div class='img_dato'><img src='https:\/\/www.lucartgroup.com\/wp-content\/uploads\/2019\/07\/European-Tissue-Symposium-1.jpg' class='listing-img-general listing-img11'><\/div>\n\t        \t\t\t\t<div class='testi_dato'><div class='descrizione'>La asociaci\u00f3n comercial independiente (sin \u00e1nimo de lucro) que defiende los intereses del sector de productos de papel tis\u00fa m\u00e1s grande de Europa. <\/div>\n\t        \t\t\t\t<\/div>\n\t        \t\t\t<\/div>\n\t        \t\t<\/div><div class='blocco_dati sdg-box'><div class='singolo_dato clearfix float-sdg0'>\n\t        \t\t\t\t<div class='img_dato'><img src='https:\/\/www.lucartgroup.com\/wp-content\/uploads\/2019\/07\/LOGO-AFIDAMP_blu1349.jpg' class='listing-img-general listing-img12'><\/div>\n\t        \t\t\t\t<div class='testi_dato'><div class='descrizione'>Asociaci\u00f3n que representa a los fabricantes italianos de m\u00e1quinas, productos y herramientas para la limpieza profesional y la higiene de los espacios cerrados.<\/div>\n\t        \t\t\t\t<\/div>\n\t        \t\t\t<\/div>\n\t        \t\t<\/div><div class='blocco_dati sdg-box'><div class='singolo_dato clearfix float-sdg1'>\n\t        \t\t\t\t<div class='img_dato'><img src='https:\/\/www.lucartgroup.com\/wp-content\/uploads\/2019\/07\/GREEN-ECONOMY-NETWORK-2.jpg' class='listing-img-general listing-img13'><\/div>\n\t        \t\t\t\t<div class='testi_dato'><div class='descrizione'>Red creada para estimular y dar visibilidad a las empresas que ofrecen productos, tecnolog\u00edas y servicios para la sostenibilidad medioambiental y energ\u00e9tica.<\/div>\n\t        \t\t\t\t<\/div>\n\t        \t\t\t<\/div>\n\t        \t\t<\/div><div class='blocco_dati sdg-box'><div class='singolo_dato clearfix float-sdg0'>\n\t        \t\t\t\t<div class='img_dato'><img src='https:\/\/www.lucartgroup.com\/wp-content\/uploads\/2019\/07\/EDANA-21-1.jpg' class='listing-img-general listing-img14'><\/div>\n\t        \t\t\t\t<div class='testi_dato'><div class='descrizione'>Asociaci\u00f3n internacional que representa a las industrias del sector de los no tejidos.<\/div>\n\t        \t\t\t\t<\/div>\n\t        \t\t\t<\/div>\n\t        \t\t<\/div><div class='blocco_dati sdg-box'><div class='singolo_dato clearfix float-sdg1'>\n\t        \t\t\t\t<div class='img_dato'><img src='https:\/\/www.lucartgroup.com\/wp-content\/uploads\/2019\/07\/COPACEL-2.jpg' class='listing-img-general listing-img15'><\/div>\n\t        \t\t\t\t<div class='testi_dato'><div class='descrizione'>Asociaci\u00f3n francesa que representa a las industria papelera.<\/div>\n\t        \t\t\t\t<\/div>\n\t        \t\t\t<\/div>\n\t        \t\t<\/div><div class='blocco_dati sdg-box'><div class='singolo_dato clearfix float-sdg0'>\n\t        \t\t\t\t<div class='img_dato'><img src='https:\/\/www.lucartgroup.com\/wp-content\/uploads\/2019\/07\/PAPEST-COLORI-1.jpg' class='listing-img-general listing-img16'><\/div>\n\t        \t\t\t\t<div class='testi_dato'><div class='descrizione'>Asociaci\u00f3n de la industria papelera del Este de Francia.<\/div>\n\t        \t\t\t\t<\/div>\n\t        \t\t\t<\/div>\n\t        \t\t<\/div><div class='blocco_dati sdg-box'><div class='singolo_dato clearfix float-sdg1'>\n\t        \t\t\t\t<div class='img_dato'><img src='https:\/\/www.lucartgroup.com\/wp-content\/uploads\/2019\/07\/REVIPAC-1.jpg' class='listing-img-general listing-img17'><\/div>\n\t        \t\t\t\t<div class='testi_dato'><div class='descrizione'>Organismo franc\u00e9s para la recogida y el reciclaje de envases de papel y cart\u00f3n.<\/div>\n\t        \t\t\t\t<\/div>\n\t        \t\t\t<\/div>\n\t        \t\t<\/div><div class='blocco_dati sdg-box'><div class='singolo_dato clearfix float-sdg0'>\n\t        \t\t\t\t<div class='img_dato'><img src='https:\/\/www.lucartgroup.com\/wp-content\/uploads\/2019\/07\/REVIGRAPH-1.jpg' class='listing-img-general listing-img18'><\/div>\n\t        \t\t\t\t<div class='testi_dato'><div class='descrizione'>Organismo franc\u00e9s del proceso de recuperaci\u00f3n de papeles gr\u00e1ficos.<\/div>\n\t        \t\t\t\t<\/div>\n\t        \t\t\t<\/div>\n\t        \t\t<\/div><div class='blocco_dati sdg-box'><div class='singolo_dato clearfix float-sdg1'>\n\t        \t\t\t\t<div class='img_dato'><img src='https:\/\/www.lucartgroup.com\/wp-content\/uploads\/2019\/07\/group-hygiene.jpg' class='listing-img-general listing-img19'><\/div>\n\t        \t\t\t\t<div class='testi_dato'><div class='descrizione'>Asociaci\u00f3n francesa de fabricantes de productos de higiene, salud y limpieza.<\/div>\n\t        \t\t\t\t<\/div>\n\t        \t\t\t<\/div>\n\t        \t\t<\/div><div class='blocco_dati sdg-box'><div class='singolo_dato clearfix float-sdg0'>\n\t        \t\t\t\t<div class='img_dato'><img src='https:\/\/www.lucartgroup.com\/wp-content\/uploads\/2019\/07\/ASPAPEL-1.jpg' class='listing-img-general listing-img20'><\/div>\n\t        \t\t\t\t<div class='testi_dato'><div class='descrizione'>Asociaci\u00f3n espa\u00f1ola de fabricantes de pasta de celulosa y papel.<\/div>\n\t        \t\t\t\t<\/div>\n\t        \t\t\t<\/div>\n\t        \t\t<\/div><div class='blocco_dati sdg-box'><div class='singolo_dato clearfix float-sdg1'>\n\t        \t\t\t\t<div class='img_dato'><img src='https:\/\/www.lucartgroup.com\/wp-content\/uploads\/2021\/03\/cluster-del-papel_logo_52.png' class='listing-img-general listing-img21'><\/div>\n\t        \t\t\t\t<div class='testi_dato'><div class='descrizione'>Asociaci\u00f3n espa\u00f1ola de fabricantes de papel y empresas auxiliares. <\/div>\n\t        \t\t\t\t<\/div>\n\t        \t\t\t<\/div>\n\t        \t\t<\/div><div class='blocco_dati sdg-box'><div class='singolo_dato clearfix float-sdg0'>\n\t        \t\t\t\t<div class='img_dato'><img src='https:\/\/www.lucartgroup.com\/wp-content\/uploads\/2019\/07\/PROETICA-3.jpg' class='listing-img-general listing-img22'><\/div>\n\t        \t\t\t\t<div class='testi_dato'><div class='descrizione'>Asociaci\u00f3n sin \u00e1nimo de lucro que promueve iniciativas para la difusi\u00f3n de la Responsabilidad social corporativa.<\/div>\n\t        \t\t\t\t<\/div>\n\t        \t\t\t<\/div>\n\t        \t\t<\/div><div class='blocco_dati sdg-box'><div class='singolo_dato clearfix float-sdg1'>\n\t        \t\t\t\t<div class='img_dato'><img src='https:\/\/www.lucartgroup.com\/wp-content\/uploads\/2019\/07\/MAKE-A-WISH-1.jpg' class='listing-img-general listing-img23'><\/div>\n\t        \t\t\t\t<div class='testi_dato'><div class='descrizione'>Fundaci\u00f3n que ayuda a cumplir los deseos de ni\u00f1os con edades comprendidas entre 3 y 7 a\u00f1os afectados de enfermedades graves.<\/div>\n\t        \t\t\t\t<\/div>\n\t        \t\t\t<\/div>\n\t        \t\t<\/div><div class='blocco_dati sdg-box'><div class='singolo_dato clearfix float-sdg0'>\n\t        \t\t\t\t<div class='img_dato'><img src='https:\/\/www.lucartgroup.com\/wp-content\/uploads\/2021\/03\/Save_the_Children-logo-843B0C8DF7-seeklogo.com_.png' class='listing-img-general listing-img24'><\/div>\n\t        \t\t\t\t<div class='testi_dato'><div class='descrizione'>OSAL independiente que act\u00faa ante emergencias, brinda protecci\u00f3n contra el abuso y la explotaci\u00f3n, lucha contra la pobreza y promueve la seguridad alimentaria, fortaleciendo sistemas de protecci\u00f3n de los derechos y participaci\u00f3n de los menores. <\/div>\n\t        \t\t\t\t<\/div>\n\t        \t\t\t<\/div>\n\t        \t\t<\/div><div class='blocco_dati sdg-box'><div class='singolo_dato clearfix float-sdg1'>\n\t        \t\t\t\t<div class='img_dato'><img src='https:\/\/www.lucartgroup.com\/wp-content\/uploads\/2021\/03\/muse-logo.png' class='listing-img-general listing-img25'><\/div>\n\t        \t\t\t\t<div class='testi_dato'><div class='descrizione'>Asociaci\u00f3n que se ocupa de la protecci\u00f3n y divulgaci\u00f3n del patrimonio de los Museos C\u00edvicos Florentinos y, en general, de la ciudad de Florencia. <\/div>\n\t        \t\t\t\t<\/div>\n\t        \t\t\t<\/div>\n\t        \t\t<\/div><div class='blocco_dati sdg-box'><div class='singolo_dato clearfix float-sdg0'>\n\t        \t\t\t\t<div class='img_dato'><img src='https:\/\/www.lucartgroup.com\/wp-content\/uploads\/2021\/03\/Fond.Meyer-New-LogoBIG.png' class='listing-img-general listing-img26'><\/div>\n\t        \t\t\t\t<div class='testi_dato'><div class='descrizione'>Fundaci\u00f3n que apoya las actividades de comunicaci\u00f3n, marketing y recaudaci\u00f3n de fondos para el hospital pedi\u00e1trico Meyer en Florencia. <\/div>\n\t        \t\t\t\t<\/div>\n\t        \t\t\t<\/div>\n\t        \t\t<\/div><div class='blocco_dati sdg-box'><div class='singolo_dato clearfix float-sdg1'>\n\t        \t\t\t\t<div class='img_dato'><img src='https:\/\/www.lucartgroup.com\/wp-content\/uploads\/2019\/07\/ISTITUTO-DI-CULTURA-ITALIANA-1.jpg' class='listing-img-general listing-img27'><\/div>\n\t        \t\t\t\t<div class='testi_dato'><div class='descrizione'>El instituto tiene como objetivo difundir la lengua y la cultura italianas a trav\u00e9s de la organizaci\u00f3n de actividades culturales.<\/div>\n\t        \t\t\t\t<\/div>\n\t        \t\t\t<\/div>\n\t        \t\t<\/div><div class='blocco_dati sdg-box'><div class='singolo_dato clearfix float-sdg0'>\n\t        \t\t\t\t<div class='img_dato'><img src='https:\/\/www.lucartgroup.com\/wp-content\/uploads\/2021\/03\/chsa-logo-high-res-223x300-1-e1619273093646.jpg' class='listing-img-general listing-img28'><\/div>\n\t        \t\t\t\t<div class='testi_dato'><div class='descrizione'>Asociaci\u00f3n que representa a los fabricantes y distribuidores de productos de limpieza e higiene industrial en Gran Breta\u00f1a. <\/div>\n\t        \t\t\t\t<\/div>\n\t        \t\t\t<\/div>\n\t        \t\t<\/div><\/div>[\/vc_column_text][\/vc_column][\/vc_row][vc_row full_width=&#8221;stretch_row&#8221; el_class=&#8221;box_ricerca_informazioni&#8221; css=&#8221;.vc_custom_1585903699634{background-image: url(https:\/\/www.lucartgroup.com\/wp-content\/uploads\/2019\/12\/van-tay-media-QklJV_Q0Pig-unsplash.jpg?id=3490) !important;background-position: center !important;background-repeat: no-repeat !important;background-size: cover !important;}&#8221;][vc_column][vc_column_text css=&#8221;.vc_custom_1549642756456{background-position: center !important;background-repeat: no-repeat !important;background-size: cover !important;}&#8221;]<\/p>\n<h4 style=\"text-align: left;\">\u00bfNecesitas informaci\u00f3n?<\/h4>\n<p style=\"text-align: left;\"><a href=\"#\">ponte en contacto con nosotros<\/a><\/p>\n<p>[\/vc_column_text][\/vc_column][\/vc_row]<\/p>\n<\/div>","protected":false},"excerpt":{"rendered":"<p>[vc_row full_width=&#8221;stretch_row&#8221; css=&#8221;.vc_custom_1589276589723{background-image: url(https:\/\/www.lucartgroup.com\/wp-content\/uploads\/2020\/01\/PartershipSostenibili.jpg?id=3896) !important;background-position: center !important;background-repeat: no-repeat !important;background-size: cover !important;}&#8221; el_class=&#8221;sostenibilita_top_box show-sub&#8221;][vc_column][vc_column_text] Colaboraciones para un desarrollo sostenible Fomentamos las colaboraciones y las relaciones de car\u00e1cter asociativo con organizaciones lucrativas [&hellip;]<\/p>\n","protected":false},"author":2,"featured_media":0,"parent":7056,"menu_order":0,"comment_status":"closed","ping_status":"closed","template":"page-templates\/pagina_partnership.php","meta":{"_acf_changed":false,"footnotes":""},"class_list":["post-7067","page","type-page","status-publish","hentry"],"acf":[],"_links":{"self":[{"href":"https:\/\/www.lucartgroup.com\/es\/wp-json\/wp\/v2\/pages\/7067","targetHints":{"allow":["GET"]}}],"collection":[{"href":"https:\/\/www.lucartgroup.com\/es\/wp-json\/wp\/v2\/pages"}],"about":[{"href":"https:\/\/www.lucartgroup.com\/es\/wp-json\/wp\/v2\/types\/page"}],"author":[{"embeddable":true,"href":"https:\/\/www.lucartgroup.com\/es\/wp-json\/wp\/v2\/users\/2"}],"replies":[{"embeddable":true,"href":"https:\/\/www.lucartgroup.com\/es\/wp-json\/wp\/v2\/comments?post=7067"}],"version-history":[{"count":4,"href":"https:\/\/www.lucartgroup.com\/es\/wp-json\/wp\/v2\/pages\/7067\/revisions"}],"predecessor-version":[{"id":17422,"href":"https:\/\/www.lucartgroup.com\/es\/wp-json\/wp\/v2\/pages\/7067\/revisions\/17422"}],"up":[{"embeddable":true,"href":"https:\/\/www.lucartgroup.com\/es\/wp-json\/wp\/v2\/pages\/7056"}],"wp:attachment":[{"href":"https:\/\/www.lucartgroup.com\/es\/wp-json\/wp\/v2\/media?parent=7067"}],"curies":[{"name":"wp","href":"https:\/\/api.w.org\/{rel}","templated":true}]}}