{"id":7052,"date":"2019-01-23T16:45:46","date_gmt":"2019-01-23T15:45:46","guid":{"rendered":"https:\/\/www.lucartgroup.com\/obiettivi-di-sviluppo-sostenibili\/"},"modified":"2020-08-03T16:16:15","modified_gmt":"2020-08-03T14:16:15","slug":"objetivos-de-desarrollo-sostenible","status":"publish","type":"page","link":"https:\/\/www.lucartgroup.com\/es\/la-sostenibilidad\/objetivos-de-desarrollo-sostenible\/","title":{"rendered":"Objetivos de desarrollo sostenible"},"content":{"rendered":"<div class=\"wpb-content-wrapper\"><p>[vc_row full_width=&#8221;stretch_row&#8221; css=&#8221;.vc_custom_1577973843763{background-image: url(https:\/\/www.lucartgroup.com\/wp-content\/uploads\/2020\/01\/ObiettiviSviluppo_kevin-b-leigh-nLPOF9Z2oqA-unsplash.jpg?id=3625) !important;background-position: center !important;background-repeat: no-repeat !important;background-size: cover !important;}&#8221; el_class=&#8221;sostenibilita_top_box&#8221;][vc_column][vc_column_text]<\/p>\n<h1 style=\"text-align: center;\">Objetivos de desarrollo sostenible<\/h1>\n<p style=\"text-align: center;\">El 25 de setiembre de 2015, la Asamblea General de las Naciones Unidas aprob\u00f3 la Agenda para el<br \/>\nDesarrollo sostenible, que incluye 17 Objetivos de desarrollo sostenible (ODS) v\u00e1lidos para el periodo<br \/>\n2016-2030. Los ODS son el camino m\u00e1s concreto para construir un mundo m\u00e1s<br \/>\ninclusivo, justo y respetuoso con el medio ambiente.<\/p>\n<p>[\/vc_column_text][\/vc_column][\/vc_row][vc_row el_class=&#8221;sostenibilita_dati logo-sdg&#8221;][vc_column][vc_empty_space height=&#8221;50px&#8221;][vc_single_image image=&#8221;7659&#8243; img_size=&#8221;full&#8221; alignment=&#8221;center&#8221;][\/vc_column][\/vc_row][vc_row el_class=&#8221;sostenibilita_dati&#8221;][vc_column][vc_column_text]<\/p>\n<p style=\"text-align: center;\">Nuestra estrategia est\u00e1 perfectamente integrada en el marco de acci\u00f3n descrito por los ODS.<br \/>\nDespu\u00e9s de una reflexi\u00f3n interna para identificar la contribuci\u00f3n de la Empresa para conseguir los 17<br \/>\nobjetivos, hemos elegido los siguientes objetivos prioritarios:<\/p>\n<p>[\/vc_column_text][vc_column_text]<div class='cont_blocchi_dati slick-carousel__container'><div class='blocco_dati sdg-box'><div class='singolo_dato clearfix float-sdg0'>\n\t        \t\t\t\t<div class='img_dato'><img src='https:\/\/www.lucartgroup.com\/wp-content\/uploads\/2020\/08\/S-WEB-Goal-03.png' class='listing-img-general listing-img'><\/div>\n\t        \t\t\t\t<div class='testi_dato'><div class='testo_piccolo test'><span class='testo_grosso'>3 <\/span> Salud y bienestar<\/div><div class='descrizione'>La salud y el bienestar de nuestros trabajadores, ciudadanos y clientes se tienen en la m\u00e1xima consideraci\u00f3n en las decisiones que tomamos todos los d\u00edas para ofrecer productos que sean seguros para las personas y el medio ambiente. Damos una gran importancia a la formaci\u00f3n del personal, la elecci\u00f3n de los equipos y sistemas, y la organizaci\u00f3n que constituye la base para garantizar la salud y la seguridad de los trabajadores.<\/div>\n\t        \t\t\t\t<\/div>\n\t        \t\t\t<\/div>\n\t        \t\t<\/div><div class='blocco_dati sdg-box'><div class='singolo_dato clearfix float-sdg1'>\n\t        \t\t\t\t<div class='img_dato'><img src='https:\/\/www.lucartgroup.com\/wp-content\/uploads\/2020\/08\/S-WEB-Goal-04.png' class='listing-img-general listing-img1'><\/div>\n\t        \t\t\t\t<div class='testi_dato'><div class='testo_piccolo test'><span class='testo_grosso'>4 <\/span> Educaci\u00f3n de calidad<\/div><div class='descrizione'>Invertimos en educaci\u00f3n de calidad, justa e inclusiva, para mejorar la vida de las personas. De hecho, estamos convencidos de que solo la colaboraci\u00f3n activa entre empresas y ciudadanos puede garantizar el desarrollo de una sociedad sostenible. Nuestros productos deben inspirar a los consumidores a llevar un estilo de vida consciente y sostenible. Apoyamos la comunidad universitaria y la investigaci\u00f3n cient\u00edfica a trav\u00e9s de colaboraciones con la Universidad de ciencias gastron\u00f3micas de Pollenzo, la Universidad de Pisa o la Escuela universitaria S. Anna de Pisa.<\/div>\n\t        \t\t\t\t<\/div>\n\t        \t\t\t<\/div>\n\t        \t\t<\/div><div class='blocco_dati sdg-box'><div class='singolo_dato clearfix float-sdg0'>\n\t        \t\t\t\t<div class='img_dato'><img src='https:\/\/www.lucartgroup.com\/wp-content\/uploads\/2020\/08\/S-WEB-Goal-06.png' class='listing-img-general listing-img2'><\/div>\n\t        \t\t\t\t<div class='testi_dato'><div class='testo_piccolo test'><span class='testo_grosso'>6 <\/span> Agua limpia y saneamiento<\/div><div class='descrizione'>El agua es un bien precioso con disponibilidad limitada. El proceso de fabricaci\u00f3n del papel requiere grandes cantidades de agua, por esta raz\u00f3n somos conscientes de que el uso de este recurso para fines industriales debe ser responsable y debe garantizar el menor consumo y la calidad y limpieza del agua al final del proceso de producci\u00f3n. Realizamos controles continuos de las aguas de proceso y residuales e invertimos en las mejores tecnolog\u00edas para reducir el consumo. <\/div>\n\t        \t\t\t\t<\/div>\n\t        \t\t\t<\/div>\n\t        \t\t<\/div><div class='blocco_dati sdg-box'><div class='singolo_dato clearfix float-sdg1'>\n\t        \t\t\t\t<div class='img_dato'><img src='https:\/\/www.lucartgroup.com\/wp-content\/uploads\/2020\/08\/S-WEB-Goal-07.png' class='listing-img-general listing-img3'><\/div>\n\t        \t\t\t\t<div class='testi_dato'><div class='testo_piccolo test'><span class='testo_grosso'>7 <\/span> Energ\u00eda asequible y no contaminante<\/div><div class='descrizione'>El consumo de energ\u00eda vinculado a la producci\u00f3n del papel es significativo, y es por eso que desde la d\u00e9cada de 1980 hemos decidido invertir en las tecnolog\u00edas m\u00e1s sofisticadas para generar electricidad, calor y vapor que se utilizar\u00e1n en el proceso de producci\u00f3n. La tecnolog\u00eda m\u00e1s adecuada para el sector, capaz de garantizar la m\u00e1s alta eficiencia, una producci\u00f3n constante y emisiones reducidas, es el uso de turbinas de gas metano en cogeneraci\u00f3n. Siempre que sea posible y energ\u00e9ticamente coherente con las necesidades energ\u00e9ticas de las plantas, tambi\u00e9n se utilizan sistemas fotovoltaicos.<\/div>\n\t        \t\t\t\t<\/div>\n\t        \t\t\t<\/div>\n\t        \t\t<\/div><div class='blocco_dati sdg-box'><div class='singolo_dato clearfix float-sdg0'>\n\t        \t\t\t\t<div class='img_dato'><img src='https:\/\/www.lucartgroup.com\/wp-content\/uploads\/2020\/08\/S-WEB-Goal-12.png' class='listing-img-general listing-img4'><\/div>\n\t        \t\t\t\t<div class='testi_dato'><div class='testo_piccolo test'><span class='testo_grosso'>12 <\/span> Producci\u00f3n y consumo responsables<\/div><div class='descrizione'>A trav\u00e9s de la investigaci\u00f3n y la innovaci\u00f3n continua de procesos, productos y modelos de negocio, siempre hemos querido anticipar los tiempos y proponer tecnolog\u00edas y papeles que puedan mejorar la vida de los trabajadores y los consumidores, protegiendo el medio ambiente. No es casualidad que fu\u00e9ramos la primera compa\u00f1\u00eda en Italia en lanzar una l\u00ednea de productos higi\u00e9nicos de papel reciclado con embalaje biodegradable en Mater-Bi. <\/div>\n\t        \t\t\t\t<\/div>\n\t        \t\t\t<\/div>\n\t        \t\t<\/div><div class='blocco_dati sdg-box'><div class='singolo_dato clearfix float-sdg1'>\n\t        \t\t\t\t<div class='img_dato'><img src='https:\/\/www.lucartgroup.com\/wp-content\/uploads\/2020\/08\/S-WEB-Goal-13.png' class='listing-img-general listing-img5'><\/div>\n\t        \t\t\t\t<div class='testi_dato'><div class='testo_piccolo test'><span class='testo_grosso'>13 <\/span> Acci\u00f3n por el clima<\/div><div class='descrizione'>El cambio clim\u00e1tico es probablemente la mayor amenaza a la que nos enfrentaremos actualmente. Tenemos planes para reducir nuestras emisiones de CO<sub>2<\/sub> por tonelada de papel producido. La elecci\u00f3n de priorizar la producci\u00f3n de papel reciclado tiene importantes beneficios medioambientales, ya que reduce las emisiones de CO<sub>2<\/sub> de un 16 % aproximadamente para el mismo papel producido.<\/div>\n\t        \t\t\t\t<\/div>\n\t        \t\t\t<\/div>\n\t        \t\t<\/div><div class='blocco_dati sdg-box'><div class='singolo_dato clearfix float-sdg0'>\n\t        \t\t\t\t<div class='img_dato'><img src='https:\/\/www.lucartgroup.com\/wp-content\/uploads\/2020\/08\/S-WEB-Goal-15.png' class='listing-img-general listing-img6'><\/div>\n\t        \t\t\t\t<div class='testi_dato'><div class='testo_piccolo test'><span class='testo_grosso'>15 <\/span> Vida de ecosistemas terrestres<\/div><div class='descrizione'>Tenemos que cuidar el ecosistema terrestre y proteger los recursos finitos que utilizamos. Por esta raz\u00f3n, evaluamos atentamente la sostenibilidad de las materias primas que utilizamos, ya sea celulosa o papel reciclado. Toda la celulosa que utilizamos proviene de bosques con una cadena de suministro certificada con sistemas de certificaci\u00f3n como FSC<sup>\u00ae<\/sup> y PEFC\u2122. El uso de papel reciclado para la producci\u00f3n de papel tis\u00fa disminuye el uso de celulosa extra\u00edda de la madera y contribuye a la protecci\u00f3n de la biodiversidad.<\/div>\n\t        \t\t\t\t<\/div>\n\t        \t\t\t<\/div>\n\t        \t\t<\/div><div class='blocco_dati sdg-box'><div class='singolo_dato clearfix float-sdg1'>\n\t        \t\t\t\t<div class='img_dato'><img src='https:\/\/www.lucartgroup.com\/wp-content\/uploads\/2020\/08\/S-WEB-Goal-17.png' class='listing-img-general listing-img7'><\/div>\n\t        \t\t\t\t<div class='testi_dato'><div class='testo_piccolo test'><span class='testo_grosso'>17 <\/span> Alianzas para lograr los objetivos <\/div><div class='descrizione'>Estamos firmemente comprometidos con la aplicaci\u00f3n de modelos de negocio circulares y, por eso, buscamos siempre las colaboraciones a largo plazo con entidades, empresas e instituciones que compartan nuestros mismos valores y objetivos. Como demuestra el Proyecto Natural, la econom\u00eda circular solo puede funcionar si hay un intercambio de proyectos y acciones coordinadas por parte de ciudadanos, instituciones y empresas.<\/div>\n\t        \t\t\t\t<\/div>\n\t        \t\t\t<\/div>\n\t        \t\t<\/div><\/div>[\/vc_column_text][\/vc_column][\/vc_row][vc_row full_width=&#8221;stretch_row&#8221; el_class=&#8221;box_ricerca_informazioni&#8221; css=&#8221;.vc_custom_1585903654397{background-image: url(https:\/\/www.lucartgroup.com\/wp-content\/uploads\/2019\/12\/van-tay-media-QklJV_Q0Pig-unsplash.jpg?id=3490) !important;background-position: center !important;background-repeat: no-repeat !important;background-size: cover !important;}&#8221;][vc_column][vc_column_text css=&#8221;.vc_custom_1582109969624{background-position: center !important;background-repeat: no-repeat !important;background-size: cover !important;}&#8221;]<\/p>\n<h4 style=\"text-align: left;\">\u00bfNecesitas informaci\u00f3n?<\/h4>\n<p style=\"text-align: left;\"><a href=\"https:\/\/www.lucartgroup.com\/en\/contacts\/\">ponte en contacto con nosotros<\/a><\/p>\n<p>[\/vc_column_text][\/vc_column][\/vc_row]<\/p>\n<\/div>","protected":false},"excerpt":{"rendered":"<p>[vc_row full_width=&#8221;stretch_row&#8221; css=&#8221;.vc_custom_1577973843763{background-image: url(https:\/\/www.lucartgroup.com\/wp-content\/uploads\/2020\/01\/ObiettiviSviluppo_kevin-b-leigh-nLPOF9Z2oqA-unsplash.jpg?id=3625) !important;background-position: center !important;background-repeat: no-repeat !important;background-size: cover !important;}&#8221; el_class=&#8221;sostenibilita_top_box&#8221;][vc_column][vc_column_text] Objetivos de desarrollo sostenible El 25 de setiembre de 2015, la Asamblea General de las Naciones Unidas aprob\u00f3 [&hellip;]<\/p>\n","protected":false},"author":2,"featured_media":0,"parent":7056,"menu_order":0,"comment_status":"closed","ping_status":"closed","template":"page-templates\/pagina_sdg.php","meta":{"_acf_changed":false,"footnotes":""},"class_list":["post-7052","page","type-page","status-publish","hentry"],"acf":[],"_links":{"self":[{"href":"https:\/\/www.lucartgroup.com\/es\/wp-json\/wp\/v2\/pages\/7052","targetHints":{"allow":["GET"]}}],"collection":[{"href":"https:\/\/www.lucartgroup.com\/es\/wp-json\/wp\/v2\/pages"}],"about":[{"href":"https:\/\/www.lucartgroup.com\/es\/wp-json\/wp\/v2\/types\/page"}],"author":[{"embeddable":true,"href":"https:\/\/www.lucartgroup.com\/es\/wp-json\/wp\/v2\/users\/2"}],"replies":[{"embeddable":true,"href":"https:\/\/www.lucartgroup.com\/es\/wp-json\/wp\/v2\/comments?post=7052"}],"version-history":[{"count":4,"href":"https:\/\/www.lucartgroup.com\/es\/wp-json\/wp\/v2\/pages\/7052\/revisions"}],"predecessor-version":[{"id":12558,"href":"https:\/\/www.lucartgroup.com\/es\/wp-json\/wp\/v2\/pages\/7052\/revisions\/12558"}],"up":[{"embeddable":true,"href":"https:\/\/www.lucartgroup.com\/es\/wp-json\/wp\/v2\/pages\/7056"}],"wp:attachment":[{"href":"https:\/\/www.lucartgroup.com\/es\/wp-json\/wp\/v2\/media?parent=7052"}],"curies":[{"name":"wp","href":"https:\/\/api.w.org\/{rel}","templated":true}]}}