{"id":7034,"date":"2019-01-23T16:46:02","date_gmt":"2019-01-23T15:46:02","guid":{"rendered":"https:\/\/www.lucartgroup.com\/codice-etico\/"},"modified":"2023-09-20T14:58:19","modified_gmt":"2023-09-20T12:58:19","slug":"codigo-etico","status":"publish","type":"page","link":"https:\/\/www.lucartgroup.com\/es\/la-sostenibilidad\/codigo-etico\/","title":{"rendered":"C\u00f3digo \u00e9tico"},"content":{"rendered":"<div class=\"wpb-content-wrapper\"><p>[vc_row full_width=&#8221;stretch_row&#8221; css=&#8221;.vc_custom_1589276576155{background-image: url(https:\/\/www.lucartgroup.com\/wp-content\/uploads\/2020\/01\/IlCodiceEtico-3.jpg?id=3686) !important;background-position: center !important;background-repeat: no-repeat !important;background-size: cover !important;}&#8221; el_class=&#8221;sostenibilita_top_box show-sub&#8221;][vc_column][vc_column_text]<\/p>\n<h1 style=\"text-align: center;\">C\u00f3digo \u00e9tico<\/h1>\n<p style=\"text-align: center;\">Nuestros valores fundacionales se convierten en reglas de conducta a trav\u00e9s de la implementaci\u00f3n y el cumplimiento del c\u00f3digo<br \/>\n\u00e9tico. Es una gu\u00eda de principios, normas y reglas para administradores, auditores, organismos de<br \/>\ncontrol, gerentes, empleados, colaboradores y todas aquellas personas vinculadas<br \/>\na las empresas de nuestro Grupo.<\/p>\n<p>[\/vc_column_text][\/vc_column][\/vc_row][vc_row full_width=&#8221;stretch_row&#8221; css=&#8221;.vc_custom_1578591019581{margin-bottom: 35px !important;background-color: #0c4554 !important;background-position: center !important;background-repeat: no-repeat !important;background-size: contain !important;}&#8221; el_class=&#8221;sostenibilita_codice_etico pagina_cod_etico special_bunner&#8221;][vc_column][vc_column_text]<\/p>\n<p style=\"text-align: center;\"><a href=\"https:\/\/www.lucartgroup.com\/wp-content\/uploads\/2023\/09\/Codigo_Eticoes_Lucart_2023_V06_ESP.pdf\" target=\"_blank\" rel=\"noopener noreferrer\">C\u00f3digo \u00e9tico<\/a><\/p>\n<p>[\/vc_column_text][\/vc_column][\/vc_row][vc_row full_width=&#8221;stretch_row&#8221; el_class=&#8221;box_ricerca_informazioni&#8221; css=&#8221;.vc_custom_1585903619874{background-image: url(https:\/\/www.lucartgroup.com\/wp-content\/uploads\/2019\/12\/van-tay-media-QklJV_Q0Pig-unsplash.jpg?id=3490) !important;background-position: center !important;background-repeat: no-repeat !important;background-size: cover !important;}&#8221;][vc_column][vc_column_text css=&#8221;.vc_custom_1582110064653{background-position: center !important;background-repeat: no-repeat !important;background-size: cover !important;}&#8221;]<\/p>\n<h4 style=\"text-align: left;\">\u00bfNecesitas informaci\u00f3n?<\/h4>\n<p style=\"text-align: left;\"><a href=\"https:\/\/www.lucartgroup.com\/en\/contacts\/\">ponte en contacto con nosotros<\/a><\/p>\n<p>[\/vc_column_text][\/vc_column][\/vc_row]<\/p>\n<\/div>","protected":false},"excerpt":{"rendered":"<p>[vc_row full_width=&#8221;stretch_row&#8221; css=&#8221;.vc_custom_1589276576155{background-image: url(https:\/\/www.lucartgroup.com\/wp-content\/uploads\/2020\/01\/IlCodiceEtico-3.jpg?id=3686) !important;background-position: center !important;background-repeat: no-repeat !important;background-size: cover !important;}&#8221; el_class=&#8221;sostenibilita_top_box show-sub&#8221;][vc_column][vc_column_text] C\u00f3digo \u00e9tico Nuestros valores fundacionales se convierten en reglas de conducta a trav\u00e9s de la implementaci\u00f3n y [&hellip;]<\/p>\n","protected":false},"author":2,"featured_media":0,"parent":7056,"menu_order":0,"comment_status":"closed","ping_status":"closed","template":"page-templates\/codice-etico.php","meta":{"_acf_changed":false,"footnotes":""},"class_list":["post-7034","page","type-page","status-publish","hentry"],"acf":[],"_links":{"self":[{"href":"https:\/\/www.lucartgroup.com\/es\/wp-json\/wp\/v2\/pages\/7034","targetHints":{"allow":["GET"]}}],"collection":[{"href":"https:\/\/www.lucartgroup.com\/es\/wp-json\/wp\/v2\/pages"}],"about":[{"href":"https:\/\/www.lucartgroup.com\/es\/wp-json\/wp\/v2\/types\/page"}],"author":[{"embeddable":true,"href":"https:\/\/www.lucartgroup.com\/es\/wp-json\/wp\/v2\/users\/2"}],"replies":[{"embeddable":true,"href":"https:\/\/www.lucartgroup.com\/es\/wp-json\/wp\/v2\/comments?post=7034"}],"version-history":[{"count":4,"href":"https:\/\/www.lucartgroup.com\/es\/wp-json\/wp\/v2\/pages\/7034\/revisions"}],"predecessor-version":[{"id":21717,"href":"https:\/\/www.lucartgroup.com\/es\/wp-json\/wp\/v2\/pages\/7034\/revisions\/21717"}],"up":[{"embeddable":true,"href":"https:\/\/www.lucartgroup.com\/es\/wp-json\/wp\/v2\/pages\/7056"}],"wp:attachment":[{"href":"https:\/\/www.lucartgroup.com\/es\/wp-json\/wp\/v2\/media?parent=7034"}],"curies":[{"name":"wp","href":"https:\/\/api.w.org\/{rel}","templated":true}]}}