{"id":6976,"date":"2018-10-15T16:12:41","date_gmt":"2018-10-15T14:12:41","guid":{"rendered":"https:\/\/www.lucartgroup.com\/gruppo\/"},"modified":"2024-09-27T11:21:36","modified_gmt":"2024-09-27T09:21:36","slug":"el-grupo","status":"publish","type":"page","link":"https:\/\/www.lucartgroup.com\/es\/el-grupo\/","title":{"rendered":"El grupo"},"content":{"rendered":"<div class=\"wpb-content-wrapper\"><p>[vc_row full_width=&#8221;stretch_row&#8221; css=&#8221;.vc_custom_1589276529155{background-image: url(https:\/\/www.lucartgroup.com\/wp-content\/uploads\/2020\/01\/Gruppo_MG_4252.jpg?id=3556) !important;background-position: center !important;background-repeat: no-repeat !important;background-size: cover !important;}&#8221; el_class=&#8221;sostenibilita_top_box gruppo-header show-sub&#8221;][vc_column][vc_column_text]<\/p>\n<h1 style=\"text-align: center;\">El futuro es patrimonio de todos<\/h1>\n<p style=\"text-align: center;\">Queremos hacer del mundo un lugar mejor con profesionalidad, seriedad e imparcialidad con las personas que creen en nosotros y que utilizan nuestros productos.<\/p>\n<p>&nbsp;<\/p>\n<p>[\/vc_column_text][\/vc_column][\/vc_row][vc_row el_class=&#8221;riga_numeri_gruppo_carousel&#8221;][vc_column][vc_column_text][\/vc_column_text][vc_empty_space height=&#8221;50px&#8221;][\/vc_column][\/vc_row][vc_row el_class=&#8221;riga_numeri_gruppo&#8221;][vc_column][vc_column_text css=&#8221;&#8221;]<\/p>\n<h2 style=\"text-align: center;\">El Grupo en n\u00fameros<\/h2>\n<p style=\"text-align: center;\"><span lang=\"it\">Con m\u00e1s de 70 a\u00f1os de historia a nuestras espaldas, hoy somos una empresa multinacional con resultados importantes que describen nuestro compromiso y dan valor a nuestra historia.<\/span><\/p>\n<p>[\/vc_column_text][\/vc_column][\/vc_row][vc_row el_class=&#8221;riga_numeri_gruppo_carousel&#8221;][vc_column][vc_column_text]<div class='cont_blocchi_dati slick-carousel__container'><div class='blocco_dati sdg-box'><div class='singolo_dato clearfix float-sdg0'>\n\t        \t\t\t\t<div class='img_dato'><img src='https:\/\/www.lucartgroup.com\/wp-content\/uploads\/2019\/07\/Stabilimenti-center.png'><\/div>\n\t        \t\t\t\t<div class='testi_dato'>\n\t\t        \t\t\t\t<div class='testo_grosso'>F\u00e1bricas <\/div>\n\t\t        \t\t\t\t<div class='testo_piccolo'>10<\/div>\n\t\t        \t\t\t\t<div class='descrizione'><\/div>\n\t        \t\t\t\t<\/div>\n\t        \t\t\t<\/div>\n\t        \t\t<\/div><div class='blocco_dati sdg-box'><div class='singolo_dato clearfix float-sdg1'>\n\t        \t\t\t\t<div class='img_dato'><img src='https:\/\/www.lucartgroup.com\/wp-content\/uploads\/2019\/07\/Capacita-produttiva-center.png'><\/div>\n\t        \t\t\t\t<div class='testi_dato'>\n\t\t        \t\t\t\t<div class='testo_grosso'>Capacidad productiva (t\/a\u00f1o)<\/div>\n\t\t        \t\t\t\t<div class='testo_piccolo'>396.000<\/div>\n\t\t        \t\t\t\t<div class='descrizione'><\/div>\n\t        \t\t\t\t<\/div>\n\t        \t\t\t<\/div>\n\t        \t\t<\/div><div class='blocco_dati sdg-box'><div class='singolo_dato clearfix float-sdg0'>\n\t        \t\t\t\t<div class='img_dato'><img src='https:\/\/www.lucartgroup.com\/wp-content\/uploads\/2019\/07\/Fatturato-center.png'><\/div>\n\t        \t\t\t\t<div class='testi_dato'>\n\t\t        \t\t\t\t<div class='testo_grosso'>Facturaci\u00f3n en millones de \u20ac<\/div>\n\t\t        \t\t\t\t<div class='testo_piccolo'>> 685<\/div>\n\t\t        \t\t\t\t<div class='descrizione'><\/div>\n\t        \t\t\t\t<\/div>\n\t        \t\t\t<\/div>\n\t        \t\t<\/div><div class='blocco_dati sdg-box'><div class='singolo_dato clearfix float-sdg1'>\n\t        \t\t\t\t<div class='img_dato'><img src='https:\/\/www.lucartgroup.com\/wp-content\/uploads\/2019\/07\/Macchine-continue-center.png'><\/div>\n\t        \t\t\t\t<div class='testi_dato'>\n\t\t        \t\t\t\t<div class='testo_grosso'>M\u00e1quinas continuas<\/div>\n\t\t        \t\t\t\t<div class='testo_piccolo'>12<\/div>\n\t\t        \t\t\t\t<div class='descrizione'><\/div>\n\t        \t\t\t\t<\/div>\n\t        \t\t\t<\/div>\n\t        \t\t<\/div><div class='blocco_dati sdg-box'><div class='singolo_dato clearfix float-sdg0'>\n\t        \t\t\t\t<div class='img_dato'><img src='https:\/\/www.lucartgroup.com\/wp-content\/uploads\/2019\/07\/PAesi-serviti-center.png'><\/div>\n\t        \t\t\t\t<div class='testi_dato'>\n\t\t        \t\t\t\t<div class='testo_grosso'>Pa\u00edses con los que trabajamos<\/div>\n\t\t        \t\t\t\t<div class='testo_piccolo'>> 70<\/div>\n\t\t        \t\t\t\t<div class='descrizione'><\/div>\n\t        \t\t\t\t<\/div>\n\t        \t\t\t<\/div>\n\t        \t\t<\/div><div class='blocco_dati sdg-box'><div class='singolo_dato clearfix float-sdg1'>\n\t        \t\t\t\t<div class='img_dato'><img src='https:\/\/www.lucartgroup.com\/wp-content\/uploads\/2019\/07\/Persone-impiegate-center.png'><\/div>\n\t        \t\t\t\t<div class='testi_dato'>\n\t\t        \t\t\t\t<div class='testo_grosso'>Empleados<\/div>\n\t\t        \t\t\t\t<div class='testo_piccolo'>> 1.700<\/div>\n\t\t        \t\t\t\t<div class='descrizione'><\/div>\n\t        \t\t\t\t<\/div>\n\t        \t\t\t<\/div>\n\t        \t\t<\/div><\/div>[\/vc_column_text][vc_empty_space height=&#8221;50px&#8221;][\/vc_column][\/vc_row][vc_row full_width=&#8221;stretch_row&#8221; el_class=&#8221;green-box-gruppo&#8221; css=&#8221;.vc_custom_1539935894794{background-color: #81bc00 !important;}&#8221;][vc_column][vc_column_text css=&#8221;&#8221;]<\/p>\n<h2 style=\"text-align: center;\">Nuestras \u00c1reas de Actividad<\/h2>\n<p>[\/vc_column_text][\/vc_column][\/vc_row][vc_row full_width=&#8221;stretch_row_content_no_spaces&#8221; equal_height=&#8221;yes&#8221; el_class=&#8221;boxes3-gruppo&#8221;][vc_column width=&#8221;1\/3&#8243; css=&#8221;.vc_custom_1542914050833{background-image: url(https:\/\/www.lucartgroup.com\/wp-content\/uploads\/2018\/11\/home-progetto-identity.jpg?id=1856) !important;background-position: center !important;background-repeat: no-repeat !important;background-size: cover !important;}&#8221;][vc_column_text]<\/p>\n<h3 style=\"text-align: center;\">Away from Home<\/h3>\n<p style=\"text-align: center;\"><span style=\"font-weight: 400;\">Productos de papel tis\u00fa y airlaid, jabones y sistemas de dispensaci\u00f3n para el mercado de la higiene profesional.<\/span><\/p>\n<p style=\"text-align: center;\"><a href=\"https:\/\/www.lucartgroup.com\/en\/brand\/#away\">M\u00e1s informaci\u00f3n<\/a><\/p>\n<p>[\/vc_column_text][\/vc_column][vc_column width=&#8221;1\/3&#8243; css=&#8221;.vc_custom_1542913980546{background-image: url(https:\/\/www.lucartgroup.com\/wp-content\/uploads\/2018\/11\/IMG_3333.jpg?id=1858) !important;background-position: center !important;background-repeat: no-repeat !important;background-size: cover !important;}&#8221;][vc_column_text]<\/p>\n<h3 style=\"text-align: center;\">Productos de consumo<\/h3>\n<p style=\"text-align: center;\"><span style=\"font-weight: 400;\">Productos higi\u00e9nicos de papel tis\u00fa y airlaid para la gran distribuci\u00f3n.<\/span><\/p>\n<p style=\"text-align: center;\"><a href=\"https:\/\/www.lucartgroup.com\/en\/brand\/#consumer\">M\u00e1s informaci\u00f3n<\/a><\/p>\n<p>[\/vc_column_text][\/vc_column][vc_column width=&#8221;1\/3&#8243; css=&#8221;.vc_custom_1542914135943{background-image: url(https:\/\/www.lucartgroup.com\/wp-content\/uploads\/2018\/10\/Copia-di-_95A5415.jpg?id=1805) !important;background-position: center !important;background-repeat: no-repeat !important;background-size: cover !important;}&#8221;][vc_column_text]<\/p>\n<h3 style=\"text-align: center;\">Negocio a negocio (BtoB)<\/h3>\n<p style=\"text-align: center;\"><span style=\"font-weight: 400;\">Bobinas jumbo de papel tis\u00fa, airlaid y monol\u00facido destinadas a otras industrias.<\/span><\/p>\n<p style=\"text-align: center;\"><a href=\"https:\/\/www.lucartgroup.com\/en\/brand\/#business\">M\u00e1s informaci\u00f3n<\/a><\/p>\n<p>[\/vc_column_text][\/vc_column][\/vc_row][vc_row full_width=&#8221;stretch_row&#8221; el_class=&#8221;dark-box-gruppo&#8221; css=&#8221;.vc_custom_1539789021633{background-color: #004554 !important;}&#8221;][vc_column][vc_column_text]<\/p>\n<h2 style=\"text-align: center;\">Una empresa caracterizada por la pasi\u00f3n y la calidad<\/h2>\n<p>[\/vc_column_text][\/vc_column][\/vc_row][vc_row full_width=&#8221;stretch_row_content_no_spaces&#8221; el_class=&#8221;boxes2-gruppo&#8221;][vc_column width=&#8221;1\/2&#8243; css=&#8221;.vc_custom_1577957954546{background-image: url(https:\/\/www.lucartgroup.com\/wp-content\/uploads\/2020\/01\/Gruppo_ChiSiamo_MG_3280.jpg?id=3563) !important;background-position: center !important;background-repeat: no-repeat !important;background-size: cover !important;}&#8221;][vc_column_text el_class=&#8221;sx-section-gruppo&#8221;]<\/p>\n<h3 style=\"text-align: center;\">Qui\u00e9n somos<\/h3>\n<p style=\"text-align: center;\">Somos personas que compartimos<br \/>\nlos mismos valores.<\/p>\n<p>&nbsp;<\/p>\n<p style=\"text-align: center;\"><a href=\"https:\/\/www.lucartgroup.com\/en\/the-group\/management\/\">M\u00e1s informaci\u00f3n<\/a><\/p>\n<p>[\/vc_column_text][\/vc_column][vc_column width=&#8221;1\/2&#8243; css=&#8221;.vc_custom_1577957980961{background-image: url(https:\/\/www.lucartgroup.com\/wp-content\/uploads\/2020\/01\/Storia_nozzedoro-2.jpg?id=3530) !important;background-position: center !important;background-repeat: no-repeat !important;background-size: cover !important;}&#8221;][vc_column_text el_class=&#8221;dx-section-gruppo&#8221;]<\/p>\n<h3 style=\"text-align: center;\">Nuestra historia<\/h3>\n<p style=\"text-align: center;\">Nuestros valores est\u00e1n profundamente enraizados<br \/>\ny cuentan con el soporte de una gran familia.<\/p>\n<p>&nbsp;<\/p>\n<p style=\"text-align: center;\"><a href=\"https:\/\/www.lucartgroup.com\/en\/the-group\/our-history\/\">M\u00e1s informaci\u00f3n<\/a><\/p>\n<p>[\/vc_column_text][\/vc_column][\/vc_row][vc_row full_width=&#8221;stretch_row&#8221; el_class=&#8221;box_ricerca_informazioni&#8221; css=&#8221;.vc_custom_1585903375178{background-image: url(https:\/\/www.lucartgroup.com\/wp-content\/uploads\/2019\/12\/van-tay-media-QklJV_Q0Pig-unsplash.jpg?id=3490) !important;background-position: center !important;background-repeat: no-repeat !important;background-size: cover !important;}&#8221;][vc_column][vc_column_text css=&#8221;.vc_custom_1582109264263{background-position: center !important;background-repeat: no-repeat !important;background-size: cover !important;}&#8221;]<\/p>\n<h4 style=\"text-align: left;\">\u00bfNecesitas informaci\u00f3n?<\/h4>\n<p style=\"text-align: left;\"><a href=\"https:\/\/www.lucartgroup.com\/en\/contacts\/\">ponte en contacto con nosotros<\/a><\/p>\n<p>[\/vc_column_text][\/vc_column][\/vc_row]<\/p>\n<\/div>","protected":false},"excerpt":{"rendered":"<p>[vc_row full_width=&#8221;stretch_row&#8221; css=&#8221;.vc_custom_1589276529155{background-image: url(https:\/\/www.lucartgroup.com\/wp-content\/uploads\/2020\/01\/Gruppo_MG_4252.jpg?id=3556) !important;background-position: center !important;background-repeat: no-repeat !important;background-size: cover !important;}&#8221; el_class=&#8221;sostenibilita_top_box gruppo-header show-sub&#8221;][vc_column][vc_column_text] El futuro es patrimonio de todos Queremos hacer del mundo un lugar mejor con profesionalidad, seriedad [&hellip;]<\/p>\n","protected":false},"author":2,"featured_media":6978,"parent":0,"menu_order":0,"comment_status":"closed","ping_status":"closed","template":"page-templates\/gruppo.php","meta":{"_acf_changed":false,"footnotes":""},"class_list":["post-6976","page","type-page","status-publish","has-post-thumbnail","hentry"],"acf":[],"_links":{"self":[{"href":"https:\/\/www.lucartgroup.com\/es\/wp-json\/wp\/v2\/pages\/6976","targetHints":{"allow":["GET"]}}],"collection":[{"href":"https:\/\/www.lucartgroup.com\/es\/wp-json\/wp\/v2\/pages"}],"about":[{"href":"https:\/\/www.lucartgroup.com\/es\/wp-json\/wp\/v2\/types\/page"}],"author":[{"embeddable":true,"href":"https:\/\/www.lucartgroup.com\/es\/wp-json\/wp\/v2\/users\/2"}],"replies":[{"embeddable":true,"href":"https:\/\/www.lucartgroup.com\/es\/wp-json\/wp\/v2\/comments?post=6976"}],"version-history":[{"count":4,"href":"https:\/\/www.lucartgroup.com\/es\/wp-json\/wp\/v2\/pages\/6976\/revisions"}],"predecessor-version":[{"id":23691,"href":"https:\/\/www.lucartgroup.com\/es\/wp-json\/wp\/v2\/pages\/6976\/revisions\/23691"}],"wp:featuredmedia":[{"embeddable":true,"href":"https:\/\/www.lucartgroup.com\/es\/wp-json\/wp\/v2\/media\/6978"}],"wp:attachment":[{"href":"https:\/\/www.lucartgroup.com\/es\/wp-json\/wp\/v2\/media?parent=6976"}],"curies":[{"name":"wp","href":"https:\/\/api.w.org\/{rel}","templated":true}]}}