{"id":6968,"date":"2018-10-15T16:13:29","date_gmt":"2018-10-15T14:13:29","guid":{"rendered":"https:\/\/www.lucartgroup.com\/brand\/"},"modified":"2022-06-17T11:42:00","modified_gmt":"2022-06-17T09:42:00","slug":"marcas","status":"publish","type":"page","link":"https:\/\/www.lucartgroup.com\/es\/marcas\/","title":{"rendered":"Las marcas"},"content":{"rendered":"<div class=\"wpb-content-wrapper\"><p>[vc_row full_width=&#8221;stretch_row&#8221; css=&#8221;.vc_custom_1589276516515{background-image: url(https:\/\/www.lucartgroup.com\/wp-content\/uploads\/2020\/02\/INostriBrand_Header_low.jpg?id=4169) !important;background-position: center !important;background-repeat: no-repeat !important;background-size: cover !important;}&#8221; el_class=&#8221;sostenibilita_top_box show-sub&#8221;][vc_column][vc_column_text]<\/p>\n<h1 style=\"text-align: center;\">Nuestras marcas<\/h1>\n<p style=\"text-align: center;\"><span style=\"font-weight: 400;\">Nuestras marcas cuentan la historia de Lucart, trazando un perfil de 360 \u200b\u200b\u00b0 del Grupo, desde los productos de consumo hasta aquellos destinados a un mercado profesional y BtoB, firmemente anclados en los tres valores que gu\u00edan nuestro negocio: calidad, sostenibilidad e innovaci\u00f3n.<\/span><\/p>\n<p>[\/vc_column_text][\/vc_column][\/vc_row][vc_row el_id=&#8221;away&#8221;][vc_column][vc_column_text el_class=&#8221;brand_pre_box&#8221;]<\/p>\n<h2 style=\"text-align: center;\">Away from Home<\/h2>\n<p>[\/vc_column_text][vc_column_text el_class=&#8221;brand_pre_box_text&#8221;]<\/p>\n<p style=\"text-align: center;\"><span style=\"font-weight: 400;\">La unidad de negocio Away from Home<\/span> <span style=\"font-weight: 400;\">ofrece soluciones de higiene innovadoras con productos de papel tis\u00fa <\/span><span style=\"font-weight: 400;\">(<\/span><span style=\"font-weight: 400;\">obtenido con fibras v\u00edrgenes o con fibras recicladas y regeneradas) y de papel seco &#8220;airlaid&#8221;, sistemas dispensadores y jabones.<\/span><\/p>\n<p style=\"text-align: center;\"><span style=\"font-weight: 400;\">Las marcas de la divisi\u00f3n act\u00faan como socios para los operadores del sector garantizando la m\u00e1s alta calidad de servicio y la plena satisfacci\u00f3n del usuario final <\/span><span style=\"font-weight: 400;\">(hospitales, comedores, escuelas, industrias, restaurantes, hoteles, etc.).<\/span><\/p>\n<p>[\/vc_column_text][\/vc_column][\/vc_row][vc_row full_width=&#8221;stretch_row_content_no_spaces&#8221;][vc_column][vc_column_text css=&#8221;.vc_custom_1584703655361{margin-bottom: 0px !important;}&#8221;]<div class='logo_block_first contenitore_list_loghi clearfix'><a href='https:\/\/www.lucartgroup.com\/es\/brands\/lucart-professional\/' class='list_singolo_brand lucart-professional dx clearfix' style='background-image:url(https:\/\/www.lucartgroup.com\/wp-content\/uploads\/2018\/10\/Lucart-Professionakl-EcoNatural-640x640@2x-500x500.jpg)'>\n\t\t\t\t\t\t<img src='https:\/\/www.lucartgroup.com\/wp-content\/uploads\/2018\/10\/LOGHI_BRAND_LUCART_PRO.png'>\n\t\t\t\t\t<\/a><a href='https:\/\/www.lucartgroup.com\/es\/brands\/fato\/' class='list_singolo_brand fato dx clearfix' style='background-image:url(https:\/\/www.lucartgroup.com\/wp-content\/uploads\/2018\/10\/Fato-640x640@2x2-500x500.jpg)'>\n\t\t\t\t\t\t<img src='https:\/\/www.lucartgroup.com\/wp-content\/uploads\/2018\/10\/LOGHI_BRAND_FATO-1.png'>\n\t\t\t\t\t<\/a><a href='https:\/\/www.lucartgroup.com\/es\/brands\/velo\/' class='list_singolo_brand velo sx clearfix' style='background-image:url(https:\/\/www.lucartgroup.com\/wp-content\/uploads\/2018\/10\/Foto-velo-@2x-500x500.jpg)'>\n\t\t\t\t\t\t<img src='https:\/\/www.lucartgroup.com\/wp-content\/uploads\/2018\/10\/nuovo-logo-velo.png'>\n\t\t\t\t\t<\/a><\/div>\n<div id=\"personalizzazioni\"><\/div>\n<p>[\/vc_column_text][\/vc_column][\/vc_row][vc_row full_width=&#8221;stretch_row&#8221; css=&#8221;.vc_custom_1596033007939{background-image: url(https:\/\/www.lucartgroup.com\/wp-content\/uploads\/2020\/01\/sotto-al-testo-Personalizzazioni.jpg?id=3763) !important;}&#8221; el_class=&#8221;brand_light_box&#8221; el_id=&#8221;personalizaciones&#8221;][vc_column][vc_column_text el_class=&#8221;brand_pre_box&#8221;]<\/p>\n<h3 style=\"text-align: center;\">Personalizaciones<\/h3>\n<p style=\"text-align: center;\"><span style=\"font-weight: 400;\">En el sector Ho.Re.Ca., el papel siempre se ha utilizado para vestir la mesa, como un elemento capaz de comunicar la personalidad y la identidad del local. Lucart ofrece una amplia gama de posibilidades de personalizaci\u00f3n para servilletas, manteles y portacubiertos en papel tis\u00fa y airlaid, as\u00ed como dispensadores para todas las necesidades de la restauraci\u00f3n profesional.<\/span><\/p>\n<p>[\/vc_column_text][\/vc_column][\/vc_row][vc_row el_id=&#8221;consumer&#8221;][vc_column][vc_column_text el_class=&#8221;brand_pre_box&#8221;]<\/p>\n<h2 style=\"text-align: center;\">Productos de consumo<\/h2>\n<p>[\/vc_column_text][vc_column_text el_class=&#8221;brand_pre_box_text&#8221;]<\/p>\n<p class=\"normal\" style=\"text-align: center;\"><span style=\"font-weight: 400;\">Las marcas de la business unit Consumer, con sus art\u00edculos de higiene y limpieza (papel higi\u00e9nico, pa\u00f1uelos, servilletas, papel de cocina) acompa\u00f1an a millones de personas todos los d\u00edas en su vida diaria y colocan al Grupo entre los principales fabricantes en Italia y como socio de la GDO en Europa tanto para productos de celulosa pura como para aquellos de papel reciclado.<\/span><\/p>\n<p>[\/vc_column_text][\/vc_column][\/vc_row][vc_row full_width=&#8221;stretch_row_content_no_spaces&#8221;][vc_column][vc_column_text css=&#8221;.vc_custom_1584703354819{margin-bottom: 0px !important;}&#8221;]<div class='logo_block_first contenitore_list_loghi clearfix'><a href='https:\/\/www.lucartgroup.com\/es\/brands\/tenderly\/' class='list_singolo_brand tenderly dx clearfix' style='background-image:url(https:\/\/www.lucartgroup.com\/wp-content\/uploads\/2018\/10\/banner_web_650x650px_tenderly_generico_09_2024_lucart-500x500.jpg)'>\n\t\t\t\t\t\t<img src='https:\/\/www.lucartgroup.com\/wp-content\/uploads\/2018\/10\/tenderly_logo.png'>\n\t\t\t\t\t<\/a><a href='https:\/\/www.lucartgroup.com\/es\/brands\/tutto\/' class='list_singolo_brand tutto dx clearfix' style='background-image:url(https:\/\/www.lucartgroup.com\/wp-content\/uploads\/2018\/10\/Tutto-500x500.jpg)'>\n\t\t\t\t\t\t<img src='https:\/\/www.lucartgroup.com\/wp-content\/uploads\/2018\/10\/LOGHI_BRAND_TUTTO_new.png'>\n\t\t\t\t\t<\/a><a href='https:\/\/www.lucartgroup.com\/es\/brands\/grazie-natural\/' class='list_singolo_brand grazie-natural sx clearfix' style='background-image:url(https:\/\/www.lucartgroup.com\/wp-content\/uploads\/2018\/11\/grazienatural_1.png)'>\n\t\t\t\t\t\t<img src='https:\/\/www.lucartgroup.com\/wp-content\/uploads\/2018\/10\/LOGHI_BRAND_GRAZIE_NATURAL_SQUARE.png'>\n\t\t\t\t\t<\/a><a href='https:\/\/www.lucartgroup.com\/es\/brands\/smile\/' class='list_singolo_brand smile sx clearfix' style='background-image:url(https:\/\/www.lucartgroup.com\/wp-content\/uploads\/2022\/04\/banner_smile-500x500.jpg)'>\n\t\t\t\t\t\t<img src='https:\/\/www.lucartgroup.com\/wp-content\/uploads\/2018\/10\/NUOVO_BRAND_SMILE.png'>\n\t\t\t\t\t<\/a><\/div>[\/vc_column_text][\/vc_column][\/vc_row][vc_row full_width=&#8221;stretch_row&#8221; css=&#8221;.vc_custom_1584703430585{background-image: url(https:\/\/www.lucartgroup.com\/wp-content\/uploads\/2020\/01\/shopping-cart-1275480.jpg?id=3766) !important;}&#8221; el_class=&#8221;brand_light_box&#8221; el_id=&#8221;label&#8221;][vc_column][vc_column_text el_class=&#8221;brand_pre_box&#8221;]<\/p>\n<h3 style=\"text-align: center;\">Marca de distribuidor<\/h3>\n<p style=\"text-align: center;\">Colaboramos con casi todas las grandes marcas de la GDO a nivel europeo y apoyamos a las empresas del sector en la elecci\u00f3n y el envasado de un producto &#8220;a medida&#8221; para sus clientes.<\/p>\n<p>[\/vc_column_text][\/vc_column][\/vc_row][vc_row el_id=&#8221;business&#8221;][vc_column][vc_column_text el_class=&#8221;brand_pre_box&#8221;]<\/p>\n<h2 style=\"text-align: center;\">Negocio a negocio (BtoB)<\/h2>\n<p>[\/vc_column_text][vc_column_text el_class=&#8221;brand_pre_box_text&#8221;]<\/p>\n<p class=\"normal\" style=\"text-align: center;\"><span style=\"font-weight: 400;\">La unidad de negocios BtoB ofrece al mercado bobinas jumbo de gran formato destinadas a otras plantas de transformaci\u00f3n de papel, garantizando la calidad y la consistencia del producto a lo largo del tiempo, y un alto nivel de servicio y fiabilidad. <\/span><\/p>\n<p>[\/vc_column_text][\/vc_column][\/vc_row][vc_row full_width=&#8221;stretch_row_content_no_spaces&#8221;][vc_column][vc_column_text css=&#8221;.vc_custom_1560852247676{margin-bottom: 0px !important;}&#8221; el_class=&#8221;b2b-listing&#8221;]<div class='logo_block_last contenitore_list_loghi clearfix'><a href='https:\/\/www.lucartgroup.com\/es\/brands\/carta-tissue\/' class='list_singolo_brand clearfix'>\n\t\t\t\t\t\t\t\t<h3 class='brand_titolo b2b-title'>Papel Tissue<\/h3>\n\t\t\t\t\t\t<div class='cont_logo dx'><img src=''><\/div>\n\t\t\t\t\t\t<div class='img_rif_logo'>\n\t\t\t\t\t\t\t\t<img loading=\"lazy\" decoding=\"async\" width=\"500\" height=\"500\" src=\"https:\/\/www.lucartgroup.com\/wp-content\/uploads\/2018\/11\/Copia-di-ambiente-022-blu-500x500.jpg\" class=\"attachment-img_500x500 size-img_500x500\" alt=\"\" srcset=\"https:\/\/www.lucartgroup.com\/wp-content\/uploads\/2018\/11\/Copia-di-ambiente-022-blu-500x500.jpg 500w, https:\/\/www.lucartgroup.com\/wp-content\/uploads\/2018\/11\/Copia-di-ambiente-022-blu-150x150.jpg 150w, https:\/\/www.lucartgroup.com\/wp-content\/uploads\/2018\/11\/Copia-di-ambiente-022-blu-320x320.jpg 320w, https:\/\/www.lucartgroup.com\/wp-content\/uploads\/2018\/11\/Copia-di-ambiente-022-blu-125x125.jpg 125w, https:\/\/www.lucartgroup.com\/wp-content\/uploads\/2018\/11\/Copia-di-ambiente-022-blu-200x200.jpg 200w, https:\/\/www.lucartgroup.com\/wp-content\/uploads\/2018\/11\/Copia-di-ambiente-022-blu-260x260.jpg 260w, https:\/\/www.lucartgroup.com\/wp-content\/uploads\/2018\/11\/Copia-di-ambiente-022-blu-163x163.jpg 163w, https:\/\/www.lucartgroup.com\/wp-content\/uploads\/2018\/11\/Copia-di-ambiente-022-blu-230x230.jpg 230w, https:\/\/www.lucartgroup.com\/wp-content\/uploads\/2018\/11\/Copia-di-ambiente-022-blu-123x123.jpg 123w, https:\/\/www.lucartgroup.com\/wp-content\/uploads\/2018\/11\/Copia-di-ambiente-022-blu-660x660.jpg 660w, https:\/\/www.lucartgroup.com\/wp-content\/uploads\/2018\/11\/Copia-di-ambiente-022-blu-280x280.jpg 280w, https:\/\/www.lucartgroup.com\/wp-content\/uploads\/2018\/11\/Copia-di-ambiente-022-blu-360x360.jpg 360w\" sizes=\"auto, (max-width: 500px) 100vw, 500px\" \/><\/div>\n\t\t\t\t\t<\/a><a href='https:\/\/www.lucartgroup.com\/es\/brands\/papel-mg\/' class='list_singolo_brand clearfix'>\n\t\t\t\t\t\t\t\t<h3 class='brand_titolo b2b-title'>Papel MG<\/h3>\n\t\t\t\t\t\t<div class='cont_logo dx'><img src=''><\/div>\n\t\t\t\t\t\t<div class='img_rif_logo'>\n\t\t\t\t\t\t\t\t<img loading=\"lazy\" decoding=\"async\" width=\"500\" height=\"500\" src=\"https:\/\/www.lucartgroup.com\/wp-content\/uploads\/2019\/06\/veline-2-pg13-500x500.jpg\" class=\"attachment-img_500x500 size-img_500x500\" alt=\"\" srcset=\"https:\/\/www.lucartgroup.com\/wp-content\/uploads\/2019\/06\/veline-2-pg13-500x500.jpg 500w, https:\/\/www.lucartgroup.com\/wp-content\/uploads\/2019\/06\/veline-2-pg13-150x150.jpg 150w, https:\/\/www.lucartgroup.com\/wp-content\/uploads\/2019\/06\/veline-2-pg13-320x320.jpg 320w, https:\/\/www.lucartgroup.com\/wp-content\/uploads\/2019\/06\/veline-2-pg13-125x125.jpg 125w, https:\/\/www.lucartgroup.com\/wp-content\/uploads\/2019\/06\/veline-2-pg13-200x200.jpg 200w, https:\/\/www.lucartgroup.com\/wp-content\/uploads\/2019\/06\/veline-2-pg13-260x260.jpg 260w, https:\/\/www.lucartgroup.com\/wp-content\/uploads\/2019\/06\/veline-2-pg13-163x163.jpg 163w, https:\/\/www.lucartgroup.com\/wp-content\/uploads\/2019\/06\/veline-2-pg13-230x230.jpg 230w, https:\/\/www.lucartgroup.com\/wp-content\/uploads\/2019\/06\/veline-2-pg13-123x123.jpg 123w, https:\/\/www.lucartgroup.com\/wp-content\/uploads\/2019\/06\/veline-2-pg13-660x660.jpg 660w, https:\/\/www.lucartgroup.com\/wp-content\/uploads\/2019\/06\/veline-2-pg13-280x280.jpg 280w, https:\/\/www.lucartgroup.com\/wp-content\/uploads\/2019\/06\/veline-2-pg13-360x360.jpg 360w\" sizes=\"auto, (max-width: 500px) 100vw, 500px\" \/><\/div>\n\t\t\t\t\t<\/a><a href='https:\/\/www.lucartgroup.com\/es\/brands\/carta-airlaid\/' class='list_singolo_brand clearfix'>\n\t\t\t\t\t\t\t\t<h3 class='brand_titolo b2b-title'>Papel Airlaid<\/h3>\n\t\t\t\t\t\t<div class='cont_logo sx'><img src=''><\/div>\n\t\t\t\t\t\t<div class='img_rif_logo'>\n\t\t\t\t\t\t\t\t<img loading=\"lazy\" decoding=\"async\" width=\"500\" height=\"500\" src=\"https:\/\/www.lucartgroup.com\/wp-content\/uploads\/2019\/06\/Lucart_482-airlaid-pg12-500x500.jpg\" class=\"attachment-img_500x500 size-img_500x500\" alt=\"\" srcset=\"https:\/\/www.lucartgroup.com\/wp-content\/uploads\/2019\/06\/Lucart_482-airlaid-pg12-500x500.jpg 500w, https:\/\/www.lucartgroup.com\/wp-content\/uploads\/2019\/06\/Lucart_482-airlaid-pg12-150x150.jpg 150w, https:\/\/www.lucartgroup.com\/wp-content\/uploads\/2019\/06\/Lucart_482-airlaid-pg12-320x320.jpg 320w, https:\/\/www.lucartgroup.com\/wp-content\/uploads\/2019\/06\/Lucart_482-airlaid-pg12-125x125.jpg 125w, https:\/\/www.lucartgroup.com\/wp-content\/uploads\/2019\/06\/Lucart_482-airlaid-pg12-200x200.jpg 200w, https:\/\/www.lucartgroup.com\/wp-content\/uploads\/2019\/06\/Lucart_482-airlaid-pg12-260x260.jpg 260w, https:\/\/www.lucartgroup.com\/wp-content\/uploads\/2019\/06\/Lucart_482-airlaid-pg12-163x163.jpg 163w, https:\/\/www.lucartgroup.com\/wp-content\/uploads\/2019\/06\/Lucart_482-airlaid-pg12-230x230.jpg 230w, https:\/\/www.lucartgroup.com\/wp-content\/uploads\/2019\/06\/Lucart_482-airlaid-pg12-123x123.jpg 123w, https:\/\/www.lucartgroup.com\/wp-content\/uploads\/2019\/06\/Lucart_482-airlaid-pg12-660x660.jpg 660w, https:\/\/www.lucartgroup.com\/wp-content\/uploads\/2019\/06\/Lucart_482-airlaid-pg12-280x280.jpg 280w, https:\/\/www.lucartgroup.com\/wp-content\/uploads\/2019\/06\/Lucart_482-airlaid-pg12-360x360.jpg 360w\" sizes=\"auto, (max-width: 500px) 100vw, 500px\" \/><\/div>\n\t\t\t\t\t<\/a><\/div>[\/vc_column_text][\/vc_column][\/vc_row][vc_row full_width=&#8221;stretch_row_content_no_spaces&#8221; disable_element=&#8221;yes&#8221;][vc_column][vc_column_text css=&#8221;.vc_custom_1560852236126{margin-bottom: 0px !important;}&#8221;]<div class='logo_block_first contenitore_list_loghi clearfix'><\/div>[\/vc_column_text][\/vc_column][\/vc_row][vc_row full_width=&#8221;stretch_row&#8221; css=&#8221;.vc_custom_1578585151942{margin-bottom: 5px !important;background-color: #e3e3e3 !important;background-position: center !important;background-repeat: no-repeat !important;background-size: contain !important;}&#8221; el_class=&#8221;sostenibilita_codice_etico&#8221;][vc_column][vc_column_text]<\/p>\n<p style=\"text-align: center;\"><a href=\"https:\/\/www.lucartgroup.com\/wp-content\/themes\/RED_template\/pdf\/CONDIZIONI-GENERALI-DI-VENDITA.pdf\" target=\"_blank\" rel=\"noopener noreferrer\">Condiciones de venta<\/a><\/p>\n<p>[\/vc_column_text][\/vc_column][\/vc_row][vc_row full_width=&#8221;stretch_row&#8221; el_class=&#8221;box_ricerca_informazioni&#8221; css=&#8221;.vc_custom_1585904112962{background-image: url(https:\/\/www.lucartgroup.com\/wp-content\/uploads\/2019\/12\/van-tay-media-QklJV_Q0Pig-unsplash.jpg?id=3490) !important;background-position: center !important;background-repeat: no-repeat !important;background-size: cover !important;}&#8221;][vc_column][vc_column_text css=&#8221;.vc_custom_1562579995283{background-position: center !important;background-repeat: no-repeat !important;background-size: cover !important;}&#8221;]<\/p>\n<h4 style=\"text-align: left;\">\u00bfNecesitas informaci\u00f3n?<\/h4>\n<p style=\"text-align: left;\"><a href=\"https:\/\/www.lucartgroup.com\/en\/contacts\/\">ponte en contacto con nosotros<\/a><\/p>\n<p>[\/vc_column_text][\/vc_column][\/vc_row]<\/p>\n<\/div>","protected":false},"excerpt":{"rendered":"<p>[vc_row full_width=&#8221;stretch_row&#8221; css=&#8221;.vc_custom_1589276516515{background-image: url(https:\/\/www.lucartgroup.com\/wp-content\/uploads\/2020\/02\/INostriBrand_Header_low.jpg?id=4169) !important;background-position: center !important;background-repeat: no-repeat !important;background-size: cover !important;}&#8221; el_class=&#8221;sostenibilita_top_box show-sub&#8221;][vc_column][vc_column_text] Nuestras marcas Nuestras marcas cuentan la historia de Lucart, trazando un perfil de 360 \u200b\u200b\u00b0 del Grupo, [&hellip;]<\/p>\n","protected":false},"author":2,"featured_media":0,"parent":0,"menu_order":0,"comment_status":"closed","ping_status":"closed","template":"page-templates\/brand.php","meta":{"_acf_changed":false,"footnotes":""},"class_list":["post-6968","page","type-page","status-publish","hentry"],"acf":[],"_links":{"self":[{"href":"https:\/\/www.lucartgroup.com\/es\/wp-json\/wp\/v2\/pages\/6968","targetHints":{"allow":["GET"]}}],"collection":[{"href":"https:\/\/www.lucartgroup.com\/es\/wp-json\/wp\/v2\/pages"}],"about":[{"href":"https:\/\/www.lucartgroup.com\/es\/wp-json\/wp\/v2\/types\/page"}],"author":[{"embeddable":true,"href":"https:\/\/www.lucartgroup.com\/es\/wp-json\/wp\/v2\/users\/2"}],"replies":[{"embeddable":true,"href":"https:\/\/www.lucartgroup.com\/es\/wp-json\/wp\/v2\/comments?post=6968"}],"version-history":[{"count":4,"href":"https:\/\/www.lucartgroup.com\/es\/wp-json\/wp\/v2\/pages\/6968\/revisions"}],"predecessor-version":[{"id":18721,"href":"https:\/\/www.lucartgroup.com\/es\/wp-json\/wp\/v2\/pages\/6968\/revisions\/18721"}],"wp:attachment":[{"href":"https:\/\/www.lucartgroup.com\/es\/wp-json\/wp\/v2\/media?parent=6968"}],"curies":[{"name":"wp","href":"https:\/\/api.w.org\/{rel}","templated":true}]}}