{"id":25830,"date":"2025-11-28T15:09:42","date_gmt":"2025-11-28T14:09:42","guid":{"rendered":"https:\/\/www.lucartgroup.com\/la-sostenibilidad\/policy-anticorruzione\/"},"modified":"2025-11-28T15:34:59","modified_gmt":"2025-11-28T14:34:59","slug":"politica-anticorrupcion","status":"publish","type":"page","link":"https:\/\/www.lucartgroup.com\/es\/la-sostenibilidad\/politica-anticorrupcion\/","title":{"rendered":"Pol\u00edtica Anticorrupci\u00f3n"},"content":{"rendered":"<div class=\"wpb-content-wrapper\"><p>[vc_row full_width=&#8221;stretch_row&#8221; css=&#8221;.vc_custom_1589276576155{background-image: url(https:\/\/www.lucartgroup.com\/wp-content\/uploads\/2020\/01\/IlCodiceEtico-3.jpg?id=3686) !important;background-position: center !important;background-repeat: no-repeat !important;background-size: cover !important;}&#8221; el_class=&#8221;sostenibilita_top_box show-sub&#8221;][vc_column][vc_column_text css=&#8221;&#8221;]<\/p>\n<h1 style=\"text-align: center;\">Pol\u00edtica Anticorrupci\u00f3n<\/h1>\n<p style=\"text-align: center;\">La Pol\u00edtica Anticorrupci\u00f3n es el documento que establece los principios y objetivos<br \/>\ngenerales del Sistema de Gesti\u00f3n Anticorrupci\u00f3n adoptado por las empresas del Grupo<br \/>\nLUCART, incluyendo la prohibici\u00f3n y prevenci\u00f3n de cualquier conducta corrupta. La<br \/>\nPol\u00edtica proporciona a todo el personal y a quienes operan en nombre de las empresas del<br \/>\nGrupo LUCART (como consultores, proveedores, contratistas y socios) los principios y<br \/>\nnormas que deben seguirse para garantizar el cumplimiento de las Leyes Anticorrupci\u00f3n.<\/p>\n<p>[\/vc_column_text][\/vc_column][\/vc_row][vc_row full_width=&#8221;stretch_row&#8221; css=&#8221;.vc_custom_1578591019581{margin-bottom: 35px !important;background-color: #0c4554 !important;background-position: center !important;background-repeat: no-repeat !important;background-size: contain !important;}&#8221; el_class=&#8221;sostenibilita_codice_etico pagina_cod_etico special_bunner&#8221;][vc_column][vc_column_text css=&#8221;&#8221;]<\/p>\n<p style=\"text-align: center;\"><a href=\"https:\/\/www.lucartgroup.com\/wp-content\/uploads\/2025\/11\/Policy-Anticorruzione-LUCART-Group_ES.pdf\" target=\"_blank\" rel=\"noopener noreferrer\">Pol\u00edtica Anticorrupci\u00f3n<\/a><\/p>\n<p>[\/vc_column_text][\/vc_column][\/vc_row][vc_row full_width=&#8221;stretch_row&#8221; el_class=&#8221;box_ricerca_informazioni&#8221; css=&#8221;.vc_custom_1585903619874{background-image: url(https:\/\/www.lucartgroup.com\/wp-content\/uploads\/2019\/12\/van-tay-media-QklJV_Q0Pig-unsplash.jpg?id=3490) !important;background-position: center !important;background-repeat: no-repeat !important;background-size: cover !important;}&#8221;][vc_column][vc_column_text css=&#8221;.vc_custom_1582110064653{background-position: center !important;background-repeat: no-repeat !important;background-size: cover !important;}&#8221;]<\/p>\n<h4 style=\"text-align: left;\">\u00bfNecesitas informaci\u00f3n?<\/h4>\n<p style=\"text-align: left;\"><a href=\"https:\/\/www.lucartgroup.com\/es\/contacto\/\">ponte en contacto con nosotros<\/a><\/p>\n<p>[\/vc_column_text][\/vc_column][\/vc_row]<\/p>\n<\/div>","protected":false},"excerpt":{"rendered":"<p>[vc_row full_width=&#8221;stretch_row&#8221; css=&#8221;.vc_custom_1589276576155{background-image: url(https:\/\/www.lucartgroup.com\/wp-content\/uploads\/2020\/01\/IlCodiceEtico-3.jpg?id=3686) !important;background-position: center !important;background-repeat: no-repeat !important;background-size: cover !important;}&#8221; el_class=&#8221;sostenibilita_top_box show-sub&#8221;][vc_column][vc_column_text css=&#8221;&#8221;] Pol\u00edtica Anticorrupci\u00f3n La Pol\u00edtica Anticorrupci\u00f3n es el documento que establece los principios y objetivos generales del [&hellip;]<\/p>\n","protected":false},"author":2,"featured_media":0,"parent":7056,"menu_order":0,"comment_status":"closed","ping_status":"closed","template":"page-templates\/codice-etico.php","meta":{"_acf_changed":false,"footnotes":""},"class_list":["post-25830","page","type-page","status-publish","hentry"],"acf":[],"_links":{"self":[{"href":"https:\/\/www.lucartgroup.com\/es\/wp-json\/wp\/v2\/pages\/25830","targetHints":{"allow":["GET"]}}],"collection":[{"href":"https:\/\/www.lucartgroup.com\/es\/wp-json\/wp\/v2\/pages"}],"about":[{"href":"https:\/\/www.lucartgroup.com\/es\/wp-json\/wp\/v2\/types\/page"}],"author":[{"embeddable":true,"href":"https:\/\/www.lucartgroup.com\/es\/wp-json\/wp\/v2\/users\/2"}],"replies":[{"embeddable":true,"href":"https:\/\/www.lucartgroup.com\/es\/wp-json\/wp\/v2\/comments?post=25830"}],"version-history":[{"count":2,"href":"https:\/\/www.lucartgroup.com\/es\/wp-json\/wp\/v2\/pages\/25830\/revisions"}],"predecessor-version":[{"id":25888,"href":"https:\/\/www.lucartgroup.com\/es\/wp-json\/wp\/v2\/pages\/25830\/revisions\/25888"}],"up":[{"embeddable":true,"href":"https:\/\/www.lucartgroup.com\/es\/wp-json\/wp\/v2\/pages\/7056"}],"wp:attachment":[{"href":"https:\/\/www.lucartgroup.com\/es\/wp-json\/wp\/v2\/media?parent=25830"}],"curies":[{"name":"wp","href":"https:\/\/api.w.org\/{rel}","templated":true}]}}