{"id":25463,"date":"2024-10-23T17:00:19","date_gmt":"2024-10-23T15:00:19","guid":{"rendered":"https:\/\/www.lucartgroup.com\/rating-sostenibilita\/"},"modified":"2026-04-02T12:22:18","modified_gmt":"2026-04-02T10:22:18","slug":"calificacion-de-sostenibilidad","status":"publish","type":"page","link":"https:\/\/www.lucartgroup.com\/es\/calificacion-de-sostenibilidad\/","title":{"rendered":"Calificaci\u00f3n de Sostenibilidad"},"content":{"rendered":"<div class=\"wpb-content-wrapper\"><p>[vc_row full_width=&#8221;stretch_row&#8221; css=&#8221;.vc_custom_1728922180178{background-position: center !important;background-repeat: no-repeat !important;background-size: cover !important;}&#8221; el_class=&#8221;sostenibilita_dati gradient_bk&#8221;][vc_column css=&#8221;.vc_custom_1728383404462{padding-top: 60px !important;padding-bottom: 20px !important;}&#8221;][vc_column_text css=&#8221;.vc_custom_1775125313975{padding-top: 60px !important;padding-bottom: 20px !important;}&#8221; el_class=&#8221;white_text&#8221;]<\/p>\n<h1 style=\"padding-top: 0;\">Calificaci\u00f3n de Sostenibilidad<\/h1>\n<p><a href=\"https:\/\/recognition.ecovadis.com\/AKrma6Zse0eKPQ4yCwXnJg\" target=\"_blank\" rel=\"noopener\">Ecovadis concede la calificaci\u00f3n Platino al Grupo Lucart<\/a> por cuarto a\u00f1o consecutivo. Esta valoraci\u00f3n es obtenida solo por el 1 % de las empresas analizadas a nivel internacional.<\/p>\n<div id=\"gtx-trans\" style=\"position: absolute; left: -6px; top: 64.875px;\">\n<div class=\"gtx-trans-icon\"><\/div>\n<\/div>\n<p>[\/vc_column_text][\/vc_column][\/vc_row][vc_row full_width=&#8221;stretch_row&#8221; css=&#8221;.vc_custom_1728922185595{margin-top: 40px !important;}&#8221;][vc_column][vc_column_text css=&#8221;&#8221;]<\/p>\n<h2>\u00bfQu\u00e9 es Ecovadis?<\/h2>\n<p>Ecovadis es la agencia internacional de<strong> calificaci\u00f3n ESG<\/strong> que examina cada a\u00f1o a m\u00e1s de 150 000 empresas, de m\u00e1s de 250 sectores productivos en todo el mundo, <strong>evaluando sus actividades<\/strong> y sistemas de gesti\u00f3n en t\u00e9rminos <strong>de cuidado del medio ambiente y responsabilidad social<\/strong>.<\/p>\n<p>Ecovadis mide el desempe\u00f1o en sostenibilidad en <strong>4 \u00e1reas<\/strong>:<br \/>\n<strong>Medio ambiente, Trabajo y derechos humanos, \u00c9tica, Adquisiciones sostenibles<\/strong>[\/vc_column_text][\/vc_column][\/vc_row][vc_row full_width=&#8221;stretch_row&#8221; css=&#8221;.vc_custom_1761834227932{margin-bottom: 30px !important;}&#8221;][vc_column][vc_column_text css=&#8221;.vc_custom_1761834196444{margin-bottom: 0px !important;padding-bottom: 0px !important;}&#8221;]<\/p>\n<h2>Proceso de mejora<\/h2>\n<p>Lucart ha mejorado constantemente su calificaci\u00f3n de sostenibilidad:[\/vc_column_text][vc_single_image image=&#8221;25508&#8243; img_size=&#8221;full&#8221; alignment=&#8221;center&#8221; css=&#8221;.vc_custom_1761834159045{margin-top: 0px !important;padding-top: 0px !important;}&#8221;][\/vc_column][\/vc_row][vc_row full_width=&#8221;stretch_row&#8221; el_class=&#8221;follow_rows&#8221;][vc_column][vc_single_image image=&#8221;25572&#8243; img_size=&#8221;full&#8221; css=&#8221;&#8221;][vc_single_image image=&#8221;25578&#8243; img_size=&#8221;full&#8221; css=&#8221;&#8221;][\/vc_column][\/vc_row][vc_row full_width=&#8221;stretch_row&#8221;][vc_column][vc_column_text css=&#8221;&#8221;]<\/p>\n<h2>Objetivos de mejora 2025\/2026<\/h2>\n<p>[\/vc_column_text][\/vc_column][\/vc_row][vc_row][vc_column width=&#8221;1\/6&#8243; offset=&#8221;vc_col-lg-2 vc_col-xs-6&#8243;][vc_single_image image=&#8221;23922&#8243; img_size=&#8221;full&#8221; alignment=&#8221;center&#8221; css=&#8221;.vc_custom_1729500708100{margin-bottom: 0px !important;padding-right: 20px !important;padding-left: 10px !important;}&#8221;][vc_empty_space][vc_single_image image=&#8221;23929&#8243; img_size=&#8221;full&#8221; alignment=&#8221;center&#8221; css=&#8221;.vc_custom_1729500715926{margin-bottom: 0px !important;padding-right: 20px !important;padding-left: 10px !important;}&#8221;][vc_empty_space][\/vc_column][vc_column width=&#8221;5\/6&#8243; offset=&#8221;vc_col-lg-10 vc_col-xs-12&#8243;][vc_column_text css=&#8221;&#8221;]Lucart se ha unido a la <strong>Science Based Target Initiative<\/strong> (SBTi) para desarrollar un camino de <strong>descarbonizaci\u00f3n<\/strong> que cumpla con criterios cient\u00edficamente reconocidos, a trav\u00e9s de objetivos validados antes de finales de 2025.[\/vc_column_text][vc_column_text css=&#8221;&#8221;]En el \u00e1mbito de la responsabilidad \u00e9tica y social, Lucart se ha adherido al <strong>C\u00f3digo de Conducta<\/strong> de la <strong>AMFORI Business Social Compliance Initiative<\/strong> (BSCI) con el objetivo de obtener la certificaci\u00f3n antes de finales de 2025.[\/vc_column_text][\/vc_column][\/vc_row][vc_row][vc_column][vc_empty_space height=&#8221;80px&#8221;][\/vc_column][\/vc_row]<\/p>\n<\/div>","protected":false},"excerpt":{"rendered":"<p>[vc_row full_width=&#8221;stretch_row&#8221; css=&#8221;.vc_custom_1728922180178{background-position: center !important;background-repeat: no-repeat !important;background-size: cover !important;}&#8221; el_class=&#8221;sostenibilita_dati gradient_bk&#8221;][vc_column css=&#8221;.vc_custom_1728383404462{padding-top: 60px !important;padding-bottom: 20px !important;}&#8221;][vc_column_text css=&#8221;.vc_custom_1775125313975{padding-top: 60px !important;padding-bottom: 20px !important;}&#8221; el_class=&#8221;white_text&#8221;] Calificaci\u00f3n de Sostenibilidad Ecovadis concede la calificaci\u00f3n Platino [&hellip;]<\/p>\n","protected":false},"author":2,"featured_media":0,"parent":0,"menu_order":0,"comment_status":"closed","ping_status":"closed","template":"","meta":{"_acf_changed":false,"footnotes":""},"class_list":["post-25463","page","type-page","status-publish","hentry"],"acf":[],"_links":{"self":[{"href":"https:\/\/www.lucartgroup.com\/es\/wp-json\/wp\/v2\/pages\/25463","targetHints":{"allow":["GET"]}}],"collection":[{"href":"https:\/\/www.lucartgroup.com\/es\/wp-json\/wp\/v2\/pages"}],"about":[{"href":"https:\/\/www.lucartgroup.com\/es\/wp-json\/wp\/v2\/types\/page"}],"author":[{"embeddable":true,"href":"https:\/\/www.lucartgroup.com\/es\/wp-json\/wp\/v2\/users\/2"}],"replies":[{"embeddable":true,"href":"https:\/\/www.lucartgroup.com\/es\/wp-json\/wp\/v2\/comments?post=25463"}],"version-history":[{"count":4,"href":"https:\/\/www.lucartgroup.com\/es\/wp-json\/wp\/v2\/pages\/25463\/revisions"}],"predecessor-version":[{"id":26138,"href":"https:\/\/www.lucartgroup.com\/es\/wp-json\/wp\/v2\/pages\/25463\/revisions\/26138"}],"wp:attachment":[{"href":"https:\/\/www.lucartgroup.com\/es\/wp-json\/wp\/v2\/media?parent=25463"}],"curies":[{"name":"wp","href":"https:\/\/api.w.org\/{rel}","templated":true}]}}