{"id":22338,"date":"2023-08-03T16:13:26","date_gmt":"2023-08-03T14:13:26","guid":{"rendered":"https:\/\/www.lucartgroup.com\/vision-mission\/"},"modified":"2024-02-06T12:56:01","modified_gmt":"2024-02-06T11:56:01","slug":"vision-mission","status":"publish","type":"page","link":"https:\/\/www.lucartgroup.com\/es\/el-grupo\/vision-mission\/","title":{"rendered":"Vision e Mission"},"content":{"rendered":"<div class=\"wpb-content-wrapper\"><p>[vc_row full_width=&#8221;stretch_row_content_no_spaces&#8221; equal_height=&#8221;yes&#8221; el_class=&#8221;col_height_50vh custom_box-centered-content&#8221;][vc_column width=&#8221;1\/2&#8243; css=&#8221;.vc_custom_1707216637516{background-color: #004554 !important;}&#8221;][vc_custom_heading text=&#8221;Vision&#8221; font_container=&#8221;tag:h1|font_size:66px|text_align:center|color:%23ffffff|line_height:66px&#8221; use_theme_fonts=&#8221;yes&#8221; css=&#8221;.vc_custom_1707220328425{margin-top: 0px !important;margin-bottom: 0px !important;padding-top: 0px !important;padding-bottom: 0px !important;}&#8221;][vc_column_text css=&#8221;.vc_custom_1707220549027{margin-top: 0px !important;margin-right: 0px !important;margin-bottom: 0px !important;margin-left: 0px !important;padding-top: 0px !important;padding-right: 15px !important;padding-bottom: 0px !important;padding-left: 15px !important;}&#8221; el_class=&#8221;brand_pre_box_text white_text&#8221;]<\/p>\n<p style=\"text-align: center;\">Nuestro compromiso es crear modelos de negocio circulares para regenerar e incrementar el capital natural, social y econ\u00f3mico, porque queremos compartir un futuro sostenible con nuestros grupos de inter\u00e9s.<\/p>\n<p>[\/vc_column_text][\/vc_column][vc_column width=&#8221;1\/2&#8243; css=&#8221;.vc_custom_1707216645340{background-color: #5ea69b !important;}&#8221;][vc_custom_heading text=&#8221;Mission&#8221; font_container=&#8221;tag:h1|font_size:66px|text_align:center|color:%23ffffff|line_height:66px&#8221; use_theme_fonts=&#8221;yes&#8221; css=&#8221;.vc_custom_1707220335789{margin-top: 0px !important;margin-bottom: 0px !important;padding-top: 0px !important;padding-bottom: 0px !important;}&#8221;][vc_column_text css=&#8221;.vc_custom_1707220556106{margin-top: 0px !important;margin-right: 0px !important;margin-bottom: 0px !important;margin-left: 0px !important;padding-top: 0px !important;padding-right: 15px !important;padding-bottom: 0px !important;padding-left: 15px !important;}&#8221; el_class=&#8221;brand_pre_box_text white_text&#8221;]<\/p>\n<p style=\"text-align: center;\">Cuidamos de las personas y de los entornos en los que viven y trabajan con soluciones para la higiene y la protecci\u00f3n de los productos. La sostenibilidad es el elemento que contin\u00faa inspirando nuestra innovaci\u00f3n y la relaci\u00f3n con nuestros grupos de inter\u00e9s para construir un futuro mejor.<\/p>\n<p>[\/vc_column_text][\/vc_column][\/vc_row][vc_row full_width=&#8221;stretch_row&#8221; el_class=&#8221;box_ricerca_informazioni&#8221; css=&#8221;.vc_custom_1585904275736{background-image: url(https:\/\/www.lucartgroup.com\/wp-content\/uploads\/2019\/12\/van-tay-media-QklJV_Q0Pig-unsplash.jpg?id=3490) !important;background-position: center !important;background-repeat: no-repeat !important;background-size: cover !important;}&#8221;][vc_column][vc_column_text css=&#8221;.vc_custom_1707217829498{background-position: center !important;background-repeat: no-repeat !important;background-size: cover !important;}&#8221;]<\/p>\n<h4 style=\"text-align: left;\">\u00bfNecesitas informaci\u00f3n?<\/h4>\n<p style=\"text-align: left;\"><a href=\"https:\/\/www.lucartgroup.com\/es\/contacto\/\">PONTE EN CONTACTO CON NOSOTROS<\/a><\/p>\n<p>[\/vc_column_text][\/vc_column][\/vc_row]<\/p>\n<\/div>","protected":false},"excerpt":{"rendered":"<p>[vc_row full_width=&#8221;stretch_row_content_no_spaces&#8221; equal_height=&#8221;yes&#8221; el_class=&#8221;col_height_50vh custom_box-centered-content&#8221;][vc_column width=&#8221;1\/2&#8243; css=&#8221;.vc_custom_1707216637516{background-color: #004554 !important;}&#8221;][vc_custom_heading text=&#8221;Vision&#8221; font_container=&#8221;tag:h1|font_size:66px|text_align:center|color:%23ffffff|line_height:66px&#8221; use_theme_fonts=&#8221;yes&#8221; css=&#8221;.vc_custom_1707220328425{margin-top: 0px !important;margin-bottom: 0px !important;padding-top: 0px !important;padding-bottom: 0px !important;}&#8221;][vc_column_text css=&#8221;.vc_custom_1707220549027{margin-top: 0px !important;margin-right: 0px !important;margin-bottom: 0px !important;margin-left: 0px !important;padding-top: [&hellip;]<\/p>\n","protected":false},"author":2,"featured_media":0,"parent":6976,"menu_order":0,"comment_status":"closed","ping_status":"closed","template":"page-templates\/template_base.php","meta":{"_acf_changed":false,"footnotes":""},"class_list":["post-22338","page","type-page","status-publish","hentry"],"acf":[],"_links":{"self":[{"href":"https:\/\/www.lucartgroup.com\/es\/wp-json\/wp\/v2\/pages\/22338","targetHints":{"allow":["GET"]}}],"collection":[{"href":"https:\/\/www.lucartgroup.com\/es\/wp-json\/wp\/v2\/pages"}],"about":[{"href":"https:\/\/www.lucartgroup.com\/es\/wp-json\/wp\/v2\/types\/page"}],"author":[{"embeddable":true,"href":"https:\/\/www.lucartgroup.com\/es\/wp-json\/wp\/v2\/users\/2"}],"replies":[{"embeddable":true,"href":"https:\/\/www.lucartgroup.com\/es\/wp-json\/wp\/v2\/comments?post=22338"}],"version-history":[{"count":4,"href":"https:\/\/www.lucartgroup.com\/es\/wp-json\/wp\/v2\/pages\/22338\/revisions"}],"predecessor-version":[{"id":22393,"href":"https:\/\/www.lucartgroup.com\/es\/wp-json\/wp\/v2\/pages\/22338\/revisions\/22393"}],"up":[{"embeddable":true,"href":"https:\/\/www.lucartgroup.com\/es\/wp-json\/wp\/v2\/pages\/6976"}],"wp:attachment":[{"href":"https:\/\/www.lucartgroup.com\/es\/wp-json\/wp\/v2\/media?parent=22338"}],"curies":[{"name":"wp","href":"https:\/\/api.w.org\/{rel}","templated":true}]}}