{"id":7105,"date":"2018-10-16T10:53:45","date_gmt":"2018-10-16T08:53:45","guid":{"rendered":"https:\/\/www.lucartgroup.com\/legal-notes\/"},"modified":"2020-07-29T15:34:13","modified_gmt":"2020-07-29T13:34:13","slug":"rechtshinweise","status":"publish","type":"page","link":"https:\/\/www.lucartgroup.com\/de\/rechtshinweise\/","title":{"rendered":"Rechtshinweise"},"content":{"rendered":"<div class=\"wpb-content-wrapper\"><p>[vc_row el_class=&#8221;note-legali&#8221;][vc_column][vc_column_text el_class=&#8221;intro_page&#8221;]<\/p>\n<h2 style=\"text-align: center;\">Rechtshinweise<\/h2>\n<p>[\/vc_column_text][vc_column_text]<b>ANGABEN ZU DEN AUF DIESER WEBSITE VERF\u00dcGBAREN UNTERLAGEN<\/b><\/p>\n<p>&nbsp;<\/p>\n<p><b>Copyright<\/b><\/p>\n<p><span style=\"font-weight: 400;\">Alle auf dieser Website verf\u00fcgbaren Inhalte sind Eigentum der Lucart S.p.A. mit Sitz in Porcari (Lucca), Via Ciarpi, 77 und d\u00fcrfen nur mit Genehmigung des Inhabers der Urheberrechte und nur zu Informations- oder pers\u00f6nlichen Zwecken verwendet werden; jegliche kommerzielle Nutzung oder die \u00dcbertragung auf einen anderen Computer ist ausdr\u00fccklich verboten; ebenso ist es verboten, den Inhalt der Website selbst zu \u00e4ndern. Jede andere Nutzung ist ausdr\u00fccklich verboten. Zuwiderhandelnde unterliegen den entsprechenden zivil- und strafrechtlichen Ma\u00dfnahmen. Ebenso ist es potenziellen Wettbewerbern untersagt, die auf der Website des Unternehmens oder einer anderen, vom Unternehmen entwickelten, lizenzierten, kontrollierten oder in seinem Besitz stehenden Website enthaltenen Grafiken zu reproduzieren. Ohne ausdr\u00fcckliche Genehmigung des Unternehmens darf kein auf der Website enthaltenes Logo, grafisches Element, Ton- oder Bilddokument kopiert oder reproduziert werden. Die Bestandteile der Website sind handelsrechtlich gesch\u00fctzt, ihre Nutzung unterliegt den Bestimmungen zum Schutz des Markenrechts und gegen unlauteren Wettbewerb sowie anderen Rechtsvorschriften und sie d\u00fcrfen weder kopiert noch nachgeahmt werden.<\/span><\/p>\n<p><b>Haftungsausschluss<\/b><\/p>\n<p><span style=\"font-weight: 400;\">Die Lucart S.p.A. mit Sitz in Porcari (Lucca), Via Ciarpi, 77, haftet weder f\u00fcr die in den Seiten dieser Website sowie von ggf. noch zu erstellenden Seiten und in der entsprechenden Grafik enthaltenen Informationen, noch f\u00fcr die m\u00f6gliche Verletzung der Rechte Dritter und f\u00fcr Sch\u00e4den, darunter auch mittelbare Folgesch\u00e4den, oder f\u00fcr sonstige Sch\u00e4den jeglicher Art, einschlie\u00dflich solcher, die sich aus dem Verlust des Nutzungsrechts, dem Verlust von Informationen oder entgangenem Gewinn ergeben, oder die infolge von Vertragsbruch, Fahrl\u00e4ssigkeit oder sonstigen nachteiligen Handlungen entstehen, die sich aus der Nutzung der auf dieser Website verf\u00fcgbaren Informationen ergeben oder in irgendeiner Weise damit zusammenh\u00e4ngen. Das Unternehmen haftet nicht f\u00fcr technische Ungenauigkeiten oder Druckfehler; Alle enthaltenen Informationen unterliegen regelm\u00e4\u00dfigen \u00c4nderungen. Das Unternehmen kann jederzeit Verbesserungen oder \u00c4nderungen an den auf diesen Websites beschriebenen Produkten und Programmen vornehmen.<\/span><\/p>\n<p><b>Warenzeichen<\/b><\/p>\n<p><span style=\"font-weight: 400;\">Die Namen der auf dieser Website erw\u00e4hnten Produkte und Unternehmen k\u00f6nnen eingetragene Warenzeichen der jeweiligen Eigent\u00fcmer sein. Folglich ist die unbefugte Verwendung derselben ausdr\u00fccklich verboten.\u00a0<\/span><\/p>\n<p><span style=\"font-weight: 400;\">Alle nicht ausdr\u00fccklich in diesem Hinweis gew\u00e4hrten Rechte sind vorbehalten.\u00a0<\/span><\/p>\n<p><span style=\"font-weight: 400;\">COPYRIGHT-HINWEIS. Copyright \u00a9 2020 Lucart SpA. Alle Rechte vorbehalten.<\/span>[\/vc_column_text][\/vc_column][\/vc_row][vc_row full_width=&#8221;stretch_row&#8221; el_class=&#8221;box_ricerca_informazioni&#8221; css=&#8221;.vc_custom_1540194069456{background-image: url(https:\/\/www.lucartgroup.com\/wp-content\/uploads\/2018\/10\/contatti-1.jpg?id=132) !important;background-position: center !important;background-repeat: no-repeat !important;background-size: cover !important;}&#8221;][vc_column][vc_column_text css=&#8221;.vc_custom_1596029645339{background-position: center !important;background-repeat: no-repeat !important;background-size: cover !important;}&#8221;]<\/p>\n<h4 style=\"text-align: left;\">Sie wollen mehr dar\u00fcber wissen?<\/h4>\n<p style=\"text-align: left;\"><a href=\"https:\/\/www.lucartgroup.com\/en\/contacts\/\">Kontaktieren Sie uns<\/a><\/p>\n<p>[\/vc_column_text][\/vc_column][\/vc_row]<\/p>\n<\/div>","protected":false},"excerpt":{"rendered":"<p>[vc_row el_class=&#8221;note-legali&#8221;][vc_column][vc_column_text el_class=&#8221;intro_page&#8221;] Rechtshinweise [\/vc_column_text][vc_column_text]ANGABEN ZU DEN AUF DIESER WEBSITE VERF\u00dcGBAREN UNTERLAGEN &nbsp; Copyright Alle auf dieser Website verf\u00fcgbaren Inhalte sind Eigentum der Lucart S.p.A. mit Sitz in Porcari (Lucca), [&hellip;]<\/p>\n","protected":false},"author":2,"featured_media":0,"parent":0,"menu_order":0,"comment_status":"closed","ping_status":"closed","template":"page-templates\/template_base.php","meta":{"_acf_changed":false,"footnotes":""},"class_list":["post-7105","page","type-page","status-publish","hentry"],"acf":[],"_links":{"self":[{"href":"https:\/\/www.lucartgroup.com\/de\/wp-json\/wp\/v2\/pages\/7105","targetHints":{"allow":["GET"]}}],"collection":[{"href":"https:\/\/www.lucartgroup.com\/de\/wp-json\/wp\/v2\/pages"}],"about":[{"href":"https:\/\/www.lucartgroup.com\/de\/wp-json\/wp\/v2\/types\/page"}],"author":[{"embeddable":true,"href":"https:\/\/www.lucartgroup.com\/de\/wp-json\/wp\/v2\/users\/2"}],"replies":[{"embeddable":true,"href":"https:\/\/www.lucartgroup.com\/de\/wp-json\/wp\/v2\/comments?post=7105"}],"version-history":[{"count":4,"href":"https:\/\/www.lucartgroup.com\/de\/wp-json\/wp\/v2\/pages\/7105\/revisions"}],"predecessor-version":[{"id":12231,"href":"https:\/\/www.lucartgroup.com\/de\/wp-json\/wp\/v2\/pages\/7105\/revisions\/12231"}],"wp:attachment":[{"href":"https:\/\/www.lucartgroup.com\/de\/wp-json\/wp\/v2\/media?parent=7105"}],"curies":[{"name":"wp","href":"https:\/\/api.w.org\/{rel}","templated":true}]}}