{"id":7072,"date":"2018-10-22T16:09:37","date_gmt":"2018-10-22T14:09:37","guid":{"rendered":"https:\/\/www.lucartgroup.com\/sostenibilita\/progetti\/"},"modified":"2020-07-22T16:33:02","modified_gmt":"2020-07-22T14:33:02","slug":"projekte","status":"publish","type":"page","link":"https:\/\/www.lucartgroup.com\/de\/nachhaltigkeit\/projekte\/","title":{"rendered":"Projekte"},"content":{"rendered":"<div class=\"wpb-content-wrapper\"><p>[vc_row full_width=&#8221;stretch_row&#8221; css=&#8221;.vc_custom_1579689316968{background-image: url(https:\/\/www.lucartgroup.com\/wp-content\/uploads\/2020\/01\/progetti.jpg?id=3642) !important;background-position: center !important;background-repeat: no-repeat !important;background-size: cover !important;}&#8221; el_class=&#8221;progetti_top_box&#8221;][vc_column][vc_column_text el_class=&#8221;progetti-header&#8221;]<\/p>\n<h1 style=\"text-align: center;\">Wir setzen uns f\u00fcr eine nachhaltige Zukunft ein<\/h1>\n<p style=\"text-align: center;\">Entdecken Sie mehr \u00fcber unsere Projekte und Initiativen.<\/p>\n<p>[\/vc_column_text][\/vc_column][\/vc_row][vc_row css=&#8221;.vc_custom_1540286528884{background-position: center !important;background-repeat: no-repeat !important;background-size: cover !important;}&#8221;][vc_column][vc_column_text]<div class='progetti_contenitore clearfix'>\n\t\t\t\t<div class='listing-progetti clearfix'>\n\t\t\t\t\t<a class='progetto-img' href='https:\/\/www.lucartgroup.com\/de\/cpt_progetto\/paper-packaging\/'><img src='https:\/\/www.lucartgroup.com\/wp-content\/uploads\/2020\/03\/PaperPackaging_800x800.jpg'><\/a>\n\t\t\t\t\t\t\n\t\t\t\t\t<div class='singolo-progetto-content'>\n\t\t\t\t\t\t<div class='singolo_progetto_titolo'><a href='https:\/\/www.lucartgroup.com\/de\/cpt_progetto\/paper-packaging\/'><h2>Paper Packaging<\/h2><\/a><\/div>\n\t\t\t\t\t\t<div class='singolo_progetto_sottotitolo'><\/div>\n\t\t\t\t\t\t<div class='singolo_progetto_testo'>Wir setzen uns seit jeher f\u00fcr eine abfallfreie Wirtschaft ein. Deshalb haben wir in ein gro\u00dfes Forschungs- und Entwicklungsprojekt investiert, um den Kunststoffanteil in der Verpackung unserer Tissue-Produkte zu reduzieren.<\/div>\n\t\t\t\t\t\t<a href='https:\/\/www.lucartgroup.com\/de\/cpt_progetto\/paper-packaging\/' class='box_home_contatti_button' tabindex='0'>Mehr dar\u00fcber lesen<\/a>\n\t\t\t\t\t<\/div>\n\t\t\t\t<\/div>\n\t\t\n\t\t\t\t<div class='listing-progetti clearfix'>\n\t\t\t\t\t<a class='progetto-img' href='https:\/\/www.lucartgroup.com\/de\/cpt_progetto\/progetto-natural-linnovazione-circolare-che-crea-valore\/'><img src='https:\/\/www.lucartgroup.com\/wp-content\/uploads\/2020\/03\/800x800-progetto-Natural.jpg'><\/a>\n\t\t\t\t\t\t\n\t\t\t\t\t<div class='singolo-progetto-content'>\n\t\t\t\t\t\t<div class='singolo_progetto_titolo'><a href='https:\/\/www.lucartgroup.com\/de\/cpt_progetto\/progetto-natural-linnovazione-circolare-che-crea-valore\/'><h2>Projekt Natural: Innovative Kreislaufwirtschaft, die einen Mehrwert erbringt.<\/h2><\/a><\/div>\n\t\t\t\t\t\t<div class='singolo_progetto_sottotitolo'><\/div>\n\t\t\t\t\t\t<div class='singolo_progetto_testo'>2010 haben wir gemeinsam mit\u00a0Tetra Pak\u00ae das Projekt Natural ins Leben gerufen. Das nachhaltige und preisgekr\u00f6nte Kreislaufwirtschaftsprojekt ist ein Beispiel f\u00fcr die Weiterentwicklung der Papierherstellung aus recycelten Getr\u00e4nkekartons aus Tetra Pak\u00ae.<\/div>\n\t\t\t\t\t\t<a href='https:\/\/www.lucartgroup.com\/de\/cpt_progetto\/progetto-natural-linnovazione-circolare-che-crea-valore\/' class='box_home_contatti_button' tabindex='0'>Mehr dar\u00fcber lesen<\/a>\n\t\t\t\t\t<\/div>\n\t\t\t\t<\/div>\n\t\t<\/div><div class='side_contenitore_progetti'>\n\t\t\t\t\t<div class='cont_categorie'>\n\t\t\t\t\t\t<div class='cont_categorie_title'>Kategorien<\/div><a href='https:\/\/www.lucartgroup.com\/de\/nachhaltigkeit\/projekte\/?tx=' class='singola_categoria'><\/a><a href='https:\/\/www.lucartgroup.com\/de\/nachhaltigkeit\/projekte\/?tx=181' class='singola_categoria'>Nachhaltigkeit<\/a>\t<\/div>\n\t\t\t\t\t<div class='cont_date'>\n\t\t\t\t\t\t<div class='cont_categorie_title'>Archive<\/div><div class='anno_archivio chiuso'><div class='singolo_anno'>2020<\/div><a href='https:\/\/www.lucartgroup.com\/de\/nachhaltigkeit\/projekte\/?yy=2020&mm=3' class='singolo_mese'>M\u00e4rz<\/a><\/div><\/div><\/div><\/div>[\/vc_column_text][\/vc_column][\/vc_row]<\/p>\n<\/div>","protected":false},"excerpt":{"rendered":"<p>[vc_row full_width=&#8221;stretch_row&#8221; css=&#8221;.vc_custom_1579689316968{background-image: url(https:\/\/www.lucartgroup.com\/wp-content\/uploads\/2020\/01\/progetti.jpg?id=3642) !important;background-position: center !important;background-repeat: no-repeat !important;background-size: cover !important;}&#8221; el_class=&#8221;progetti_top_box&#8221;][vc_column][vc_column_text el_class=&#8221;progetti-header&#8221;] Wir setzen uns f\u00fcr eine nachhaltige Zukunft ein Entdecken Sie mehr \u00fcber unsere Projekte und Initiativen. [\/vc_column_text][\/vc_column][\/vc_row][vc_row [&hellip;]<\/p>\n","protected":false},"author":2,"featured_media":7073,"parent":7038,"menu_order":0,"comment_status":"closed","ping_status":"closed","template":"page-templates\/progetti.php","meta":{"_acf_changed":false,"footnotes":""},"class_list":["post-7072","page","type-page","status-publish","has-post-thumbnail","hentry"],"acf":[],"_links":{"self":[{"href":"https:\/\/www.lucartgroup.com\/de\/wp-json\/wp\/v2\/pages\/7072","targetHints":{"allow":["GET"]}}],"collection":[{"href":"https:\/\/www.lucartgroup.com\/de\/wp-json\/wp\/v2\/pages"}],"about":[{"href":"https:\/\/www.lucartgroup.com\/de\/wp-json\/wp\/v2\/types\/page"}],"author":[{"embeddable":true,"href":"https:\/\/www.lucartgroup.com\/de\/wp-json\/wp\/v2\/users\/2"}],"replies":[{"embeddable":true,"href":"https:\/\/www.lucartgroup.com\/de\/wp-json\/wp\/v2\/comments?post=7072"}],"version-history":[{"count":2,"href":"https:\/\/www.lucartgroup.com\/de\/wp-json\/wp\/v2\/pages\/7072\/revisions"}],"predecessor-version":[{"id":11623,"href":"https:\/\/www.lucartgroup.com\/de\/wp-json\/wp\/v2\/pages\/7072\/revisions\/11623"}],"up":[{"embeddable":true,"href":"https:\/\/www.lucartgroup.com\/de\/wp-json\/wp\/v2\/pages\/7038"}],"wp:featuredmedia":[{"embeddable":true,"href":"https:\/\/www.lucartgroup.com\/de\/wp-json\/wp\/v2\/media\/7073"}],"wp:attachment":[{"href":"https:\/\/www.lucartgroup.com\/de\/wp-json\/wp\/v2\/media?parent=7072"}],"curies":[{"name":"wp","href":"https:\/\/api.w.org\/{rel}","templated":true}]}}