{"id":7043,"date":"2019-01-23T16:45:46","date_gmt":"2019-01-23T15:45:46","guid":{"rendered":"https:\/\/www.lucartgroup.com\/obiettivi-di-sviluppo-sostenibili\/"},"modified":"2020-09-08T15:25:42","modified_gmt":"2020-09-08T13:25:42","slug":"ziele-fuer-nachhaltige-entwicklung","status":"publish","type":"page","link":"https:\/\/www.lucartgroup.com\/de\/nachhaltigkeit\/ziele-fuer-nachhaltige-entwicklung\/","title":{"rendered":"Ziele f\u00fcr nachhaltige Entwicklung"},"content":{"rendered":"<div class=\"wpb-content-wrapper\"><p>[vc_row full_width=&#8221;stretch_row&#8221; css=&#8221;.vc_custom_1577973843763{background-image: url(https:\/\/www.lucartgroup.com\/wp-content\/uploads\/2020\/01\/ObiettiviSviluppo_kevin-b-leigh-nLPOF9Z2oqA-unsplash.jpg?id=3625) !important;background-position: center !important;background-repeat: no-repeat !important;background-size: cover !important;}&#8221; el_class=&#8221;sostenibilita_top_box&#8221;][vc_column][vc_column_text]<\/p>\n<h1 style=\"text-align: center;\">Ziele f\u00fcr nachhaltige Entwicklung<\/h1>\n<p style=\"text-align: center;\">Am 25. September 2015 verabschiedete die Generalversammlung der Vereinten Nationen die<br \/>\nAgenda f\u00fcr nachhaltige Entwicklung, diese umfasst 17 Ziele f\u00fcr nachhaltige Entwicklung (SDGs), die<br \/>\nf\u00fcr den Zeitraum 2016-2030 gelten. Die SDGs stellen den konkretesten Weg zum Aufbau einer inklusiveren, gerechteren und umweltfreundlicheren Welt dar.<\/p>\n<p>[\/vc_column_text][\/vc_column][\/vc_row][vc_row el_class=&#8221;sostenibilita_dati logo-sdg&#8221;][vc_column][vc_empty_space height=&#8221;50px&#8221;][vc_single_image image=&#8221;7657&#8243; img_size=&#8221;full&#8221; alignment=&#8221;center&#8221;][\/vc_column][\/vc_row][vc_row el_class=&#8221;sostenibilita_dati&#8221;][vc_column][vc_column_text]<\/p>\n<p style=\"text-align: center;\">Unsere Strategie f\u00fcgt sich perfekt in den von den SDGs umrissenen Aktionsrahmen ein.<br \/>\nNach eingehender \u00dcberlegung, wie unser Unternehmen an der Umsetzung der 17 Ziele beitragen konnte,<br \/>\nhaben wir die folgenden Schwerpunktziele ausgew\u00e4hlt:<\/p>\n<p>[\/vc_column_text][vc_column_text]<div class='cont_blocchi_dati slick-carousel__container'><div class='blocco_dati sdg-box'><div class='singolo_dato clearfix float-sdg0'>\n\t        \t\t\t\t<div class='img_dato'><img src='https:\/\/www.lucartgroup.com\/wp-content\/uploads\/2020\/08\/SDG_icons_DE-03-1.jpg' class='listing-img-general listing-img'><\/div>\n\t        \t\t\t\t<div class='testi_dato'><div class='testo_piccolo test'><span class='testo_grosso'>3 <\/span> Gesundheit und Wohlergehen<\/div><div class='descrizione'>Wir legen gro\u00dfen Wert auf die Gesundheit und das Wohlbefinden unserer Mitarbeiter, Mitb\u00fcrger und Kunden, deshalb bem\u00fchen wir uns t\u00e4glich darum, Produkte anzubieten, die f\u00fcr Mensch und Umwelt sicher sind. Wir widmen der Ausbildung des Personals, der Wahl der Ausr\u00fcstung und der Anlagen sowie der Organisation, die das Fundament f\u00fcr den Arbeitsschutz darstellen, gr\u00f6\u00dfte Aufmerksamkeit.<\/div>\n\t        \t\t\t\t<\/div>\n\t        \t\t\t<\/div>\n\t        \t\t<\/div><div class='blocco_dati sdg-box'><div class='singolo_dato clearfix float-sdg1'>\n\t        \t\t\t\t<div class='img_dato'><img src='https:\/\/www.lucartgroup.com\/wp-content\/uploads\/2020\/08\/SDG_icons_DE-04-1.jpg' class='listing-img-general listing-img1'><\/div>\n\t        \t\t\t\t<div class='testi_dato'><div class='testo_piccolo test'><span class='testo_grosso'>4 <\/span> Hochwertige Bildung<\/div><div class='descrizione'>Wir investieren in eine hochwertige, gleichberechtigte und inklusive Bildung, um die Lebensbedingungen der Bev\u00f6lkerung zu verbessern. Denn wir sind davon \u00fcberzeugt, dass nur eine aktive Zusammenarbeit zwischen Wirtschaft und B\u00fcrgern die Gew\u00e4hr f\u00fcr die Entwicklung einer nachhaltigen Gesellschaft bietet. Unsere Produkte sollen die Verbraucher zu einem bewussten und nachhaltigen Lebensstil anregen. Wir unterst\u00fctzen Universit\u00e4ten und die wissenschaftliche Forschung durch Partnerschaften wie beispielsweise die mit der Universit\u00e4t der Gastronomischen Wissenschaften Pollenzo, der Universit\u00e4t Pisa und der Scuola Universitaria Superiore S.Anna in Pisa. <\/div>\n\t        \t\t\t\t<\/div>\n\t        \t\t\t<\/div>\n\t        \t\t<\/div><div class='blocco_dati sdg-box'><div class='singolo_dato clearfix float-sdg0'>\n\t        \t\t\t\t<div class='img_dato'><img src='https:\/\/www.lucartgroup.com\/wp-content\/uploads\/2020\/08\/SDG_icons_DE-06-1.jpg' class='listing-img-general listing-img2'><\/div>\n\t        \t\t\t\t<div class='testi_dato'><div class='testo_piccolo test'><span class='testo_grosso'>6 <\/span> Sauberes Wasser und Sanit\u00e4reinrichtungen<\/div><div class='descrizione'>Wasser ist ein kostbares und nur begrenzt verf\u00fcgbares Gut. F\u00fcr die Papierherstellung wird viel Wasser verbraucht. Wir sind uns daher sehr wohl bewusst, dass die industrielle Nutzung dieser Ressource in verantwortungsvoller Weise erfolgen muss und dass sie einen m\u00f6glichst geringen Verbrauch sowie die Qualit\u00e4t und Sauberkeit des am Ende des Produktionsprozesses anfallenden Abwassers gew\u00e4hrleisten muss. Wir untersuchen st\u00e4ndig das Prozess- und Abwasser und investieren in die besten Technologien, um den Verbrauch zu reduzieren. <\/div>\n\t        \t\t\t\t<\/div>\n\t        \t\t\t<\/div>\n\t        \t\t<\/div><div class='blocco_dati sdg-box'><div class='singolo_dato clearfix float-sdg1'>\n\t        \t\t\t\t<div class='img_dato'><img src='https:\/\/www.lucartgroup.com\/wp-content\/uploads\/2020\/08\/SDG_icons_DE-07.jpg' class='listing-img-general listing-img3'><\/div>\n\t        \t\t\t\t<div class='testi_dato'><div class='testo_piccolo test'><span class='testo_grosso'>7 <\/span> Bezahlbare und saubere Energie<\/div><div class='descrizione'>Bei der Papierherstellung wird sehr viel Energie verbraucht, deshalb haben wir bereits in den 80er Jahren beschlossen, in die modernsten Technologien zur Erzeugung von Strom, W\u00e4rme und Dampf f\u00fcr den Produktionsprozess zu investieren. Die f\u00fcr den Sektor am besten geeignete Technologie, die h\u00f6chste Effizienz, gleichbleibende Produktion und Reduzierung der Emissionen gew\u00e4hrleistet, sind KWK Methangasturbinen. Wo immer m\u00f6glich und auf den Energiebedarf der Anlagen abgestimmt, werden auch Photovoltaikanlagen eingesetzt.<\/div>\n\t        \t\t\t\t<\/div>\n\t        \t\t\t<\/div>\n\t        \t\t<\/div><div class='blocco_dati sdg-box'><div class='singolo_dato clearfix float-sdg0'>\n\t        \t\t\t\t<div class='img_dato'><img src='https:\/\/www.lucartgroup.com\/wp-content\/uploads\/2020\/08\/SDG_icons_DE-12.jpg' class='listing-img-general listing-img4'><\/div>\n\t        \t\t\t\t<div class='testi_dato'><div class='testo_piccolo test'><span class='testo_grosso'>12 <\/span> Nachhaltige\/r Konsum und Produktion<\/div><div class='descrizione'>Durch kontinuierliche Forschung und Innovation der Verfahren, Produkte und Gesch\u00e4ftsmodelle bem\u00fchen wir uns seit jeher der Zeit voraus sein und haben Techniken und Papiere entwickelt, die die Lebensqualit\u00e4t von Mitarbeitern und Verbrauchern verbessern und dabei die Umwelt schonen. So ist es kein Zufall, dass wir als erstes Unternehmen in Italien eine Linie von Hygieneprodukten aus Recyclingpapier mit biologisch abbaubarer Verpackung aus Mater-Bi auf den Markt gebracht haben. <\/div>\n\t        \t\t\t\t<\/div>\n\t        \t\t\t<\/div>\n\t        \t\t<\/div><div class='blocco_dati sdg-box'><div class='singolo_dato clearfix float-sdg1'>\n\t        \t\t\t\t<div class='img_dato'><img src='https:\/\/www.lucartgroup.com\/wp-content\/uploads\/2020\/08\/SDG_icons_DE-13.jpg' class='listing-img-general listing-img5'><\/div>\n\t        \t\t\t\t<div class='testi_dato'><div class='testo_piccolo test'><span class='testo_grosso'>13 <\/span> Massnahmen zum Klimaschutz<\/div><div class='descrizione'>Der Klimawandel ist wahrscheinlich die gr\u00f6\u00dfte Bedrohung, mit der wir uns in den n\u00e4chsten Jahren auseinandersetzen m\u00fcssen. Deshalb haben wir Pl\u00e4ne ausgearbeitet, um unsere CO<sub>2<\/sub>-Emissionen pro Tonne produzierten Papiers zu reduzieren. Die Entscheidung die Produktion von Recyclingpapier zu bevorzugen, bringt erhebliche Vorteile f\u00fcr die Umwelt mit sich, denn dadurch werden die CO<sub>2<\/sub>-Emissionen bei gleicher Papiermenge um etwa 16% reduziert.<\/div>\n\t        \t\t\t\t<\/div>\n\t        \t\t\t<\/div>\n\t        \t\t<\/div><div class='blocco_dati sdg-box'><div class='singolo_dato clearfix float-sdg0'>\n\t        \t\t\t\t<div class='img_dato'><img src='https:\/\/www.lucartgroup.com\/wp-content\/uploads\/2020\/08\/SDG_icons_DE-15.jpg' class='listing-img-general listing-img6'><\/div>\n\t        \t\t\t\t<div class='testi_dato'><div class='testo_piccolo test'><span class='testo_grosso'>15 <\/span> Leben an Land<\/div><div class='descrizione'>Wir m\u00fcssen das \u00d6kosystem der Erde und die von uns genutzten endlichen Ressourcen sch\u00fctzen. Aus diesem Grund legen wir gro\u00dfen Wert auf die Nachhaltigkeit der von uns verwendeten Rohstoffe, egal ob es sich dabei um reinen Zellstoff oder um Altpapier handelt. Der gesamte von uns verwendete Zellstoff stammt aus W\u00e4ldern mit einer nach FSC<sup>\u00ae<\/sup> und PEFC\u2122 zertifizierten Produktkette. Durch die Verwendung von Altpapier f\u00fcr die Herstellung von Tissue-Papier reduzieren wir den Verbrauch von aus Holz gewonnenem Zellstoff und tragen zur Erhaltung der Biodiversit\u00e4t bei.<\/div>\n\t        \t\t\t\t<\/div>\n\t        \t\t\t<\/div>\n\t        \t\t<\/div><div class='blocco_dati sdg-box'><div class='singolo_dato clearfix float-sdg1'>\n\t        \t\t\t\t<div class='img_dato'><img src='https:\/\/www.lucartgroup.com\/wp-content\/uploads\/2020\/08\/SDG_icons_DE-17.jpg' class='listing-img-general listing-img7'><\/div>\n\t        \t\t\t\t<div class='testi_dato'><div class='testo_piccolo test'><span class='testo_grosso'>17 <\/span> Partnerschaften zur erreichung der ziele<\/div><div class='descrizione'>Wir setzen uns stark f\u00fcr die Anwendung zirkul\u00e4rer Gesch\u00e4ftsmodelle ein und bevorzugen daher langfristige Partnerschaften mit Stellen, Unternehmen und Institutionen, die unsere Werte und Ziele teilen. Wie unser Projekt Natural beweist, kann die Kreislaufwirtschaft nur durch die gemeinsame Umsetzung von aufeinander abgestimmten Projekten und Aktionen durch einzelne B\u00fcrger, Institutionen und Unternehmen funktionieren.<\/div>\n\t        \t\t\t\t<\/div>\n\t        \t\t\t<\/div>\n\t        \t\t<\/div><\/div>[\/vc_column_text][\/vc_column][\/vc_row][vc_row full_width=&#8221;stretch_row&#8221; el_class=&#8221;box_ricerca_informazioni&#8221; css=&#8221;.vc_custom_1585903654397{background-image: url(https:\/\/www.lucartgroup.com\/wp-content\/uploads\/2019\/12\/van-tay-media-QklJV_Q0Pig-unsplash.jpg?id=3490) !important;background-position: center !important;background-repeat: no-repeat !important;background-size: cover !important;}&#8221;][vc_column][vc_column_text css=&#8221;.vc_custom_1582109969624{background-position: center !important;background-repeat: no-repeat !important;background-size: cover !important;}&#8221;]<\/p>\n<h4 style=\"text-align: left;\">Sie wollen mehr dar\u00fcber wissen?<\/h4>\n<p style=\"text-align: left;\"><a href=\"https:\/\/www.lucartgroup.com\/en\/contacts\/\">Kontaktieren Sie uns<\/a><\/p>\n<p>[\/vc_column_text][\/vc_column][\/vc_row]<\/p>\n<\/div>","protected":false},"excerpt":{"rendered":"<p>[vc_row full_width=&#8221;stretch_row&#8221; css=&#8221;.vc_custom_1577973843763{background-image: url(https:\/\/www.lucartgroup.com\/wp-content\/uploads\/2020\/01\/ObiettiviSviluppo_kevin-b-leigh-nLPOF9Z2oqA-unsplash.jpg?id=3625) !important;background-position: center !important;background-repeat: no-repeat !important;background-size: cover !important;}&#8221; el_class=&#8221;sostenibilita_top_box&#8221;][vc_column][vc_column_text] Ziele f\u00fcr nachhaltige Entwicklung Am 25. September 2015 verabschiedete die Generalversammlung der Vereinten Nationen die Agenda f\u00fcr nachhaltige [&hellip;]<\/p>\n","protected":false},"author":2,"featured_media":0,"parent":7038,"menu_order":0,"comment_status":"closed","ping_status":"closed","template":"page-templates\/pagina_sdg.php","meta":{"_acf_changed":false,"footnotes":""},"class_list":["post-7043","page","type-page","status-publish","hentry"],"acf":[],"_links":{"self":[{"href":"https:\/\/www.lucartgroup.com\/de\/wp-json\/wp\/v2\/pages\/7043","targetHints":{"allow":["GET"]}}],"collection":[{"href":"https:\/\/www.lucartgroup.com\/de\/wp-json\/wp\/v2\/pages"}],"about":[{"href":"https:\/\/www.lucartgroup.com\/de\/wp-json\/wp\/v2\/types\/page"}],"author":[{"embeddable":true,"href":"https:\/\/www.lucartgroup.com\/de\/wp-json\/wp\/v2\/users\/2"}],"replies":[{"embeddable":true,"href":"https:\/\/www.lucartgroup.com\/de\/wp-json\/wp\/v2\/comments?post=7043"}],"version-history":[{"count":4,"href":"https:\/\/www.lucartgroup.com\/de\/wp-json\/wp\/v2\/pages\/7043\/revisions"}],"predecessor-version":[{"id":12975,"href":"https:\/\/www.lucartgroup.com\/de\/wp-json\/wp\/v2\/pages\/7043\/revisions\/12975"}],"up":[{"embeddable":true,"href":"https:\/\/www.lucartgroup.com\/de\/wp-json\/wp\/v2\/pages\/7038"}],"wp:attachment":[{"href":"https:\/\/www.lucartgroup.com\/de\/wp-json\/wp\/v2\/media?parent=7043"}],"curies":[{"name":"wp","href":"https:\/\/api.w.org\/{rel}","templated":true}]}}