{"id":6960,"date":"2018-10-15T16:13:29","date_gmt":"2018-10-15T14:13:29","guid":{"rendered":"https:\/\/www.lucartgroup.com\/brand\/"},"modified":"2022-06-17T11:41:35","modified_gmt":"2022-06-17T09:41:35","slug":"unsere-marken","status":"publish","type":"page","link":"https:\/\/www.lucartgroup.com\/de\/unsere-marken\/","title":{"rendered":"Unsere Marken"},"content":{"rendered":"<div class=\"wpb-content-wrapper\"><p>[vc_row full_width=&#8221;stretch_row&#8221; css=&#8221;.vc_custom_1589276516515{background-image: url(https:\/\/www.lucartgroup.com\/wp-content\/uploads\/2020\/02\/INostriBrand_Header_low.jpg?id=4169) !important;background-position: center !important;background-repeat: no-repeat !important;background-size: cover !important;}&#8221; el_class=&#8221;sostenibilita_top_box show-sub&#8221;][vc_column][vc_column_text]<\/p>\n<h1 style=\"text-align: center;\">Unsere Marken<\/h1>\n<p style=\"text-align: center;\"><span style=\"font-weight: 400;\">Unsere Marken zeichnen die Geschichte von Lucart nach und beschreiben das fest auf den drei unsere T\u00e4tigkeit pr\u00e4genden Werten: Qualit\u00e4t, Nachhaltigkeit und Innovation gest\u00fctzte Gesamtangebot des Konzerns &#8211; von Konsumg\u00fctern bis hin zu Produkten f\u00fcr den professionellen Markt und BtoB.<\/span><\/p>\n<p>[\/vc_column_text][\/vc_column][\/vc_row][vc_row el_id=&#8221;away&#8221;][vc_column][vc_column_text el_class=&#8221;brand_pre_box&#8221;]<\/p>\n<h2 style=\"text-align: center;\">Away from Home<\/h2>\n<p>[\/vc_column_text][vc_column_text el_class=&#8221;brand_pre_box_text&#8221;]<\/p>\n<p style=\"text-align: center;\"><span style=\"font-weight: 400;\">Der Unternehmensbereich Away from Home<\/span> <span style=\"font-weight: 400;\">bietet innovative Hygienel\u00f6sungen, die Produkte aus Tissue-Papier <\/span><span style=\"font-weight: 400;\">(<\/span><span style=\"font-weight: 400;\">aus Prim\u00e4rfasern oder Altpapier) und Airlaid-Papier, Spendersysteme und Seifen umfassen.<\/span><\/p>\n<p style=\"text-align: center;\"><span style=\"font-weight: 400;\">Die Marken dieses Gesch\u00e4ftsbereichs wenden sich an die Akteure des Sektors und gew\u00e4hrleisten neben h\u00f6chster Servicequalit\u00e4t auch die volle Zufriedenheit der Endverbraucher <\/span><span style=\"font-weight: 400;\">(Krankenh\u00e4user, Kantinen, Schulen, Industrie, Restaurants, Hotels und viele mehr).<\/span><\/p>\n<p>[\/vc_column_text][\/vc_column][\/vc_row][vc_row full_width=&#8221;stretch_row_content_no_spaces&#8221;][vc_column][vc_column_text css=&#8221;.vc_custom_1584703655361{margin-bottom: 0px !important;}&#8221;]<div class='logo_block_first contenitore_list_loghi clearfix'><a href='https:\/\/www.lucartgroup.com\/de\/brands\/lucart-professional\/' class='list_singolo_brand lucart-professional dx clearfix' style='background-image:url(https:\/\/www.lucartgroup.com\/wp-content\/uploads\/2018\/10\/Lucart-Professionakl-EcoNatural-640x640@2x-500x500.jpg)'>\n\t\t\t\t\t\t<img src='https:\/\/www.lucartgroup.com\/wp-content\/uploads\/2018\/10\/LOGHI_BRAND_LUCART_PRO.png'>\n\t\t\t\t\t<\/a><a href='https:\/\/www.lucartgroup.com\/de\/brands\/fato\/' class='list_singolo_brand fato dx clearfix' style='background-image:url(https:\/\/www.lucartgroup.com\/wp-content\/uploads\/2018\/10\/Fato-640x640@2x2-500x500.jpg)'>\n\t\t\t\t\t\t<img src='https:\/\/www.lucartgroup.com\/wp-content\/uploads\/2018\/10\/LOGHI_BRAND_FATO-1.png'>\n\t\t\t\t\t<\/a><a href='https:\/\/www.lucartgroup.com\/de\/brands\/velo\/' class='list_singolo_brand velo sx clearfix' style='background-image:url(https:\/\/www.lucartgroup.com\/wp-content\/uploads\/2018\/10\/Foto-velo-@2x-500x500.jpg)'>\n\t\t\t\t\t\t<img src='https:\/\/www.lucartgroup.com\/wp-content\/uploads\/2018\/10\/nuovo-logo-velo.png'>\n\t\t\t\t\t<\/a><\/div>\n<div id=\"personalizzazioni\"><\/div>\n<p>[\/vc_column_text][\/vc_column][\/vc_row][vc_row full_width=&#8221;stretch_row&#8221; css=&#8221;.vc_custom_1596032971333{background-image: url(https:\/\/www.lucartgroup.com\/wp-content\/uploads\/2020\/01\/sotto-al-testo-Personalizzazioni.jpg?id=3763) !important;}&#8221; el_class=&#8221;brand_light_box&#8221; el_id=&#8221;personalisierung&#8221;][vc_column][vc_column_text el_class=&#8221;brand_pre_box&#8221;]<\/p>\n<h3 style=\"text-align: center;\">Personalisierung<\/h3>\n<p style=\"text-align: center;\"><span style=\"font-weight: 400;\">Im Ho.Re.Ca.-Bereich wird Papier seit jeher f\u00fcr die Tischausstattung verwendet und ist ein Element, das den Charakter und die Identit\u00e4t des Restaurants vermitteln kann. Lucart bietet zahllose M\u00f6glichkeiten zur individuellen Gestaltung von Servietten, Tischdecken und Besteckbeuteln aus Tissue- und Airlaid-Papier sowie Spendern f\u00fcr alle professionellen Catering-Bed\u00fcrfnisse.<\/span><\/p>\n<p>[\/vc_column_text][\/vc_column][\/vc_row][vc_row el_id=&#8221;consumer&#8221;][vc_column][vc_column_text el_class=&#8221;brand_pre_box&#8221;]<\/p>\n<h2 style=\"text-align: center;\">Consumer<\/h2>\n<p>[\/vc_column_text][vc_column_text el_class=&#8221;brand_pre_box_text&#8221;]<\/p>\n<p class=\"normal\" style=\"text-align: center;\"><span style=\"font-weight: 400;\">Die Marken des Gesch\u00e4ftsbereichs Consumer geh\u00f6ren mit ihren Hygiene- und Reinigungsprodukten (Toilettenpapier, Taschent\u00fccher, Servietten, Haushaltspapier) zum Alltag von Millionen von Menschen und machen den Konzern, sowohl f\u00fcr reine Zellstoff- als auch f\u00fcr Recyclingpapierprodukte, zu einem der Hauptakteure in Italien und zu einem Ansprechpartner des gro\u00dffl\u00e4chigen Einzelhandels in Europa.<\/span><\/p>\n<p>[\/vc_column_text][\/vc_column][\/vc_row][vc_row full_width=&#8221;stretch_row_content_no_spaces&#8221;][vc_column][vc_column_text css=&#8221;.vc_custom_1584703354819{margin-bottom: 0px !important;}&#8221;]<div class='logo_block_first contenitore_list_loghi clearfix'><a href='https:\/\/www.lucartgroup.com\/de\/brands\/tenderly\/' class='list_singolo_brand tenderly dx clearfix' style='background-image:url(https:\/\/www.lucartgroup.com\/wp-content\/uploads\/2018\/10\/banner_web_650x650px_tenderly_generico_09_2024_lucart-500x500.jpg)'>\n\t\t\t\t\t\t<img src='https:\/\/www.lucartgroup.com\/wp-content\/uploads\/2018\/10\/tenderly_logo.png'>\n\t\t\t\t\t<\/a><a href='https:\/\/www.lucartgroup.com\/de\/brands\/tutto\/' class='list_singolo_brand tutto dx clearfix' style='background-image:url(https:\/\/www.lucartgroup.com\/wp-content\/uploads\/2018\/10\/Tutto-500x500.jpg)'>\n\t\t\t\t\t\t<img src='https:\/\/www.lucartgroup.com\/wp-content\/uploads\/2018\/10\/LOGHI_BRAND_TUTTO_new.png'>\n\t\t\t\t\t<\/a><a href='https:\/\/www.lucartgroup.com\/de\/brands\/grazie-natural\/' class='list_singolo_brand grazie-natural sx clearfix' style='background-image:url(https:\/\/www.lucartgroup.com\/wp-content\/uploads\/2018\/11\/grazienatural_1.png)'>\n\t\t\t\t\t\t<img src='https:\/\/www.lucartgroup.com\/wp-content\/uploads\/2018\/10\/LOGHI_BRAND_GRAZIE_NATURAL_SQUARE.png'>\n\t\t\t\t\t<\/a><a href='https:\/\/www.lucartgroup.com\/de\/brands\/smile\/' class='list_singolo_brand smile sx clearfix' style='background-image:url(https:\/\/www.lucartgroup.com\/wp-content\/uploads\/2022\/04\/banner_smile-500x500.jpg)'>\n\t\t\t\t\t\t<img src='https:\/\/www.lucartgroup.com\/wp-content\/uploads\/2018\/10\/NUOVO_BRAND_SMILE.png'>\n\t\t\t\t\t<\/a><\/div>[\/vc_column_text][\/vc_column][\/vc_row][vc_row full_width=&#8221;stretch_row&#8221; css=&#8221;.vc_custom_1584703430585{background-image: url(https:\/\/www.lucartgroup.com\/wp-content\/uploads\/2020\/01\/shopping-cart-1275480.jpg?id=3766) !important;}&#8221; el_class=&#8221;brand_light_box&#8221; el_id=&#8221;label&#8221;][vc_column][vc_column_text el_class=&#8221;brand_pre_box&#8221;]<\/p>\n<h3 style=\"text-align: center;\">Private Label<\/h3>\n<p style=\"text-align: center;\">Wir arbeiten mit fast allen gro\u00dfen Einzelhandelsketten in Europa zusammen und unterst\u00fctzen die Unternehmen der Branche bei der Auswahl und Verpackung von auf ihre Kunden \u201ezugeschnittenen\u201c Produkten.<\/p>\n<p>[\/vc_column_text][\/vc_column][\/vc_row][vc_row el_id=&#8221;business&#8221;][vc_column][vc_column_text el_class=&#8221;brand_pre_box&#8221;]<\/p>\n<h2 style=\"text-align: center;\">Business to Business<\/h2>\n<p>[\/vc_column_text][vc_column_text el_class=&#8221;brand_pre_box_text&#8221;]<\/p>\n<p class=\"normal\" style=\"text-align: center;\"><span style=\"font-weight: 400;\">Der Gesch\u00e4ftsbereich Business to Business stellt gro\u00dfformatige Jumbo-Rollen f\u00fcr andere Papier verarbeitende Unternehmen her und bietet den Kunden eine dauerhafte Produktqualit\u00e4t und gleichbleibende Produktbeschaffenheit, einen hochwertigen Kundendienst und ein hohes Ma\u00df an Zuverl\u00e4ssigkeit. <\/span><\/p>\n<p>[\/vc_column_text][\/vc_column][\/vc_row][vc_row full_width=&#8221;stretch_row_content_no_spaces&#8221;][vc_column][vc_column_text css=&#8221;.vc_custom_1560852247676{margin-bottom: 0px !important;}&#8221; el_class=&#8221;b2b-listing&#8221;]<div class='logo_block_last contenitore_list_loghi clearfix'><a href='https:\/\/www.lucartgroup.com\/de\/brands\/carta-tissue\/' class='list_singolo_brand clearfix'>\n\t\t\t\t\t\t\t\t<h3 class='brand_titolo b2b-title'>Tissue-Papier<\/h3>\n\t\t\t\t\t\t<div class='cont_logo dx'><img src=''><\/div>\n\t\t\t\t\t\t<div class='img_rif_logo'>\n\t\t\t\t\t\t\t\t<img loading=\"lazy\" decoding=\"async\" width=\"500\" height=\"500\" src=\"https:\/\/www.lucartgroup.com\/wp-content\/uploads\/2018\/11\/Copia-di-ambiente-022-blu-500x500.jpg\" class=\"attachment-img_500x500 size-img_500x500\" alt=\"\" srcset=\"https:\/\/www.lucartgroup.com\/wp-content\/uploads\/2018\/11\/Copia-di-ambiente-022-blu-500x500.jpg 500w, https:\/\/www.lucartgroup.com\/wp-content\/uploads\/2018\/11\/Copia-di-ambiente-022-blu-150x150.jpg 150w, https:\/\/www.lucartgroup.com\/wp-content\/uploads\/2018\/11\/Copia-di-ambiente-022-blu-320x320.jpg 320w, https:\/\/www.lucartgroup.com\/wp-content\/uploads\/2018\/11\/Copia-di-ambiente-022-blu-125x125.jpg 125w, https:\/\/www.lucartgroup.com\/wp-content\/uploads\/2018\/11\/Copia-di-ambiente-022-blu-200x200.jpg 200w, https:\/\/www.lucartgroup.com\/wp-content\/uploads\/2018\/11\/Copia-di-ambiente-022-blu-260x260.jpg 260w, https:\/\/www.lucartgroup.com\/wp-content\/uploads\/2018\/11\/Copia-di-ambiente-022-blu-163x163.jpg 163w, https:\/\/www.lucartgroup.com\/wp-content\/uploads\/2018\/11\/Copia-di-ambiente-022-blu-230x230.jpg 230w, https:\/\/www.lucartgroup.com\/wp-content\/uploads\/2018\/11\/Copia-di-ambiente-022-blu-123x123.jpg 123w, https:\/\/www.lucartgroup.com\/wp-content\/uploads\/2018\/11\/Copia-di-ambiente-022-blu-660x660.jpg 660w, https:\/\/www.lucartgroup.com\/wp-content\/uploads\/2018\/11\/Copia-di-ambiente-022-blu-280x280.jpg 280w, https:\/\/www.lucartgroup.com\/wp-content\/uploads\/2018\/11\/Copia-di-ambiente-022-blu-360x360.jpg 360w\" sizes=\"auto, (max-width: 500px) 100vw, 500px\" \/><\/div>\n\t\t\t\t\t<\/a><a href='https:\/\/www.lucartgroup.com\/de\/brands\/einseitig-glattes-papier\/' class='list_singolo_brand clearfix'>\n\t\t\t\t\t\t\t\t<h3 class='brand_titolo b2b-title'>Einseitig glattes Papier<\/h3>\n\t\t\t\t\t\t<div class='cont_logo dx'><img src=''><\/div>\n\t\t\t\t\t\t<div class='img_rif_logo'>\n\t\t\t\t\t\t\t\t<img loading=\"lazy\" decoding=\"async\" width=\"500\" height=\"500\" src=\"https:\/\/www.lucartgroup.com\/wp-content\/uploads\/2019\/06\/veline-2-pg13-500x500.jpg\" class=\"attachment-img_500x500 size-img_500x500\" alt=\"\" srcset=\"https:\/\/www.lucartgroup.com\/wp-content\/uploads\/2019\/06\/veline-2-pg13-500x500.jpg 500w, https:\/\/www.lucartgroup.com\/wp-content\/uploads\/2019\/06\/veline-2-pg13-150x150.jpg 150w, https:\/\/www.lucartgroup.com\/wp-content\/uploads\/2019\/06\/veline-2-pg13-320x320.jpg 320w, https:\/\/www.lucartgroup.com\/wp-content\/uploads\/2019\/06\/veline-2-pg13-125x125.jpg 125w, https:\/\/www.lucartgroup.com\/wp-content\/uploads\/2019\/06\/veline-2-pg13-200x200.jpg 200w, https:\/\/www.lucartgroup.com\/wp-content\/uploads\/2019\/06\/veline-2-pg13-260x260.jpg 260w, https:\/\/www.lucartgroup.com\/wp-content\/uploads\/2019\/06\/veline-2-pg13-163x163.jpg 163w, https:\/\/www.lucartgroup.com\/wp-content\/uploads\/2019\/06\/veline-2-pg13-230x230.jpg 230w, https:\/\/www.lucartgroup.com\/wp-content\/uploads\/2019\/06\/veline-2-pg13-123x123.jpg 123w, https:\/\/www.lucartgroup.com\/wp-content\/uploads\/2019\/06\/veline-2-pg13-660x660.jpg 660w, https:\/\/www.lucartgroup.com\/wp-content\/uploads\/2019\/06\/veline-2-pg13-280x280.jpg 280w, https:\/\/www.lucartgroup.com\/wp-content\/uploads\/2019\/06\/veline-2-pg13-360x360.jpg 360w\" sizes=\"auto, (max-width: 500px) 100vw, 500px\" \/><\/div>\n\t\t\t\t\t<\/a><a href='https:\/\/www.lucartgroup.com\/de\/brands\/carta-airlaid\/' class='list_singolo_brand clearfix'>\n\t\t\t\t\t\t\t\t<h3 class='brand_titolo b2b-title'>Airlaid-Papier<\/h3>\n\t\t\t\t\t\t<div class='cont_logo sx'><img src=''><\/div>\n\t\t\t\t\t\t<div class='img_rif_logo'>\n\t\t\t\t\t\t\t\t<img loading=\"lazy\" decoding=\"async\" width=\"500\" height=\"500\" src=\"https:\/\/www.lucartgroup.com\/wp-content\/uploads\/2019\/06\/Lucart_482-airlaid-pg12-500x500.jpg\" class=\"attachment-img_500x500 size-img_500x500\" alt=\"\" srcset=\"https:\/\/www.lucartgroup.com\/wp-content\/uploads\/2019\/06\/Lucart_482-airlaid-pg12-500x500.jpg 500w, https:\/\/www.lucartgroup.com\/wp-content\/uploads\/2019\/06\/Lucart_482-airlaid-pg12-150x150.jpg 150w, https:\/\/www.lucartgroup.com\/wp-content\/uploads\/2019\/06\/Lucart_482-airlaid-pg12-320x320.jpg 320w, https:\/\/www.lucartgroup.com\/wp-content\/uploads\/2019\/06\/Lucart_482-airlaid-pg12-125x125.jpg 125w, https:\/\/www.lucartgroup.com\/wp-content\/uploads\/2019\/06\/Lucart_482-airlaid-pg12-200x200.jpg 200w, https:\/\/www.lucartgroup.com\/wp-content\/uploads\/2019\/06\/Lucart_482-airlaid-pg12-260x260.jpg 260w, https:\/\/www.lucartgroup.com\/wp-content\/uploads\/2019\/06\/Lucart_482-airlaid-pg12-163x163.jpg 163w, https:\/\/www.lucartgroup.com\/wp-content\/uploads\/2019\/06\/Lucart_482-airlaid-pg12-230x230.jpg 230w, https:\/\/www.lucartgroup.com\/wp-content\/uploads\/2019\/06\/Lucart_482-airlaid-pg12-123x123.jpg 123w, https:\/\/www.lucartgroup.com\/wp-content\/uploads\/2019\/06\/Lucart_482-airlaid-pg12-660x660.jpg 660w, https:\/\/www.lucartgroup.com\/wp-content\/uploads\/2019\/06\/Lucart_482-airlaid-pg12-280x280.jpg 280w, https:\/\/www.lucartgroup.com\/wp-content\/uploads\/2019\/06\/Lucart_482-airlaid-pg12-360x360.jpg 360w\" sizes=\"auto, (max-width: 500px) 100vw, 500px\" \/><\/div>\n\t\t\t\t\t<\/a><\/div>[\/vc_column_text][\/vc_column][\/vc_row][vc_row full_width=&#8221;stretch_row_content_no_spaces&#8221; disable_element=&#8221;yes&#8221;][vc_column][vc_column_text css=&#8221;.vc_custom_1560852236126{margin-bottom: 0px !important;}&#8221;]<div class='logo_block_first contenitore_list_loghi clearfix'><\/div>[\/vc_column_text][\/vc_column][\/vc_row][vc_row full_width=&#8221;stretch_row&#8221; css=&#8221;.vc_custom_1578585151942{margin-bottom: 5px !important;background-color: #e3e3e3 !important;background-position: center !important;background-repeat: no-repeat !important;background-size: contain !important;}&#8221; el_class=&#8221;sostenibilita_codice_etico&#8221;][vc_column][vc_column_text]<\/p>\n<p style=\"text-align: center;\"><a href=\"https:\/\/www.lucartgroup.com\/wp-content\/themes\/RED_template\/pdf\/CONDIZIONI-GENERALI-DI-VENDITA.pdf\" target=\"_blank\" rel=\"noopener noreferrer\">AGBs<\/a><\/p>\n<p>[\/vc_column_text][\/vc_column][\/vc_row][vc_row full_width=&#8221;stretch_row&#8221; el_class=&#8221;box_ricerca_informazioni&#8221; css=&#8221;.vc_custom_1585904112962{background-image: url(https:\/\/www.lucartgroup.com\/wp-content\/uploads\/2019\/12\/van-tay-media-QklJV_Q0Pig-unsplash.jpg?id=3490) !important;background-position: center !important;background-repeat: no-repeat !important;background-size: cover !important;}&#8221;][vc_column][vc_column_text css=&#8221;.vc_custom_1562579995283{background-position: center !important;background-repeat: no-repeat !important;background-size: cover !important;}&#8221;]<\/p>\n<h4 style=\"text-align: left;\">Sie wollen mehr dar\u00fcber wissen?<\/h4>\n<p style=\"text-align: left;\"><a href=\"https:\/\/www.lucartgroup.com\/en\/contacts\/\">Kontaktieren Sie uns<\/a><\/p>\n<p>[\/vc_column_text][\/vc_column][\/vc_row]<\/p>\n<\/div>","protected":false},"excerpt":{"rendered":"<p>[vc_row full_width=&#8221;stretch_row&#8221; css=&#8221;.vc_custom_1589276516515{background-image: url(https:\/\/www.lucartgroup.com\/wp-content\/uploads\/2020\/02\/INostriBrand_Header_low.jpg?id=4169) !important;background-position: center !important;background-repeat: no-repeat !important;background-size: cover !important;}&#8221; el_class=&#8221;sostenibilita_top_box show-sub&#8221;][vc_column][vc_column_text] Unsere Marken Unsere Marken zeichnen die Geschichte von Lucart nach und beschreiben das fest auf den drei [&hellip;]<\/p>\n","protected":false},"author":2,"featured_media":0,"parent":0,"menu_order":0,"comment_status":"closed","ping_status":"closed","template":"page-templates\/brand.php","meta":{"_acf_changed":false,"footnotes":""},"class_list":["post-6960","page","type-page","status-publish","hentry"],"acf":[],"_links":{"self":[{"href":"https:\/\/www.lucartgroup.com\/de\/wp-json\/wp\/v2\/pages\/6960","targetHints":{"allow":["GET"]}}],"collection":[{"href":"https:\/\/www.lucartgroup.com\/de\/wp-json\/wp\/v2\/pages"}],"about":[{"href":"https:\/\/www.lucartgroup.com\/de\/wp-json\/wp\/v2\/types\/page"}],"author":[{"embeddable":true,"href":"https:\/\/www.lucartgroup.com\/de\/wp-json\/wp\/v2\/users\/2"}],"replies":[{"embeddable":true,"href":"https:\/\/www.lucartgroup.com\/de\/wp-json\/wp\/v2\/comments?post=6960"}],"version-history":[{"count":5,"href":"https:\/\/www.lucartgroup.com\/de\/wp-json\/wp\/v2\/pages\/6960\/revisions"}],"predecessor-version":[{"id":18719,"href":"https:\/\/www.lucartgroup.com\/de\/wp-json\/wp\/v2\/pages\/6960\/revisions\/18719"}],"wp:attachment":[{"href":"https:\/\/www.lucartgroup.com\/de\/wp-json\/wp\/v2\/media?parent=6960"}],"curies":[{"name":"wp","href":"https:\/\/api.w.org\/{rel}","templated":true}]}}