{"id":6950,"date":"2018-10-15T16:14:09","date_gmt":"2018-10-15T14:14:09","guid":{"rendered":"https:\/\/www.lucartgroup.com\/contatti\/"},"modified":"2025-10-15T11:35:27","modified_gmt":"2025-10-15T09:35:27","slug":"kontakte","status":"publish","type":"page","link":"https:\/\/www.lucartgroup.com\/de\/kontakte\/","title":{"rendered":"Kontakte"},"content":{"rendered":"<div class=\"wpb-content-wrapper\"><p>[vc_row full_width=&#8221;stretch_row_content_no_spaces&#8221;][vc_column][vc_column_text el_class=&#8221;intro_page&#8221;]<\/p>\n<h1 style=\"text-align: center;\">Kontakte<\/h1>\n<p>[\/vc_column_text][vc_column_text]<div id='map-container'>\n\t\t\t\t\t<div id='map'><\/div>\n\t\t\t\t<\/div>[\/vc_column_text][vc_column_text]\n\t\t<div class='cont_fascia_sedi clearfix'>\n\t\t\t<div class='fascia_sedi clearfix'>\n\t\t\t\t<div class='fascia_sedi_left clearfix'>\n\t\t\t\t\t<div class='fascia_sedi_left_title'><div class='titolo_mappa'><h2>Headquarter<\/h2><\/div><\/div>\n\t\t\t\t\t<div class='fascia_sedi_left_content'>\n\t\t\t\t\t\t<div class='fascia_sedi_left_content_address'><p>Via Ciarpi, 77<br \/>\n55016 &#8211; Porcari (LU) &#8211; Italia<\/p>\n<\/div><div class='fascia_sedi_left_content_tel'><a href='tel:+3905832140'>+39 0583 2140 <\/a><\/div><div class='fascia_sedi_left_content_fax'>+39 0583 299051<\/div>\t\t<\/div>\n\t\t\t\t\t<div class='fascia_sedi_left_content_follow_title'>Folgen Sie uns auf<\/div>\n\t\t\t\t\t<div class='fascia_sedi_left_content_follow'><div class='socials-container ' id=''><div class='socials-container__single-social'><a href='https:\/\/www.facebook.com\/lucartgroup\/' target='_blank'><div class='socials-container__single-social__social-icon socials-container__single-social__social-icon--fa-facebook fa fa-brands fa-facebook'><\/div><\/a><\/div><div class='socials-container__single-social'><a href='https:\/\/www.youtube.com\/channel\/UCEuRqqe6PalxL-9W3inou0Q' target='_blank'><div class='socials-container__single-social__social-icon socials-container__single-social__social-icon--fa-youtube fa fa-brands fa-youtube'><\/div><\/a><\/div><div class='socials-container__single-social'><a href='https:\/\/www.linkedin.com\/company\/lucart-group' target='_blank'><div class='socials-container__single-social__social-icon socials-container__single-social__social-icon--fa-linkedin-in fa fa-brands fa-linkedin-in'><\/div><\/a><\/div><\/div><\/div>\n\t\t\t\t<\/div>\n\t\t\t\t<div class='fascia_sedi_right clearfix'>\n\t\t\t\t\t<div class='fascia_sedi_right_title'><h2>Andere Niederlassungen<\/h2><\/div>\n\t\t\t\t\t<div class='fascia_sedi_cont_sedi clearfix'>\n\t<div class='elenco_nazioni clearfix'><div class='singola_nazione selected' data-attr-nazione='Deutschland'>Deutschland<\/div><div class='singola_nazione ' data-attr-nazione='Frankreich'>Frankreich<\/div><div class='singola_nazione ' data-attr-nazione='Italien'>Italien<\/div><div class='singola_nazione ' data-attr-nazione='Spanien'>Spanien<\/div><div class='singola_nazione ' data-attr-nazione='Ungarn'>Ungarn<\/div><div class='singola_nazione ' data-attr-nazione='United Kingdom'>United Kingdom<\/div><\/div><div class='elenco_sedi clearfix'><div class='singola_sede selected' data-attr-nazione='Deutschland'>\n\t\t\t\t\t\t\t<div class='singola_sede_titolo'><h3>Lucart Deutschland GmbH<\/h3><\/div>\n\t\t\t\t\t\t\t<div class='fascia_sedi_left_content right_content'>\n\t\t\t\t\t\t\t<div class='fascia_sedi_left_content_address'><p>Tilsiter Stra\u00dfe 1<br \/>\n60487 &#8211; Frankfurt &#8211; Germany<\/p>\n<\/div>\t\t\t\t\n\t\t\t\t\t\t<\/div><\/div><div class='singola_sede ' data-attr-nazione='Frankreich'>\n\t\t\t\t\t\t\t<div class='singola_sede_titolo'><h3>Lucart S.a.s.<\/h3><\/div>\n\t\t\t\t\t\t\t<div class='fascia_sedi_left_content right_content'>\n\t\t\t\t\t\t\t<div class='fascia_sedi_left_content_address'><p>10, Rue Maurice Mougeot BP35<br \/>\n88600 &#8211; Laval sur Vologne &#8211; France<\/p>\n<\/div><div class='fascia_sedi_left_content_tel'><a href='tel:+33(0)329557878'>+33 (0)3 29557878 <\/a><\/div><div class='fascia_sedi_left_content_fax'>+33 (0)3 29557876<\/div>\t\t\t\t\n\t\t\t\t\t\t<\/div><\/div><div class='singola_sede ' data-attr-nazione='Italien'>\n\t\t\t\t\t\t\t<div class='singola_sede_titolo'><h3>Lucart S.p.A. - Standort Torre di Mosto<\/h3><\/div>\n\t\t\t\t\t\t\t<div class='fascia_sedi_left_content right_content'>\n\t\t\t\t\t\t\t<div class='fascia_sedi_left_content_address'><p>Via G. Galilei, 4 &#8211; Zona Industriale<br \/>\n30020 &#8211; Torre di Mosto (VE) &#8211; Italia<\/p>\n<\/div><div class='fascia_sedi_left_content_tel'><a href='tel:+390421312811'>+39 0421 312811<\/a><\/div>\t\t\t\t\n\t\t\t\t\t\t<\/div><\/div><div class='singola_sede ' data-attr-nazione='Italien'>\n\t\t\t\t\t\t\t<div class='singola_sede_titolo'><h3>Lucart S.p.A. - Standort Avigliano<\/h3><\/div>\n\t\t\t\t\t\t\t<div class='fascia_sedi_left_content right_content'>\n\t\t\t\t\t\t\t<div class='fascia_sedi_left_content_address'><p>Loc. Serra Ventaruli<br \/>\n85021\u00a0\u2013 Avigliano (PZ) \u2013 Italia<\/p>\n<\/div><div class='fascia_sedi_left_content_tel'><a href='tel:+390971703111'>+39 0971 703111<\/a><\/div>\t\t\t\t\n\t\t\t\t\t\t<\/div><\/div><div class='singola_sede ' data-attr-nazione='Italien'>\n\t\t\t\t\t\t\t<div class='singola_sede_titolo'><h3>Lucart Logistics Center Altopascio<\/h3><\/div>\n\t\t\t\t\t\t\t<div class='fascia_sedi_left_content right_content'>\n\t\t\t\t\t\t\t<div class='fascia_sedi_left_content_address'><p>Via del Palazzaccio, 56<br \/>\n55011 &#8211; Altopascio (LU) &#8211; Italia<\/p>\n<\/div><div class='fascia_sedi_left_content_tel'><a href='tel:+39058383701'>+39 0583 83701<\/a><\/div>\t\t\t\t\n\t\t\t\t\t\t<\/div><\/div><div class='singola_sede ' data-attr-nazione='Italien'>\n\t\t\t\t\t\t\t<div class='singola_sede_titolo'><h3>Lucart S.p.A. - Standort Diecimo<\/h3><\/div>\n\t\t\t\t\t\t\t<div class='fascia_sedi_left_content right_content'>\n\t\t\t\t\t\t\t<div class='fascia_sedi_left_content_address'><p>Zona Industriale<br \/>\n55023 &#8211; Diecimo (LU) &#8211; Italia<\/p>\n<\/div><div class='fascia_sedi_left_content_tel'><a href='tel:+39058383701'>+39 0583 83701 <\/a><\/div><div class='fascia_sedi_left_content_fax'>+39 0583 838262<\/div>\t\t\t\t\n\t\t\t\t\t\t<\/div><\/div><div class='singola_sede ' data-attr-nazione='Italien'>\n\t\t\t\t\t\t\t<div class='singola_sede_titolo'><h3>Lucart S.p.A. - Standort Castelnuovo di Garfagnana<\/h3><\/div>\n\t\t\t\t\t\t\t<div class='fascia_sedi_left_content right_content'>\n\t\t\t\t\t\t\t<div class='fascia_sedi_left_content_address'><p>Via Enrico Fermi, 13<br \/>\n55032 &#8211; Castelnuovo di Garfagnana (LU) &#8211; Italia<\/p>\n<\/div><div class='fascia_sedi_left_content_tel'><a href='tel:+3905836401'>+39 0583 6401<\/a><\/div><div class='fascia_sedi_left_content_fax'>+39 0583 658893<\/div>\t\t\t\t\n\t\t\t\t\t\t<\/div><\/div><div class='singola_sede ' data-attr-nazione='Spanien'>\n\t\t\t\t\t\t\t<div class='singola_sede_titolo'><h3>Lucart Tissue & Soap S.L.U - Standort Artziniega<\/h3><\/div>\n\t\t\t\t\t\t\t<div class='fascia_sedi_left_content right_content'>\n\t\t\t\t\t\t\t<div class='fascia_sedi_left_content_address'><p>Barrio Barretaguren 12<br \/>\n014474 &#8211; Artziniega (Alava) &#8211; Espa\u00f1a<\/p>\n<\/div><div class='fascia_sedi_left_content_tel'><a href='tel:+34945398100'>+34 945 398 100<\/a><\/div><div class='fascia_sedi_left_content_fax'>+34 945 398 101<\/div>\t\t\t\t\n\t\t\t\t\t\t<\/div><\/div><div class='singola_sede ' data-attr-nazione='Spanien'>\n\t\t\t\t\t\t\t<div class='singola_sede_titolo'><h3>Lucart Tissue & Soap S.L.U - Standort Aranguren <\/h3><\/div>\n\t\t\t\t\t\t\t<div class='fascia_sedi_left_content right_content'>\n\t\t\t\t\t\t\t<div class='fascia_sedi_left_content_address'><p class=\"p1\">Nicol\u00e1s Mar\u00eda Urgoiti s\/n<br \/>\n48850 &#8211; Aranguren (Bizkaia) &#8211; Espa\u00f1a<\/p>\n<\/div><div class='fascia_sedi_left_content_tel'><a href='tel:+34946670000'>+34 946 670 000<\/a><\/div><div class='fascia_sedi_left_content_fax'>+34 946 390 985<\/div>\t\t\t\t\n\t\t\t\t\t\t<\/div><\/div><div class='singola_sede ' data-attr-nazione='Spanien'>\n\t\t\t\t\t\t\t<div class='singola_sede_titolo'><h3>Lucart Tissue & Soap S.L.U - Lager Gue\u00f1es<\/h3><\/div>\n\t\t\t\t\t\t\t<div class='fascia_sedi_left_content right_content'>\n\t\t\t\t\t\t\t<div class='fascia_sedi_left_content_address'><p>Calle La Perenal, 2<br \/>\n48840 &#8211; Gue\u00f1es (Bizkaia) &#8211; Espa\u00f1a<\/p>\n<\/div><div class='fascia_sedi_left_content_tel'><a href='tel:+34945398100'>+34 945 398 100<\/a><\/div>\t\t\t\t\n\t\t\t\t\t\t<\/div><\/div><div class='singola_sede ' data-attr-nazione='Ungarn'>\n\t\t\t\t\t\t\t<div class='singola_sede_titolo'><h3>Lucart Kft.<\/h3><\/div>\n\t\t\t\t\t\t\t<div class='fascia_sedi_left_content right_content'>\n\t\t\t\t\t\t\t<div class='fascia_sedi_left_content_address'><p>Iparos utca 1 &#8211; 2536<\/p>\n<p>Nyerges\u00fajfalu &#8211; Hungary<\/p>\n<\/div><div class='fascia_sedi_left_content_tel'><a href='tel:+3633428128+3633428129'>+36 33428128 - +36 33428129<\/a><\/div><div class='fascia_sedi_left_content_fax'>+36 33428130<\/div>\t\t\t\t\n\t\t\t\t\t\t<\/div><\/div><div class='singola_sede ' data-attr-nazione='United Kingdom'>\n\t\t\t\t\t\t\t<div class='singola_sede_titolo'><h3>Lucart Hygiene Ltd.<\/h3><\/div>\n\t\t\t\t\t\t\t<div class='fascia_sedi_left_content right_content'>\n\t\t\t\t\t\t\t<div class='fascia_sedi_left_content_address'><p>Blackmore Park Rd, Hanley Swan,<br \/>\nWorcester WR8 0EF, Regno Unito<\/p>\n<\/div><div class='fascia_sedi_left_content_tel'><a href='tel:+44(0)1684893797'>+44 (0) 1684 893 797<\/a><\/div><div class='fascia_sedi_left_content_fax'>  +44 (0) 1684 893 593<\/div>\t\t\t\t\n\t\t\t\t\t\t<\/div><\/div><\/div>\n\t\t\t\t\t<\/div>\n\t\t\t\t<\/div>\n\t\t\t<\/div>\n\t\t<\/div>\n\t<div class=\"cont_forms clearfix\">\n\t\t\t\t\t<div class=\"cont-tabs\">\n\t\t\t\t\t<div class=\"title_pre_form_contatti\"><h2>Wenn Sie mehr wissen wollen, schreiben Sie uns<\/h2><\/div>\n\t\t\t\t\t<div class=\"subtitle_pre_form_contatti\">F\u00fcllen Sie das folgende Formular aus, unser Team wird sich schnellstm\u00f6glich mit Ihnen in Verbindung setzen<\/div>\n\t\t\t\t\t<div class=\"legenda_form\"><span class=\"red\">*<\/span> <span>Pflichtfeld<\/span><\/div>\n\t\t\t\t\t<div id=\"tabs\">\n\t\t\t\t\t<ul>\n\t\t<div id=\"tab1\" class=\"ui-tabs-panel ui-widget-content ui-corner-bottom\">\n\t\t<form method=\"post\" action=\"\/sendMail\/\">\n\t\t<div class=\"hp_campo_form\">\n\t\t\t<input type=\"text\" name=\"firstname\" id=\"firstname\">\n\t\t<\/div>\n\t\t<div class=\"campo_form\">\n    \t<label for=\"ciContattiDa\">Schreiben Sie uns, \u00fcber*<\/label>\n    \t<select name=\"ciContattiDa\" id=\"ciContattiDa\">\n        \t<option value=\"\">W\u00e4hlen<\/option><option value=\"15\">Afghanistan<\/option><option value=\"16\">Aland-Inseln<\/option><option value=\"17\">Albanien<\/option><option value=\"18\">Algerien<\/option><option value=\"19\">Amerikanisch-Samoa<\/option><option value=\"20\">Andorra<\/option><option value=\"21\">Angola<\/option><option value=\"22\">Anguilla<\/option><option value=\"23\">Antarktis<\/option><option value=\"24\">Antigua und Barbuda<\/option><option value=\"25\">Argentinien<\/option><option value=\"26\">Armenien<\/option><option value=\"27\">Aruba<\/option><option value=\"28\">Australien<\/option><option value=\"5\">\u00d6sterreich<\/option><option value=\"29\">Aserbaidschan<\/option><option value=\"30\">Bahamas<\/option><option value=\"31\">Bahrain<\/option><option value=\"32\">Bangladesch<\/option><option value=\"33\">Barbados<\/option><option value=\"34\">Wei\u00dfrussland<\/option><option value=\"8\">Belgien<\/option><option value=\"35\">Belize<\/option><option value=\"36\">Benin<\/option><option value=\"37\">Bermuda<\/option><option value=\"38\">Bhutan<\/option><option value=\"39\">Bolivien, Plurinationaler Staat<\/option><option value=\"40\">Bosnien und Herzegowina<\/option><option value=\"41\">Botswana<\/option><option value=\"42\">Bouvet-Insel<\/option><option value=\"43\">Brasilien<\/option><option value=\"44\">Britisches Territorium im Indischen Ozean<\/option><option value=\"45\">Brunei Darussalam<\/option><option value=\"46\">Bulgarien<\/option><option value=\"47\">Burkina Faso<\/option><option value=\"48\">Burundi<\/option><option value=\"49\">Kambodscha<\/option><option value=\"50\">Kamerun<\/option><option value=\"51\">Kanada<\/option><option value=\"52\">Kap Verde<\/option><option value=\"53\">Kaimaninseln<\/option><option value=\"54\">Zentralafrikanische Republik<\/option><option value=\"55\">Tschad<\/option><option value=\"56\">Chile<\/option><option value=\"57\">China<\/option><option value=\"58\">Weihnachtsinsel<\/option><option value=\"59\">Kokosinseln (Keeling)<\/option><option value=\"60\">Kolumbien<\/option><option value=\"61\">Komoren<\/option><option value=\"62\">Kongo<\/option><option value=\"63\">Kongo, Demokratische Republik<\/option><option value=\"64\">Cook-Inseln<\/option><option value=\"65\">Costa Rica<\/option><option value=\"66\">C\u00f4te D'Ivoire<\/option><option value=\"67\">Kroatien<\/option><option value=\"68\">Kuba<\/option><option value=\"69\">Zypern<\/option><option value=\"70\">Tschechische Republik<\/option><option value=\"12\">D\u00e4nemark<\/option><option value=\"71\">Dschibuti<\/option><option value=\"72\">Dominica<\/option><option value=\"73\">Dominikanische Republik<\/option><option value=\"74\">Ecuador<\/option><option value=\"75\">\u00c4gypten<\/option><option value=\"76\">El Salvador<\/option><option value=\"77\">\u00c4quatorialguinea<\/option><option value=\"78\">Eritrea<\/option><option value=\"79\">Estland<\/option><option value=\"80\">\u00c4thiopien<\/option><option value=\"81\">Falkland-Inseln (Malwinen)<\/option><option value=\"82\">F\u00e4r\u00f6er-Inseln<\/option><option value=\"83\">Fidschi<\/option><option value=\"84\">Finnland<\/option><option value=\"2\">Frankreich<\/option><option value=\"85\">Franz\u00f6sisch-Guayana<\/option><option value=\"86\">Franz\u00f6sisch-Polynesien<\/option><option value=\"87\">Franz\u00f6sische S\u00fcd- und Antarktisgebiete<\/option><option value=\"88\">Gabun<\/option><option value=\"89\">Gambia<\/option><option value=\"90\">Georgien<\/option><option value=\"3\">Deutschland<\/option><option value=\"91\">Ghana<\/option><option value=\"92\">Gibraltar<\/option><option value=\"9\">Gro\u00dfbritannien<\/option><option value=\"93\">Griechenland<\/option><option value=\"94\">Gr\u00f6nland<\/option><option value=\"95\">Grenada<\/option><option value=\"96\">Guadeloupe<\/option><option value=\"97\">Guam<\/option><option value=\"98\">Guatemala<\/option><option value=\"99\">Guernsey<\/option><option value=\"100\">Guinea<\/option><option value=\"101\">Guinea-Bissau<\/option><option value=\"102\">Guyana<\/option><option value=\"103\">Haiti<\/option><option value=\"104\">Heard und McDonaldinseln  <\/option><option value=\"105\">Heiliger Stuhl (Staat Vatikanstadt)<\/option><option value=\"106\">Honduras<\/option><option value=\"107\">Hong Kong<\/option><option value=\"108\">Ungarn<\/option><option value=\"109\">Island<\/option><option value=\"110\">Indien<\/option><option value=\"111\">Indonesien<\/option><option value=\"112\">Iran, Islamische Republik<\/option><option value=\"113\">Irak<\/option><option value=\"13\">Irland<\/option><option value=\"114\">Insel Man<\/option><option value=\"115\">Israel<\/option><option value=\"1\">Italien<\/option><option value=\"116\">Jamaika<\/option><option value=\"117\">Japan<\/option><option value=\"118\">Jersey<\/option><option value=\"119\">Jordanien<\/option><option value=\"120\">Kasachstan<\/option><option value=\"121\">Kenia<\/option><option value=\"122\">Kiribati<\/option><option value=\"123\">Korea, Demokratische Volksrepublik<\/option><option value=\"124\">Korea, Republik<\/option><option value=\"125\">Kuwait<\/option><option value=\"126\">Kirgisistan<\/option><option value=\"127\">Demokratische Volksrepublik Laos<\/option><option value=\"128\">Lettland<\/option><option value=\"129\">Libanon<\/option><option value=\"130\">Lesotho<\/option><option value=\"131\">Liberia<\/option><option value=\"132\">Libysch-Arabische Dschamahirija<\/option><option value=\"133\">Liechtenstein<\/option><option value=\"134\">Litauen<\/option><option value=\"7\">Luxemburg<\/option><option value=\"135\">Macau<\/option><option value=\"136\">Mazedonien, Ehemalige Jugoslawische Republik<\/option><option value=\"137\">Madagaskar<\/option><option value=\"138\">Malawi<\/option><option value=\"139\">Malaysia<\/option><option value=\"140\">Malediven<\/option><option value=\"141\">Mali<\/option><option value=\"142\">Malta<\/option><option value=\"143\">Marshall-Inseln<\/option><option value=\"144\">Martinique<\/option><option value=\"145\">Mauretanien<\/option><option value=\"146\">Mauritius<\/option><option value=\"147\">Mayotte<\/option><option value=\"148\">Mexiko<\/option><option value=\"149\">Mikronesien, F\u00f6derierte Staaten<\/option><option value=\"150\">Moldawien, Republik<\/option><option value=\"151\">Monaco<\/option><option value=\"152\">Mongolei<\/option><option value=\"153\">Montenegro<\/option><option value=\"154\">Montserrat<\/option><option value=\"155\">Marokko<\/option><option value=\"156\">Mosambik<\/option><option value=\"157\">Myanmar<\/option><option value=\"158\">Namibia<\/option><option value=\"159\">Nauru<\/option><option value=\"160\">Nepal<\/option><option value=\"161\">Niederl\u00e4ndische Antillen<\/option><option value=\"162\">Neukaledonien<\/option><option value=\"163\">Neuseeland<\/option><option value=\"164\">Nicaragua<\/option><option value=\"165\">Niger<\/option><option value=\"166\">Nigeria<\/option><option value=\"167\">Niue<\/option><option value=\"168\">Norfolkinsel<\/option><option value=\"169\">N\u00f6rdliche Marianen-Inseln<\/option><option value=\"170\">Norwegen<\/option><option value=\"6\">Niederlande<\/option><option value=\"171\">Oman<\/option><option value=\"172\">Pakistan<\/option><option value=\"173\">Palau<\/option><option value=\"174\">Pal\u00e4stinensische Gebiete, besetzte<\/option><option value=\"175\">Panama<\/option><option value=\"176\">Papua-Neuguinea<\/option><option value=\"177\">Paraguay<\/option><option value=\"178\">Peru<\/option><option value=\"179\">Philippinen<\/option><option value=\"180\">Pitcairn<\/option><option value=\"181\">Polen<\/option><option value=\"11\">Portugal<\/option><option value=\"182\">Puerto Rico<\/option><option value=\"183\">Katar<\/option><option value=\"184\">La R\u00e9union<\/option><option value=\"185\">Rum\u00e4nien<\/option><option value=\"186\">Russische F\u00f6deration<\/option><option value=\"187\">Ruanda<\/option><option value=\"188\">Saint-Barth\u00e9lemy<\/option><option value=\"189\">St. Helena<\/option><option value=\"190\">St. Kitts und Nevis<\/option><option value=\"191\">St. Lucia<\/option><option value=\"192\">St. Martin<\/option><option value=\"193\">St. Pierre und Miquelon<\/option><option value=\"194\">St. Vincent und die Grenadinen<\/option><option value=\"195\">Samoa<\/option><option value=\"196\">San Marino<\/option><option value=\"197\">S\u00e3o Tom\u00e9 und Pr\u00edncipe<\/option><option value=\"198\">Saudi-Arabien<\/option><option value=\"199\">Senegal<\/option><option value=\"200\">Serbien<\/option><option value=\"201\">Seychellen<\/option><option value=\"202\">Sierra Leone<\/option><option value=\"203\">Singapur<\/option><option value=\"204\">Slowakei<\/option><option value=\"205\">Slowenien<\/option><option value=\"206\">Salomon-Inseln<\/option><option value=\"207\">Somalia<\/option><option value=\"208\">S\u00fcdafrika<\/option><option value=\"209\">S\u00fcdgeorgien und die S\u00fcdlichen Sandwichinseln<\/option><option value=\"10\">Spanien<\/option><option value=\"210\">Sri Lanka<\/option><option value=\"211\">Sudan<\/option><option value=\"212\">Surinam<\/option><option value=\"213\">Svalbard und Jan Mayen<\/option><option value=\"4\">Schweiz<\/option><option value=\"214\">Swasiland<\/option><option value=\"215\">Schweden<\/option><option value=\"216\">Arabische Republik Syrien<\/option><option value=\"217\">Taiwan, Provinz von China<\/option><option value=\"218\">Tadschikistan<\/option><option value=\"219\">Tansania, Vereinigte Republik<\/option><option value=\"220\">Thailand<\/option><option value=\"221\">Osttimor<\/option><option value=\"222\">Togo<\/option><option value=\"223\">Tokelau<\/option><option value=\"224\">Tonga<\/option><option value=\"225\">Trinidad und Tobago<\/option><option value=\"226\">Tunesien<\/option><option value=\"227\">T\u00fcrkei<\/option><option value=\"228\">Turkmenistan<\/option><option value=\"229\">Turks- und Caicosinseln<\/option><option value=\"230\">Tuvalu<\/option><option value=\"231\">Uganda<\/option><option value=\"232\">Ukraine<\/option><option value=\"233\">Vereinigte Arabische Emirate<\/option><option value=\"234\">USA<\/option><option value=\"235\">United States Minor Outlying Islands<\/option><option value=\"236\">Uruguay<\/option><option value=\"237\">Usbekistan<\/option><option value=\"238\">Vanuatu<\/option><option value=\"239\">Venezuela<\/option><option value=\"240\">Vietnam<\/option><option value=\"241\">Jungferninseln, Britische<\/option><option value=\"242\">Jungferninseln, USA<\/option><option value=\"243\">Wallis und Futuna<\/option><option value=\"244\">Westsahara<\/option><option value=\"245\">Jemen<\/option><option value=\"246\">Sambia<\/option><option value=\"247\">Simbabwe<\/option><\/select>\n\t\t<\/div>\n\t\t<div class=\"campo_form\">\n    \t<label for=\"ciContattiPer\">Schreiben Sie uns, um*<\/label>\n    \t<select name=\"ciContattiPer\" id=\"ciContattiPer\"><option value=\"1\">Erwerb von AFH-Produkten<\/option><option value=\"2\">Erwerb von BtoB-Produkten (Jumbo-Rollen)<\/option><option value=\"3\">Erwerb von Verbraucherprodukten<\/option><option value=\"4\">Bereitstellung von Rohstoffen<\/option><option value=\"5\">Bereitstellung anderer Materialien<\/option><option value=\"6\">Verbraucherinformationen<\/option><option value=\"7\">Logistik<\/option><option value=\"8\">Abteilung - AFH-Marketing<\/option><option value=\"9\">Abteilung - Verbrauchermarketing<\/option><option value=\"10\">Abteilung - \u00d6ffentlichkeitsarbeit<\/option><option value=\"11\">Weitere<\/option><\/select>\n\t\t<\/div>\n\t\t<div class=\"campo_form\">\t\n    \t<label for=\"nome\">Vorname*<\/label>\n        <input type=\"text\" name=\"nome\" id=\"nome\" required>\n\t\t<\/div>\n        <div class=\"campo_form\">\n    \t<label for=\"cognome\">Nachname*<\/label>\n        <input type=\"text\" name=\"cognome\" id=\"cognome\" required>\n\t\t<\/div>\n\t\t<div class=\"campo_form\">\n    \t<label for=\"email\">E-Mail*<\/label>\n        <input type=\"email\" name=\"email\" id=\"email\" required>\n        <\/div>\n\t\t<div class=\"campo_form\">\n    \t<label for=\"azienda\">Firma<\/label>\n        <input type=\"text\" name=\"azienda\" id=\"azienda\">\n        <\/div>\n\t\t<div class=\"campo_form\">\n    \t<label for=\"qualifica\">Berufsabschluss<\/label>\n        <input type=\"text\" name=\"qualifica\" id=\"qualifica\">\n        <\/div>\n\t\t<div class=\"campo_form\">\n    \t<label for=\"indirizzo\">Adresse<\/label>\n        <input type=\"text\" name=\"indirizzo\" id=\"indirizzo\">\n        <\/div>\n\t\t<div class=\"campo_form campo_wide\">\n    \t<label for=\"messaggio\">Mitteilung*<\/label>\n\t\t<div class=\"campo_form_input\">\t\n        <textarea name=\"messaggio\" id=\"messaggio\" required><\/textarea>\n\t\t<\/div>\n\t\t<\/div><a class=\"d-block\" href=\"https:\/\/www.lucartgroup.com\/wp-content\/themes\/RED_template\/assets\/pdf\/de\/INFORMATIVA%20UTENTE%20FORM%20CONTATTACI%20SITO%20WEB%20Rev03_10.2024.pdf\" target=\"_blank\">Kontaktinformationen<\/a><br><label class=\"label-checkbox\" for=\"terminiAccettazione\"><input type=\"checkbox\" name=\"terminiAccettazione\" id=\"terminiAccettazione\" value=\"1\" required><span class=\"checkmark\"><\/span><span class=\"label-dec\">Ich best\u00e4tige, dass ich die Informationen zur Verarbeitung personenbezogener Daten gelesen und verstanden habe und mit der Verarbeitung der mich betreffenden Daten zu den angegebenen Zwecken einverstanden bin<\/span><\/label><br><br>\n\t\t<input type=\"hidden\" name=\"recaptcha_response\" id=\"recaptchaResponse\">\n\t\t<input type=\"submit\" value=\"einreichen\">\n    <\/form><br>\n<br>Diese Webseite ist durch das Antispam-System Google Recaptcha gesch\u00fctzt.\n<a href=\"https:\/\/policies.google.com\/privacy\">Datenschutzerkl\u00e4rung<\/a> und<a href=\"https:\/\/policies.google.com\/terms\">Nutzungsbedingungen<\/a>.<\/div><\/ul><\/div><\/div>\n\t\n\t\t<div class=\"banner_contatti\" style=\"background-image:url()\">\n\t\t\t<div class=\"banner_contatti_cont\">\n\t\t\t\t<div class=\"banner_contatti_titolo\"><\/div>\n\t\t\t\t<div class=\"banner_contatti_testo\"><\/div>\n\t\t\t\t<a href=\"\" class=\"banner_contatti_link\"><\/a>\n\t\t\t<\/div>\n\t\t<\/div>\n\t<\/div>[\/vc_column_text][\/vc_column][\/vc_row]<\/p>\n<\/div>","protected":false},"excerpt":{"rendered":"<p>[vc_row full_width=&#8221;stretch_row_content_no_spaces&#8221;][vc_column][vc_column_text el_class=&#8221;intro_page&#8221;] Kontakte [\/vc_column_text][vc_column_text][\/vc_column_text][vc_column_text][\/vc_column_text][\/vc_column][\/vc_row]<\/p>\n","protected":false},"author":2,"featured_media":6951,"parent":0,"menu_order":0,"comment_status":"closed","ping_status":"closed","template":"page-templates\/contatti.php","meta":{"_acf_changed":false,"footnotes":""},"class_list":["post-6950","page","type-page","status-publish","has-post-thumbnail","hentry"],"acf":[],"_links":{"self":[{"href":"https:\/\/www.lucartgroup.com\/de\/wp-json\/wp\/v2\/pages\/6950","targetHints":{"allow":["GET"]}}],"collection":[{"href":"https:\/\/www.lucartgroup.com\/de\/wp-json\/wp\/v2\/pages"}],"about":[{"href":"https:\/\/www.lucartgroup.com\/de\/wp-json\/wp\/v2\/types\/page"}],"author":[{"embeddable":true,"href":"https:\/\/www.lucartgroup.com\/de\/wp-json\/wp\/v2\/users\/2"}],"replies":[{"embeddable":true,"href":"https:\/\/www.lucartgroup.com\/de\/wp-json\/wp\/v2\/comments?post=6950"}],"version-history":[{"count":4,"href":"https:\/\/www.lucartgroup.com\/de\/wp-json\/wp\/v2\/pages\/6950\/revisions"}],"predecessor-version":[{"id":25426,"href":"https:\/\/www.lucartgroup.com\/de\/wp-json\/wp\/v2\/pages\/6950\/revisions\/25426"}],"wp:featuredmedia":[{"embeddable":true,"href":"https:\/\/www.lucartgroup.com\/de\/wp-json\/wp\/v2\/media\/6951"}],"wp:attachment":[{"href":"https:\/\/www.lucartgroup.com\/de\/wp-json\/wp\/v2\/media?parent=6950"}],"curies":[{"name":"wp","href":"https:\/\/api.w.org\/{rel}","templated":true}]}}