{"id":22336,"date":"2023-08-03T16:13:26","date_gmt":"2023-08-03T14:13:26","guid":{"rendered":"https:\/\/www.lucartgroup.com\/vision-mission\/"},"modified":"2024-02-06T12:55:27","modified_gmt":"2024-02-06T11:55:27","slug":"vision-mission","status":"publish","type":"page","link":"https:\/\/www.lucartgroup.com\/de\/konzern\/vision-mission\/","title":{"rendered":"Vision e Mission"},"content":{"rendered":"<div class=\"wpb-content-wrapper\"><p>[vc_row full_width=&#8221;stretch_row_content_no_spaces&#8221; equal_height=&#8221;yes&#8221; el_class=&#8221;col_height_50vh custom_box-centered-content&#8221;][vc_column width=&#8221;1\/2&#8243; css=&#8221;.vc_custom_1707216637516{background-color: #004554 !important;}&#8221;][vc_custom_heading text=&#8221;Vision&#8221; font_container=&#8221;tag:h1|font_size:66px|text_align:center|color:%23ffffff|line_height:66px&#8221; use_theme_fonts=&#8221;yes&#8221; css=&#8221;.vc_custom_1707220297676{margin-top: 0px !important;margin-bottom: 0px !important;padding-top: 0px !important;padding-bottom: 0px !important;}&#8221;][vc_column_text css=&#8221;.vc_custom_1707220514389{margin-top: 0px !important;margin-right: 0px !important;margin-bottom: 0px !important;margin-left: 0px !important;padding-top: 0px !important;padding-right: 15px !important;padding-bottom: 0px !important;padding-left: 15px !important;}&#8221; el_class=&#8221;brand_pre_box_text white_text&#8221;]<\/p>\n<p style=\"text-align: center;\">Wir setzen uns f\u00fcr zirkul\u00e4re Gesch\u00e4ftsmodelle ein, um das \u00f6kologische, soziale und wirtschaftliche Kapital zu regenerieren und zu erh\u00f6hen und auf diese Weise gemeinsam mit unseren Stakeholder:innen eine nachhaltige Zukunft zu gestalten.<\/p>\n<p>[\/vc_column_text][\/vc_column][vc_column width=&#8221;1\/2&#8243; css=&#8221;.vc_custom_1707216645340{background-color: #5ea69b !important;}&#8221;][vc_custom_heading text=&#8221;Mission&#8221; font_container=&#8221;tag:h1|font_size:66px|text_align:center|color:%23ffffff|line_height:66px&#8221; use_theme_fonts=&#8221;yes&#8221; css=&#8221;.vc_custom_1707220302756{margin-top: 0px !important;margin-bottom: 0px !important;padding-top: 0px !important;padding-bottom: 0px !important;}&#8221;][vc_column_text css=&#8221;.vc_custom_1707220521354{margin-top: 0px !important;margin-right: 0px !important;margin-bottom: 0px !important;margin-left: 0px !important;padding-top: 0px !important;padding-right: 15px !important;padding-bottom: 0px !important;padding-left: 15px !important;}&#8221; el_class=&#8221;brand_pre_box_text white_text&#8221;]<\/p>\n<p style=\"text-align: center;\">Wir bem\u00fchen uns mit unseren L\u00f6sungen f\u00fcr Hygiene und Produktsicherheit die Menschen und das Umfeld, in dem sie leben und arbeiten, zu sch\u00fctzen. Nachhaltigkeit ist die Grundlage f\u00fcr unsere Innovationen und die Beziehungen zu unseren Stakeholder:innen, um gemeinsam eine bessere Zukunft zu schaffen.<\/p>\n<p>[\/vc_column_text][\/vc_column][\/vc_row][vc_row full_width=&#8221;stretch_row&#8221; el_class=&#8221;box_ricerca_informazioni&#8221; css=&#8221;.vc_custom_1585904275736{background-image: url(https:\/\/www.lucartgroup.com\/wp-content\/uploads\/2019\/12\/van-tay-media-QklJV_Q0Pig-unsplash.jpg?id=3490) !important;background-position: center !important;background-repeat: no-repeat !important;background-size: cover !important;}&#8221;][vc_column][vc_column_text css=&#8221;.vc_custom_1707217668517{background-position: center !important;background-repeat: no-repeat !important;background-size: cover !important;}&#8221;]<\/p>\n<h4>Sie wollen mehr dar\u00fcber wissen?<\/h4>\n<p style=\"text-align: left;\"><a href=\"https:\/\/www.lucartgroup.com\/de\/kontakte\/\">KONTAKTIEREN SIE UNS<\/a><\/p>\n<p>[\/vc_column_text][\/vc_column][\/vc_row]<\/p>\n<\/div>","protected":false},"excerpt":{"rendered":"<p>[vc_row full_width=&#8221;stretch_row_content_no_spaces&#8221; equal_height=&#8221;yes&#8221; el_class=&#8221;col_height_50vh custom_box-centered-content&#8221;][vc_column width=&#8221;1\/2&#8243; css=&#8221;.vc_custom_1707216637516{background-color: #004554 !important;}&#8221;][vc_custom_heading text=&#8221;Vision&#8221; font_container=&#8221;tag:h1|font_size:66px|text_align:center|color:%23ffffff|line_height:66px&#8221; use_theme_fonts=&#8221;yes&#8221; css=&#8221;.vc_custom_1707220297676{margin-top: 0px !important;margin-bottom: 0px !important;padding-top: 0px !important;padding-bottom: 0px !important;}&#8221;][vc_column_text css=&#8221;.vc_custom_1707220514389{margin-top: 0px !important;margin-right: 0px !important;margin-bottom: 0px !important;margin-left: 0px !important;padding-top: [&hellip;]<\/p>\n","protected":false},"author":2,"featured_media":0,"parent":6966,"menu_order":0,"comment_status":"closed","ping_status":"closed","template":"page-templates\/template_base.php","meta":{"_acf_changed":false,"footnotes":""},"class_list":["post-22336","page","type-page","status-publish","hentry"],"acf":[],"_links":{"self":[{"href":"https:\/\/www.lucartgroup.com\/de\/wp-json\/wp\/v2\/pages\/22336","targetHints":{"allow":["GET"]}}],"collection":[{"href":"https:\/\/www.lucartgroup.com\/de\/wp-json\/wp\/v2\/pages"}],"about":[{"href":"https:\/\/www.lucartgroup.com\/de\/wp-json\/wp\/v2\/types\/page"}],"author":[{"embeddable":true,"href":"https:\/\/www.lucartgroup.com\/de\/wp-json\/wp\/v2\/users\/2"}],"replies":[{"embeddable":true,"href":"https:\/\/www.lucartgroup.com\/de\/wp-json\/wp\/v2\/comments?post=22336"}],"version-history":[{"count":4,"href":"https:\/\/www.lucartgroup.com\/de\/wp-json\/wp\/v2\/pages\/22336\/revisions"}],"predecessor-version":[{"id":22391,"href":"https:\/\/www.lucartgroup.com\/de\/wp-json\/wp\/v2\/pages\/22336\/revisions\/22391"}],"up":[{"embeddable":true,"href":"https:\/\/www.lucartgroup.com\/de\/wp-json\/wp\/v2\/pages\/6966"}],"wp:attachment":[{"href":"https:\/\/www.lucartgroup.com\/de\/wp-json\/wp\/v2\/media?parent=22336"}],"curies":[{"name":"wp","href":"https:\/\/api.w.org\/{rel}","templated":true}]}}